{"id":4620,"date":"2023-06-27T16:23:44","date_gmt":"2023-06-27T08:23:44","guid":{"rendered":"http:\/\/shihan.vihsu.com\/?post_type=product&#038;p=4620"},"modified":"2023-09-24T14:29:20","modified_gmt":"2023-09-24T06:29:20","slug":"vai-polyester-75d-t800-laminated-tpu-khong-tham-nuoc","status":"publish","type":"product","link":"https:\/\/www.sikortex.com\/vi\/san-pham\/vai-polyester-75d-t800-laminated-tpu-khong-tham-nuoc\/","title":{"rendered":"V\u1ea3i ch\u1ed1ng th\u1ea5m TPU nhi\u1ec1u l\u1edbp Polyester 75D T800"},"content":{"rendered":"<p>V\u1ea3i co gi\u00e3n b\u1ed1n chi\u1ec1u kh\u00f4ng ch\u1ee9a spandex SIKOR-TEX Polyester 75D T800 l\u00e0 ch\u1ea5t li\u1ec7u ch\u1ea5t l\u01b0\u1ee3ng cao ph\u00f9 h\u1ee3p v\u1edbi nhi\u1ec1u \u1ee9ng d\u1ee5ng kh\u00e1c nhau bao g\u1ed3m \u00e1o kho\u00e1c th\u00f4ng th\u01b0\u1eddng, \u00e1o kho\u00e1c m\u1ec1m v\u00e0 \u0111\u1ed3 th\u1ec3 thao ngo\u00e0i tr\u1eddi. N\u00f3 \u0111\u01b0\u1ee3c l\u00e0m t\u1eeb s\u1ee3i c\u00f3 \u0111\u1ed9 co gi\u00e3n cao, kh\u00f4ng ch\u1ee9a amoniac cho \u0111\u1ed9 co gi\u00e3n tuy\u1ec7t v\u1eddi v\u00e0 c\u1ea3m gi\u00e1c nh\u01b0 cotton, \u0111\u1ed3ng th\u1eddi kh\u00f4ng th\u1ea5m n\u01b0\u1edbc v\u00e0 tho\u00e1ng kh\u00ed.<br \/>\nSIKOR-TEX c\u00f3 h\u01a1n 64 m\u00e0u trong kho v\u00e0 c\u00f3 th\u1ec3 giao h\u00e0ng nhanh (7-15 ng\u00e0y) \u0111\u1ed3ng th\u1eddi \u0111\u00e1p \u1ee9ng nhu c\u1ea7u c\u1ee5 th\u1ec3 c\u1ee7a kh\u00e1ch h\u00e0ng v\u1ec1 ch\u1ee9c n\u0103ng v\u00e0 \u0111\u1ed9 ho\u00e0n thi\u1ec7n. V\u1ea3i c\u00f3 th\u1ec3 \u0111\u01b0\u1ee3c x\u1eed l\u00fd th\u00f4ng qua nhi\u1ec1u quy tr\u00ecnh kh\u00e1c nhau nh\u01b0 ph\u1ee7 v\u00e0 c\u00e1n m\u00e0ng \u0111\u1ec3 b\u1ed5 sung th\u00eam ch\u1ee9c n\u0103ng.<br \/>\n\u0110\u1eb7c t\u00ednh ch\u1ed1ng th\u1ea5m n\u01b0\u1edbc v\u00e0 tho\u00e1ng kh\u00ed c\u1ee7a v\u1ea3i ch\u1ed1ng th\u1ea5m n\u01b0\u1edbc TPU\/PU\/PTFE nhi\u1ec1u l\u1edbp polyester 75D T800 khi\u1ebfn v\u1ea3i tr\u1edf n\u00ean l\u00fd t\u01b0\u1edfng cho trang ph\u1ee5c th\u1ec3 thao ngo\u00e0i tr\u1eddi v\u00e0 \u00e1o kho\u00e1c th\u01b0\u1eddng ng\u00e0y. S\u1ee3i c\u00f3 \u0111\u1ed9 co gi\u00e3n cao, kh\u00f4ng ch\u1ee9a amoniac c\u00f3 \u0111\u1ed9 co gi\u00e3n tuy\u1ec7t v\u1eddi mang l\u1ea1i s\u1ef1 tho\u1ea3i m\u00e1i v\u00e0 linh ho\u1ea1t. C\u1ea3m gi\u00e1c cotton gi\u00fap v\u1ea3i m\u1ec1m m\u1ea1i v\u00e0 tho\u1ea3i m\u00e1i khi m\u1eb7c, \u0111\u1ed3ng th\u1eddi t\u0103ng th\u00eam \u0111\u1ed9 b\u1ec1n cho v\u1ea3i.<\/p>\n<p><a href=\"https:\/\/www.sikortex.com\/vi\/nguoi-tim-vai-2\/\">M\u00c1Y T\u00ccM V\u1ea2I<\/a><\/p>","protected":false},"excerpt":{"rendered":"<p>600 m\u00e9t (\u0110\u01a1n h\u00e0ng t\u1ed1i thi\u1ec3u)<\/p>","protected":false},"featured_media":4622,"comment_status":"closed","ping_status":"closed","template":"","meta":{"_uag_custom_page_level_css":"","site-sidebar-layout":"default","site-content-layout":"default","ast-site-content-layout":"","site-content-style":"default","site-sidebar-style":"default","ast-global-header-display":"","ast-banner-title-visibility":"","ast-main-header-display":"","ast-hfb-above-header-display":"","ast-hfb-below-header-display":"","ast-hfb-mobile-header-display":"","site-post-title":"","ast-breadcrumbs-content":"","ast-featured-img":"","footer-sml-layout":"","theme-transparent-header-meta":"default","adv-header-id-meta":"","stick-header-meta":"default","header-above-stick-meta":"","header-main-stick-meta":"","header-below-stick-meta":"","astra-migrate-meta-layouts":"default","ast-page-background-enabled":"default","ast-page-background-meta":{"desktop":{"background-color":"","background-image":"","background-repeat":"repeat","background-position":"center center","background-size":"auto","background-attachment":"scroll","background-type":"","background-media":"","overlay-type":"","overlay-color":"","overlay-opacity":"","overlay-gradient":""},"tablet":{"background-color":"","background-image":"","background-repeat":"repeat","background-position":"center center","background-size":"auto","background-attachment":"scroll","background-type":"","background-media":"","overlay-type":"","overlay-color":"","overlay-opacity":"","overlay-gradient":""},"mobile":{"background-color":"","background-image":"","background-repeat":"repeat","background-position":"center center","background-size":"auto","background-attachment":"scroll","background-type":"","background-media":"","overlay-type":"","overlay-color":"","overlay-opacity":"","overlay-gradient":""}},"ast-content-background-meta":{"desktop":{"background-color":"var(--ast-global-color-5)","background-image":"","background-repeat":"repeat","background-position":"center center","background-size":"auto","background-attachment":"scroll","background-type":"","background-media":"","overlay-type":"","overlay-color":"","overlay-opacity":"","overlay-gradient":""},"tablet":{"background-color":"var(--ast-global-color-5)","background-image":"","background-repeat":"repeat","background-position":"center center","background-size":"auto","background-attachment":"scroll","background-type":"","background-media":"","overlay-type":"","overlay-color":"","overlay-opacity":"","overlay-gradient":""},"mobile":{"background-color":"var(--ast-global-color-5)","background-image":"","background-repeat":"repeat","background-position":"center center","background-size":"auto","background-attachment":"scroll","background-type":"","background-media":"","overlay-type":"","overlay-color":"","overlay-opacity":"","overlay-gradient":""}}},"product_brand":[],"product_cat":[431,428,403,420],"product_tag":[],"class_list":{"0":"post-4620","1":"product","2":"type-product","3":"status-publish","4":"has-post-thumbnail","6":"product_cat-fabric-for-commuting-clothing","7":"product_cat-fabric-for-outdoor-sports","8":"product_cat-polyester-fabrics","9":"product_cat-stretch-fabrics","10":"pa_available_colors-1526-03","11":"pa_available_colors-1526-04","12":"pa_available_colors-1526-05","13":"pa_available_colors-1526-06","14":"pa_available_colors-1526-07","15":"pa_available_colors-1526-08","16":"pa_available_colors-1526-09","17":"pa_available_colors-1526-10","18":"pa_available_colors-1526-11","19":"pa_available_colors-1526-12","20":"pa_available_colors-1526-13","21":"pa_available_colors-1526-14","22":"pa_available_colors-1526-15","23":"pa_available_colors-1526-16","24":"pa_available_colors-1526-17","25":"pa_available_colors-1526-18","26":"pa_available_colors-1526-19","27":"pa_available_colors-1526-20","28":"pa_available_colors-1526-21","29":"pa_available_colors-1526-22","30":"pa_available_colors-1526-23","31":"pa_available_colors-1526-24","32":"pa_available_colors-1526-25","33":"pa_available_colors-1526-26","34":"pa_available_colors-1526-27","35":"pa_available_colors-1526-28","36":"pa_available_colors-1526-29","37":"pa_available_colors-1526-30","38":"pa_available_colors-1526-31","39":"pa_available_colors-1526-32","40":"pa_available_colors-1526-33","41":"pa_available_colors-1526-34","42":"pa_available_colors-1526-35","43":"pa_available_colors-1526-36","44":"pa_available_colors-1526-37","45":"pa_available_colors-1526-38","46":"pa_available_colors-1526-39","47":"pa_available_colors-1526-40","48":"pa_available_colors-1526-41","49":"pa_available_colors-1526-42","50":"pa_available_colors-1526-43","51":"pa_available_colors-1526-44","52":"pa_available_colors-1526-45","53":"pa_available_colors-1526-46","54":"pa_available_colors-1526-47","55":"pa_available_colors-1526-48","56":"pa_available_colors-1526-49","57":"pa_available_colors-1526-50","58":"pa_available_colors-1526-51","59":"pa_available_colors-1526-52","60":"pa_available_colors-1526-53","61":"pa_available_colors-1526-54","62":"pa_available_colors-1526-55","63":"pa_available_colors-1526-56","64":"pa_available_colors-1526-57","65":"pa_available_colors-1526-58","66":"pa_available_colors-1526-59","67":"pa_available_colors-1526-60","68":"pa_available_colors-1526-61","69":"pa_available_colors-1526-62","70":"pa_available_colors-8236-1","71":"pa_available_colors-8236-10","72":"pa_available_colors-8236-11","73":"pa_available_colors-8236-12","74":"pa_available_colors-8236-13","75":"pa_available_colors-8236-15","76":"pa_available_colors-8236-16","77":"pa_available_colors-8236-17","78":"pa_available_colors-8236-18","79":"pa_available_colors-8236-19","80":"pa_available_colors-8236-2","81":"pa_available_colors-8236-20","82":"pa_available_colors-8236-3","83":"pa_available_colors-8236-4","84":"pa_available_colors-8236-5","85":"pa_available_colors-8236-6","86":"pa_available_colors-8236-7","87":"pa_available_colors-8236-8","88":"pa_available_colors-8236-9","89":"pa_available_colors-484002-lgt","90":"pa_available_colors-471001-spc","91":"pa_available_colors-464005-lgt","92":"pa_available_colors-321005-ult","93":"pa_available_colors-fluorescent-orange","94":"pa_available_colors-fluorescent-red","95":"pa_available_colors-fluorescent-yellow","96":"pa_available_colors-301001-spc","97":"pa_available_colors-143001-std","98":"pa_available_colors-362001-std","99":"pa_available_colors-502001-std","100":"pa_available_colors-501001-spc","101":"pa_available_colors-000014-wht","102":"pa_available_colors-yellow","103":"pa_available_colors-royal-blue","104":"pa_available_colors-olive-green","105":"pa_available_colors-h-black","106":"pa_available_colors-911052-spc","107":"pa_available_colors-000020-wht","108":"desktop-align-left","109":"tablet-align-left","110":"mobile-align-left","111":"ast-product-gallery-layout-vertical-slider","112":"ast-product-tabs-layout-horizontal","114":"first","115":"instock","116":"shipping-taxable","117":"product-type-simple"},"uagb_featured_image_src":{"full":["https:\/\/www.sikortex.com\/wp-content\/uploads\/2023\/06\/O1CN01k4ECmy1fGQmbXKoxR_2215713353979-0-cib.jpg",1024,1024,false],"thumbnail":["https:\/\/www.sikortex.com\/wp-content\/uploads\/2023\/06\/O1CN01k4ECmy1fGQmbXKoxR_2215713353979-0-cib-150x150.jpg",150,150,true],"medium":["https:\/\/www.sikortex.com\/wp-content\/uploads\/2023\/06\/O1CN01k4ECmy1fGQmbXKoxR_2215713353979-0-cib-300x300.jpg",300,300,true],"medium_large":["https:\/\/www.sikortex.com\/wp-content\/uploads\/2023\/06\/O1CN01k4ECmy1fGQmbXKoxR_2215713353979-0-cib-768x768.jpg",768,768,true],"large":["https:\/\/www.sikortex.com\/wp-content\/uploads\/2023\/06\/O1CN01k4ECmy1fGQmbXKoxR_2215713353979-0-cib.jpg",1024,1024,false],"1536x1536":["https:\/\/www.sikortex.com\/wp-content\/uploads\/2023\/06\/O1CN01k4ECmy1fGQmbXKoxR_2215713353979-0-cib.jpg",1024,1024,false],"2048x2048":["https:\/\/www.sikortex.com\/wp-content\/uploads\/2023\/06\/O1CN01k4ECmy1fGQmbXKoxR_2215713353979-0-cib.jpg",1024,1024,false],"trp-custom-language-flag":["https:\/\/www.sikortex.com\/wp-content\/uploads\/2023\/06\/O1CN01k4ECmy1fGQmbXKoxR_2215713353979-0-cib.jpg",12,12,false],"woocommerce_thumbnail":["https:\/\/www.sikortex.com\/wp-content\/uploads\/2023\/06\/O1CN01k4ECmy1fGQmbXKoxR_2215713353979-0-cib-300x300.jpg",300,300,true],"woocommerce_single":["https:\/\/www.sikortex.com\/wp-content\/uploads\/2023\/06\/O1CN01k4ECmy1fGQmbXKoxR_2215713353979-0-cib-600x600.jpg",600,600,true],"woocommerce_gallery_thumbnail":["https:\/\/www.sikortex.com\/wp-content\/uploads\/2023\/06\/O1CN01k4ECmy1fGQmbXKoxR_2215713353979-0-cib-100x100.jpg",100,100,true]},"uagb_author_info":{"display_name":"Perry","author_link":"https:\/\/www.sikortex.com\/vi\/author\/"},"uagb_comment_info":0,"uagb_excerpt":"600 Meters(Min.Order)","_links":{"self":[{"href":"https:\/\/www.sikortex.com\/vi\/wp-json\/wp\/v2\/product\/4620","targetHints":{"allow":["GET"]}}],"collection":[{"href":"https:\/\/www.sikortex.com\/vi\/wp-json\/wp\/v2\/product"}],"about":[{"href":"https:\/\/www.sikortex.com\/vi\/wp-json\/wp\/v2\/types\/product"}],"replies":[{"embeddable":true,"href":"https:\/\/www.sikortex.com\/vi\/wp-json\/wp\/v2\/comments?post=4620"}],"wp:featuredmedia":[{"embeddable":true,"href":"https:\/\/www.sikortex.com\/vi\/wp-json\/wp\/v2\/media\/4622"}],"wp:attachment":[{"href":"https:\/\/www.sikortex.com\/vi\/wp-json\/wp\/v2\/media?parent=4620"}],"wp:term":[{"taxonomy":"product_brand","embeddable":true,"href":"https:\/\/www.sikortex.com\/vi\/wp-json\/wp\/v2\/product_brand?post=4620"},{"taxonomy":"product_cat","embeddable":true,"href":"https:\/\/www.sikortex.com\/vi\/wp-json\/wp\/v2\/product_cat?post=4620"},{"taxonomy":"product_tag","embeddable":true,"href":"https:\/\/www.sikortex.com\/vi\/wp-json\/wp\/v2\/product_tag?post=4620"}],"curies":[{"name":"wp","href":"https:\/\/api.w.org\/{rel}","templated":true}]}}