{"id":4601,"date":"2023-06-27T16:16:51","date_gmt":"2023-06-27T08:16:51","guid":{"rendered":"http:\/\/shihan.vihsu.com\/?post_type=product&#038;p=4601"},"modified":"2023-10-20T13:31:05","modified_gmt":"2023-10-20T05:31:05","slug":"vai-polyester-50d-t800-laminated-tpu","status":"publish","type":"product","link":"https:\/\/www.sikortex.com\/vi\/san-pham\/vai-polyester-50d-t800-laminated-tpu\/","title":{"rendered":"V\u1ea3i TPU nhi\u1ec1u l\u1edbp Polyester 50D T800 ch\u1ed1ng th\u1ea5m n\u01b0\u1edbc cho \u00e1o kho\u00e1c"},"content":{"rendered":"<h5>Ch\u1ea5t li\u1ec7u polyester c\u00f3 co gi\u00e3n kh\u00f4ng?<\/h5>\n<p>SIKOR-TEX Polyester 50D T800 V\u1ea3i TPU co gi\u00e3n b\u1ed1n chi\u1ec1u kh\u00f4ng ch\u1ee9a Spandex d\u00e0nh cho \u00e1o kho\u00e1c l\u00e0 ch\u1ea5t li\u1ec7u ch\u1ea5t l\u01b0\u1ee3ng cao ph\u00f9 h\u1ee3p cho nhi\u1ec1u \u1ee9ng d\u1ee5ng bao g\u1ed3m \u00e1o kho\u00e1c th\u01b0\u1eddng, \u00e1o kho\u00e1c m\u1ec1m v\u00e0 \u0111\u1ed3 th\u1ec3 thao ngo\u00e0i tr\u1eddi. N\u00f3 \u0111\u01b0\u1ee3c l\u00e0m t\u1eeb s\u1ee3i c\u00f3 \u0111\u1ed9 co gi\u00e3n cao, kh\u00f4ng ch\u1ee9a amoniac cho \u0111\u1ed9 co gi\u00e3n tuy\u1ec7t v\u1eddi v\u00e0 c\u1ea3m gi\u00e1c nh\u01b0 cotton, \u0111\u1ed3ng th\u1eddi kh\u00f4ng th\u1ea5m n\u01b0\u1edbc v\u00e0 tho\u00e1ng kh\u00ed.<br \/>\nSIKOR-TEX c\u00f3 h\u01a1n 64 m\u00e0u trong kho v\u00e0 c\u00f3 th\u1ec3 giao h\u00e0ng nhanh (7-15 ng\u00e0y) \u0111\u1ed3ng th\u1eddi \u0111\u00e1p \u1ee9ng nhu c\u1ea7u c\u1ee5 th\u1ec3 c\u1ee7a kh\u00e1ch h\u00e0ng v\u1ec1 ch\u1ee9c n\u0103ng v\u00e0 \u0111\u1ed9 ho\u00e0n thi\u1ec7n. V\u1ea3i c\u00f3 th\u1ec3 \u0111\u01b0\u1ee3c x\u1eed l\u00fd th\u00f4ng qua nhi\u1ec1u quy tr\u00ecnh kh\u00e1c nhau nh\u01b0 ph\u1ee7 v\u00e0 c\u00e1n m\u00e0ng \u0111\u1ec3 b\u1ed5 sung th\u00eam ch\u1ee9c n\u0103ng.<br \/>\n\u0110\u1eb7c t\u00ednh ch\u1ed1ng th\u1ea5m n\u01b0\u1edbc v\u00e0 tho\u00e1ng kh\u00ed c\u1ee7a v\u1ea3i ch\u1ed1ng th\u1ea5m n\u01b0\u1edbc TPU\/PU\/PTFE nhi\u1ec1u l\u1edbp polyester 50D T800 khi\u1ebfn lo\u1ea1i v\u1ea3i n\u00e0y tr\u1edf n\u00ean l\u00fd t\u01b0\u1edfng cho trang ph\u1ee5c th\u1ec3 thao ngo\u00e0i tr\u1eddi v\u00e0 \u00e1o kho\u00e1c th\u01b0\u1eddng ng\u00e0y. S\u1ee3i c\u00f3 \u0111\u1ed9 co gi\u00e3n cao, kh\u00f4ng ch\u1ee9a amoniac c\u00f3 \u0111\u1ed9 co gi\u00e3n tuy\u1ec7t v\u1eddi mang l\u1ea1i s\u1ef1 tho\u1ea3i m\u00e1i v\u00e0 linh ho\u1ea1t. C\u1ea3m gi\u00e1c cotton gi\u00fap v\u1ea3i m\u1ec1m m\u1ea1i v\u00e0 tho\u1ea3i m\u00e1i khi m\u1eb7c, \u0111\u1ed3ng th\u1eddi t\u0103ng th\u00eam \u0111\u1ed9 b\u1ec1n cho v\u1ea3i.<\/p>\n<p><a href=\"https:\/\/www.sikortex.com\/vi\/nguoi-tim-vai-2\/\">M\u00c1Y T\u00ccM V\u1ea2I<\/a><\/p>","protected":false},"excerpt":{"rendered":"<p>1000 m\u00e9t (\u0110\u01a1n h\u00e0ng t\u1ed1i thi\u1ec3u)<\/p>","protected":false},"featured_media":4607,"comment_status":"closed","ping_status":"closed","template":"","meta":{"_uag_custom_page_level_css":"","site-sidebar-layout":"default","site-content-layout":"default","ast-site-content-layout":"","site-content-style":"default","site-sidebar-style":"default","ast-global-header-display":"","ast-banner-title-visibility":"","ast-main-header-display":"","ast-hfb-above-header-display":"","ast-hfb-below-header-display":"","ast-hfb-mobile-header-display":"","site-post-title":"","ast-breadcrumbs-content":"","ast-featured-img":"","footer-sml-layout":"","theme-transparent-header-meta":"default","adv-header-id-meta":"","stick-header-meta":"default","header-above-stick-meta":"","header-main-stick-meta":"","header-below-stick-meta":"","astra-migrate-meta-layouts":"default","ast-page-background-enabled":"default","ast-page-background-meta":{"desktop":{"background-color":"","background-image":"","background-repeat":"repeat","background-position":"center center","background-size":"auto","background-attachment":"scroll","background-type":"","background-media":"","overlay-type":"","overlay-color":"","overlay-opacity":"","overlay-gradient":""},"tablet":{"background-color":"","background-image":"","background-repeat":"repeat","background-position":"center center","background-size":"auto","background-attachment":"scroll","background-type":"","background-media":"","overlay-type":"","overlay-color":"","overlay-opacity":"","overlay-gradient":""},"mobile":{"background-color":"","background-image":"","background-repeat":"repeat","background-position":"center center","background-size":"auto","background-attachment":"scroll","background-type":"","background-media":"","overlay-type":"","overlay-color":"","overlay-opacity":"","overlay-gradient":""}},"ast-content-background-meta":{"desktop":{"background-color":"var(--ast-global-color-5)","background-image":"","background-repeat":"repeat","background-position":"center center","background-size":"auto","background-attachment":"scroll","background-type":"","background-media":"","overlay-type":"","overlay-color":"","overlay-opacity":"","overlay-gradient":""},"tablet":{"background-color":"var(--ast-global-color-5)","background-image":"","background-repeat":"repeat","background-position":"center center","background-size":"auto","background-attachment":"scroll","background-type":"","background-media":"","overlay-type":"","overlay-color":"","overlay-opacity":"","overlay-gradient":""},"mobile":{"background-color":"var(--ast-global-color-5)","background-image":"","background-repeat":"repeat","background-position":"center center","background-size":"auto","background-attachment":"scroll","background-type":"","background-media":"","overlay-type":"","overlay-color":"","overlay-opacity":"","overlay-gradient":""}}},"product_brand":[],"product_cat":[431,428,1145,403,420,414],"product_tag":[],"class_list":{"0":"post-4601","1":"product","2":"type-product","3":"status-publish","4":"has-post-thumbnail","6":"product_cat-fabric-for-commuting-clothing","7":"product_cat-fabric-for-outdoor-sports","8":"product_cat-lightweight-fabric","9":"product_cat-polyester-fabrics","10":"product_cat-stretch-fabrics","11":"product_cat-waterproof-fabrics","12":"pa_available_colors-1526-03","13":"pa_available_colors-1526-04","14":"pa_available_colors-1526-05","15":"pa_available_colors-1526-06","16":"pa_available_colors-1526-07","17":"pa_available_colors-1526-08","18":"pa_available_colors-1526-09","19":"pa_available_colors-1526-10","20":"pa_available_colors-1526-11","21":"pa_available_colors-1526-12","22":"pa_available_colors-1526-13","23":"pa_available_colors-1526-14","24":"pa_available_colors-1526-15","25":"pa_available_colors-1526-16","26":"pa_available_colors-1526-17","27":"pa_available_colors-1526-18","28":"pa_available_colors-1526-19","29":"pa_available_colors-1526-20","30":"pa_available_colors-1526-21","31":"pa_available_colors-1526-22","32":"pa_available_colors-1526-23","33":"pa_available_colors-1526-24","34":"pa_available_colors-1526-25","35":"pa_available_colors-1526-26","36":"pa_available_colors-1526-27","37":"pa_available_colors-1526-28","38":"pa_available_colors-1526-29","39":"pa_available_colors-1526-30","40":"pa_available_colors-1526-31","41":"pa_available_colors-1526-32","42":"pa_available_colors-1526-33","43":"pa_available_colors-1526-34","44":"pa_available_colors-1526-35","45":"pa_available_colors-1526-36","46":"pa_available_colors-1526-37","47":"pa_available_colors-1526-38","48":"pa_available_colors-1526-39","49":"pa_available_colors-1526-40","50":"pa_available_colors-1526-41","51":"pa_available_colors-1526-42","52":"pa_available_colors-1526-43","53":"pa_available_colors-1526-44","54":"pa_available_colors-1526-45","55":"pa_available_colors-1526-46","56":"pa_available_colors-1526-47","57":"pa_available_colors-1526-48","58":"pa_available_colors-1526-49","59":"pa_available_colors-1526-50","60":"pa_available_colors-1526-51","61":"pa_available_colors-1526-52","62":"pa_available_colors-1526-53","63":"pa_available_colors-1526-54","64":"pa_available_colors-1526-55","65":"pa_available_colors-1526-56","66":"pa_available_colors-1526-57","67":"pa_available_colors-1526-58","68":"pa_available_colors-1526-59","69":"pa_available_colors-1526-60","70":"pa_available_colors-1526-61","71":"pa_available_colors-1526-62","72":"pa_available_colors-000014-wht","73":"pa_available_colors-911052-spc","74":"pa_available_colors-000020-wht","75":"desktop-align-left","76":"tablet-align-left","77":"mobile-align-left","78":"ast-product-gallery-layout-vertical-slider","79":"ast-product-tabs-layout-horizontal","81":"first","82":"instock","83":"shipping-taxable","84":"product-type-simple"},"uagb_featured_image_src":{"full":["https:\/\/www.sikortex.com\/wp-content\/uploads\/2023\/06\/IMG_5607-e1693107167256.jpg",800,800,false],"thumbnail":["https:\/\/www.sikortex.com\/wp-content\/uploads\/2023\/06\/IMG_5607-e1693107167256-150x150.jpg",150,150,true],"medium":["https:\/\/www.sikortex.com\/wp-content\/uploads\/2023\/06\/IMG_5607-e1693107167256-300x300.jpg",300,300,true],"medium_large":["https:\/\/www.sikortex.com\/wp-content\/uploads\/2023\/06\/IMG_5607-e1693107167256-768x768.jpg",768,768,true],"large":["https:\/\/www.sikortex.com\/wp-content\/uploads\/2023\/06\/IMG_5607-e1693107167256.jpg",800,800,false],"1536x1536":["https:\/\/www.sikortex.com\/wp-content\/uploads\/2023\/06\/IMG_5607-e1693107167256.jpg",800,800,false],"2048x2048":["https:\/\/www.sikortex.com\/wp-content\/uploads\/2023\/06\/IMG_5607-e1693107167256.jpg",800,800,false],"trp-custom-language-flag":["https:\/\/www.sikortex.com\/wp-content\/uploads\/2023\/06\/IMG_5607-e1693107167256-12x12.jpg",12,12,true],"woocommerce_thumbnail":["https:\/\/www.sikortex.com\/wp-content\/uploads\/2023\/06\/IMG_5607-e1693107167256-300x300.jpg",300,300,true],"woocommerce_single":["https:\/\/www.sikortex.com\/wp-content\/uploads\/2023\/06\/IMG_5607-e1693107167256-600x600.jpg",600,600,true],"woocommerce_gallery_thumbnail":["https:\/\/www.sikortex.com\/wp-content\/uploads\/2023\/06\/IMG_5607-e1693107167256-100x100.jpg",100,100,true]},"uagb_author_info":{"display_name":"Perry","author_link":"https:\/\/www.sikortex.com\/vi\/author\/"},"uagb_comment_info":0,"uagb_excerpt":"1000 Meters(Min.Order)","_links":{"self":[{"href":"https:\/\/www.sikortex.com\/vi\/wp-json\/wp\/v2\/product\/4601","targetHints":{"allow":["GET"]}}],"collection":[{"href":"https:\/\/www.sikortex.com\/vi\/wp-json\/wp\/v2\/product"}],"about":[{"href":"https:\/\/www.sikortex.com\/vi\/wp-json\/wp\/v2\/types\/product"}],"replies":[{"embeddable":true,"href":"https:\/\/www.sikortex.com\/vi\/wp-json\/wp\/v2\/comments?post=4601"}],"wp:featuredmedia":[{"embeddable":true,"href":"https:\/\/www.sikortex.com\/vi\/wp-json\/wp\/v2\/media\/4607"}],"wp:attachment":[{"href":"https:\/\/www.sikortex.com\/vi\/wp-json\/wp\/v2\/media?parent=4601"}],"wp:term":[{"taxonomy":"product_brand","embeddable":true,"href":"https:\/\/www.sikortex.com\/vi\/wp-json\/wp\/v2\/product_brand?post=4601"},{"taxonomy":"product_cat","embeddable":true,"href":"https:\/\/www.sikortex.com\/vi\/wp-json\/wp\/v2\/product_cat?post=4601"},{"taxonomy":"product_tag","embeddable":true,"href":"https:\/\/www.sikortex.com\/vi\/wp-json\/wp\/v2\/product_tag?post=4601"}],"curies":[{"name":"wp","href":"https:\/\/api.w.org\/{rel}","templated":true}]}}