{"id":4587,"date":"2023-06-27T16:04:45","date_gmt":"2023-06-27T08:04:45","guid":{"rendered":"http:\/\/shihan.vihsu.com\/?post_type=product&#038;p=4587"},"modified":"2025-01-08T12:46:49","modified_gmt":"2025-01-08T04:46:49","slug":"vai-t400-soi-ngang-polyester-dan-hoi","status":"publish","type":"product","link":"https:\/\/www.sikortex.com\/vi\/san-pham\/vai-t400-soi-ngang-polyester-dan-hoi\/","title":{"rendered":"V\u1ea3i T400 Polyester \u0110\u00e0n H\u1ed3i C\u00f3 \u0110\u1ed9 Nh\u00ecn Cao M\u00e0u V\u00e0ng Hu\u1ef3nh Quang"},"content":{"rendered":"<h5>Nh\u00e0 s\u1ea3n xu\u1ea5t v\u1ea3i SIKOR-TEX c\u00f3 \u0111\u1ed9 hi\u1ec3n th\u1ecb cao<\/h5>\n<p>Polyester SIKOR-TEX T400 <a href=\"https:\/\/www.sikortex.com\/vi\/vai-co-gian-2\/\"><span style=\"color: #3366ff;\">\u0110\u00e0n h\u1ed3i<\/span><\/a> V\u1ea3i hu\u1ef3nh quang m\u00e0u v\u00e0ng l\u00e0 v\u1eadt li\u1ec7u hi\u1ec7u su\u1ea5t cao \u0111\u01b0\u1ee3c thi\u1ebft k\u1ebf cho nhi\u1ec1u \u1ee9ng d\u1ee5ng kh\u00e1c nhau. C\u00e1c \u0111\u1eb7c t\u00ednh \u0111\u1ed9c \u0111\u00e1o c\u1ee7a n\u00f3 l\u00e0m cho n\u00f3 l\u00fd t\u01b0\u1edfng \u0111\u1ec3 s\u1eed d\u1ee5ng trong v\u1eadn chuy\u1ec3n, c\u1ee9u h\u1ed9 \u0111\u01b0\u1eddng b\u1ed9 v\u00e0 qu\u1ea7n \u00e1o l\u00e0m vi\u1ec7c ngo\u00e0i tr\u1eddi.<br \/>\nV\u1ea3i hu\u1ef3nh quang m\u00e0u v\u00e0ng \u0111\u01b0\u1ee3c \u0111\u1eb7c tr\u01b0ng b\u1edfi t\u00ednh \u0111\u00e0n h\u1ed3i c\u1ee7a n\u00f3, <a href=\"https:\/\/www.sikortex.com\/vi\/vai-co-kha-nang-hien-thi-cao-2\/\"><span style=\"color: #3366ff;\">kh\u1ea3 n\u0103ng hi\u1ec3n th\u1ecb cao<\/span><\/a>, V\u00e0 <a href=\"https:\/\/www.sikortex.com\/vi\/vai-thoang-khi-khong-tham-nuoc\/\"><span style=\"color: #3366ff;\">kh\u00f4ng th\u1ea5m n\u01b0\u1edbc tho\u00e1ng kh\u00ed<\/span><\/a>, l\u00e0m cho n\u00f3 tr\u1edf th\u00e0nh m\u1ed9t v\u1eadt li\u1ec7u \u0111a n\u0103ng c\u00f3 th\u1ec3 \u0111\u01b0\u1ee3c s\u1eed d\u1ee5ng trong nhi\u1ec1u m\u00f4i tr\u01b0\u1eddng kh\u00e1c nhau. L\u1edbp ph\u1ee7 TPU t\u0103ng th\u00eam m\u1ed9t l\u1edbp b\u1ec1n v\u00e0 b\u1ea3o v\u1ec7, \u0111\u1ea3m b\u1ea3o r\u1eb1ng v\u1ea3i c\u00f3 th\u1ec3 ch\u1ecbu \u0111\u01b0\u1ee3c ngay c\u1ea3 nh\u1eefng \u0111i\u1ec1u ki\u1ec7n kh\u1eafc nghi\u1ec7t nh\u1ea5t. M\u00e0u v\u00e0ng hu\u1ef3nh quang c\u1ee7a Elastic <a href=\"https:\/\/www.sikortex.com\/vi\/vai-co-kha-nang-hien-thi-cao-2\/\"><span style=\"color: #3366ff;\">Kh\u1ea3 n\u0103ng hi\u1ec3n th\u1ecb cao<\/span><\/a> v\u1ea3i l\u00e0m t\u0103ng kh\u1ea3 n\u0103ng hi\u1ec3n th\u1ecb trong \u0111i\u1ec1u ki\u1ec7n thi\u1ebfu s\u00e1ng, l\u00fd t\u01b0\u1edfng \u0111\u1ec3 s\u1eed d\u1ee5ng trong nh\u1eefng t\u00ecnh hu\u1ed1ng m\u00e0 s\u1ef1 an to\u00e0n l\u00e0 \u01b0u ti\u00ean h\u00e0ng \u0111\u1ea7u. Ngo\u00e0i ra, v\u1ea3i d\u1ec5 ch\u0103m s\u00f3c v\u00e0 c\u00f3 th\u1ec3 gi\u1eb7t v\u00e0 s\u1ea5y b\u1eb1ng m\u00e1y. Nh\u00ecn chung, Polyester T400 Fluorescent Yellow Weft <a href=\"https:\/\/www.sikortex.com\/vi\/vai-co-gian-2\/\"><span style=\"color: #3366ff;\">\u0110\u00e0n h\u1ed3i<\/span><\/a> V\u1ea3i l\u00e0 lo\u1ea1i v\u1eadt li\u1ec7u ch\u1ea5t l\u01b0\u1ee3ng cao, ph\u00f9 h\u1ee3p v\u1edbi nhi\u1ec1u \u1ee9ng d\u1ee5ng v\u00e0 m\u00f4i tr\u01b0\u1eddng kh\u00e1c nhau.<\/p>\n<p><a href=\"https:\/\/www.sikortex.com\/vi\/nguoi-tim-vai-2\/\">M\u00c1Y T\u00ccM V\u1ea2I<\/a><\/p>","protected":false},"excerpt":{"rendered":"<p>1000 m\u00e9t (\u0110\u01a1n h\u00e0ng t\u1ed1i thi\u1ec3u)<\/p>","protected":false},"featured_media":4593,"comment_status":"closed","ping_status":"closed","template":"","meta":{"_uag_custom_page_level_css":"","site-sidebar-layout":"default","site-content-layout":"default","ast-site-content-layout":"","site-content-style":"default","site-sidebar-style":"default","ast-global-header-display":"","ast-banner-title-visibility":"","ast-main-header-display":"","ast-hfb-above-header-display":"","ast-hfb-below-header-display":"","ast-hfb-mobile-header-display":"","site-post-title":"","ast-breadcrumbs-content":"","ast-featured-img":"","footer-sml-layout":"","theme-transparent-header-meta":"default","adv-header-id-meta":"","stick-header-meta":"default","header-above-stick-meta":"","header-main-stick-meta":"","header-below-stick-meta":"","astra-migrate-meta-layouts":"default","ast-page-background-enabled":"default","ast-page-background-meta":{"desktop":{"background-color":"","background-image":"","background-repeat":"repeat","background-position":"center center","background-size":"auto","background-attachment":"scroll","background-type":"","background-media":"","overlay-type":"","overlay-color":"","overlay-opacity":"","overlay-gradient":""},"tablet":{"background-color":"","background-image":"","background-repeat":"repeat","background-position":"center center","background-size":"auto","background-attachment":"scroll","background-type":"","background-media":"","overlay-type":"","overlay-color":"","overlay-opacity":"","overlay-gradient":""},"mobile":{"background-color":"","background-image":"","background-repeat":"repeat","background-position":"center center","background-size":"auto","background-attachment":"scroll","background-type":"","background-media":"","overlay-type":"","overlay-color":"","overlay-opacity":"","overlay-gradient":""}},"ast-content-background-meta":{"desktop":{"background-color":"var(--ast-global-color-5)","background-image":"","background-repeat":"repeat","background-position":"center center","background-size":"auto","background-attachment":"scroll","background-type":"","background-media":"","overlay-type":"","overlay-color":"","overlay-opacity":"","overlay-gradient":""},"tablet":{"background-color":"var(--ast-global-color-5)","background-image":"","background-repeat":"repeat","background-position":"center center","background-size":"auto","background-attachment":"scroll","background-type":"","background-media":"","overlay-type":"","overlay-color":"","overlay-opacity":"","overlay-gradient":""},"mobile":{"background-color":"var(--ast-global-color-5)","background-image":"","background-repeat":"repeat","background-position":"center center","background-size":"auto","background-attachment":"scroll","background-type":"","background-media":"","overlay-type":"","overlay-color":"","overlay-opacity":"","overlay-gradient":""}}},"product_brand":[],"product_cat":[431,428,403,420],"product_tag":[],"class_list":{"0":"post-4587","1":"product","2":"type-product","3":"status-publish","4":"has-post-thumbnail","6":"product_cat-fabric-for-commuting-clothing","7":"product_cat-fabric-for-outdoor-sports","8":"product_cat-polyester-fabrics","9":"product_cat-stretch-fabrics","10":"pa_available_colors-fluorescent-yellow","11":"desktop-align-left","12":"tablet-align-left","13":"mobile-align-left","14":"ast-product-gallery-layout-vertical-slider","15":"ast-product-tabs-layout-horizontal","17":"first","18":"instock","19":"shipping-taxable","20":"product-type-simple"},"uagb_featured_image_src":{"full":["https:\/\/www.sikortex.com\/wp-content\/uploads\/2023\/06\/IMG_5175-e1693106898297.jpg",800,800,false],"thumbnail":["https:\/\/www.sikortex.com\/wp-content\/uploads\/2023\/06\/IMG_5175-e1693106898297-150x150.jpg",150,150,true],"medium":["https:\/\/www.sikortex.com\/wp-content\/uploads\/2023\/06\/IMG_5175-e1693106898297-300x300.jpg",300,300,true],"medium_large":["https:\/\/www.sikortex.com\/wp-content\/uploads\/2023\/06\/IMG_5175-e1693106898297-768x768.jpg",768,768,true],"large":["https:\/\/www.sikortex.com\/wp-content\/uploads\/2023\/06\/IMG_5175-e1693106898297.jpg",800,800,false],"1536x1536":["https:\/\/www.sikortex.com\/wp-content\/uploads\/2023\/06\/IMG_5175-e1693106898297.jpg",800,800,false],"2048x2048":["https:\/\/www.sikortex.com\/wp-content\/uploads\/2023\/06\/IMG_5175-e1693106898297.jpg",800,800,false],"trp-custom-language-flag":["https:\/\/www.sikortex.com\/wp-content\/uploads\/2023\/06\/IMG_5175-e1693106898297-12x12.jpg",12,12,true],"woocommerce_thumbnail":["https:\/\/www.sikortex.com\/wp-content\/uploads\/2023\/06\/IMG_5175-e1693106898297-300x300.jpg",300,300,true],"woocommerce_single":["https:\/\/www.sikortex.com\/wp-content\/uploads\/2023\/06\/IMG_5175-e1693106898297-600x600.jpg",600,600,true],"woocommerce_gallery_thumbnail":["https:\/\/www.sikortex.com\/wp-content\/uploads\/2023\/06\/IMG_5175-e1693106898297-100x100.jpg",100,100,true]},"uagb_author_info":{"display_name":"Perry","author_link":"https:\/\/www.sikortex.com\/vi\/author\/"},"uagb_comment_info":0,"uagb_excerpt":"1000 Meters(Min.Order)","_links":{"self":[{"href":"https:\/\/www.sikortex.com\/vi\/wp-json\/wp\/v2\/product\/4587","targetHints":{"allow":["GET"]}}],"collection":[{"href":"https:\/\/www.sikortex.com\/vi\/wp-json\/wp\/v2\/product"}],"about":[{"href":"https:\/\/www.sikortex.com\/vi\/wp-json\/wp\/v2\/types\/product"}],"replies":[{"embeddable":true,"href":"https:\/\/www.sikortex.com\/vi\/wp-json\/wp\/v2\/comments?post=4587"}],"wp:featuredmedia":[{"embeddable":true,"href":"https:\/\/www.sikortex.com\/vi\/wp-json\/wp\/v2\/media\/4593"}],"wp:attachment":[{"href":"https:\/\/www.sikortex.com\/vi\/wp-json\/wp\/v2\/media?parent=4587"}],"wp:term":[{"taxonomy":"product_brand","embeddable":true,"href":"https:\/\/www.sikortex.com\/vi\/wp-json\/wp\/v2\/product_brand?post=4587"},{"taxonomy":"product_cat","embeddable":true,"href":"https:\/\/www.sikortex.com\/vi\/wp-json\/wp\/v2\/product_cat?post=4587"},{"taxonomy":"product_tag","embeddable":true,"href":"https:\/\/www.sikortex.com\/vi\/wp-json\/wp\/v2\/product_tag?post=4587"}],"curies":[{"name":"wp","href":"https:\/\/api.w.org\/{rel}","templated":true}]}}