{"id":4568,"date":"2023-06-27T15:32:59","date_gmt":"2023-06-27T07:32:59","guid":{"rendered":"http:\/\/shihan.vihsu.com\/?post_type=product&#038;p=4568"},"modified":"2025-01-09T10:47:25","modified_gmt":"2025-01-09T02:47:25","slug":"nylon-6-6-30d-doi-duong-luoi-ripstop-vai-2","status":"publish","type":"product","link":"https:\/\/www.sikortex.com\/vi\/san-pham\/nylon-6-6-30d-doi-duong-luoi-ripstop-vai-2\/","title":{"rendered":"V\u1ea3i ch\u1ed1ng m\u00e0i m\u00f2n l\u01b0\u1edbi \u0111\u00f4i nylon 6.6 30D"},"content":{"rendered":"<p><a href=\"https:\/\/www.sikortex.com\/vi\/ho-so-cong-ty\/\"><span style=\"color: #3366ff;\">SIKOR-TEX<\/span><\/a> L\u01b0\u1edbi \u0111\u00f4i Nylon 6.6 30D <a href=\"https:\/\/www.sikortex.com\/vi\/2024\/09\/05\/nha-cung-cap-vai-ripstop-vat-lieu-ripstop\/\"><span style=\"color: #3366ff;\">Ripstop<\/span><\/a> V\u1ea3i ch\u1ed1ng m\u00e0i m\u00f2n, Nylon 6\/6 c\u1ee9ng h\u01a1n v\u00e0 th\u01b0\u1eddng b\u1ec1n h\u01a1n Nylon 6, c\u00f3 kh\u1ea3 n\u0103ng ch\u1ed1ng h\u00f3a ch\u1ea5t t\u1ed1t h\u01a1n \u0111\u1ed1i v\u1edbi canxi clorua b\u00e3o h\u00f2a, co ng\u00f3t khu\u00f4n l\u1edbn h\u01a1n v\u00e0 kh\u1ea3 n\u0103ng ch\u1ed1ng m\u00e0i m\u00f2n cao h\u01a1n. V\u1eadt li\u1ec7u l\u00e0 <a href=\"https:\/\/www.sikortex.com\/vi\/vai-nylon-bong-vai-ripstop-ao-gio-vai-3\/\"><span style=\"color: #3366ff;\">nh\u1eb9<\/span><\/a> v\u00e0 c\u00f3 \u0111\u1ed9 b\u1ec1n c\u01a1 h\u1ecdc, \u0111\u1ed9 d\u1ebbo dai, \u0111\u1ed9 c\u1ee9ng v\u00e0 \u0111\u1ed9 c\u1ee9ng cao. N\u00f3 c\u0169ng c\u00f3 kh\u1ea3 n\u0103ng ch\u1ed1ng m\u1ecfi v\u00e0 ch\u1ed1ng va \u0111\u1eadp t\u1ed1t, kh\u1ea3 n\u0103ng ch\u1ed1ng m\u00e0i m\u00f2n tuy\u1ec7t v\u1eddi, t\u00ednh ch\u1ea5t c\u00e1ch \u0111i\u1ec7n t\u1ed1t v\u00e0 kh\u1ea3 n\u0103ng ch\u1ed1ng nhi\u00ean li\u1ec7u v\u00e0 d\u1ea7u tuy\u1ec7t v\u1eddi.<\/p>\n<p>N\u1ebfu b\u1ea1n \u0111ang t\u00ecm ki\u1ebfm m\u1ed9t lo\u1ea1i v\u1ea3i \u0111a n\u0103ng v\u00e0 ch\u1ed1ng m\u00e0i m\u00f2n, h\u00e3y t\u00ecm \u0111\u1ebfn Nylon 6\/6. V\u1edbi c\u00e1c \u0111\u1eb7c t\u00ednh c\u01a1 h\u1ecdc tuy\u1ec7t v\u1eddi, bao g\u1ed3m \u0111\u1ed9 b\u1ec1n cao, \u0111\u1ed9 d\u1ebbo dai v\u00e0 \u0111\u1ed9 c\u1ee9ng, lo\u1ea1i v\u1ea3i n\u00e0y ho\u00e0n h\u1ea3o cho nhi\u1ec1u \u1ee9ng d\u1ee5ng kh\u00e1c nhau. Cho d\u00f9 b\u1ea1n \u0111ang mu\u1ed1n l\u00e0m \u0111\u1ed3 d\u00f9ng ngo\u00e0i tr\u1eddi, t\u00fai ch\u1eafc ch\u1eafn hay qu\u1ea7n \u00e1o b\u1ec1n, th\u00ec v\u1ea3i Nylon 6\/6 l\u00e0 m\u1ed9t l\u1ef1a ch\u1ecdn tuy\u1ec7t v\u1eddi. Kh\u1ea3 n\u0103ng ch\u1ed1ng nhi\u00ean li\u1ec7u v\u00e0 d\u1ea7u tuy\u1ec7t v\u1eddi c\u1ee7a n\u00f3 khi\u1ebfn n\u00f3 tr\u1edf n\u00ean l\u00fd t\u01b0\u1edfng cho \u00f4 t\u00f4 v\u00e0 <a href=\"https:\/\/www.sikortex.com\/vi\/quan-ao-lam-van-chuyen-va\/\"><span style=\"color: #3366ff;\">c\u00f4ng nghi\u1ec7p<\/span><\/a> \u1ee9ng d\u1ee5ng, trong khi n\u00f3 <a href=\"https:\/\/www.sikortex.com\/vi\/vai-nylon-bong-vai-ripstop-ao-gio-vai-3\/\"><span style=\"color: #3366ff;\">nh\u1eb9<\/span><\/a> k\u1ebft c\u1ea5u l\u00e0m cho n\u00f3 ho\u00e0n h\u1ea3o cho b\u1ea5t k\u1ef3 th\u1ee9 g\u00ec c\u1ea7n v\u1eeba ch\u1eafc ch\u1eafn v\u1eeba d\u1ec5 mang theo. V\u1edbi t\u1ea5t c\u1ea3 nh\u1eefng l\u1ee3i \u00edch n\u00e0y, r\u00f5 r\u00e0ng v\u1ea3i Nylon 6\/6 l\u00e0 l\u1ef1a ch\u1ecdn th\u00f4ng minh cho b\u1ea5t k\u1ef3 ai mu\u1ed1n t\u1ea1o ra nh\u1eefng s\u1ea3n ph\u1ea9m ch\u1ea5t l\u01b0\u1ee3ng cao, b\u1ec1n l\u00e2u.<\/p>\n<p><span style=\"color: #3366ff;\"><a style=\"color: #3366ff;\" href=\"https:\/\/www.sikortex.com\/vi\/nguoi-tim-vai-2\/\">M\u00c1Y T\u00ccM V\u1ea2I<\/a><\/span><\/p>","protected":false},"excerpt":{"rendered":"<p>1000 m\u00e9t (\u0110\u01a1n h\u00e0ng t\u1ed1i thi\u1ec3u)<\/p>","protected":false},"featured_media":4566,"comment_status":"closed","ping_status":"closed","template":"","meta":{"_uag_custom_page_level_css":"","site-sidebar-layout":"default","site-content-layout":"default","ast-site-content-layout":"","site-content-style":"default","site-sidebar-style":"default","ast-global-header-display":"","ast-banner-title-visibility":"","ast-main-header-display":"","ast-hfb-above-header-display":"","ast-hfb-below-header-display":"","ast-hfb-mobile-header-display":"","site-post-title":"","ast-breadcrumbs-content":"","ast-featured-img":"","footer-sml-layout":"","theme-transparent-header-meta":"default","adv-header-id-meta":"","stick-header-meta":"default","header-above-stick-meta":"","header-main-stick-meta":"","header-below-stick-meta":"","astra-migrate-meta-layouts":"default","ast-page-background-enabled":"default","ast-page-background-meta":{"desktop":{"background-color":"","background-image":"","background-repeat":"repeat","background-position":"center center","background-size":"auto","background-attachment":"scroll","background-type":"","background-media":"","overlay-type":"","overlay-color":"","overlay-opacity":"","overlay-gradient":""},"tablet":{"background-color":"","background-image":"","background-repeat":"repeat","background-position":"center center","background-size":"auto","background-attachment":"scroll","background-type":"","background-media":"","overlay-type":"","overlay-color":"","overlay-opacity":"","overlay-gradient":""},"mobile":{"background-color":"","background-image":"","background-repeat":"repeat","background-position":"center center","background-size":"auto","background-attachment":"scroll","background-type":"","background-media":"","overlay-type":"","overlay-color":"","overlay-opacity":"","overlay-gradient":""}},"ast-content-background-meta":{"desktop":{"background-color":"var(--ast-global-color-5)","background-image":"","background-repeat":"repeat","background-position":"center center","background-size":"auto","background-attachment":"scroll","background-type":"","background-media":"","overlay-type":"","overlay-color":"","overlay-opacity":"","overlay-gradient":""},"tablet":{"background-color":"var(--ast-global-color-5)","background-image":"","background-repeat":"repeat","background-position":"center center","background-size":"auto","background-attachment":"scroll","background-type":"","background-media":"","overlay-type":"","overlay-color":"","overlay-opacity":"","overlay-gradient":""},"mobile":{"background-color":"var(--ast-global-color-5)","background-image":"","background-repeat":"repeat","background-position":"center center","background-size":"auto","background-attachment":"scroll","background-type":"","background-media":"","overlay-type":"","overlay-color":"","overlay-opacity":"","overlay-gradient":""}}},"product_brand":[],"product_cat":[428,432,1145,404,433],"product_tag":[],"class_list":{"0":"post-4568","1":"product","2":"type-product","3":"status-publish","4":"has-post-thumbnail","6":"product_cat-fabric-for-outdoor-sports","7":"product_cat-fabric-for-tent","8":"product_cat-lightweight-fabric","9":"product_cat-nylon-fabrics","10":"product_cat-textile-for-industrial","11":"pa_available_colors-h-black","12":"desktop-align-left","13":"tablet-align-left","14":"mobile-align-left","15":"ast-product-gallery-layout-vertical-slider","16":"ast-product-tabs-layout-horizontal","18":"first","19":"instock","20":"shipping-taxable","21":"product-type-simple"},"uagb_featured_image_src":{"full":["https:\/\/www.sikortex.com\/wp-content\/uploads\/2023\/06\/9312958505_1058445396.jpg",1024,1024,false],"thumbnail":["https:\/\/www.sikortex.com\/wp-content\/uploads\/2023\/06\/9312958505_1058445396-150x150.jpg",150,150,true],"medium":["https:\/\/www.sikortex.com\/wp-content\/uploads\/2023\/06\/9312958505_1058445396-300x300.jpg",300,300,true],"medium_large":["https:\/\/www.sikortex.com\/wp-content\/uploads\/2023\/06\/9312958505_1058445396-768x768.jpg",768,768,true],"large":["https:\/\/www.sikortex.com\/wp-content\/uploads\/2023\/06\/9312958505_1058445396.jpg",1024,1024,false],"1536x1536":["https:\/\/www.sikortex.com\/wp-content\/uploads\/2023\/06\/9312958505_1058445396.jpg",1024,1024,false],"2048x2048":["https:\/\/www.sikortex.com\/wp-content\/uploads\/2023\/06\/9312958505_1058445396.jpg",1024,1024,false],"trp-custom-language-flag":["https:\/\/www.sikortex.com\/wp-content\/uploads\/2023\/06\/9312958505_1058445396.jpg",12,12,false],"woocommerce_thumbnail":["https:\/\/www.sikortex.com\/wp-content\/uploads\/2023\/06\/9312958505_1058445396-300x300.jpg",300,300,true],"woocommerce_single":["https:\/\/www.sikortex.com\/wp-content\/uploads\/2023\/06\/9312958505_1058445396-600x600.jpg",600,600,true],"woocommerce_gallery_thumbnail":["https:\/\/www.sikortex.com\/wp-content\/uploads\/2023\/06\/9312958505_1058445396-100x100.jpg",100,100,true]},"uagb_author_info":{"display_name":"Perry","author_link":"https:\/\/www.sikortex.com\/vi\/author\/"},"uagb_comment_info":0,"uagb_excerpt":"1000 Meters(Min.Order)","_links":{"self":[{"href":"https:\/\/www.sikortex.com\/vi\/wp-json\/wp\/v2\/product\/4568","targetHints":{"allow":["GET"]}}],"collection":[{"href":"https:\/\/www.sikortex.com\/vi\/wp-json\/wp\/v2\/product"}],"about":[{"href":"https:\/\/www.sikortex.com\/vi\/wp-json\/wp\/v2\/types\/product"}],"replies":[{"embeddable":true,"href":"https:\/\/www.sikortex.com\/vi\/wp-json\/wp\/v2\/comments?post=4568"}],"wp:featuredmedia":[{"embeddable":true,"href":"https:\/\/www.sikortex.com\/vi\/wp-json\/wp\/v2\/media\/4566"}],"wp:attachment":[{"href":"https:\/\/www.sikortex.com\/vi\/wp-json\/wp\/v2\/media?parent=4568"}],"wp:term":[{"taxonomy":"product_brand","embeddable":true,"href":"https:\/\/www.sikortex.com\/vi\/wp-json\/wp\/v2\/product_brand?post=4568"},{"taxonomy":"product_cat","embeddable":true,"href":"https:\/\/www.sikortex.com\/vi\/wp-json\/wp\/v2\/product_cat?post=4568"},{"taxonomy":"product_tag","embeddable":true,"href":"https:\/\/www.sikortex.com\/vi\/wp-json\/wp\/v2\/product_tag?post=4568"}],"curies":[{"name":"wp","href":"https:\/\/api.w.org\/{rel}","templated":true}]}}