{"id":4493,"date":"2023-06-27T14:21:39","date_gmt":"2023-06-27T06:21:39","guid":{"rendered":"http:\/\/shihan.vihsu.com\/?post_type=product&#038;p=4493"},"modified":"2024-12-16T16:06:09","modified_gmt":"2024-12-16T08:06:09","slug":"100-cotton-32s-vai-chong-chay","status":"publish","type":"product","link":"https:\/\/www.sikortex.com\/vi\/san-pham\/100-cotton-32s-vai-chong-chay\/","title":{"rendered":"V\u1ea3i ch\u1ed1ng ch\u00e1y 100% Cotton 32S"},"content":{"rendered":"<p>V\u1ea3i ch\u1ed1ng ch\u00e1y 100% Cotton 32S mang \u0111\u1ebfn s\u1ef1 tho\u1ea3i m\u00e1i \u0111\u1eb7c bi\u1ec7t nh\u1edd h\u00e0m l\u01b0\u1ee3ng s\u1ee3i t\u1ef1 nhi\u00ean. N\u00f3 mang l\u1ea1i c\u1ea3m gi\u00e1c m\u1ec1m m\u1ea1i v\u00e0 tho\u00e1ng kh\u00ed cho da, \u0111\u1ea3m b\u1ea3o s\u1ef1 tho\u1ea3i m\u00e1i t\u1ed1i \u0111a su\u1ed1t c\u1ea3 ng\u00e0y. Lo\u1ea1i v\u1ea3i n\u00e0y \u0111\u1eb7c bi\u1ec7t ph\u00f9 h\u1ee3p v\u1edbi nh\u1eefng chi\u1ebfc \u00e1o t\u1eadp trung v\u00e0o s\u1ef1 tho\u1ea3i m\u00e1i.<br \/>\n170g\/\u33a1 v\u00e0 chi s\u1ed1 s\u1ee3i ch\u1ec9 l\u00e0 32S. M\u1eadt \u0111\u1ed9 cao l\u00e0m cho lo\u1ea1i v\u1ea3i n\u00e0y m\u1ecbn v\u00e0 ph\u1eb3ng, kh\u00f4ng ch\u1ec9 th\u00edch h\u1ee3p \u0111\u1ec3 may \u00e1o s\u01a1 mi m\u00e0 c\u00f2n th\u00edch h\u1ee3p \u0111\u1ec3 may \u00e1o kho\u00e1c v\u00e0 qu\u1ea7n d\u00e0i m\u00f9a xu\u00e2n h\u00e8. \u0110\u00e2y l\u00e0 s\u1ef1 l\u1ef1a ch\u1ecdn l\u00fd t\u01b0\u1edfng cho d\u1ecbch v\u1ee5 kh\u00e1ch s\u1ea1n, b\u00e1n h\u00e0ng, ngh\u1ec1 c\u1ed5 tr\u1eafng, nh\u00e2n vi\u00ean h\u1eadu c\u1ea7n v\u00e0 c\u00e1c ng\u00e0nh c\u00f4ng nghi\u1ec7p kh\u00e1c.<br \/>\nTrong kh\u00e1ch s\u1ea1n, s\u1ef1 tho\u1ea3i m\u00e1i c\u1ee7a v\u1ea3i \u0111\u1ea3m b\u1ea3o tr\u1ea3i nghi\u1ec7m th\u00fa v\u1ecb cho nh\u00e2n vi\u00ean. Nh\u00e2n vi\u00ean b\u00e1n h\u00e0ng v\u00e0 chuy\u00ean gia c\u1ed5 tr\u1eafng c\u00f3 th\u1ec3 t\u1eadn h\u01b0\u1edfng \u0111\u1eb7c t\u00ednh tho\u00e1ng kh\u00ed c\u1ee7a v\u1ea3i, gi\u00fap h\u1ecd lu\u00f4n m\u00e1t m\u1ebb v\u00e0 tho\u1ea3i m\u00e1i trong nh\u1eefng ng\u00e0y l\u00e0m vi\u1ec7c d\u00e0i. Nh\u00e2n vi\u00ean h\u1ed7 tr\u1ee3 s\u1ebd \u0111\u00e1nh gi\u00e1 cao s\u1ef1 tho\u1ea3i m\u00e1i v\u00e0 t\u1ef1 do di chuy\u1ec3n m\u00e0 v\u1ea3i mang l\u1ea1i, cho ph\u00e9p h\u1ecd th\u1ef1c hi\u1ec7n c\u00e1c c\u00f4ng vi\u1ec7c th\u1ec3 ch\u1ea5t m\u1ed9t c\u00e1ch d\u1ec5 d\u00e0ng.<\/p>\n<p><span style=\"color: #3366ff;\"><a style=\"color: #3366ff;\" href=\"https:\/\/www.sikortex.com\/vi\/nguoi-tim-vai-2\/\">C\u00f4ng c\u1ee5 t\u00ecm v\u1ea3i<\/a><\/span><\/p>","protected":false},"excerpt":{"rendered":"<p>600 m\u00e9t (\u0110\u01a1n h\u00e0ng t\u1ed1i thi\u1ec3u)<\/p>","protected":false},"featured_media":4494,"comment_status":"closed","ping_status":"closed","template":"","meta":{"_uag_custom_page_level_css":"","site-sidebar-layout":"default","site-content-layout":"default","ast-site-content-layout":"","site-content-style":"default","site-sidebar-style":"default","ast-global-header-display":"","ast-banner-title-visibility":"","ast-main-header-display":"","ast-hfb-above-header-display":"","ast-hfb-below-header-display":"","ast-hfb-mobile-header-display":"","site-post-title":"","ast-breadcrumbs-content":"","ast-featured-img":"","footer-sml-layout":"","theme-transparent-header-meta":"default","adv-header-id-meta":"","stick-header-meta":"default","header-above-stick-meta":"","header-main-stick-meta":"","header-below-stick-meta":"","astra-migrate-meta-layouts":"default","ast-page-background-enabled":"default","ast-page-background-meta":{"desktop":{"background-color":"","background-image":"","background-repeat":"repeat","background-position":"center center","background-size":"auto","background-attachment":"scroll","background-type":"","background-media":"","overlay-type":"","overlay-color":"","overlay-opacity":"","overlay-gradient":""},"tablet":{"background-color":"","background-image":"","background-repeat":"repeat","background-position":"center center","background-size":"auto","background-attachment":"scroll","background-type":"","background-media":"","overlay-type":"","overlay-color":"","overlay-opacity":"","overlay-gradient":""},"mobile":{"background-color":"","background-image":"","background-repeat":"repeat","background-position":"center center","background-size":"auto","background-attachment":"scroll","background-type":"","background-media":"","overlay-type":"","overlay-color":"","overlay-opacity":"","overlay-gradient":""}},"ast-content-background-meta":{"desktop":{"background-color":"var(--ast-global-color-5)","background-image":"","background-repeat":"repeat","background-position":"center center","background-size":"auto","background-attachment":"scroll","background-type":"","background-media":"","overlay-type":"","overlay-color":"","overlay-opacity":"","overlay-gradient":""},"tablet":{"background-color":"var(--ast-global-color-5)","background-image":"","background-repeat":"repeat","background-position":"center center","background-size":"auto","background-attachment":"scroll","background-type":"","background-media":"","overlay-type":"","overlay-color":"","overlay-opacity":"","overlay-gradient":""},"mobile":{"background-color":"var(--ast-global-color-5)","background-image":"","background-repeat":"repeat","background-position":"center center","background-size":"auto","background-attachment":"scroll","background-type":"","background-media":"","overlay-type":"","overlay-color":"","overlay-opacity":"","overlay-gradient":""}}},"product_brand":[],"product_cat":[426,427,425],"product_tag":[],"class_list":{"0":"post-4493","1":"product","2":"type-product","3":"status-publish","4":"has-post-thumbnail","6":"product_cat-constructionmining","7":"product_cat-petroleum-and-petrochemical","8":"product_cat-security-emergencies-road-services","9":"pa_available_colors-911052-spc","10":"desktop-align-left","11":"tablet-align-left","12":"mobile-align-left","13":"ast-product-gallery-layout-vertical-slider","14":"ast-product-tabs-layout-horizontal","16":"first","17":"instock","18":"shipping-taxable","19":"product-type-simple"},"uagb_featured_image_src":{"full":["https:\/\/www.sikortex.com\/wp-content\/uploads\/2023\/06\/14273961678_1544534422.jpg",1024,1024,false],"thumbnail":["https:\/\/www.sikortex.com\/wp-content\/uploads\/2023\/06\/14273961678_1544534422-150x150.jpg",150,150,true],"medium":["https:\/\/www.sikortex.com\/wp-content\/uploads\/2023\/06\/14273961678_1544534422-300x300.jpg",300,300,true],"medium_large":["https:\/\/www.sikortex.com\/wp-content\/uploads\/2023\/06\/14273961678_1544534422-768x768.jpg",768,768,true],"large":["https:\/\/www.sikortex.com\/wp-content\/uploads\/2023\/06\/14273961678_1544534422.jpg",1024,1024,false],"1536x1536":["https:\/\/www.sikortex.com\/wp-content\/uploads\/2023\/06\/14273961678_1544534422.jpg",1024,1024,false],"2048x2048":["https:\/\/www.sikortex.com\/wp-content\/uploads\/2023\/06\/14273961678_1544534422.jpg",1024,1024,false],"trp-custom-language-flag":["https:\/\/www.sikortex.com\/wp-content\/uploads\/2023\/06\/14273961678_1544534422.jpg",12,12,false],"woocommerce_thumbnail":["https:\/\/www.sikortex.com\/wp-content\/uploads\/2023\/06\/14273961678_1544534422-300x300.jpg",300,300,true],"woocommerce_single":["https:\/\/www.sikortex.com\/wp-content\/uploads\/2023\/06\/14273961678_1544534422-600x600.jpg",600,600,true],"woocommerce_gallery_thumbnail":["https:\/\/www.sikortex.com\/wp-content\/uploads\/2023\/06\/14273961678_1544534422-100x100.jpg",100,100,true]},"uagb_author_info":{"display_name":"Perry","author_link":"https:\/\/www.sikortex.com\/vi\/author\/"},"uagb_comment_info":0,"uagb_excerpt":"600 Meters(Min.Order)","_links":{"self":[{"href":"https:\/\/www.sikortex.com\/vi\/wp-json\/wp\/v2\/product\/4493","targetHints":{"allow":["GET"]}}],"collection":[{"href":"https:\/\/www.sikortex.com\/vi\/wp-json\/wp\/v2\/product"}],"about":[{"href":"https:\/\/www.sikortex.com\/vi\/wp-json\/wp\/v2\/types\/product"}],"replies":[{"embeddable":true,"href":"https:\/\/www.sikortex.com\/vi\/wp-json\/wp\/v2\/comments?post=4493"}],"wp:featuredmedia":[{"embeddable":true,"href":"https:\/\/www.sikortex.com\/vi\/wp-json\/wp\/v2\/media\/4494"}],"wp:attachment":[{"href":"https:\/\/www.sikortex.com\/vi\/wp-json\/wp\/v2\/media?parent=4493"}],"wp:term":[{"taxonomy":"product_brand","embeddable":true,"href":"https:\/\/www.sikortex.com\/vi\/wp-json\/wp\/v2\/product_brand?post=4493"},{"taxonomy":"product_cat","embeddable":true,"href":"https:\/\/www.sikortex.com\/vi\/wp-json\/wp\/v2\/product_cat?post=4493"},{"taxonomy":"product_tag","embeddable":true,"href":"https:\/\/www.sikortex.com\/vi\/wp-json\/wp\/v2\/product_tag?post=4493"}],"curies":[{"name":"wp","href":"https:\/\/api.w.org\/{rel}","templated":true}]}}