{"id":4476,"date":"2023-06-27T13:56:34","date_gmt":"2023-06-27T05:56:34","guid":{"rendered":"http:\/\/shihan.vihsu.com\/?post_type=product&#038;p=4476"},"modified":"2024-12-16T15:57:45","modified_gmt":"2024-12-16T07:57:45","slug":"vai-bong-nang-chong-chay","status":"publish","type":"product","link":"https:\/\/www.sikortex.com\/vi\/san-pham\/vai-bong-nang-chong-chay\/","title":{"rendered":"V\u1ea3i ch\u1ed1ng ch\u00e1y b\u00f4ng c\u00f3 tr\u1ecdng l\u01b0\u1ee3ng n\u1eb7ng"},"content":{"rendered":"<p>Ch\u1ea5t l\u01b0\u1ee3ng cao Ch\u1ea5t li\u1ec7u v\u1ea3i cotton ch\u00e9o ch\u1ed1ng ch\u00e1y c\u00f3 tr\u1ecdng l\u01b0\u1ee3ng n\u1eb7ng l\u00fd t\u01b0\u1edfng cho \u0111\u1ed3ng ph\u1ee5c l\u00e0m vi\u1ec7c trong c\u00e1c ng\u00e0nh c\u00f4ng nghi\u1ec7p d\u1ea7u kh\u00ed, h\u00f3a ch\u1ea5t, khai th\u00e1c m\u1ecf v\u00e0 c\u01a1 kh\u00ed. V\u1edbi tr\u1ecdng l\u01b0\u1ee3ng 420 gsm, \u0111\u1ed9 d\u00e0y t\u01b0\u01a1ng \u0111\u1ed1i hi\u1ebfm, v\u1ea3i mang l\u1ea1i \u0111\u1ed9 b\u1ec1n v\u00e0 s\u1ef1 tho\u1ea3i m\u00e1i v\u00f4 song cho c\u00e1c chuy\u00ean gia trong c\u00e1c l\u0129nh v\u1ef1c n\u00e0y.<\/p>\n<p>C\u00e1c lo\u1ea1i v\u1ea3i c\u1ee7a ch\u00fang t\u00f4i \u0111\u01b0\u1ee3c l\u00e0m t\u1eeb b\u00f4ng cao c\u1ea5p, \u0111\u1ea3m b\u1ea3o kh\u1ea3 n\u0103ng tho\u00e1ng kh\u00ed v\u00e0 c\u1ea3m gi\u00e1c m\u1ec1m m\u1ea1i khi ti\u1ebfp x\u00fac v\u1edbi da \u0111\u1ec3 gi\u00fap nh\u00e2n vi\u00ean lu\u00f4n tho\u1ea3i m\u00e1i trong nh\u1eefng ca l\u00e0m vi\u1ec7c \u0111\u00f2i h\u1ecfi kh\u1eaft khe. Ki\u1ec3u d\u1ec7t ch\u00e9o t\u0103ng th\u00eam s\u1ee9c m\u1ea1nh, l\u00e0m cho n\u00f3 tr\u1edf n\u00ean l\u00fd t\u01b0\u1edfng cho m\u00f4i tr\u01b0\u1eddng l\u00e0m vi\u1ec7c kh\u1eafc nghi\u1ec7t.<\/p>\n<p>V\u1ea3i c\u1ee7a ch\u00fang t\u00f4i \u0111\u00e1p \u1ee9ng c\u00e1c ti\u00eau chu\u1ea9n ng\u00e0nh v\u1ec1 kh\u1ea3 n\u0103ng b\u1ea3o v\u1ec7 tuy\u1ec7t v\u1eddi v\u00e0 t\u1ef1 do di chuy\u1ec3n. Cho d\u00f9 b\u1ea1n l\u00e0m trong ng\u00e0nh d\u1ea7u kh\u00ed, ho\u1ea1t \u0111\u1ed9ng khai th\u00e1c m\u1ecf hay m\u00e1y m\u00f3c, v\u1ea3i ch\u00e9o cotton 100% c\u1ee7a ch\u00fang t\u00f4i \u0111\u01b0\u1ee3c thi\u1ebft k\u1ebf \u0111\u1ec3 ch\u1ecbu \u0111\u01b0\u1ee3c c\u00e1c \u0111i\u1ec1u ki\u1ec7n kh\u1eafc nghi\u1ec7t \u0111\u1ed3ng th\u1eddi mang l\u1ea1i s\u1ef1 tho\u1ea3i m\u00e1i c\u1ea3 ng\u00e0y.<\/p>\n<p><span style=\"color: #3366ff;\"><a style=\"color: #3366ff;\" href=\"https:\/\/www.sikortex.com\/vi\/nguoi-tim-vai-2\/\">C\u00f4ng c\u1ee5 t\u00ecm v\u1ea3i<\/a><\/span><\/p>","protected":false},"excerpt":{"rendered":"<p>600 m\u00e9t (\u0110\u01a1n h\u00e0ng t\u1ed1i thi\u1ec3u)<\/p>","protected":false},"featured_media":4478,"comment_status":"closed","ping_status":"closed","template":"","meta":{"_uag_custom_page_level_css":"","site-sidebar-layout":"default","site-content-layout":"default","ast-site-content-layout":"","site-content-style":"default","site-sidebar-style":"default","ast-global-header-display":"","ast-banner-title-visibility":"","ast-main-header-display":"","ast-hfb-above-header-display":"","ast-hfb-below-header-display":"","ast-hfb-mobile-header-display":"","site-post-title":"","ast-breadcrumbs-content":"","ast-featured-img":"","footer-sml-layout":"","theme-transparent-header-meta":"default","adv-header-id-meta":"","stick-header-meta":"default","header-above-stick-meta":"","header-main-stick-meta":"","header-below-stick-meta":"","astra-migrate-meta-layouts":"default","ast-page-background-enabled":"default","ast-page-background-meta":{"desktop":{"background-color":"","background-image":"","background-repeat":"repeat","background-position":"center center","background-size":"auto","background-attachment":"scroll","background-type":"","background-media":"","overlay-type":"","overlay-color":"","overlay-opacity":"","overlay-gradient":""},"tablet":{"background-color":"","background-image":"","background-repeat":"repeat","background-position":"center center","background-size":"auto","background-attachment":"scroll","background-type":"","background-media":"","overlay-type":"","overlay-color":"","overlay-opacity":"","overlay-gradient":""},"mobile":{"background-color":"","background-image":"","background-repeat":"repeat","background-position":"center center","background-size":"auto","background-attachment":"scroll","background-type":"","background-media":"","overlay-type":"","overlay-color":"","overlay-opacity":"","overlay-gradient":""}},"ast-content-background-meta":{"desktop":{"background-color":"var(--ast-global-color-5)","background-image":"","background-repeat":"repeat","background-position":"center center","background-size":"auto","background-attachment":"scroll","background-type":"","background-media":"","overlay-type":"","overlay-color":"","overlay-opacity":"","overlay-gradient":""},"tablet":{"background-color":"var(--ast-global-color-5)","background-image":"","background-repeat":"repeat","background-position":"center center","background-size":"auto","background-attachment":"scroll","background-type":"","background-media":"","overlay-type":"","overlay-color":"","overlay-opacity":"","overlay-gradient":""},"mobile":{"background-color":"var(--ast-global-color-5)","background-image":"","background-repeat":"repeat","background-position":"center center","background-size":"auto","background-attachment":"scroll","background-type":"","background-media":"","overlay-type":"","overlay-color":"","overlay-opacity":"","overlay-gradient":""}}},"product_brand":[],"product_cat":[427,425],"product_tag":[],"class_list":{"0":"post-4476","1":"product","2":"type-product","3":"status-publish","4":"has-post-thumbnail","6":"product_cat-petroleum-and-petrochemical","7":"product_cat-security-emergencies-road-services","8":"pa_available_colors-911052-spc","9":"desktop-align-left","10":"tablet-align-left","11":"mobile-align-left","12":"ast-product-gallery-layout-vertical-slider","13":"ast-product-tabs-layout-horizontal","15":"first","16":"instock","17":"shipping-taxable","18":"product-type-simple"},"uagb_featured_image_src":{"full":["https:\/\/www.sikortex.com\/wp-content\/uploads\/2023\/06\/O1CN01OP5NJC27k1afY5HPp_2215440777834-0-cib.jpg",1024,1024,false],"thumbnail":["https:\/\/www.sikortex.com\/wp-content\/uploads\/2023\/06\/O1CN01OP5NJC27k1afY5HPp_2215440777834-0-cib-150x150.jpg",150,150,true],"medium":["https:\/\/www.sikortex.com\/wp-content\/uploads\/2023\/06\/O1CN01OP5NJC27k1afY5HPp_2215440777834-0-cib-300x300.jpg",300,300,true],"medium_large":["https:\/\/www.sikortex.com\/wp-content\/uploads\/2023\/06\/O1CN01OP5NJC27k1afY5HPp_2215440777834-0-cib-768x768.jpg",768,768,true],"large":["https:\/\/www.sikortex.com\/wp-content\/uploads\/2023\/06\/O1CN01OP5NJC27k1afY5HPp_2215440777834-0-cib.jpg",1024,1024,false],"1536x1536":["https:\/\/www.sikortex.com\/wp-content\/uploads\/2023\/06\/O1CN01OP5NJC27k1afY5HPp_2215440777834-0-cib.jpg",1024,1024,false],"2048x2048":["https:\/\/www.sikortex.com\/wp-content\/uploads\/2023\/06\/O1CN01OP5NJC27k1afY5HPp_2215440777834-0-cib.jpg",1024,1024,false],"trp-custom-language-flag":["https:\/\/www.sikortex.com\/wp-content\/uploads\/2023\/06\/O1CN01OP5NJC27k1afY5HPp_2215440777834-0-cib.jpg",12,12,false],"woocommerce_thumbnail":["https:\/\/www.sikortex.com\/wp-content\/uploads\/2023\/06\/O1CN01OP5NJC27k1afY5HPp_2215440777834-0-cib-300x300.jpg",300,300,true],"woocommerce_single":["https:\/\/www.sikortex.com\/wp-content\/uploads\/2023\/06\/O1CN01OP5NJC27k1afY5HPp_2215440777834-0-cib-600x600.jpg",600,600,true],"woocommerce_gallery_thumbnail":["https:\/\/www.sikortex.com\/wp-content\/uploads\/2023\/06\/O1CN01OP5NJC27k1afY5HPp_2215440777834-0-cib-100x100.jpg",100,100,true]},"uagb_author_info":{"display_name":"Perry","author_link":"https:\/\/www.sikortex.com\/vi\/author\/"},"uagb_comment_info":0,"uagb_excerpt":"600 Meters(Min.Order)","_links":{"self":[{"href":"https:\/\/www.sikortex.com\/vi\/wp-json\/wp\/v2\/product\/4476","targetHints":{"allow":["GET"]}}],"collection":[{"href":"https:\/\/www.sikortex.com\/vi\/wp-json\/wp\/v2\/product"}],"about":[{"href":"https:\/\/www.sikortex.com\/vi\/wp-json\/wp\/v2\/types\/product"}],"replies":[{"embeddable":true,"href":"https:\/\/www.sikortex.com\/vi\/wp-json\/wp\/v2\/comments?post=4476"}],"wp:featuredmedia":[{"embeddable":true,"href":"https:\/\/www.sikortex.com\/vi\/wp-json\/wp\/v2\/media\/4478"}],"wp:attachment":[{"href":"https:\/\/www.sikortex.com\/vi\/wp-json\/wp\/v2\/media?parent=4476"}],"wp:term":[{"taxonomy":"product_brand","embeddable":true,"href":"https:\/\/www.sikortex.com\/vi\/wp-json\/wp\/v2\/product_brand?post=4476"},{"taxonomy":"product_cat","embeddable":true,"href":"https:\/\/www.sikortex.com\/vi\/wp-json\/wp\/v2\/product_cat?post=4476"},{"taxonomy":"product_tag","embeddable":true,"href":"https:\/\/www.sikortex.com\/vi\/wp-json\/wp\/v2\/product_tag?post=4476"}],"curies":[{"name":"wp","href":"https:\/\/api.w.org\/{rel}","templated":true}]}}