{"id":4347,"date":"2023-06-26T17:16:07","date_gmt":"2023-06-26T09:16:07","guid":{"rendered":"http:\/\/shihan.vihsu.com\/?post_type=product&#038;p=4347"},"modified":"2025-08-18T14:04:52","modified_gmt":"2025-08-18T06:04:52","slug":"polyester-600d-ma-hoa-oxford","status":"publish","type":"product","link":"https:\/\/www.sikortex.com\/vi\/san-pham\/polyester-600d-ma-hoa-oxford\/","title":{"rendered":"Gi\u1ea3i Ph\u00e1p Nhu\u1ed9m V\u1ea3i Oxford 600D Polyester M\u00e3 H\u00f3a"},"content":{"rendered":"<h5>SIKOR-TEX l\u00e0 nh\u00e0 s\u1ea3n xu\u1ea5t v\u1ea3i ch\u1ea5t l\u01b0\u1ee3ng cao c\u00f3 tr\u1ee5 s\u1edf t\u1ea1i Trung Qu\u1ed1c<\/h5>\n<p>V\u1ea3i Oxford 600D Polyester m\u00e3 h\u00f3a nhu\u1ed9m dung d\u1ecbch v\u1edbi l\u1edbp ph\u1ee7 TPU l\u00e0 v\u1eadt li\u1ec7u ch\u1ea5t l\u01b0\u1ee3ng cao, ho\u00e0n h\u1ea3o \u0111\u1ec3 t\u1ea1o ra \u0111\u1ed9 b\u1ec1n, <a href=\"https:\/\/www.sikortex.com\/vi\/vai-thoang-khi-khong-tham-nuoc\/\"><span style=\"color: #3366ff;\">kh\u00f4ng th\u1ea5m n\u01b0\u1edbc v\u00e0 tho\u00e1ng kh\u00ed<\/span><\/a> qu\u1ea7n \u00e1o. V\u1ea3i n\u00e0y l\u00fd t\u01b0\u1edfng \u0111\u1ec3 l\u00e0m <a href=\"https:\/\/www.sikortex.com\/vi\/vai-may-xe-may\/\"><span style=\"color: #3366ff;\">\u00e1o kho\u00e1c xe m\u00e1y<\/span><\/a>, <a href=\"https:\/\/www.sikortex.com\/vi\/quan-vai-ripstop-vai\/\"><span style=\"color: #3366ff;\">\u0111\u1ed3ng ph\u1ee5c c\u1ea3nh s\u00e1t<\/span><\/a>, V\u00e0 <a href=\"https:\/\/www.sikortex.com\/vi\/tap-chi\/quan-ao-bao-ho-lao-dong-2\/\"><span style=\"color: #3366ff;\">qu\u1ea7n \u00e1o l\u00e0m vi\u1ec7c ngo\u00e0i tr\u1eddi<\/span><\/a>.<\/p>\n<p>V\u1ea3i \u0111\u01b0\u1ee3c l\u00e0m t\u1eeb c\u00e1c s\u1ee3i polyester c\u00f3 \u0111\u1ed9 b\u1ec1n cao \u0111\u01b0\u1ee3c d\u1ec7t ch\u1eb7t ch\u1ebd v\u1edbi nhau t\u1ea1o n\u00ean ch\u1ea5t li\u1ec7u ch\u1eafc ch\u1eafn v\u00e0 b\u1ec1n b\u1ec9. L\u1edbp ph\u1ee7 TPU cung c\u1ea5p th\u00eam m\u1ed9t l\u1edbp b\u1ea3o v\u1ec7 ch\u1ed1ng n\u01b0\u1edbc, khi\u1ebfn n\u00f3 tr\u1edf n\u00ean l\u00fd t\u01b0\u1edfng \u0111\u1ec3 s\u1eed d\u1ee5ng trong m\u00f4i tr\u01b0\u1eddng \u1ea9m \u01b0\u1edbt.<\/p>\n<p>Ngo\u00e0i kh\u1ea3 n\u0103ng b\u1ec1n b\u1ec9 v\u00e0 ch\u1ed1ng th\u1ea5m n\u01b0\u1edbc, Encrypted <a href=\"https:\/\/www.sikortex.com\/vi\/vai-nylon-bong-vai-ripstop-ao-gio-vai-5\/\"><span style=\"color: #3366ff;\">Oxford<\/span><\/a> V\u1ea3i c\u00f3 l\u1edbp ph\u1ee7 TPU c\u0169ng tho\u00e1ng kh\u00ed. \u0110i\u1ec1u n\u00e0y gi\u00fap b\u1ea1n tho\u1ea3i m\u00e1i khi \u0111eo trong th\u1eddi gian d\u00e0i, ngay c\u1ea3 trong \u0111i\u1ec1u ki\u1ec7n \u1ea5m \u00e1p. \u0110\u1ed9 tho\u00e1ng kh\u00ed c\u1ee7a v\u1ea3i c\u0169ng gi\u00fap ng\u0103n ng\u1eeba s\u1ef1 t\u00edch t\u1ee5 \u0111\u1ed9 \u1ea9m, c\u00f3 th\u1ec3 g\u00e2y kh\u00f3 ch\u1ecbu v\u00e0 d\u1eabn \u0111\u1ebfn k\u00edch \u1ee9ng da.<\/p>","protected":false},"excerpt":{"rendered":"<p>800 m\u00e9t (\u0110\u01a1n h\u00e0ng t\u1ed1i thi\u1ec3u)<\/p>","protected":false},"featured_media":4349,"comment_status":"closed","ping_status":"closed","template":"","meta":{"_uag_custom_page_level_css":"","site-sidebar-layout":"default","site-content-layout":"default","ast-site-content-layout":"","site-content-style":"default","site-sidebar-style":"default","ast-global-header-display":"","ast-banner-title-visibility":"","ast-main-header-display":"","ast-hfb-above-header-display":"","ast-hfb-below-header-display":"","ast-hfb-mobile-header-display":"","site-post-title":"","ast-breadcrumbs-content":"","ast-featured-img":"","footer-sml-layout":"","theme-transparent-header-meta":"default","adv-header-id-meta":"","stick-header-meta":"default","header-above-stick-meta":"","header-main-stick-meta":"","header-below-stick-meta":"","astra-migrate-meta-layouts":"default","ast-page-background-enabled":"default","ast-page-background-meta":{"desktop":{"background-color":"","background-image":"","background-repeat":"repeat","background-position":"center center","background-size":"auto","background-attachment":"scroll","background-type":"","background-media":"","overlay-type":"","overlay-color":"","overlay-opacity":"","overlay-gradient":""},"tablet":{"background-color":"","background-image":"","background-repeat":"repeat","background-position":"center center","background-size":"auto","background-attachment":"scroll","background-type":"","background-media":"","overlay-type":"","overlay-color":"","overlay-opacity":"","overlay-gradient":""},"mobile":{"background-color":"","background-image":"","background-repeat":"repeat","background-position":"center center","background-size":"auto","background-attachment":"scroll","background-type":"","background-media":"","overlay-type":"","overlay-color":"","overlay-opacity":"","overlay-gradient":""}},"ast-content-background-meta":{"desktop":{"background-color":"var(--ast-global-color-5)","background-image":"","background-repeat":"repeat","background-position":"center center","background-size":"auto","background-attachment":"scroll","background-type":"","background-media":"","overlay-type":"","overlay-color":"","overlay-opacity":"","overlay-gradient":""},"tablet":{"background-color":"var(--ast-global-color-5)","background-image":"","background-repeat":"repeat","background-position":"center center","background-size":"auto","background-attachment":"scroll","background-type":"","background-media":"","overlay-type":"","overlay-color":"","overlay-opacity":"","overlay-gradient":""},"mobile":{"background-color":"var(--ast-global-color-5)","background-image":"","background-repeat":"repeat","background-position":"center center","background-size":"auto","background-attachment":"scroll","background-type":"","background-media":"","overlay-type":"","overlay-color":"","overlay-opacity":"","overlay-gradient":""}}},"product_brand":[],"product_cat":[1126,1206,432,1218,1184,403,1185,433,1697,414],"product_tag":[],"class_list":{"0":"post-4347","1":"product","2":"type-product","3":"status-publish","4":"has-post-thumbnail","6":"product_cat-fabric-for-awning","7":"product_cat-fabric-for-bag","8":"product_cat-fabric-for-tent","9":"product_cat-marine-fabrics","10":"product_cat-oxford-fabric","11":"product_cat-polyester-fabrics","12":"product_cat-solution-dyed-polyester-fabrics","13":"product_cat-textile-for-industrial","14":"product_cat-uv-protection-fabric","15":"product_cat-waterproof-fabrics","16":"pa_available_colors-911052-spc","17":"desktop-align-left","18":"tablet-align-left","19":"mobile-align-left","20":"ast-product-gallery-layout-vertical-slider","21":"ast-product-tabs-layout-horizontal","23":"first","24":"instock","25":"shipping-taxable","26":"product-type-simple"},"uagb_featured_image_src":{"full":["https:\/\/www.sikortex.com\/wp-content\/uploads\/2023\/06\/O1CN01XYQMrO1zLHFkmoRgf_956506697-0-cib.jpg",1024,1024,false],"thumbnail":["https:\/\/www.sikortex.com\/wp-content\/uploads\/2023\/06\/O1CN01XYQMrO1zLHFkmoRgf_956506697-0-cib-150x150.jpg",150,150,true],"medium":["https:\/\/www.sikortex.com\/wp-content\/uploads\/2023\/06\/O1CN01XYQMrO1zLHFkmoRgf_956506697-0-cib-300x300.jpg",300,300,true],"medium_large":["https:\/\/www.sikortex.com\/wp-content\/uploads\/2023\/06\/O1CN01XYQMrO1zLHFkmoRgf_956506697-0-cib-768x768.jpg",768,768,true],"large":["https:\/\/www.sikortex.com\/wp-content\/uploads\/2023\/06\/O1CN01XYQMrO1zLHFkmoRgf_956506697-0-cib.jpg",1024,1024,false],"1536x1536":["https:\/\/www.sikortex.com\/wp-content\/uploads\/2023\/06\/O1CN01XYQMrO1zLHFkmoRgf_956506697-0-cib.jpg",1024,1024,false],"2048x2048":["https:\/\/www.sikortex.com\/wp-content\/uploads\/2023\/06\/O1CN01XYQMrO1zLHFkmoRgf_956506697-0-cib.jpg",1024,1024,false],"trp-custom-language-flag":["https:\/\/www.sikortex.com\/wp-content\/uploads\/2023\/06\/O1CN01XYQMrO1zLHFkmoRgf_956506697-0-cib.jpg",12,12,false],"woocommerce_thumbnail":["https:\/\/www.sikortex.com\/wp-content\/uploads\/2023\/06\/O1CN01XYQMrO1zLHFkmoRgf_956506697-0-cib-300x300.jpg",300,300,true],"woocommerce_single":["https:\/\/www.sikortex.com\/wp-content\/uploads\/2023\/06\/O1CN01XYQMrO1zLHFkmoRgf_956506697-0-cib-600x600.jpg",600,600,true],"woocommerce_gallery_thumbnail":["https:\/\/www.sikortex.com\/wp-content\/uploads\/2023\/06\/O1CN01XYQMrO1zLHFkmoRgf_956506697-0-cib-100x100.jpg",100,100,true]},"uagb_author_info":{"display_name":"Perry","author_link":"https:\/\/www.sikortex.com\/vi\/author\/"},"uagb_comment_info":0,"uagb_excerpt":"800 Meters(Min.Order)","_links":{"self":[{"href":"https:\/\/www.sikortex.com\/vi\/wp-json\/wp\/v2\/product\/4347","targetHints":{"allow":["GET"]}}],"collection":[{"href":"https:\/\/www.sikortex.com\/vi\/wp-json\/wp\/v2\/product"}],"about":[{"href":"https:\/\/www.sikortex.com\/vi\/wp-json\/wp\/v2\/types\/product"}],"replies":[{"embeddable":true,"href":"https:\/\/www.sikortex.com\/vi\/wp-json\/wp\/v2\/comments?post=4347"}],"wp:featuredmedia":[{"embeddable":true,"href":"https:\/\/www.sikortex.com\/vi\/wp-json\/wp\/v2\/media\/4349"}],"wp:attachment":[{"href":"https:\/\/www.sikortex.com\/vi\/wp-json\/wp\/v2\/media?parent=4347"}],"wp:term":[{"taxonomy":"product_brand","embeddable":true,"href":"https:\/\/www.sikortex.com\/vi\/wp-json\/wp\/v2\/product_brand?post=4347"},{"taxonomy":"product_cat","embeddable":true,"href":"https:\/\/www.sikortex.com\/vi\/wp-json\/wp\/v2\/product_cat?post=4347"},{"taxonomy":"product_tag","embeddable":true,"href":"https:\/\/www.sikortex.com\/vi\/wp-json\/wp\/v2\/product_tag?post=4347"}],"curies":[{"name":"wp","href":"https:\/\/api.w.org\/{rel}","templated":true}]}}