{"id":4330,"date":"2023-06-26T17:13:13","date_gmt":"2023-06-26T09:13:13","guid":{"rendered":"http:\/\/shihan.vihsu.com\/?post_type=product&#038;p=4330"},"modified":"2023-11-07T10:32:00","modified_gmt":"2023-11-07T02:32:00","slug":"vai-nylon-polyester-hai-lop-dan-hoi","status":"publish","type":"product","link":"https:\/\/www.sikortex.com\/vi\/san-pham\/vai-nylon-polyester-hai-lop-dan-hoi\/","title":{"rendered":"V\u1ea3i \u0111\u00e0n h\u1ed3i hai l\u1edbp nylon Polyester"},"content":{"rendered":"<p>V\u1ea3i thun hai l\u1edbp Polyester SIKOR-TEX l\u00e0 lo\u1ea1i v\u1ea3i c\u00f3 \u0111\u1ed9 \u0111\u00e0n h\u1ed3i cao bao g\u1ed3m nylon 70%, polyester 20% v\u00e0 spandex 10%. S\u1ee3i polyester \u0111\u01b0\u1ee3c nhu\u1ed9m b\u1eb1ng thu\u1ed1c nhu\u1ed9m ph\u00e2n t\u00e1n v\u00e0 s\u1ee3i nylon \u0111\u01b0\u1ee3c nhu\u1ed9m b\u1eb1ng thu\u1ed1c nhu\u1ed9m axit. C\u00f4ng ngh\u1ec7 nhu\u1ed9m h\u1ed7n h\u1ee3p n\u00e0y mang l\u1ea1i hi\u1ec7u \u1ee9ng hai m\u00e0u, m\u00e0u s\u1eafc t\u1ef1 nhi\u00ean v\u00e0 th\u00fa v\u1ecb. Spandex mang l\u1ea1i cho v\u1ea3i \u0111\u1ed9 \u0111\u00e0n h\u1ed3i tuy\u1ec7t v\u1eddi, c\u00f3 th\u1ec3 th\u00edch \u1ee9ng v\u1edbi nhu c\u1ea7u c\u1ee7a c\u00e1c m\u00f4n th\u1ec3 thao kh\u00e1c nhau.<br \/>\nLo\u1ea1i v\u1ea3i Nylon Polyester n\u00e0y l\u00fd t\u01b0\u1edfng cho trang ph\u1ee5c th\u1ec3 thao ngo\u00e0i tr\u1eddi v\u00e0 trang ph\u1ee5c th\u00f4ng th\u01b0\u1eddng. \u0110\u1ed9 \u0111\u00e0n h\u1ed3i cao c\u1ee7a n\u00f3 cho ph\u00e9p ng\u01b0\u1eddi m\u1eb7c c\u00f3 \u0111\u01b0\u1ee3c s\u1ef1 tho\u1ea3i m\u00e1i v\u00e0 t\u1ef1 do di chuy\u1ec3n t\u1ed1t h\u01a1n. \u0110\u1ed3ng th\u1eddi, hi\u1ec7u \u1ee9ng hai t\u00f4ng m\u00e0u v\u00e0 m\u00e0u s\u1eafc t\u1ef1 nhi\u00ean c\u1ee7a v\u1ea3i gi\u00fap b\u1ed9 trang ph\u1ee5c tr\u1edf n\u00ean th\u1eddi trang v\u00e0 th\u00fa v\u1ecb h\u01a1n. D\u00f9 trong th\u1ec3 thao ngo\u00e0i tr\u1eddi hay cu\u1ed9c s\u1ed1ng h\u00e0ng ng\u00e0y, lo\u1ea1i v\u1ea3i n\u00e0y c\u00f3 th\u1ec3 \u0111\u00e1p \u1ee9ng nhu c\u1ea7u c\u1ee7a b\u1ea1n.<\/p>","protected":false},"excerpt":{"rendered":"<p>600 m\u00e9t (\u0110\u01a1n h\u00e0ng t\u1ed1i thi\u1ec3u)<\/p>","protected":false},"featured_media":4341,"comment_status":"closed","ping_status":"closed","template":"","meta":{"_uag_custom_page_level_css":"","site-sidebar-layout":"default","site-content-layout":"default","ast-site-content-layout":"","site-content-style":"default","site-sidebar-style":"default","ast-global-header-display":"","ast-banner-title-visibility":"","ast-main-header-display":"","ast-hfb-above-header-display":"","ast-hfb-below-header-display":"","ast-hfb-mobile-header-display":"","site-post-title":"","ast-breadcrumbs-content":"","ast-featured-img":"","footer-sml-layout":"","theme-transparent-header-meta":"default","adv-header-id-meta":"","stick-header-meta":"default","header-above-stick-meta":"","header-main-stick-meta":"","header-below-stick-meta":"","astra-migrate-meta-layouts":"default","ast-page-background-enabled":"default","ast-page-background-meta":{"desktop":{"background-color":"","background-image":"","background-repeat":"repeat","background-position":"center center","background-size":"auto","background-attachment":"scroll","background-type":"","background-media":"","overlay-type":"","overlay-color":"","overlay-opacity":"","overlay-gradient":""},"tablet":{"background-color":"","background-image":"","background-repeat":"repeat","background-position":"center center","background-size":"auto","background-attachment":"scroll","background-type":"","background-media":"","overlay-type":"","overlay-color":"","overlay-opacity":"","overlay-gradient":""},"mobile":{"background-color":"","background-image":"","background-repeat":"repeat","background-position":"center center","background-size":"auto","background-attachment":"scroll","background-type":"","background-media":"","overlay-type":"","overlay-color":"","overlay-opacity":"","overlay-gradient":""}},"ast-content-background-meta":{"desktop":{"background-color":"var(--ast-global-color-5)","background-image":"","background-repeat":"repeat","background-position":"center center","background-size":"auto","background-attachment":"scroll","background-type":"","background-media":"","overlay-type":"","overlay-color":"","overlay-opacity":"","overlay-gradient":""},"tablet":{"background-color":"var(--ast-global-color-5)","background-image":"","background-repeat":"repeat","background-position":"center center","background-size":"auto","background-attachment":"scroll","background-type":"","background-media":"","overlay-type":"","overlay-color":"","overlay-opacity":"","overlay-gradient":""},"mobile":{"background-color":"var(--ast-global-color-5)","background-image":"","background-repeat":"repeat","background-position":"center center","background-size":"auto","background-attachment":"scroll","background-type":"","background-media":"","overlay-type":"","overlay-color":"","overlay-opacity":"","overlay-gradient":""}}},"product_brand":[],"product_cat":[431,428,1041,420],"product_tag":[],"class_list":{"0":"post-4330","1":"product","2":"type-product","3":"status-publish","4":"has-post-thumbnail","6":"product_cat-fabric-for-commuting-clothing","7":"product_cat-fabric-for-outdoor-sports","8":"product_cat-polyester-nylon","9":"product_cat-stretch-fabrics","10":"pa_available_colors-911052-spc","11":"desktop-align-left","12":"tablet-align-left","13":"mobile-align-left","14":"ast-product-gallery-layout-vertical-slider","15":"ast-product-tabs-layout-horizontal","17":"first","18":"instock","19":"shipping-taxable","20":"product-type-simple"},"uagb_featured_image_src":{"full":["https:\/\/www.sikortex.com\/wp-content\/uploads\/2023\/06\/15419030023_1416518273.jpg",1024,1024,false],"thumbnail":["https:\/\/www.sikortex.com\/wp-content\/uploads\/2023\/06\/15419030023_1416518273-150x150.jpg",150,150,true],"medium":["https:\/\/www.sikortex.com\/wp-content\/uploads\/2023\/06\/15419030023_1416518273-300x300.jpg",300,300,true],"medium_large":["https:\/\/www.sikortex.com\/wp-content\/uploads\/2023\/06\/15419030023_1416518273-768x768.jpg",768,768,true],"large":["https:\/\/www.sikortex.com\/wp-content\/uploads\/2023\/06\/15419030023_1416518273.jpg",1024,1024,false],"1536x1536":["https:\/\/www.sikortex.com\/wp-content\/uploads\/2023\/06\/15419030023_1416518273.jpg",1024,1024,false],"2048x2048":["https:\/\/www.sikortex.com\/wp-content\/uploads\/2023\/06\/15419030023_1416518273.jpg",1024,1024,false],"trp-custom-language-flag":["https:\/\/www.sikortex.com\/wp-content\/uploads\/2023\/06\/15419030023_1416518273.jpg",12,12,false],"woocommerce_thumbnail":["https:\/\/www.sikortex.com\/wp-content\/uploads\/2023\/06\/15419030023_1416518273-300x300.jpg",300,300,true],"woocommerce_single":["https:\/\/www.sikortex.com\/wp-content\/uploads\/2023\/06\/15419030023_1416518273-600x600.jpg",600,600,true],"woocommerce_gallery_thumbnail":["https:\/\/www.sikortex.com\/wp-content\/uploads\/2023\/06\/15419030023_1416518273-100x100.jpg",100,100,true]},"uagb_author_info":{"display_name":"Perry","author_link":"https:\/\/www.sikortex.com\/vi\/author\/"},"uagb_comment_info":0,"uagb_excerpt":"600 Meters(Min.Order)","_links":{"self":[{"href":"https:\/\/www.sikortex.com\/vi\/wp-json\/wp\/v2\/product\/4330","targetHints":{"allow":["GET"]}}],"collection":[{"href":"https:\/\/www.sikortex.com\/vi\/wp-json\/wp\/v2\/product"}],"about":[{"href":"https:\/\/www.sikortex.com\/vi\/wp-json\/wp\/v2\/types\/product"}],"replies":[{"embeddable":true,"href":"https:\/\/www.sikortex.com\/vi\/wp-json\/wp\/v2\/comments?post=4330"}],"wp:featuredmedia":[{"embeddable":true,"href":"https:\/\/www.sikortex.com\/vi\/wp-json\/wp\/v2\/media\/4341"}],"wp:attachment":[{"href":"https:\/\/www.sikortex.com\/vi\/wp-json\/wp\/v2\/media?parent=4330"}],"wp:term":[{"taxonomy":"product_brand","embeddable":true,"href":"https:\/\/www.sikortex.com\/vi\/wp-json\/wp\/v2\/product_brand?post=4330"},{"taxonomy":"product_cat","embeddable":true,"href":"https:\/\/www.sikortex.com\/vi\/wp-json\/wp\/v2\/product_cat?post=4330"},{"taxonomy":"product_tag","embeddable":true,"href":"https:\/\/www.sikortex.com\/vi\/wp-json\/wp\/v2\/product_tag?post=4330"}],"curies":[{"name":"wp","href":"https:\/\/api.w.org\/{rel}","templated":true}]}}