{"id":4308,"date":"2023-06-26T16:47:44","date_gmt":"2023-06-26T08:47:44","guid":{"rendered":"http:\/\/shihan.vihsu.com\/?post_type=product&#038;p=4308"},"modified":"2025-01-18T14:13:08","modified_gmt":"2025-01-18T06:13:08","slug":"40d-nylon-66-vai-sieu-dan-hoi","status":"publish","type":"product","link":"https:\/\/www.sikortex.com\/vi\/san-pham\/40d-nylon-66-vai-sieu-dan-hoi\/","title":{"rendered":"V\u1ea3i \u0111\u00e0n h\u1ed3i si\u00eau cao 40D Nylon 66"},"content":{"rendered":"<p><a href=\"https:\/\/www.sikortex.com\/vi\/ho-so-cong-ty\/\"><span style=\"color: #3366ff;\">SIKOR-TEX<\/span><\/a> 40D <a href=\"https:\/\/www.sikortex.com\/vi\/nha-san-xuat-vai-nylon\/\"><span style=\"color: #3366ff;\">Nylon<\/span><\/a> 66 Cavalry Twill \u2013 ch\u1ea5t li\u1ec7u c\u00f3 \u0111\u1ed9 b\u1ec1n cao v\u00e0 b\u1ec1n b\u1ec9 l\u00fd t\u01b0\u1edfng cho \u00e1o kho\u00e1c, qu\u1ea7n d\u00e0i, \u00e1o kho\u00e1c c\u00f3 \u0111\u1ec7m v\u00e0 \u00e1o kho\u00e1c l\u00f4ng v\u0169. Kh\u00e1c v\u1edbi th\u00f4ng th\u01b0\u1eddng <a href=\"https:\/\/www.sikortex.com\/vi\/nha-san-xuat-vai-nylon\/\"><span style=\"color: #3366ff;\">nylon<\/span><\/a> s\u1ee3i, s\u1ee3i ngang <a href=\"https:\/\/www.sikortex.com\/vi\/nha-san-xuat-vai-nylon\/\"><span style=\"color: #3366ff;\">nylon<\/span><\/a> 66 s\u1ee3i trong lo\u1ea1i v\u1ea3i n\u00e0y l\u00e0 s\u1ee3i \u0111\u00e0n h\u1ed3i cao, v\u00ec v\u1eady lo\u1ea1i v\u1ea3i n\u00e0y l\u00e0 v\u1ea3i \u0111\u00e0n h\u1ed3i ngang, \u0111\u1ed9 \u0111\u00e0n h\u1ed3i g\u1ea7n gi\u1ed1ng v\u1edbi v\u1ea3i spandex v\u00e0 \u0111\u1ed9 \u0111\u00e0n h\u1ed3i r\u1ea5t l\u00e2u d\u00e0i. Ki\u1ec3u d\u1ec7t ch\u00e9o k\u1ef5 binh \u0111\u1ed9c \u0111\u00e1o c\u1ee7a n\u00f3 t\u1ea1o th\u00eam s\u1ef1 th\u00fa v\u1ecb v\u1ec1 m\u1eb7t th\u1ecb gi\u00e1c v\u00e0 k\u1ebft c\u1ea5u \u0111\u1ed3ng th\u1eddi c\u0169ng mang l\u1ea1i kh\u1ea3 n\u0103ng ch\u1ed1ng m\u00e0i m\u00f2n v\u00e0 <a href=\"\/vi\/nha-cung-cap-vai-ripstop\/\"><span style=\"color: #3366ff;\">kh\u1ea3 n\u0103ng ch\u1ed1ng r\u00e1ch<\/span><\/a>. \u0110i\u1ec1u n\u00e0y l\u00e0m cho n\u00f3 tr\u1edf n\u00ean l\u00fd t\u01b0\u1edfng cho c\u00e1c ho\u1ea1t \u0111\u1ed9ng ngo\u00e0i tr\u1eddi v\u00e0 trang ph\u1ee5c th\u01b0\u1eddng ng\u00e0y.<br \/>\n\u0110\u1ed9 b\u1ec1n v\u00e0 \u0111\u1ed9 ch\u1eafc ch\u1eafn cao c\u1ee7a v\u1ea3i \u0111\u1ea3m b\u1ea3o v\u1ea3i c\u00f3 th\u1ec3 ch\u1ecbu \u0111\u01b0\u1ee3c s\u1ef1 kh\u1eafc nghi\u1ec7t c\u1ee7a vi\u1ec7c s\u1eed d\u1ee5ng ngo\u00e0i tr\u1eddi, khi\u1ebfn v\u1ea3i tr\u1edf th\u00e0nh l\u1ef1a ch\u1ecdn tuy\u1ec7t v\u1eddi cho nh\u1eefng ng\u01b0\u1eddi th\u00edch d\u00e0nh th\u1eddi gian trong thi\u00ean nhi\u00ean. V\u1edbi \u1ee9ng d\u1ee5ng \u0111a d\u1ea1ng v\u00e0 \u0111\u1eb7c t\u00ednh hi\u1ec7u su\u1ea5t cao, <a href=\"https:\/\/www.sikortex.com\/vi\/ho-so-cong-ty\/\"><span style=\"color: #3366ff;\">SIKOR-TEX<\/span><\/a> M\u1ea3nh kh\u1ea3nh <a href=\"https:\/\/www.sikortex.com\/vi\/nha-san-xuat-vai-nylon\/\"><span style=\"color: #3366ff;\">Nylon<\/span><\/a> V\u1ea3i co gi\u00e3n d\u00f2ng 6.6 l\u00e0 s\u1ea3n ph\u1ea9m kh\u00f4ng th\u1ec3 thi\u1ebfu \u0111\u1ed1i v\u1edbi b\u1ea5t k\u1ef3 ai \u0111ang t\u00ecm ki\u1ebfm lo\u1ea1i v\u1ea3i b\u1ec1n v\u00e0 \u0111\u00e1ng tin c\u1eady cho d\u1ef1 \u00e1n ti\u1ebfp theo c\u1ee7a m\u00ecnh.<\/p>","protected":false},"excerpt":{"rendered":"<p>600 m\u00e9t (\u0110\u01a1n h\u00e0ng t\u1ed1i thi\u1ec3u)<\/p>","protected":false},"featured_media":4310,"comment_status":"closed","ping_status":"closed","template":"","meta":{"_uag_custom_page_level_css":"","site-sidebar-layout":"default","site-content-layout":"default","ast-site-content-layout":"","site-content-style":"default","site-sidebar-style":"default","ast-global-header-display":"","ast-banner-title-visibility":"","ast-main-header-display":"","ast-hfb-above-header-display":"","ast-hfb-below-header-display":"","ast-hfb-mobile-header-display":"","site-post-title":"","ast-breadcrumbs-content":"","ast-featured-img":"","footer-sml-layout":"","theme-transparent-header-meta":"default","adv-header-id-meta":"","stick-header-meta":"default","header-above-stick-meta":"","header-main-stick-meta":"","header-below-stick-meta":"","astra-migrate-meta-layouts":"set","ast-page-background-enabled":"default","ast-page-background-meta":{"desktop":{"background-color":"","background-image":"","background-repeat":"repeat","background-position":"center center","background-size":"auto","background-attachment":"scroll","background-type":"","background-media":"","overlay-type":"","overlay-color":"","overlay-opacity":"","overlay-gradient":""},"tablet":{"background-color":"","background-image":"","background-repeat":"repeat","background-position":"center center","background-size":"auto","background-attachment":"scroll","background-type":"","background-media":"","overlay-type":"","overlay-color":"","overlay-opacity":"","overlay-gradient":""},"mobile":{"background-color":"","background-image":"","background-repeat":"repeat","background-position":"center center","background-size":"auto","background-attachment":"scroll","background-type":"","background-media":"","overlay-type":"","overlay-color":"","overlay-opacity":"","overlay-gradient":""}},"ast-content-background-meta":{"desktop":{"background-color":"var(--ast-global-color-5)","background-image":"","background-repeat":"repeat","background-position":"center center","background-size":"auto","background-attachment":"scroll","background-type":"","background-media":"","overlay-type":"","overlay-color":"","overlay-opacity":"","overlay-gradient":""},"tablet":{"background-color":"var(--ast-global-color-5)","background-image":"","background-repeat":"repeat","background-position":"center center","background-size":"auto","background-attachment":"scroll","background-type":"","background-media":"","overlay-type":"","overlay-color":"","overlay-opacity":"","overlay-gradient":""},"mobile":{"background-color":"var(--ast-global-color-5)","background-image":"","background-repeat":"repeat","background-position":"center center","background-size":"auto","background-attachment":"scroll","background-type":"","background-media":"","overlay-type":"","overlay-color":"","overlay-opacity":"","overlay-gradient":""}}},"product_brand":[],"product_cat":[431,428,1145,404,420],"product_tag":[],"class_list":{"0":"post-4308","1":"product","2":"type-product","3":"status-publish","4":"has-post-thumbnail","6":"product_cat-fabric-for-commuting-clothing","7":"product_cat-fabric-for-outdoor-sports","8":"product_cat-lightweight-fabric","9":"product_cat-nylon-fabrics","10":"product_cat-stretch-fabrics","11":"pa_available_colors-911052-spc","12":"desktop-align-left","13":"tablet-align-left","14":"mobile-align-left","15":"ast-product-gallery-layout-vertical-slider","16":"ast-product-tabs-layout-horizontal","18":"first","19":"instock","20":"shipping-taxable","21":"product-type-simple"},"uagb_featured_image_src":{"full":["https:\/\/www.sikortex.com\/wp-content\/uploads\/2023\/06\/O1CN01TSy2Vs2IhEwOYaSW3_2213990669317-0-cib.jpg",1024,1024,false],"thumbnail":["https:\/\/www.sikortex.com\/wp-content\/uploads\/2023\/06\/O1CN01TSy2Vs2IhEwOYaSW3_2213990669317-0-cib-150x150.jpg",150,150,true],"medium":["https:\/\/www.sikortex.com\/wp-content\/uploads\/2023\/06\/O1CN01TSy2Vs2IhEwOYaSW3_2213990669317-0-cib-300x300.jpg",300,300,true],"medium_large":["https:\/\/www.sikortex.com\/wp-content\/uploads\/2023\/06\/O1CN01TSy2Vs2IhEwOYaSW3_2213990669317-0-cib-768x768.jpg",768,768,true],"large":["https:\/\/www.sikortex.com\/wp-content\/uploads\/2023\/06\/O1CN01TSy2Vs2IhEwOYaSW3_2213990669317-0-cib.jpg",1024,1024,false],"1536x1536":["https:\/\/www.sikortex.com\/wp-content\/uploads\/2023\/06\/O1CN01TSy2Vs2IhEwOYaSW3_2213990669317-0-cib.jpg",1024,1024,false],"2048x2048":["https:\/\/www.sikortex.com\/wp-content\/uploads\/2023\/06\/O1CN01TSy2Vs2IhEwOYaSW3_2213990669317-0-cib.jpg",1024,1024,false],"trp-custom-language-flag":["https:\/\/www.sikortex.com\/wp-content\/uploads\/2023\/06\/O1CN01TSy2Vs2IhEwOYaSW3_2213990669317-0-cib.jpg",12,12,false],"woocommerce_thumbnail":["https:\/\/www.sikortex.com\/wp-content\/uploads\/2023\/06\/O1CN01TSy2Vs2IhEwOYaSW3_2213990669317-0-cib-300x300.jpg",300,300,true],"woocommerce_single":["https:\/\/www.sikortex.com\/wp-content\/uploads\/2023\/06\/O1CN01TSy2Vs2IhEwOYaSW3_2213990669317-0-cib-600x600.jpg",600,600,true],"woocommerce_gallery_thumbnail":["https:\/\/www.sikortex.com\/wp-content\/uploads\/2023\/06\/O1CN01TSy2Vs2IhEwOYaSW3_2213990669317-0-cib-100x100.jpg",100,100,true]},"uagb_author_info":{"display_name":"Perry","author_link":"https:\/\/www.sikortex.com\/vi\/author\/"},"uagb_comment_info":0,"uagb_excerpt":"600 Meters(Min.Order)","_links":{"self":[{"href":"https:\/\/www.sikortex.com\/vi\/wp-json\/wp\/v2\/product\/4308","targetHints":{"allow":["GET"]}}],"collection":[{"href":"https:\/\/www.sikortex.com\/vi\/wp-json\/wp\/v2\/product"}],"about":[{"href":"https:\/\/www.sikortex.com\/vi\/wp-json\/wp\/v2\/types\/product"}],"replies":[{"embeddable":true,"href":"https:\/\/www.sikortex.com\/vi\/wp-json\/wp\/v2\/comments?post=4308"}],"wp:featuredmedia":[{"embeddable":true,"href":"https:\/\/www.sikortex.com\/vi\/wp-json\/wp\/v2\/media\/4310"}],"wp:attachment":[{"href":"https:\/\/www.sikortex.com\/vi\/wp-json\/wp\/v2\/media?parent=4308"}],"wp:term":[{"taxonomy":"product_brand","embeddable":true,"href":"https:\/\/www.sikortex.com\/vi\/wp-json\/wp\/v2\/product_brand?post=4308"},{"taxonomy":"product_cat","embeddable":true,"href":"https:\/\/www.sikortex.com\/vi\/wp-json\/wp\/v2\/product_cat?post=4308"},{"taxonomy":"product_tag","embeddable":true,"href":"https:\/\/www.sikortex.com\/vi\/wp-json\/wp\/v2\/product_tag?post=4308"}],"curies":[{"name":"wp","href":"https:\/\/api.w.org\/{rel}","templated":true}]}}