{"id":4303,"date":"2023-06-26T16:40:12","date_gmt":"2023-06-26T08:40:12","guid":{"rendered":"http:\/\/shihan.vihsu.com\/?post_type=product&#038;p=4303"},"modified":"2024-12-31T13:55:45","modified_gmt":"2024-12-31T05:55:45","slug":"coolmax-fabric-t400-am-tham","status":"publish","type":"product","link":"https:\/\/www.sikortex.com\/vi\/san-pham\/coolmax-fabric-t400-am-tham\/","title":{"rendered":"T400 B\u00f4ng h\u00fat \u1ea9m V\u1ea3i COOLMAX V\u1ea3i co gi\u00e3n"},"content":{"rendered":"<p>V\u1ea3i Canvas SIKOR-TEX T400 Cotton th\u1ea5m \u1ea9m co gi\u00e3n COOLMAX l\u00e0 lo\u1ea1i v\u1ea3i nhanh kh\u00f4, \u0111\u01b0\u1ee3c l\u00e0m t\u1eeb polyester T400 spandex v\u00e0 cotton \u0111an xen, c\u00f3 kh\u1ea3 n\u0103ng th\u1ea5m \u1ea9m v\u00e0 co gi\u00e3n tuy\u1ec7t v\u1eddi. V\u1ea3i c\u0169ng \u0111\u1ee7 b\u1ec1n \u0111\u1ec3 ch\u1ecbu \u0111\u01b0\u1ee3c s\u1ef1 kh\u1eafc nghi\u1ec7t c\u1ee7a m\u00f4i tr\u01b0\u1eddng l\u00e0m vi\u1ec7c ngo\u00e0i tr\u1eddi.<\/p>\n<p>S\u1ef1 \u0111an xen \u0111\u1ed9c \u0111\u00e1o c\u1ee7a v\u1ea3i mang l\u1ea1i kh\u1ea3 n\u0103ng tho\u00e1ng kh\u00ed t\u1ed1i \u0111a \u0111\u1ed3ng th\u1eddi mang l\u1ea1i \u0111\u1eb7c t\u00ednh co gi\u00e3n tuy\u1ec7t v\u1eddi. Lo\u1ea1i v\u1ea3i n\u00e0y \u0111\u01b0\u1ee3c thi\u1ebft k\u1ebf \u0111\u1ec3 th\u1ea5m h\u00fat m\u1ed3 h\u00f4i v\u00e0 \u0111\u1ed9 \u1ea9m t\u1eeb c\u01a1 th\u1ec3 r\u1ed3i truy\u1ec1n l\u00ean b\u1ec1 m\u1eb7t v\u1ea3i, n\u01a1i m\u1ed3 h\u00f4i c\u00f3 th\u1ec3 bay h\u01a1i nhanh ch\u00f3ng, gi\u00fap ng\u01b0\u1eddi m\u1eb7c lu\u00f4n m\u00e1t m\u1ebb v\u00e0 kh\u00f4 r\u00e1o.<\/p>\n<p>Lo\u1ea1i v\u1ea3i n\u00e0y \u0111\u01b0\u1ee3c x\u1eed l\u00fd b\u1eb1ng quy tr\u00ecnh ho\u00e0n thi\u1ec7n v\u1ea3i d\u1ec7t COOLMAX n\u1ed5i ti\u1ebfng v\u00e0 c\u00f3 th\u1ec3 gi\u1eb7t v\u00e0 s\u1ea5y kh\u00f4 nhi\u1ec1u l\u1ea7n m\u00e0 kh\u00f4ng l\u00e0m m\u1ea5t \u0111i \u0111\u1eb7c t\u00ednh th\u1ea5m \u1ea9m c\u1ee7a n\u00f3. Lo\u1ea1i v\u1ea3i n\u00e0y c\u0169ng cung c\u1ea5p th\u1ebb treo COOLMAX \u0111\u1ec3 t\u0103ng th\u00eam gi\u00e1 tr\u1ecb cho h\u00e0ng may m\u1eb7c.<\/p>\n<p>Nh\u00ecn chung, COOLMAX Stretch Canvas l\u00e0 m\u1ed9t lo\u1ea1i v\u1ea3i linh ho\u1ea1t c\u00f3 hi\u1ec7u su\u1ea5t cao, l\u00fd t\u01b0\u1edfng cho \u0111\u1ed3ng ph\u1ee5c c\u1ea3nh s\u00e1t, trang ph\u1ee5c \u0111i l\u00e0m v\u00e0 trang ph\u1ee5c ngo\u00e0i tr\u1eddi. C\u00e1c \u0111\u1eb7c t\u00ednh \u0111\u1ed9c \u0111\u00e1o c\u1ee7a n\u00f3 l\u00e0m cho n\u00f3 tr\u1edf n\u00ean l\u00fd t\u01b0\u1edfng \u0111\u1ec3 s\u1eed d\u1ee5ng trong m\u00f4i tr\u01b0\u1eddng kh\u1eafc nghi\u1ec7t, \u0111\u1ed3ng th\u1eddi mang l\u1ea1i s\u1ef1 tho\u1ea3i m\u00e1i v\u00e0 tho\u00e1ng kh\u00ed t\u1ed1i \u0111a.<\/p>","protected":false},"excerpt":{"rendered":"<p>600 m\u00e9t (\u0110\u01a1n h\u00e0ng t\u1ed1i thi\u1ec3u)<\/p>","protected":false},"featured_media":4304,"comment_status":"closed","ping_status":"closed","template":"","meta":{"_uag_custom_page_level_css":"","site-sidebar-layout":"default","site-content-layout":"default","ast-site-content-layout":"","site-content-style":"default","site-sidebar-style":"default","ast-global-header-display":"","ast-banner-title-visibility":"","ast-main-header-display":"","ast-hfb-above-header-display":"","ast-hfb-below-header-display":"","ast-hfb-mobile-header-display":"","site-post-title":"","ast-breadcrumbs-content":"","ast-featured-img":"","footer-sml-layout":"","theme-transparent-header-meta":"default","adv-header-id-meta":"","stick-header-meta":"default","header-above-stick-meta":"","header-main-stick-meta":"","header-below-stick-meta":"","astra-migrate-meta-layouts":"default","ast-page-background-enabled":"default","ast-page-background-meta":{"desktop":{"background-color":"","background-image":"","background-repeat":"repeat","background-position":"center center","background-size":"auto","background-attachment":"scroll","background-type":"","background-media":"","overlay-type":"","overlay-color":"","overlay-opacity":"","overlay-gradient":""},"tablet":{"background-color":"","background-image":"","background-repeat":"repeat","background-position":"center center","background-size":"auto","background-attachment":"scroll","background-type":"","background-media":"","overlay-type":"","overlay-color":"","overlay-opacity":"","overlay-gradient":""},"mobile":{"background-color":"","background-image":"","background-repeat":"repeat","background-position":"center center","background-size":"auto","background-attachment":"scroll","background-type":"","background-media":"","overlay-type":"","overlay-color":"","overlay-opacity":"","overlay-gradient":""}},"ast-content-background-meta":{"desktop":{"background-color":"var(--ast-global-color-5)","background-image":"","background-repeat":"repeat","background-position":"center center","background-size":"auto","background-attachment":"scroll","background-type":"","background-media":"","overlay-type":"","overlay-color":"","overlay-opacity":"","overlay-gradient":""},"tablet":{"background-color":"var(--ast-global-color-5)","background-image":"","background-repeat":"repeat","background-position":"center center","background-size":"auto","background-attachment":"scroll","background-type":"","background-media":"","overlay-type":"","overlay-color":"","overlay-opacity":"","overlay-gradient":""},"mobile":{"background-color":"var(--ast-global-color-5)","background-image":"","background-repeat":"repeat","background-position":"center center","background-size":"auto","background-attachment":"scroll","background-type":"","background-media":"","overlay-type":"","overlay-color":"","overlay-opacity":"","overlay-gradient":""}}},"product_brand":[],"product_cat":[431,428,403,425,420],"product_tag":[],"class_list":{"0":"post-4303","1":"product","2":"type-product","3":"status-publish","4":"has-post-thumbnail","6":"product_cat-fabric-for-commuting-clothing","7":"product_cat-fabric-for-outdoor-sports","8":"product_cat-polyester-fabrics","9":"product_cat-security-emergencies-road-services","10":"product_cat-stretch-fabrics","11":"pa_available_colors-911052-spc","12":"desktop-align-left","13":"tablet-align-left","14":"mobile-align-left","15":"ast-product-gallery-layout-vertical-slider","16":"ast-product-tabs-layout-horizontal","18":"first","19":"instock","20":"shipping-taxable","21":"product-type-simple"},"uagb_featured_image_src":{"full":["https:\/\/www.sikortex.com\/wp-content\/uploads\/2023\/06\/O1CN011YQEqT1Y80Ad1ihab_2215595343013-0-cib.jpg",1024,1024,false],"thumbnail":["https:\/\/www.sikortex.com\/wp-content\/uploads\/2023\/06\/O1CN011YQEqT1Y80Ad1ihab_2215595343013-0-cib-150x150.jpg",150,150,true],"medium":["https:\/\/www.sikortex.com\/wp-content\/uploads\/2023\/06\/O1CN011YQEqT1Y80Ad1ihab_2215595343013-0-cib-300x300.jpg",300,300,true],"medium_large":["https:\/\/www.sikortex.com\/wp-content\/uploads\/2023\/06\/O1CN011YQEqT1Y80Ad1ihab_2215595343013-0-cib-768x768.jpg",768,768,true],"large":["https:\/\/www.sikortex.com\/wp-content\/uploads\/2023\/06\/O1CN011YQEqT1Y80Ad1ihab_2215595343013-0-cib.jpg",1024,1024,false],"1536x1536":["https:\/\/www.sikortex.com\/wp-content\/uploads\/2023\/06\/O1CN011YQEqT1Y80Ad1ihab_2215595343013-0-cib.jpg",1024,1024,false],"2048x2048":["https:\/\/www.sikortex.com\/wp-content\/uploads\/2023\/06\/O1CN011YQEqT1Y80Ad1ihab_2215595343013-0-cib.jpg",1024,1024,false],"trp-custom-language-flag":["https:\/\/www.sikortex.com\/wp-content\/uploads\/2023\/06\/O1CN011YQEqT1Y80Ad1ihab_2215595343013-0-cib.jpg",12,12,false],"woocommerce_thumbnail":["https:\/\/www.sikortex.com\/wp-content\/uploads\/2023\/06\/O1CN011YQEqT1Y80Ad1ihab_2215595343013-0-cib-300x300.jpg",300,300,true],"woocommerce_single":["https:\/\/www.sikortex.com\/wp-content\/uploads\/2023\/06\/O1CN011YQEqT1Y80Ad1ihab_2215595343013-0-cib-600x600.jpg",600,600,true],"woocommerce_gallery_thumbnail":["https:\/\/www.sikortex.com\/wp-content\/uploads\/2023\/06\/O1CN011YQEqT1Y80Ad1ihab_2215595343013-0-cib-100x100.jpg",100,100,true]},"uagb_author_info":{"display_name":"Perry","author_link":"https:\/\/www.sikortex.com\/vi\/author\/"},"uagb_comment_info":0,"uagb_excerpt":"600 Meters(Min.Order)","_links":{"self":[{"href":"https:\/\/www.sikortex.com\/vi\/wp-json\/wp\/v2\/product\/4303","targetHints":{"allow":["GET"]}}],"collection":[{"href":"https:\/\/www.sikortex.com\/vi\/wp-json\/wp\/v2\/product"}],"about":[{"href":"https:\/\/www.sikortex.com\/vi\/wp-json\/wp\/v2\/types\/product"}],"replies":[{"embeddable":true,"href":"https:\/\/www.sikortex.com\/vi\/wp-json\/wp\/v2\/comments?post=4303"}],"wp:featuredmedia":[{"embeddable":true,"href":"https:\/\/www.sikortex.com\/vi\/wp-json\/wp\/v2\/media\/4304"}],"wp:attachment":[{"href":"https:\/\/www.sikortex.com\/vi\/wp-json\/wp\/v2\/media?parent=4303"}],"wp:term":[{"taxonomy":"product_brand","embeddable":true,"href":"https:\/\/www.sikortex.com\/vi\/wp-json\/wp\/v2\/product_brand?post=4303"},{"taxonomy":"product_cat","embeddable":true,"href":"https:\/\/www.sikortex.com\/vi\/wp-json\/wp\/v2\/product_cat?post=4303"},{"taxonomy":"product_tag","embeddable":true,"href":"https:\/\/www.sikortex.com\/vi\/wp-json\/wp\/v2\/product_tag?post=4303"}],"curies":[{"name":"wp","href":"https:\/\/api.w.org\/{rel}","templated":true}]}}