{"id":4297,"date":"2023-06-26T16:32:38","date_gmt":"2023-06-26T08:32:38","guid":{"rendered":"http:\/\/shihan.vihsu.com\/?post_type=product&#038;p=4297"},"modified":"2023-10-10T15:15:22","modified_gmt":"2023-10-10T07:15:22","slug":"dupont-sorona-teflon-vai-2","status":"publish","type":"product","link":"https:\/\/www.sikortex.com\/vi\/san-pham\/dupont-sorona-teflon-vai-2\/","title":{"rendered":"V\u1ea3i Teflon DuPont SORONA"},"content":{"rendered":"<p>V\u1ea3i Teflon SIKOR-TEX SORONA. S\u1ee3i DuPont SORONA l\u00e0 v\u1eadt li\u1ec7u ch\u1ea5t l\u01b0\u1ee3ng cao mang \u0111\u1ebfn s\u1ef1 thay th\u1ebf b\u1ec1n v\u1eefng v\u00e0 th\u00e2n thi\u1ec7n v\u1edbi m\u00f4i tr\u01b0\u1eddng cho c\u00e1c lo\u1ea1i v\u1ea3i truy\u1ec1n th\u1ed1ng. \u0110\u01b0\u1ee3c l\u00e0m t\u1eeb s\u1ee3i Sorona\u00ae, lo\u1ea1i v\u1ea3i n\u00e0y gi\u00fap gi\u1ea3m m\u1ee9c ti\u00eau th\u1ee5 x\u0103ng d\u1ea7u v\u00e0 l\u01b0\u1ee3ng kh\u00ed th\u1ea3i carbon \u0111\u1ed3ng th\u1eddi mang l\u1ea1i \u0111\u1ed9 b\u1ec1n v\u00e0 hi\u1ec7u su\u1ea5t tuy\u1ec7t v\u1eddi.<br \/>\nLo\u1ea1i v\u1ea3i n\u00e0y c\u00f3 c\u1ea3m gi\u00e1c m\u1ec1m m\u1ea1i nh\u01b0 b\u00f4ng, s\u1ee3i ngang c\u00f3 th\u1ec3 co gi\u00e3n, ch\u1ed1ng d\u1ea7u v\u00e0 v\u1ebft b\u1ea9n, \u0111\u1ed3ng th\u1eddi c\u00f3 \u0111\u1eb7c t\u00ednh ch\u1ed1ng th\u1ea5m n\u01b0\u1edbc. Nh\u1eefng t\u00ednh n\u0103ng n\u00e0y khi\u1ebfn n\u00f3 tr\u1edf n\u00ean l\u00fd t\u01b0\u1edfng cho nhi\u1ec1u \u1ee9ng d\u1ee5ng, bao g\u1ed3m qu\u1ea7n \u00e1o n\u0103ng \u0111\u1ed9ng, qu\u1ea7n \u00e1o ngo\u00e0i tr\u1eddi v\u00e0 qu\u1ea7n \u00e1o b\u1ea3o h\u1ed9 lao \u0111\u1ed9ng.<br \/>\nNgo\u00e0i c\u00e1c \u0111\u1eb7c t\u00ednh hi\u1ec7u su\u1ea5t c\u1ee7a n\u00f3, v\u1ea3i DuPont SORONA Teflon c\u00f2n \u0111\u01b0\u1ee3c ch\u1ee9ng nh\u1eadn b\u1edfi ch\u01b0\u01a1ng tr\u00ecnh Ch\u1ee9ng nh\u1eadn ch\u1ec9 chung. Ch\u01b0\u01a1ng tr\u00ecnh n\u00e0y cung c\u1ea5p cho kh\u00e1ch h\u00e0ng th\u1ebb treo nh\u00e3n hi\u1ec7u Sorona\u00ae v\u00e0 nh\u00e3n cho s\u1ea3n ph\u1ea9m c\u1ee7a h\u1ecd, m\u1ed7i nh\u00e3n c\u00f3 m\u1ed9t m\u00e3 nh\u1eadn d\u1ea1ng duy nh\u1ea5t kh\u1edbp v\u1edbi c\u01a1 s\u1edf d\u1eef li\u1ec7u c\u1ee7a ch\u01b0\u01a1ng tr\u00ecnh.<br \/>\nCh\u1ecdn v\u1ea3i DuPont SORONA Teflon cho d\u1ef1 \u00e1n ti\u1ebfp theo c\u1ee7a b\u1ea1n v\u00e0 t\u1eadn h\u01b0\u1edfng nh\u1eefng l\u1ee3i \u00edch c\u1ee7a v\u1eadt li\u1ec7u b\u1ec1n v\u1eefng v\u00e0 hi\u1ec7u su\u1ea5t cao.<\/p>","protected":false},"excerpt":{"rendered":"<p>1200 m\u00e9t (\u0110\u01a1n h\u00e0ng t\u1ed1i thi\u1ec3u)<\/p>","protected":false},"featured_media":4298,"comment_status":"closed","ping_status":"closed","template":"","meta":{"_uag_custom_page_level_css":"","site-sidebar-layout":"default","site-content-layout":"default","ast-site-content-layout":"","site-content-style":"default","site-sidebar-style":"default","ast-global-header-display":"","ast-banner-title-visibility":"","ast-main-header-display":"","ast-hfb-above-header-display":"","ast-hfb-below-header-display":"","ast-hfb-mobile-header-display":"","site-post-title":"","ast-breadcrumbs-content":"","ast-featured-img":"","footer-sml-layout":"","theme-transparent-header-meta":"default","adv-header-id-meta":"","stick-header-meta":"default","header-above-stick-meta":"","header-main-stick-meta":"","header-below-stick-meta":"","astra-migrate-meta-layouts":"default","ast-page-background-enabled":"default","ast-page-background-meta":{"desktop":{"background-color":"","background-image":"","background-repeat":"repeat","background-position":"center center","background-size":"auto","background-attachment":"scroll","background-type":"","background-media":"","overlay-type":"","overlay-color":"","overlay-opacity":"","overlay-gradient":""},"tablet":{"background-color":"","background-image":"","background-repeat":"repeat","background-position":"center center","background-size":"auto","background-attachment":"scroll","background-type":"","background-media":"","overlay-type":"","overlay-color":"","overlay-opacity":"","overlay-gradient":""},"mobile":{"background-color":"","background-image":"","background-repeat":"repeat","background-position":"center center","background-size":"auto","background-attachment":"scroll","background-type":"","background-media":"","overlay-type":"","overlay-color":"","overlay-opacity":"","overlay-gradient":""}},"ast-content-background-meta":{"desktop":{"background-color":"var(--ast-global-color-5)","background-image":"","background-repeat":"repeat","background-position":"center center","background-size":"auto","background-attachment":"scroll","background-type":"","background-media":"","overlay-type":"","overlay-color":"","overlay-opacity":"","overlay-gradient":""},"tablet":{"background-color":"var(--ast-global-color-5)","background-image":"","background-repeat":"repeat","background-position":"center center","background-size":"auto","background-attachment":"scroll","background-type":"","background-media":"","overlay-type":"","overlay-color":"","overlay-opacity":"","overlay-gradient":""},"mobile":{"background-color":"var(--ast-global-color-5)","background-image":"","background-repeat":"repeat","background-position":"center center","background-size":"auto","background-attachment":"scroll","background-type":"","background-media":"","overlay-type":"","overlay-color":"","overlay-opacity":"","overlay-gradient":""}}},"product_brand":[],"product_cat":[431,428,429,415,403,420,414],"product_tag":[],"class_list":{"0":"post-4297","1":"product","2":"type-product","3":"status-publish","4":"has-post-thumbnail","6":"product_cat-fabric-for-commuting-clothing","7":"product_cat-fabric-for-outdoor-sports","8":"product_cat-fabric-for-sportswear","9":"product_cat-oil-repellent-fabric","10":"product_cat-polyester-fabrics","11":"product_cat-stretch-fabrics","12":"product_cat-waterproof-fabrics","13":"pa_available_colors-911052-spc","14":"desktop-align-left","15":"tablet-align-left","16":"mobile-align-left","17":"ast-product-gallery-layout-vertical-slider","18":"ast-product-tabs-layout-horizontal","20":"first","21":"instock","22":"shipping-taxable","23":"product-type-simple"},"uagb_featured_image_src":{"full":["https:\/\/www.sikortex.com\/wp-content\/uploads\/2023\/06\/O1CN01QbKDxm1px9q9NpHSS_935665426-0-cib.jpg",1024,1024,false],"thumbnail":["https:\/\/www.sikortex.com\/wp-content\/uploads\/2023\/06\/O1CN01QbKDxm1px9q9NpHSS_935665426-0-cib-150x150.jpg",150,150,true],"medium":["https:\/\/www.sikortex.com\/wp-content\/uploads\/2023\/06\/O1CN01QbKDxm1px9q9NpHSS_935665426-0-cib-300x300.jpg",300,300,true],"medium_large":["https:\/\/www.sikortex.com\/wp-content\/uploads\/2023\/06\/O1CN01QbKDxm1px9q9NpHSS_935665426-0-cib-768x768.jpg",768,768,true],"large":["https:\/\/www.sikortex.com\/wp-content\/uploads\/2023\/06\/O1CN01QbKDxm1px9q9NpHSS_935665426-0-cib.jpg",1024,1024,false],"1536x1536":["https:\/\/www.sikortex.com\/wp-content\/uploads\/2023\/06\/O1CN01QbKDxm1px9q9NpHSS_935665426-0-cib.jpg",1024,1024,false],"2048x2048":["https:\/\/www.sikortex.com\/wp-content\/uploads\/2023\/06\/O1CN01QbKDxm1px9q9NpHSS_935665426-0-cib.jpg",1024,1024,false],"trp-custom-language-flag":["https:\/\/www.sikortex.com\/wp-content\/uploads\/2023\/06\/O1CN01QbKDxm1px9q9NpHSS_935665426-0-cib.jpg",12,12,false],"woocommerce_thumbnail":["https:\/\/www.sikortex.com\/wp-content\/uploads\/2023\/06\/O1CN01QbKDxm1px9q9NpHSS_935665426-0-cib-300x300.jpg",300,300,true],"woocommerce_single":["https:\/\/www.sikortex.com\/wp-content\/uploads\/2023\/06\/O1CN01QbKDxm1px9q9NpHSS_935665426-0-cib-600x600.jpg",600,600,true],"woocommerce_gallery_thumbnail":["https:\/\/www.sikortex.com\/wp-content\/uploads\/2023\/06\/O1CN01QbKDxm1px9q9NpHSS_935665426-0-cib-100x100.jpg",100,100,true]},"uagb_author_info":{"display_name":"Perry","author_link":"https:\/\/www.sikortex.com\/vi\/author\/"},"uagb_comment_info":0,"uagb_excerpt":"1200 Meters(Min.Order)","_links":{"self":[{"href":"https:\/\/www.sikortex.com\/vi\/wp-json\/wp\/v2\/product\/4297","targetHints":{"allow":["GET"]}}],"collection":[{"href":"https:\/\/www.sikortex.com\/vi\/wp-json\/wp\/v2\/product"}],"about":[{"href":"https:\/\/www.sikortex.com\/vi\/wp-json\/wp\/v2\/types\/product"}],"replies":[{"embeddable":true,"href":"https:\/\/www.sikortex.com\/vi\/wp-json\/wp\/v2\/comments?post=4297"}],"wp:featuredmedia":[{"embeddable":true,"href":"https:\/\/www.sikortex.com\/vi\/wp-json\/wp\/v2\/media\/4298"}],"wp:attachment":[{"href":"https:\/\/www.sikortex.com\/vi\/wp-json\/wp\/v2\/media?parent=4297"}],"wp:term":[{"taxonomy":"product_brand","embeddable":true,"href":"https:\/\/www.sikortex.com\/vi\/wp-json\/wp\/v2\/product_brand?post=4297"},{"taxonomy":"product_cat","embeddable":true,"href":"https:\/\/www.sikortex.com\/vi\/wp-json\/wp\/v2\/product_cat?post=4297"},{"taxonomy":"product_tag","embeddable":true,"href":"https:\/\/www.sikortex.com\/vi\/wp-json\/wp\/v2\/product_tag?post=4297"}],"curies":[{"name":"wp","href":"https:\/\/api.w.org\/{rel}","templated":true}]}}