{"id":4296,"date":"2023-06-26T17:09:30","date_gmt":"2023-06-26T09:09:30","guid":{"rendered":"http:\/\/shihan.vihsu.com\/?post_type=product&#038;p=4296"},"modified":"2025-01-06T13:37:00","modified_gmt":"2025-01-06T05:37:00","slug":"nylon-polyester-luoi-luoi-det-vai-2","status":"publish","type":"product","link":"https:\/\/www.sikortex.com\/vi\/san-pham\/nylon-polyester-luoi-luoi-det-vai-2\/","title":{"rendered":"L\u01b0\u1edbi l\u01b0\u1edbi d\u1ec7t v\u1ea3i nylon polyester"},"content":{"rendered":"<p>V\u1ea3i polyester d\u1ec7t l\u01b0\u1edbi SIOR-TEX<\/p>\n<p>V\u1ea3i l\u01b0\u1edbi c\u00f3 \u0111\u1ed9 b\u1ec1n cao, c\u1ea5u tr\u00fac d\u1ec7t \u1ed5n \u0111\u1ecbnh v\u00e0 kh\u00f4ng b\u1ecb bi\u1ebfn d\u1ea1ng; trong c\u00e1c t\u00ecnh hu\u1ed1ng l\u00e0m vi\u1ec7c ngo\u00e0i tr\u1eddi nh\u01b0 tu\u1ea7n tra v\u00e0 c\u1ea3nh s\u00e1t c\u01b0\u1ee1i ng\u1ef1a, vi\u1ec7c l\u1ef1a ch\u1ecdn trang ph\u1ee5c th\u01b0\u1eddng c\u1ea7n c\u00e2n nh\u1eafc hai kh\u00eda c\u1ea1nh l\u00e0 s\u1ef1 tho\u1ea3i m\u00e1i v\u00e0 an to\u00e0n.<br \/>\nLo\u1ea1i v\u1ea3i \u0111\u1ed3ng ph\u1ee5c c\u1ea3nh s\u00e1t n\u00e0y \u0111\u01b0\u1ee3c l\u00e0m b\u1eb1ng v\u1ea3i d\u1ec7t d\u1ea1ng l\u01b0\u1edbi ca r\u00f4 \u0111\u1ec3 c\u00f3 kh\u1ea3 n\u0103ng tho\u00e1ng kh\u00ed v\u00e0 tho\u1ea3i m\u00e1i tuy\u1ec7t v\u1eddi, \u0111\u1ed3ng th\u1eddi thi\u1ebft k\u1ebf m\u00e0u v\u00e0ng neon gi\u00fap ng\u01b0\u1eddi m\u1eb7c d\u1ec5 nh\u00ecn h\u01a1n v\u00e0o ban \u0111\u00eam \u0111\u1ec3 t\u0103ng th\u00eam \u0111\u1ed9 an to\u00e0n.<\/p>","protected":false},"excerpt":{"rendered":"<p>600 m\u00e9t (\u0110\u01a1n h\u00e0ng t\u1ed1i thi\u1ec3u)<\/p>","protected":false},"featured_media":4331,"comment_status":"closed","ping_status":"closed","template":"","meta":{"_uag_custom_page_level_css":"","site-sidebar-layout":"default","site-content-layout":"default","ast-site-content-layout":"","site-content-style":"default","site-sidebar-style":"default","ast-global-header-display":"","ast-banner-title-visibility":"","ast-main-header-display":"","ast-hfb-above-header-display":"","ast-hfb-below-header-display":"","ast-hfb-mobile-header-display":"","site-post-title":"","ast-breadcrumbs-content":"","ast-featured-img":"","footer-sml-layout":"","theme-transparent-header-meta":"default","adv-header-id-meta":"","stick-header-meta":"default","header-above-stick-meta":"","header-main-stick-meta":"","header-below-stick-meta":"","astra-migrate-meta-layouts":"default","ast-page-background-enabled":"default","ast-page-background-meta":{"desktop":{"background-color":"","background-image":"","background-repeat":"repeat","background-position":"center center","background-size":"auto","background-attachment":"scroll","background-type":"","background-media":"","overlay-type":"","overlay-color":"","overlay-opacity":"","overlay-gradient":""},"tablet":{"background-color":"","background-image":"","background-repeat":"repeat","background-position":"center center","background-size":"auto","background-attachment":"scroll","background-type":"","background-media":"","overlay-type":"","overlay-color":"","overlay-opacity":"","overlay-gradient":""},"mobile":{"background-color":"","background-image":"","background-repeat":"repeat","background-position":"center center","background-size":"auto","background-attachment":"scroll","background-type":"","background-media":"","overlay-type":"","overlay-color":"","overlay-opacity":"","overlay-gradient":""}},"ast-content-background-meta":{"desktop":{"background-color":"var(--ast-global-color-5)","background-image":"","background-repeat":"repeat","background-position":"center center","background-size":"auto","background-attachment":"scroll","background-type":"","background-media":"","overlay-type":"","overlay-color":"","overlay-opacity":"","overlay-gradient":""},"tablet":{"background-color":"var(--ast-global-color-5)","background-image":"","background-repeat":"repeat","background-position":"center center","background-size":"auto","background-attachment":"scroll","background-type":"","background-media":"","overlay-type":"","overlay-color":"","overlay-opacity":"","overlay-gradient":""},"mobile":{"background-color":"var(--ast-global-color-5)","background-image":"","background-repeat":"repeat","background-position":"center center","background-size":"auto","background-attachment":"scroll","background-type":"","background-media":"","overlay-type":"","overlay-color":"","overlay-opacity":"","overlay-gradient":""}}},"product_brand":[],"product_cat":[1041,433],"product_tag":[],"class_list":{"0":"post-4296","1":"product","2":"type-product","3":"status-publish","4":"has-post-thumbnail","6":"product_cat-polyester-nylon","7":"product_cat-textile-for-industrial","8":"pa_available_colors-h-black","9":"desktop-align-left","10":"tablet-align-left","11":"mobile-align-left","12":"ast-product-gallery-layout-vertical-slider","13":"ast-product-tabs-layout-horizontal","15":"first","16":"instock","17":"shipping-taxable","18":"product-type-simple"},"uagb_featured_image_src":{"full":["https:\/\/www.sikortex.com\/wp-content\/uploads\/2023\/06\/O1CN01qzRMfk1zLH93cbAUW_956506697-0-cib.jpg",1024,1024,false],"thumbnail":["https:\/\/www.sikortex.com\/wp-content\/uploads\/2023\/06\/O1CN01qzRMfk1zLH93cbAUW_956506697-0-cib-150x150.jpg",150,150,true],"medium":["https:\/\/www.sikortex.com\/wp-content\/uploads\/2023\/06\/O1CN01qzRMfk1zLH93cbAUW_956506697-0-cib-300x300.jpg",300,300,true],"medium_large":["https:\/\/www.sikortex.com\/wp-content\/uploads\/2023\/06\/O1CN01qzRMfk1zLH93cbAUW_956506697-0-cib-768x768.jpg",768,768,true],"large":["https:\/\/www.sikortex.com\/wp-content\/uploads\/2023\/06\/O1CN01qzRMfk1zLH93cbAUW_956506697-0-cib.jpg",1024,1024,false],"1536x1536":["https:\/\/www.sikortex.com\/wp-content\/uploads\/2023\/06\/O1CN01qzRMfk1zLH93cbAUW_956506697-0-cib.jpg",1024,1024,false],"2048x2048":["https:\/\/www.sikortex.com\/wp-content\/uploads\/2023\/06\/O1CN01qzRMfk1zLH93cbAUW_956506697-0-cib.jpg",1024,1024,false],"trp-custom-language-flag":["https:\/\/www.sikortex.com\/wp-content\/uploads\/2023\/06\/O1CN01qzRMfk1zLH93cbAUW_956506697-0-cib.jpg",12,12,false],"woocommerce_thumbnail":["https:\/\/www.sikortex.com\/wp-content\/uploads\/2023\/06\/O1CN01qzRMfk1zLH93cbAUW_956506697-0-cib-300x300.jpg",300,300,true],"woocommerce_single":["https:\/\/www.sikortex.com\/wp-content\/uploads\/2023\/06\/O1CN01qzRMfk1zLH93cbAUW_956506697-0-cib-600x600.jpg",600,600,true],"woocommerce_gallery_thumbnail":["https:\/\/www.sikortex.com\/wp-content\/uploads\/2023\/06\/O1CN01qzRMfk1zLH93cbAUW_956506697-0-cib-100x100.jpg",100,100,true]},"uagb_author_info":{"display_name":"Perry","author_link":"https:\/\/www.sikortex.com\/vi\/author\/"},"uagb_comment_info":0,"uagb_excerpt":"600 Meters(Min.Order)","_links":{"self":[{"href":"https:\/\/www.sikortex.com\/vi\/wp-json\/wp\/v2\/product\/4296","targetHints":{"allow":["GET"]}}],"collection":[{"href":"https:\/\/www.sikortex.com\/vi\/wp-json\/wp\/v2\/product"}],"about":[{"href":"https:\/\/www.sikortex.com\/vi\/wp-json\/wp\/v2\/types\/product"}],"replies":[{"embeddable":true,"href":"https:\/\/www.sikortex.com\/vi\/wp-json\/wp\/v2\/comments?post=4296"}],"wp:featuredmedia":[{"embeddable":true,"href":"https:\/\/www.sikortex.com\/vi\/wp-json\/wp\/v2\/media\/4331"}],"wp:attachment":[{"href":"https:\/\/www.sikortex.com\/vi\/wp-json\/wp\/v2\/media?parent=4296"}],"wp:term":[{"taxonomy":"product_brand","embeddable":true,"href":"https:\/\/www.sikortex.com\/vi\/wp-json\/wp\/v2\/product_brand?post=4296"},{"taxonomy":"product_cat","embeddable":true,"href":"https:\/\/www.sikortex.com\/vi\/wp-json\/wp\/v2\/product_cat?post=4296"},{"taxonomy":"product_tag","embeddable":true,"href":"https:\/\/www.sikortex.com\/vi\/wp-json\/wp\/v2\/product_tag?post=4296"}],"curies":[{"name":"wp","href":"https:\/\/api.w.org\/{rel}","templated":true}]}}