{"id":4276,"date":"2023-06-26T16:00:12","date_gmt":"2023-06-26T08:00:12","guid":{"rendered":"http:\/\/shihan.vihsu.com\/?post_type=product&#038;p=4276"},"modified":"2025-02-17T17:44:13","modified_gmt":"2025-02-17T09:44:13","slug":"vai-polyester-cationic-jacquard-nguy-trang-oxford-vai","status":"publish","type":"product","link":"https:\/\/www.sikortex.com\/vi\/san-pham\/vai-polyester-cationic-jacquard-nguy-trang-oxford-vai\/","title":{"rendered":"V\u1ea3i Polyester Oxford Cationic Jacquard Ng\u1ee5y trang"},"content":{"rendered":"<h6>SIKOR-TEX <span style=\"color: #3366ff;\"><a style=\"color: #3366ff;\" href=\"https:\/\/www.sikortex.com\/vi\/vai-nylon-bong-vai-ripstop-ao-gio-vai-5\/\">V\u1ea3i Oxford<\/a><\/span> nh\u00e0 ch\u1ebf t\u1ea1o<\/h6>\n<p>V\u1ea3i Polyester Oxford l\u00e0 ch\u1ea5t li\u1ec7u cao c\u1ea5p, ho\u00e0n h\u1ea3o \u0111\u1ec3 l\u00e0m t\u00fai x\u00e1ch, ba l\u00f4, l\u1ec1u v\u00e0 \u00f4. V\u1ea3i \u0111\u01b0\u1ee3c l\u00e0m t\u1eeb s\u1ee3i polyester cation, c\u1ea7n thu\u1ed1c nhu\u1ed9m cation \u0111\u1ec3 t\u1ea1o m\u00e0u. \u0110i\u1ec1u n\u00e0y c\u00f3 ngh\u0129a l\u00e0 v\u1ea3i c\u00f3 th\u1ec3 hi\u1ec3n th\u1ecb hai m\u00e0u kh\u00e1c nhau khi \u0111an xen v\u1edbi s\u1ee3i polyester th\u00f4ng th\u01b0\u1eddng, t\u1ea1o ra h\u1ecda ti\u1ebft \u0111\u1ed9c \u0111\u00e1o v\u00e0 th\u00fa v\u1ecb.<br \/>\nM\u1eabu ng\u1ee5y trang c\u1ee7a V\u1ea3i Polyester Oxford r\u1ea5t r\u00f5 r\u00e0ng v\u00e0 b\u1eaft m\u1eaft, l\u00fd t\u01b0\u1edfng \u0111\u1ec3 t\u1ea1o ra nh\u1eefng chi\u1ebfc t\u00fai v\u00e0 ba l\u00f4 th\u1eddi trang v\u00e0 ti\u1ec7n d\u1ee5ng. \u0110\u1ed9 b\u1ec1n v\u00e0 t\u00ednh ch\u1ea5t kh\u00f4ng th\u1ea5m n\u01b0\u1edbc c\u1ee7a n\u00f3 c\u0169ng l\u00e0m cho n\u00f3 tr\u1edf th\u00e0nh s\u1ef1 l\u1ef1a ch\u1ecdn tuy\u1ec7t v\u1eddi \u0111\u1ec3 l\u00e0m l\u1ec1u v\u00e0 \u00f4, gi\u00fap b\u1ea3o v\u1ec7 kh\u1ecfi c\u00e1c y\u1ebfu t\u1ed1 trong m\u00f4i tr\u01b0\u1eddng ngo\u00e0i tr\u1eddi kh\u1eafc nghi\u1ec7t.<br \/>\nNgo\u00e0i vi\u1ec7c s\u1eed d\u1ee5ng trong c\u00e1c thi\u1ebft b\u1ecb ngo\u00e0i tr\u1eddi, V\u1ea3i Oxford Oxford Cationic Jacquard Camouflage c\u00f2n c\u00f3 th\u1ec3 \u0111\u01b0\u1ee3c s\u1eed d\u1ee5ng l\u00e0m ch\u1ea5t li\u1ec7u l\u00f3t cho t\u00fai x\u00e1ch v\u00e0 ba l\u00f4, t\u0103ng th\u00eam phong c\u00e1ch v\u00e0 \u0111\u1ed9 b\u1ec1n cho n\u1ed9i th\u1ea5t c\u1ee7a nh\u1eefng m\u00f3n \u0111\u1ed3 n\u00e0y.<\/p>\n<p>&nbsp;<\/p>","protected":false},"excerpt":{"rendered":"<p>1000 m\u00e9t (\u0110\u01a1n h\u00e0ng t\u1ed1i thi\u1ec3u)<\/p>","protected":false},"featured_media":4278,"comment_status":"closed","ping_status":"closed","template":"","meta":{"_uag_custom_page_level_css":"","site-sidebar-layout":"default","site-content-layout":"default","ast-site-content-layout":"","site-content-style":"default","site-sidebar-style":"default","ast-global-header-display":"","ast-banner-title-visibility":"","ast-main-header-display":"","ast-hfb-above-header-display":"","ast-hfb-below-header-display":"","ast-hfb-mobile-header-display":"","site-post-title":"","ast-breadcrumbs-content":"","ast-featured-img":"","footer-sml-layout":"","theme-transparent-header-meta":"default","adv-header-id-meta":"","stick-header-meta":"default","header-above-stick-meta":"","header-main-stick-meta":"","header-below-stick-meta":"","astra-migrate-meta-layouts":"default","ast-page-background-enabled":"default","ast-page-background-meta":{"desktop":{"background-color":"","background-image":"","background-repeat":"repeat","background-position":"center center","background-size":"auto","background-attachment":"scroll","background-type":"","background-media":"","overlay-type":"","overlay-color":"","overlay-opacity":"","overlay-gradient":""},"tablet":{"background-color":"","background-image":"","background-repeat":"repeat","background-position":"center center","background-size":"auto","background-attachment":"scroll","background-type":"","background-media":"","overlay-type":"","overlay-color":"","overlay-opacity":"","overlay-gradient":""},"mobile":{"background-color":"","background-image":"","background-repeat":"repeat","background-position":"center center","background-size":"auto","background-attachment":"scroll","background-type":"","background-media":"","overlay-type":"","overlay-color":"","overlay-opacity":"","overlay-gradient":""}},"ast-content-background-meta":{"desktop":{"background-color":"var(--ast-global-color-5)","background-image":"","background-repeat":"repeat","background-position":"center center","background-size":"auto","background-attachment":"scroll","background-type":"","background-media":"","overlay-type":"","overlay-color":"","overlay-opacity":"","overlay-gradient":""},"tablet":{"background-color":"var(--ast-global-color-5)","background-image":"","background-repeat":"repeat","background-position":"center center","background-size":"auto","background-attachment":"scroll","background-type":"","background-media":"","overlay-type":"","overlay-color":"","overlay-opacity":"","overlay-gradient":""},"mobile":{"background-color":"var(--ast-global-color-5)","background-image":"","background-repeat":"repeat","background-position":"center center","background-size":"auto","background-attachment":"scroll","background-type":"","background-media":"","overlay-type":"","overlay-color":"","overlay-opacity":"","overlay-gradient":""}}},"product_brand":[],"product_cat":[1206,1184,403,433],"product_tag":[],"class_list":{"0":"post-4276","1":"product","2":"type-product","3":"status-publish","4":"has-post-thumbnail","6":"product_cat-fabric-for-bag","7":"product_cat-oxford-fabric","8":"product_cat-polyester-fabrics","9":"product_cat-textile-for-industrial","10":"pa_available_colors-1526-32","11":"pa_available_colors-1526-38","12":"pa_available_colors-8236-4","13":"desktop-align-left","14":"tablet-align-left","15":"mobile-align-left","16":"ast-product-gallery-layout-vertical-slider","17":"ast-product-tabs-layout-horizontal","19":"first","20":"instock","21":"shipping-taxable","22":"product-type-simple"},"uagb_featured_image_src":{"full":["https:\/\/www.sikortex.com\/wp-content\/uploads\/2023\/06\/O1CN01ahGIoc1ibRl3Cu9qc_3942774431-0-cib.jpg",1024,1024,false],"thumbnail":["https:\/\/www.sikortex.com\/wp-content\/uploads\/2023\/06\/O1CN01ahGIoc1ibRl3Cu9qc_3942774431-0-cib-150x150.jpg",150,150,true],"medium":["https:\/\/www.sikortex.com\/wp-content\/uploads\/2023\/06\/O1CN01ahGIoc1ibRl3Cu9qc_3942774431-0-cib-300x300.jpg",300,300,true],"medium_large":["https:\/\/www.sikortex.com\/wp-content\/uploads\/2023\/06\/O1CN01ahGIoc1ibRl3Cu9qc_3942774431-0-cib-768x768.jpg",768,768,true],"large":["https:\/\/www.sikortex.com\/wp-content\/uploads\/2023\/06\/O1CN01ahGIoc1ibRl3Cu9qc_3942774431-0-cib.jpg",1024,1024,false],"1536x1536":["https:\/\/www.sikortex.com\/wp-content\/uploads\/2023\/06\/O1CN01ahGIoc1ibRl3Cu9qc_3942774431-0-cib.jpg",1024,1024,false],"2048x2048":["https:\/\/www.sikortex.com\/wp-content\/uploads\/2023\/06\/O1CN01ahGIoc1ibRl3Cu9qc_3942774431-0-cib.jpg",1024,1024,false],"trp-custom-language-flag":["https:\/\/www.sikortex.com\/wp-content\/uploads\/2023\/06\/O1CN01ahGIoc1ibRl3Cu9qc_3942774431-0-cib.jpg",12,12,false],"woocommerce_thumbnail":["https:\/\/www.sikortex.com\/wp-content\/uploads\/2023\/06\/O1CN01ahGIoc1ibRl3Cu9qc_3942774431-0-cib-300x300.jpg",300,300,true],"woocommerce_single":["https:\/\/www.sikortex.com\/wp-content\/uploads\/2023\/06\/O1CN01ahGIoc1ibRl3Cu9qc_3942774431-0-cib-600x600.jpg",600,600,true],"woocommerce_gallery_thumbnail":["https:\/\/www.sikortex.com\/wp-content\/uploads\/2023\/06\/O1CN01ahGIoc1ibRl3Cu9qc_3942774431-0-cib-100x100.jpg",100,100,true]},"uagb_author_info":{"display_name":"Perry","author_link":"https:\/\/www.sikortex.com\/vi\/author\/"},"uagb_comment_info":0,"uagb_excerpt":"1000 Meters(Min.Order)","_links":{"self":[{"href":"https:\/\/www.sikortex.com\/vi\/wp-json\/wp\/v2\/product\/4276","targetHints":{"allow":["GET"]}}],"collection":[{"href":"https:\/\/www.sikortex.com\/vi\/wp-json\/wp\/v2\/product"}],"about":[{"href":"https:\/\/www.sikortex.com\/vi\/wp-json\/wp\/v2\/types\/product"}],"replies":[{"embeddable":true,"href":"https:\/\/www.sikortex.com\/vi\/wp-json\/wp\/v2\/comments?post=4276"}],"wp:featuredmedia":[{"embeddable":true,"href":"https:\/\/www.sikortex.com\/vi\/wp-json\/wp\/v2\/media\/4278"}],"wp:attachment":[{"href":"https:\/\/www.sikortex.com\/vi\/wp-json\/wp\/v2\/media?parent=4276"}],"wp:term":[{"taxonomy":"product_brand","embeddable":true,"href":"https:\/\/www.sikortex.com\/vi\/wp-json\/wp\/v2\/product_brand?post=4276"},{"taxonomy":"product_cat","embeddable":true,"href":"https:\/\/www.sikortex.com\/vi\/wp-json\/wp\/v2\/product_cat?post=4276"},{"taxonomy":"product_tag","embeddable":true,"href":"https:\/\/www.sikortex.com\/vi\/wp-json\/wp\/v2\/product_tag?post=4276"}],"curies":[{"name":"wp","href":"https:\/\/api.w.org\/{rel}","templated":true}]}}