{"id":4242,"date":"2023-06-26T15:32:21","date_gmt":"2023-06-26T07:32:21","guid":{"rendered":"http:\/\/shihan.vihsu.com\/?post_type=product&#038;p=4242"},"modified":"2025-02-24T13:36:14","modified_gmt":"2025-02-24T05:36:14","slug":"polyester-900d-ky-thuat-so-nguy-trang-vai-lop-phu-pvc","status":"publish","type":"product","link":"https:\/\/www.sikortex.com\/vi\/san-pham\/polyester-900d-ky-thuat-so-nguy-trang-vai-lop-phu-pvc\/","title":{"rendered":"V\u1ea3i Oxford Oxford ng\u1ee5y trang k\u1ef9 thu\u1eadt s\u1ed1 Polyester 900D"},"content":{"rendered":"<h6>SIKOR-TEX <span style=\"color: #3366ff;\"><a style=\"color: #3366ff;\" href=\"https:\/\/www.sikortex.com\/vi\/vai-nylon-bong-vai-ripstop-ao-gio-vai-5\/\">V\u1ea3i Oxford<\/a><\/span> nh\u00e0 ch\u1ebf t\u1ea1o<\/h6>\n<p><a href=\"https:\/\/www.sikortex.com\/vi\/ho-so-cong-ty\/\"><span style=\"color: #3366ff;\">SIKOR-TEX<\/span><\/a> V\u1ea3i Oxford PVC ng\u1ee5y trang k\u1ef9 thu\u1eadt s\u1ed1 Polyester 900D l\u00e0 lo\u1ea1i v\u1ea3i ch\u1ea5t l\u01b0\u1ee3ng cao, l\u00fd t\u01b0\u1edfng \u0111\u1ec3 s\u1eed d\u1ee5ng trong nhi\u1ec1u \u1ee9ng d\u1ee5ng ngo\u00e0i tr\u1eddi v\u00e0 qu\u00e2n s\u1ef1. V\u1edbi c\u1ea5u tr\u00fac b\u1ec1n ch\u1eafc v\u00e0 l\u1edbp ph\u1ee7 PVC, lo\u1ea1i v\u1ea3i n\u00e0y c\u00f3 th\u1ec3 ch\u1ecbu \u0111\u01b0\u1ee3c s\u1ef1 kh\u1eafc nghi\u1ec7t khi s\u1eed d\u1ee5ng ngo\u00e0i tr\u1eddi, khi\u1ebfn n\u00f3 tr\u1edf n\u00ean ho\u00e0n h\u1ea3o \u0111\u1ec3 s\u1eed d\u1ee5ng trong t\u00fai x\u00e1ch, m\u00e1i hi\u00ean, l\u1ec1u, gi\u00e0y d\u00e9p v\u00e0 c\u00e1c thi\u1ebft b\u1ecb ngo\u00e0i tr\u1eddi kh\u00e1c.<br \/>\nM\u1ed9t trong nh\u1eefng t\u00ednh n\u0103ng ch\u00ednh c\u1ee7a lo\u1ea1i v\u1ea3i n\u00e0y l\u00e0 hoa v\u0103n ng\u1ee5y trang k\u1ef9 thu\u1eadt s\u1ed1, mang l\u1ea1i kh\u1ea3 n\u0103ng ng\u1ee5y trang tuy\u1ec7t v\u1eddi trong m\u00f4i tr\u01b0\u1eddng ngo\u00e0i tr\u1eddi. \u0110i\u1ec1u n\u00e0y l\u00e0m cho n\u00f3 tr\u1edf th\u00e0nh l\u1ef1a ch\u1ecdn l\u00fd t\u01b0\u1edfng \u0111\u1ec3 s\u1eed d\u1ee5ng trong qu\u1ea7n \u00e1o v\u00e0 thi\u1ebft b\u1ecb qu\u00e2n s\u1ef1, c\u0169ng nh\u01b0 d\u1ee5ng c\u1ee5 s\u0103n b\u1eafn v\u00e0 c\u00e1c \u1ee9ng d\u1ee5ng ngo\u00e0i tr\u1eddi kh\u00e1c.<br \/>\nNgo\u00e0i \u0111\u1ed9 b\u1ec1n v\u00e0 \u0111\u1eb7c t\u00ednh ng\u1ee5y trang, V\u1ea3i ng\u1ee5y trang k\u1ef9 thu\u1eadt s\u1ed1 Polyester c\u00f2n c\u00f3 kh\u1ea3 n\u0103ng ch\u1ed1ng th\u1ea5m n\u01b0\u1edbc v\u00e0 ch\u1ed1ng l\u1ea1i c\u00e1c y\u1ebfu t\u1ed1. \u0110i\u1ec1u n\u00e0y \u0111\u1ea3m b\u1ea3o r\u1eb1ng thi\u1ebft b\u1ecb c\u1ee7a b\u1ea1n lu\u00f4n kh\u00f4 r\u00e1o v\u00e0 \u0111\u01b0\u1ee3c b\u1ea3o v\u1ec7 trong \u0111i\u1ec1u ki\u1ec7n \u1ea9m \u01b0\u1edbt.<\/p>","protected":false},"excerpt":{"rendered":"<p>600 m\u00e9t (\u0110\u01a1n h\u00e0ng t\u1ed1i thi\u1ec3u)<\/p>","protected":false},"featured_media":4259,"comment_status":"closed","ping_status":"closed","template":"","meta":{"_uag_custom_page_level_css":"","site-sidebar-layout":"default","site-content-layout":"default","ast-site-content-layout":"default","site-content-style":"default","site-sidebar-style":"default","ast-global-header-display":"","ast-banner-title-visibility":"","ast-main-header-display":"","ast-hfb-above-header-display":"","ast-hfb-below-header-display":"","ast-hfb-mobile-header-display":"","site-post-title":"","ast-breadcrumbs-content":"","ast-featured-img":"","footer-sml-layout":"","theme-transparent-header-meta":"default","adv-header-id-meta":"","stick-header-meta":"default","header-above-stick-meta":"","header-main-stick-meta":"","header-below-stick-meta":"","astra-migrate-meta-layouts":"set","ast-page-background-enabled":"default","ast-page-background-meta":{"desktop":{"background-color":"","background-image":"","background-repeat":"repeat","background-position":"center center","background-size":"auto","background-attachment":"scroll","background-type":"","background-media":"","overlay-type":"","overlay-color":"","overlay-opacity":"","overlay-gradient":""},"tablet":{"background-color":"","background-image":"","background-repeat":"repeat","background-position":"center center","background-size":"auto","background-attachment":"scroll","background-type":"","background-media":"","overlay-type":"","overlay-color":"","overlay-opacity":"","overlay-gradient":""},"mobile":{"background-color":"","background-image":"","background-repeat":"repeat","background-position":"center center","background-size":"auto","background-attachment":"scroll","background-type":"","background-media":"","overlay-type":"","overlay-color":"","overlay-opacity":"","overlay-gradient":""}},"ast-content-background-meta":{"desktop":{"background-color":"var(--ast-global-color-5)","background-image":"","background-repeat":"repeat","background-position":"center center","background-size":"auto","background-attachment":"scroll","background-type":"","background-media":"","overlay-type":"","overlay-color":"","overlay-opacity":"","overlay-gradient":""},"tablet":{"background-color":"var(--ast-global-color-5)","background-image":"","background-repeat":"repeat","background-position":"center center","background-size":"auto","background-attachment":"scroll","background-type":"","background-media":"","overlay-type":"","overlay-color":"","overlay-opacity":"","overlay-gradient":""},"mobile":{"background-color":"var(--ast-global-color-5)","background-image":"","background-repeat":"repeat","background-position":"center center","background-size":"auto","background-attachment":"scroll","background-type":"","background-media":"","overlay-type":"","overlay-color":"","overlay-opacity":"","overlay-gradient":""}}},"product_brand":[],"product_cat":[1206,432,1184,403,433,414],"product_tag":[],"class_list":{"0":"post-4242","1":"product","2":"type-product","3":"status-publish","4":"has-post-thumbnail","6":"product_cat-fabric-for-bag","7":"product_cat-fabric-for-tent","8":"product_cat-oxford-fabric","9":"product_cat-polyester-fabrics","10":"product_cat-textile-for-industrial","11":"product_cat-waterproof-fabrics","12":"pa_available_colors-911052-spc","13":"desktop-align-left","14":"tablet-align-left","15":"mobile-align-left","16":"ast-product-gallery-layout-vertical-slider","17":"ast-product-tabs-layout-horizontal","19":"first","20":"instock","21":"shipping-taxable","22":"product-type-simple"},"uagb_featured_image_src":{"full":["https:\/\/www.sikortex.com\/wp-content\/uploads\/2023\/06\/1024.jpg",1024,1024,false],"thumbnail":["https:\/\/www.sikortex.com\/wp-content\/uploads\/2023\/06\/1024-150x150.jpg",150,150,true],"medium":["https:\/\/www.sikortex.com\/wp-content\/uploads\/2023\/06\/1024-300x300.jpg",300,300,true],"medium_large":["https:\/\/www.sikortex.com\/wp-content\/uploads\/2023\/06\/1024-768x768.jpg",768,768,true],"large":["https:\/\/www.sikortex.com\/wp-content\/uploads\/2023\/06\/1024.jpg",1024,1024,false],"1536x1536":["https:\/\/www.sikortex.com\/wp-content\/uploads\/2023\/06\/1024.jpg",1024,1024,false],"2048x2048":["https:\/\/www.sikortex.com\/wp-content\/uploads\/2023\/06\/1024.jpg",1024,1024,false],"trp-custom-language-flag":["https:\/\/www.sikortex.com\/wp-content\/uploads\/2023\/06\/1024.jpg",12,12,false],"woocommerce_thumbnail":["https:\/\/www.sikortex.com\/wp-content\/uploads\/2023\/06\/1024-300x300.jpg",300,300,true],"woocommerce_single":["https:\/\/www.sikortex.com\/wp-content\/uploads\/2023\/06\/1024-600x600.jpg",600,600,true],"woocommerce_gallery_thumbnail":["https:\/\/www.sikortex.com\/wp-content\/uploads\/2023\/06\/1024-100x100.jpg",100,100,true]},"uagb_author_info":{"display_name":"Perry","author_link":"https:\/\/www.sikortex.com\/vi\/author\/"},"uagb_comment_info":0,"uagb_excerpt":"600 Meters(Min.Order)","_links":{"self":[{"href":"https:\/\/www.sikortex.com\/vi\/wp-json\/wp\/v2\/product\/4242","targetHints":{"allow":["GET"]}}],"collection":[{"href":"https:\/\/www.sikortex.com\/vi\/wp-json\/wp\/v2\/product"}],"about":[{"href":"https:\/\/www.sikortex.com\/vi\/wp-json\/wp\/v2\/types\/product"}],"replies":[{"embeddable":true,"href":"https:\/\/www.sikortex.com\/vi\/wp-json\/wp\/v2\/comments?post=4242"}],"wp:featuredmedia":[{"embeddable":true,"href":"https:\/\/www.sikortex.com\/vi\/wp-json\/wp\/v2\/media\/4259"}],"wp:attachment":[{"href":"https:\/\/www.sikortex.com\/vi\/wp-json\/wp\/v2\/media?parent=4242"}],"wp:term":[{"taxonomy":"product_brand","embeddable":true,"href":"https:\/\/www.sikortex.com\/vi\/wp-json\/wp\/v2\/product_brand?post=4242"},{"taxonomy":"product_cat","embeddable":true,"href":"https:\/\/www.sikortex.com\/vi\/wp-json\/wp\/v2\/product_cat?post=4242"},{"taxonomy":"product_tag","embeddable":true,"href":"https:\/\/www.sikortex.com\/vi\/wp-json\/wp\/v2\/product_tag?post=4242"}],"curies":[{"name":"wp","href":"https:\/\/api.w.org\/{rel}","templated":true}]}}