{"id":4236,"date":"2023-06-26T15:03:46","date_gmt":"2023-06-26T07:03:46","guid":{"rendered":"http:\/\/shihan.vihsu.com\/?post_type=product&#038;p=4236"},"modified":"2025-02-24T12:33:22","modified_gmt":"2025-02-24T04:33:22","slug":"600d-xoan-jacquard-polyester-oxford-vai","status":"publish","type":"product","link":"https:\/\/www.sikortex.com\/vi\/san-pham\/600d-xoan-jacquard-polyester-oxford-vai\/","title":{"rendered":"V\u1ea3i Jacquard Polyester Oxford 600D xo\u1eafn"},"content":{"rendered":"<p>Nh\u00e0 s\u1ea3n xu\u1ea5t v\u1ea3i hi\u1ec7u su\u1ea5t SIKOR-TEX<\/p>\n<p><span style=\"color: #3366ff;\"><a style=\"color: #3366ff;\" href=\"https:\/\/www.sikortex.com\/vi\/ho-so-cong-ty\/\">SIKOR-TEX<\/a><\/span> Polyester Jacquard xo\u1eafn <a href=\"https:\/\/www.sikortex.com\/vi\/vai-nylon-bong-vai-ripstop-ao-gio-vai-5\/\"><span style=\"color: #3366ff;\">Oxford<\/span><\/a> V\u1ea3i 600D l\u00e0 lo\u1ea1i v\u1ea3i ch\u1ea5t l\u01b0\u1ee3ng cao, b\u1ec1n ch\u1eafc, <a href=\"https:\/\/www.sikortex.com\/vi\/vai-thoang-khi-khong-tham-nuoc\/\"><span style=\"color: #3366ff;\">kh\u00f4ng th\u1ea5m n\u01b0\u1edbc v\u00e0 tho\u00e1ng kh\u00ed<\/span><\/a>. Th\u00edch h\u1ee3p s\u1eed d\u1ee5ng trong c\u00e1c l\u0129nh v\u1ef1c nh\u01b0 qu\u1ea7n \u00e1o xe m\u00e1y, \u0111\u1ed3ng ph\u1ee5c c\u1ea3nh s\u00e1t v\u00e0 qu\u1ea7n \u00e1o b\u1ea3o h\u1ed9 lao \u0111\u1ed9ng ngo\u00e0i tr\u1eddi.<\/p>\n<p>S\u1ee3i xo\u1eafn l\u00e0m t\u0103ng s\u1ef1 g\u1eafn k\u1ebft gi\u1eefa c\u00e1c s\u1ee3i, c\u1ea3i thi\u1ec7n kh\u1ea3 n\u0103ng ch\u1ed1ng m\u00e0i m\u00f2n. \u0110\u1ed3ng th\u1eddi, b\u1ec1 m\u1eb7t v\u1ea3i c\u00f3 \u0111\u1ed9 b\u00f3ng m\u1ec1m m\u1ea1i, mang l\u1ea1i n\u00e9t trang nh\u00e3.<\/p>\n<p>\u0110\u1ed1i v\u1edbi qu\u1ea7n \u00e1o xe m\u00e1y v\u00e0 <a href=\"https:\/\/www.sikortex.com\/vi\/quan-vai-ripstop-vai\/\"><span style=\"color: #3366ff;\">\u0111\u1ed3ng ph\u1ee5c c\u1ea3nh s\u00e1t<\/span><\/a>, \u0111\u1ed9 b\u1ec1n v\u00e0 t\u00ednh ch\u1ea5t ch\u1ed1ng th\u1ea5m n\u01b0\u1edbc c\u1ee7a v\u1ea3i l\u00e0 r\u1ea5t c\u1ea7n thi\u1ebft. Nh\u1eefng lo\u1ea1i qu\u1ea7n \u00e1o n\u00e0y \u0111\u00f2i h\u1ecfi v\u1eadt li\u1ec7u c\u00f3 th\u1ec3 ch\u1ecbu \u0111\u01b0\u1ee3c nhi\u1ec1u th\u00e1ch th\u1ee9c v\u1ec1 m\u00f4i tr\u01b0\u1eddng v\u00e0 v\u1eadt l\u00fd, \u0111\u1ed3ng th\u1eddi c\u0169ng ch\u1ed1ng th\u1ea5m n\u01b0\u1edbc v\u00e0 gi\u00f3.<\/p>\n<p>Trong l\u0129nh v\u1ef1c ngo\u00e0i tr\u1eddi <a href=\"https:\/\/www.sikortex.com\/vi\/tap-chi\/quan-ao-bao-ho-lao-dong-2\/\"><span style=\"color: #3366ff;\">qu\u1ea7n \u00e1o b\u1ea3o h\u1ed9 lao \u0111\u1ed9ng<\/span><\/a>V\u1ea3i Polyester 600D Twisted Jacquard Oxford c\u0169ng l\u00e0 m\u1ed9t v\u1eadt li\u1ec7u l\u00fd t\u01b0\u1edfng. Qu\u1ea7n \u00e1o b\u1ea3o h\u1ed9 lao \u0111\u1ed9ng ngo\u00e0i tr\u1eddi c\u1ea7n ph\u1ea3i b\u1ec1n, ch\u1ed1ng th\u1ea5m n\u01b0\u1edbc v\u00e0 tho\u00e1ng kh\u00ed \u0111\u1ec3 b\u1ea3o v\u1ec7 s\u1ef1 an to\u00e0n v\u00e0 s\u1ee9c kh\u1ecfe c\u1ee7a ng\u01b0\u1eddi lao \u0111\u1ed9ng. Ngo\u00e0i ra, v\u1eadt li\u1ec7u n\u00e0y c\u00f3 th\u1ec3 \u0111\u01b0\u1ee3c ph\u1ee7 m\u1ed9t l\u1edbp \u0111\u1ec3 t\u0103ng t\u00ednh ch\u1ed1ng th\u1ea5m n\u01b0\u1edbc v\u00e0 \u0111\u1ed9 b\u1ec1n d\u1ef1a tr\u00ean c\u00e1c y\u00eau c\u1ea7u c\u1ee5 th\u1ec3.<\/p>\n<p>&nbsp;<\/p>","protected":false},"excerpt":{"rendered":"<p>600 m\u00e9t (\u0110\u01a1n h\u00e0ng t\u1ed1i thi\u1ec3u)<\/p>","protected":false},"featured_media":4250,"comment_status":"closed","ping_status":"closed","template":"","meta":{"_uag_custom_page_level_css":"","site-sidebar-layout":"default","site-content-layout":"default","ast-site-content-layout":"default","site-content-style":"default","site-sidebar-style":"default","ast-global-header-display":"","ast-banner-title-visibility":"","ast-main-header-display":"","ast-hfb-above-header-display":"","ast-hfb-below-header-display":"","ast-hfb-mobile-header-display":"","site-post-title":"","ast-breadcrumbs-content":"","ast-featured-img":"","footer-sml-layout":"","theme-transparent-header-meta":"default","adv-header-id-meta":"","stick-header-meta":"default","header-above-stick-meta":"","header-main-stick-meta":"","header-below-stick-meta":"","astra-migrate-meta-layouts":"set","ast-page-background-enabled":"default","ast-page-background-meta":{"desktop":{"background-color":"","background-image":"","background-repeat":"repeat","background-position":"center center","background-size":"auto","background-attachment":"scroll","background-type":"","background-media":"","overlay-type":"","overlay-color":"","overlay-opacity":"","overlay-gradient":""},"tablet":{"background-color":"","background-image":"","background-repeat":"repeat","background-position":"center center","background-size":"auto","background-attachment":"scroll","background-type":"","background-media":"","overlay-type":"","overlay-color":"","overlay-opacity":"","overlay-gradient":""},"mobile":{"background-color":"","background-image":"","background-repeat":"repeat","background-position":"center center","background-size":"auto","background-attachment":"scroll","background-type":"","background-media":"","overlay-type":"","overlay-color":"","overlay-opacity":"","overlay-gradient":""}},"ast-content-background-meta":{"desktop":{"background-color":"var(--ast-global-color-5)","background-image":"","background-repeat":"repeat","background-position":"center center","background-size":"auto","background-attachment":"scroll","background-type":"","background-media":"","overlay-type":"","overlay-color":"","overlay-opacity":"","overlay-gradient":""},"tablet":{"background-color":"var(--ast-global-color-5)","background-image":"","background-repeat":"repeat","background-position":"center center","background-size":"auto","background-attachment":"scroll","background-type":"","background-media":"","overlay-type":"","overlay-color":"","overlay-opacity":"","overlay-gradient":""},"mobile":{"background-color":"var(--ast-global-color-5)","background-image":"","background-repeat":"repeat","background-position":"center center","background-size":"auto","background-attachment":"scroll","background-type":"","background-media":"","overlay-type":"","overlay-color":"","overlay-opacity":"","overlay-gradient":""}}},"product_brand":[],"product_cat":[1206,432,1184,403,433,414],"product_tag":[],"class_list":{"0":"post-4236","1":"product","2":"type-product","3":"status-publish","4":"has-post-thumbnail","6":"product_cat-fabric-for-bag","7":"product_cat-fabric-for-tent","8":"product_cat-oxford-fabric","9":"product_cat-polyester-fabrics","10":"product_cat-textile-for-industrial","11":"product_cat-waterproof-fabrics","12":"pa_available_colors-h-black","13":"desktop-align-left","14":"tablet-align-left","15":"mobile-align-left","16":"ast-product-gallery-layout-vertical-slider","17":"ast-product-tabs-layout-horizontal","19":"first","20":"instock","21":"shipping-taxable","22":"product-type-simple"},"uagb_featured_image_src":{"full":["https:\/\/www.sikortex.com\/wp-content\/uploads\/2023\/06\/9233997470_1202519561-1.jpg",1024,1024,false],"thumbnail":["https:\/\/www.sikortex.com\/wp-content\/uploads\/2023\/06\/9233997470_1202519561-1-150x150.jpg",150,150,true],"medium":["https:\/\/www.sikortex.com\/wp-content\/uploads\/2023\/06\/9233997470_1202519561-1-300x300.jpg",300,300,true],"medium_large":["https:\/\/www.sikortex.com\/wp-content\/uploads\/2023\/06\/9233997470_1202519561-1-768x768.jpg",768,768,true],"large":["https:\/\/www.sikortex.com\/wp-content\/uploads\/2023\/06\/9233997470_1202519561-1.jpg",1024,1024,false],"1536x1536":["https:\/\/www.sikortex.com\/wp-content\/uploads\/2023\/06\/9233997470_1202519561-1.jpg",1024,1024,false],"2048x2048":["https:\/\/www.sikortex.com\/wp-content\/uploads\/2023\/06\/9233997470_1202519561-1.jpg",1024,1024,false],"trp-custom-language-flag":["https:\/\/www.sikortex.com\/wp-content\/uploads\/2023\/06\/9233997470_1202519561-1.jpg",12,12,false],"woocommerce_thumbnail":["https:\/\/www.sikortex.com\/wp-content\/uploads\/2023\/06\/9233997470_1202519561-1-300x300.jpg",300,300,true],"woocommerce_single":["https:\/\/www.sikortex.com\/wp-content\/uploads\/2023\/06\/9233997470_1202519561-1-600x600.jpg",600,600,true],"woocommerce_gallery_thumbnail":["https:\/\/www.sikortex.com\/wp-content\/uploads\/2023\/06\/9233997470_1202519561-1-100x100.jpg",100,100,true]},"uagb_author_info":{"display_name":"Perry","author_link":"https:\/\/www.sikortex.com\/vi\/author\/"},"uagb_comment_info":0,"uagb_excerpt":"600 Meters(Min.Order)","_links":{"self":[{"href":"https:\/\/www.sikortex.com\/vi\/wp-json\/wp\/v2\/product\/4236","targetHints":{"allow":["GET"]}}],"collection":[{"href":"https:\/\/www.sikortex.com\/vi\/wp-json\/wp\/v2\/product"}],"about":[{"href":"https:\/\/www.sikortex.com\/vi\/wp-json\/wp\/v2\/types\/product"}],"replies":[{"embeddable":true,"href":"https:\/\/www.sikortex.com\/vi\/wp-json\/wp\/v2\/comments?post=4236"}],"wp:featuredmedia":[{"embeddable":true,"href":"https:\/\/www.sikortex.com\/vi\/wp-json\/wp\/v2\/media\/4250"}],"wp:attachment":[{"href":"https:\/\/www.sikortex.com\/vi\/wp-json\/wp\/v2\/media?parent=4236"}],"wp:term":[{"taxonomy":"product_brand","embeddable":true,"href":"https:\/\/www.sikortex.com\/vi\/wp-json\/wp\/v2\/product_brand?post=4236"},{"taxonomy":"product_cat","embeddable":true,"href":"https:\/\/www.sikortex.com\/vi\/wp-json\/wp\/v2\/product_cat?post=4236"},{"taxonomy":"product_tag","embeddable":true,"href":"https:\/\/www.sikortex.com\/vi\/wp-json\/wp\/v2\/product_tag?post=4236"}],"curies":[{"name":"wp","href":"https:\/\/api.w.org\/{rel}","templated":true}]}}