{"id":4214,"date":"2023-06-26T14:58:56","date_gmt":"2023-06-26T06:58:56","guid":{"rendered":"http:\/\/shihan.vihsu.com\/?post_type=product&#038;p=4214"},"modified":"2024-12-16T15:33:47","modified_gmt":"2024-12-16T07:33:47","slug":"vai-nylon-thach-nam-xam-taslon-3-lop","status":"publish","type":"product","link":"https:\/\/www.sikortex.com\/vi\/san-pham\/vai-nylon-thach-nam-xam-taslon-3-lop\/","title":{"rendered":"V\u1ea3i 3 l\u1edbp Heather Grey Nylon Taslon"},"content":{"rendered":"<p>SIKOR-TEX l\u00e0 nh\u00e0 s\u1ea3n xu\u1ea5t v\u1ea3i cung c\u1ea5p 3 l\u1edbp v\u1ea3i tho\u00e1ng kh\u00ed kh\u00f4ng th\u1ea5m n\u01b0\u1edbc v\u1edbi c\u00e1c t\u00f9y ch\u1ecdn d\u1ea1ng sandwich bao g\u1ed3m m\u00e0ng PU, TPU ho\u1eb7c PTFE v\u1edbi hi\u1ec7u su\u1ea5t cao nh\u1ea5t. M\u00e0ng tho\u00e1ng kh\u00ed PTFE l\u00e0 c\u1ea5u tr\u00fac micromesh c\u00f3 th\u1ec3 ch\u1ecbu \u0111\u01b0\u1ee3c \u00e1p l\u1ef1c n\u01b0\u1edbc trong c\u00e1c lo\u1ea1i v\u1ea3i c\u00f3 chi\u1ec1u d\u00e0y h\u01a1n 20.000 mm, \u0111\u1ed3ng th\u1eddi duy tr\u00ec \u0111\u1ed9 tho\u00e1ng kh\u00ed 20.000g\/\u33a1\/24 h.<\/p>\n<p>\u0110i\u1ec1u n\u00e0y c\u00f3 ngh\u0129a l\u00e0 v\u1ea3i s\u1ebd b\u1ea3o v\u1ec7 b\u1ea1n kh\u1ecfi b\u00e3o \u0111\u1ed3ng th\u1eddi cho ph\u00e9p m\u1ed3 h\u00f4i bay h\u01a1i, gi\u1eef cho b\u1ea1n kh\u00f4 r\u00e1o v\u00e0 tho\u1ea3i m\u00e1i khi t\u1eadp th\u1ec3 d\u1ee5c ngo\u00e0i tr\u1eddi trong th\u1eddi ti\u1ebft kh\u1eafc nghi\u1ec7t. B\u1ec1 m\u1eb7t v\u1ea3i 3 l\u1edbp n\u00e0y s\u1eed d\u1ee5ng nylon Tasselon, \u0111\u1ed9 b\u1ec1n cao v\u00e0 ch\u1ed1ng m\u00e0i m\u00f2n, m\u1eb7t tr\u00e1i s\u1eed d\u1ee5ng TRICOT, v\u1ea3i t\u1ed5ng h\u1ee3p 3 l\u1edbp, ch\u1eafc ch\u1eafn v\u00e0 s\u1eafc n\u00e9t, \u0111\u1eb7c bi\u1ec7t th\u00edch h\u1ee3p cho qu\u1ea7n \u00e1o c\u00f4ng an, qu\u00e2n \u0111\u1ed9i, nh\u01b0ng c\u0169ng c\u00f3 th\u1ec3 l\u00e0m qu\u1ea7n \u00e1o b\u1ea3o h\u1ed9 cho ng\u01b0\u1eddi l\u00e1i xe \u0111ua.<\/p>\n<p>V\u1ea3i 3 l\u1edbp Heather Grey Nylon Taslon<\/p>\n<p><span style=\"color: #3366ff;\"><a style=\"color: #3366ff;\" href=\"https:\/\/www.sikortex.com\/vi\/nguoi-tim-vai-2\/\">C\u00f4ng c\u1ee5 t\u00ecm v\u1ea3i<\/a><\/span><\/p>","protected":false},"excerpt":{"rendered":"<p>600 m\u00e9t (\u0110\u01a1n h\u00e0ng t\u1ed1i thi\u1ec3u)<\/p>","protected":false},"featured_media":4245,"comment_status":"closed","ping_status":"closed","template":"","meta":{"_uag_custom_page_level_css":"","site-sidebar-layout":"default","site-content-layout":"default","ast-site-content-layout":"","site-content-style":"default","site-sidebar-style":"default","ast-global-header-display":"","ast-banner-title-visibility":"","ast-main-header-display":"","ast-hfb-above-header-display":"","ast-hfb-below-header-display":"","ast-hfb-mobile-header-display":"","site-post-title":"","ast-breadcrumbs-content":"","ast-featured-img":"","footer-sml-layout":"","theme-transparent-header-meta":"default","adv-header-id-meta":"","stick-header-meta":"default","header-above-stick-meta":"","header-main-stick-meta":"","header-below-stick-meta":"","astra-migrate-meta-layouts":"default","ast-page-background-enabled":"default","ast-page-background-meta":{"desktop":{"background-color":"","background-image":"","background-repeat":"repeat","background-position":"center center","background-size":"auto","background-attachment":"scroll","background-type":"","background-media":"","overlay-type":"","overlay-color":"","overlay-opacity":"","overlay-gradient":""},"tablet":{"background-color":"","background-image":"","background-repeat":"repeat","background-position":"center center","background-size":"auto","background-attachment":"scroll","background-type":"","background-media":"","overlay-type":"","overlay-color":"","overlay-opacity":"","overlay-gradient":""},"mobile":{"background-color":"","background-image":"","background-repeat":"repeat","background-position":"center center","background-size":"auto","background-attachment":"scroll","background-type":"","background-media":"","overlay-type":"","overlay-color":"","overlay-opacity":"","overlay-gradient":""}},"ast-content-background-meta":{"desktop":{"background-color":"var(--ast-global-color-5)","background-image":"","background-repeat":"repeat","background-position":"center center","background-size":"auto","background-attachment":"scroll","background-type":"","background-media":"","overlay-type":"","overlay-color":"","overlay-opacity":"","overlay-gradient":""},"tablet":{"background-color":"var(--ast-global-color-5)","background-image":"","background-repeat":"repeat","background-position":"center center","background-size":"auto","background-attachment":"scroll","background-type":"","background-media":"","overlay-type":"","overlay-color":"","overlay-opacity":"","overlay-gradient":""},"mobile":{"background-color":"var(--ast-global-color-5)","background-image":"","background-repeat":"repeat","background-position":"center center","background-size":"auto","background-attachment":"scroll","background-type":"","background-media":"","overlay-type":"","overlay-color":"","overlay-opacity":"","overlay-gradient":""}}},"product_brand":[],"product_cat":[428,421,404,414],"product_tag":[],"class_list":{"0":"post-4214","1":"product","2":"type-product","3":"status-publish","4":"has-post-thumbnail","6":"product_cat-fabric-for-outdoor-sports","7":"product_cat-foul-weather-fabrics","8":"product_cat-nylon-fabrics","9":"product_cat-waterproof-fabrics","10":"pa_available_colors-911052-spc","11":"desktop-align-left","12":"tablet-align-left","13":"mobile-align-left","14":"ast-product-gallery-layout-vertical-slider","15":"ast-product-tabs-layout-horizontal","17":"first","18":"instock","19":"shipping-taxable","20":"product-type-simple"},"uagb_featured_image_src":{"full":["https:\/\/www.sikortex.com\/wp-content\/uploads\/2023\/06\/14346247781_1202519561.jpg",1024,1024,false],"thumbnail":["https:\/\/www.sikortex.com\/wp-content\/uploads\/2023\/06\/14346247781_1202519561-150x150.jpg",150,150,true],"medium":["https:\/\/www.sikortex.com\/wp-content\/uploads\/2023\/06\/14346247781_1202519561-300x300.jpg",300,300,true],"medium_large":["https:\/\/www.sikortex.com\/wp-content\/uploads\/2023\/06\/14346247781_1202519561-768x768.jpg",768,768,true],"large":["https:\/\/www.sikortex.com\/wp-content\/uploads\/2023\/06\/14346247781_1202519561.jpg",1024,1024,false],"1536x1536":["https:\/\/www.sikortex.com\/wp-content\/uploads\/2023\/06\/14346247781_1202519561.jpg",1024,1024,false],"2048x2048":["https:\/\/www.sikortex.com\/wp-content\/uploads\/2023\/06\/14346247781_1202519561.jpg",1024,1024,false],"trp-custom-language-flag":["https:\/\/www.sikortex.com\/wp-content\/uploads\/2023\/06\/14346247781_1202519561.jpg",12,12,false],"woocommerce_thumbnail":["https:\/\/www.sikortex.com\/wp-content\/uploads\/2023\/06\/14346247781_1202519561-300x300.jpg",300,300,true],"woocommerce_single":["https:\/\/www.sikortex.com\/wp-content\/uploads\/2023\/06\/14346247781_1202519561-600x600.jpg",600,600,true],"woocommerce_gallery_thumbnail":["https:\/\/www.sikortex.com\/wp-content\/uploads\/2023\/06\/14346247781_1202519561-100x100.jpg",100,100,true]},"uagb_author_info":{"display_name":"Perry","author_link":"https:\/\/www.sikortex.com\/vi\/author\/"},"uagb_comment_info":0,"uagb_excerpt":"600 Meters(Min.Order)","_links":{"self":[{"href":"https:\/\/www.sikortex.com\/vi\/wp-json\/wp\/v2\/product\/4214","targetHints":{"allow":["GET"]}}],"collection":[{"href":"https:\/\/www.sikortex.com\/vi\/wp-json\/wp\/v2\/product"}],"about":[{"href":"https:\/\/www.sikortex.com\/vi\/wp-json\/wp\/v2\/types\/product"}],"replies":[{"embeddable":true,"href":"https:\/\/www.sikortex.com\/vi\/wp-json\/wp\/v2\/comments?post=4214"}],"wp:featuredmedia":[{"embeddable":true,"href":"https:\/\/www.sikortex.com\/vi\/wp-json\/wp\/v2\/media\/4245"}],"wp:attachment":[{"href":"https:\/\/www.sikortex.com\/vi\/wp-json\/wp\/v2\/media?parent=4214"}],"wp:term":[{"taxonomy":"product_brand","embeddable":true,"href":"https:\/\/www.sikortex.com\/vi\/wp-json\/wp\/v2\/product_brand?post=4214"},{"taxonomy":"product_cat","embeddable":true,"href":"https:\/\/www.sikortex.com\/vi\/wp-json\/wp\/v2\/product_cat?post=4214"},{"taxonomy":"product_tag","embeddable":true,"href":"https:\/\/www.sikortex.com\/vi\/wp-json\/wp\/v2\/product_tag?post=4214"}],"curies":[{"name":"wp","href":"https:\/\/api.w.org\/{rel}","templated":true}]}}