{"id":4159,"date":"2023-06-25T14:59:19","date_gmt":"2023-06-25T06:59:19","guid":{"rendered":"http:\/\/shihan.vihsu.com\/?post_type=product&#038;p=4159"},"modified":"2024-12-16T15:30:53","modified_gmt":"2024-12-16T07:30:53","slug":"nylon-doi-duong-luoi-mem-vai-2","status":"publish","type":"product","link":"https:\/\/www.sikortex.com\/vi\/san-pham\/nylon-doi-duong-luoi-mem-vai-2\/","title":{"rendered":"L\u01b0\u1edbi \u0111\u00f4i v\u1ea3i nylon m\u1ec1m c\u00f3 \u0111\u1ed9 b\u1ec1n cao"},"content":{"rendered":"<p>SIKOR-TEX Double Line Grid Soft Nylon High Strength Fabric kh\u00f4ng ch\u1ec9 m\u1ec1m m\u1ea1i khi ch\u1ea1m v\u00e0o v\u00e0 tho\u1ea3i m\u00e1i khi m\u1eb7c m\u00e0 c\u00f2n c\u00f3 kh\u1ea3 n\u0103ng ch\u1ed1ng r\u00e1ch v\u00e0 ch\u1ed1ng m\u00e0i m\u00f2n m\u1ea1nh. \u0110i\u1ec1u n\u00e0y l\u00e0m cho n\u00f3 tr\u1edf th\u00e0nh ch\u1ea5t li\u1ec7u l\u00fd t\u01b0\u1edfng cho trang ph\u1ee5c n\u0103ng \u0111\u1ed9ng v\u00e0 trang ph\u1ee5c th\u1ec3 thao \u0111\u00f2i h\u1ecfi \u0111\u1ed9 b\u1ec1n v\u00e0 t\u00ednh linh ho\u1ea1t. \u0110\u1eb7c t\u00ednh co gi\u00e3n v\u00e0 ph\u1ee5c h\u1ed3i tuy\u1ec7t v\u1eddi c\u1ee7a v\u1ea3i, k\u1ebft h\u1ee3p v\u1edbi kh\u1ea3 n\u0103ng ch\u1ed1ng r\u00e1ch v\u00e0 ch\u1ed1ng m\u00e0i m\u00f2n, khi\u1ebfn v\u1ea3i ph\u00f9 h\u1ee3p v\u1edbi c\u00e1c ho\u1ea1t \u0111\u1ed9ng c\u01b0\u1eddng \u0111\u1ed9 cao nh\u01b0 ch\u1ea1y, \u0111\u1ea1p xe v\u00e0 yoga.<br \/>\nHoa v\u0103n l\u01b0\u1edbi \u0111\u00f4i tr\u00ean v\u1ea3i t\u1ea1o th\u00eam s\u1ef1 th\u00fa v\u1ecb v\u1ec1 m\u1eb7t th\u1ecb gi\u00e1c, \u0111\u1ed3ng th\u1eddi mang l\u1ea1i \u0111\u1ed9 co gi\u00e3n v\u00e0 tho\u00e1ng kh\u00ed b\u1ed5 sung. Ngo\u00e0i ra, v\u1ea3i r\u1ea5t d\u1ec5 ch\u0103m s\u00f3c v\u00e0 c\u00f3 th\u1ec3 gi\u1eb7t v\u00e0 s\u1ea5y kh\u00f4 b\u1eb1ng m\u00e1y. Nh\u00ecn chung, V\u1ea3i l\u01b0\u1edbi m\u1ec1m nylon 70D Double Line l\u00e0 m\u1ed9t ch\u1ea5t li\u1ec7u \u0111a n\u0103ng ph\u00f9 h\u1ee3p v\u1edbi nhi\u1ec1u \u1ee9ng d\u1ee5ng qu\u1ea7n \u00e1o n\u0103ng \u0111\u1ed9ng v\u00e0 qu\u1ea7n \u00e1o th\u1ec3 thao.<\/p>\n<p><span style=\"color: #3366ff;\"><a style=\"color: #3366ff;\" href=\"https:\/\/www.sikortex.com\/vi\/nguoi-tim-vai-2\/\">C\u00f4ng c\u1ee5 t\u00ecm v\u1ea3i<\/a><\/span><\/p>","protected":false},"excerpt":{"rendered":"<p>600 m\u00e9t (\u0110\u01a1n h\u00e0ng t\u1ed1i thi\u1ec3u)<\/p>","protected":false},"featured_media":4160,"comment_status":"closed","ping_status":"closed","template":"","meta":{"_uag_custom_page_level_css":"","site-sidebar-layout":"default","site-content-layout":"default","ast-site-content-layout":"","site-content-style":"default","site-sidebar-style":"default","ast-global-header-display":"","ast-banner-title-visibility":"","ast-main-header-display":"","ast-hfb-above-header-display":"","ast-hfb-below-header-display":"","ast-hfb-mobile-header-display":"","site-post-title":"","ast-breadcrumbs-content":"","ast-featured-img":"","footer-sml-layout":"","theme-transparent-header-meta":"default","adv-header-id-meta":"","stick-header-meta":"default","header-above-stick-meta":"","header-main-stick-meta":"","header-below-stick-meta":"","astra-migrate-meta-layouts":"default","ast-page-background-enabled":"default","ast-page-background-meta":{"desktop":{"background-color":"","background-image":"","background-repeat":"repeat","background-position":"center center","background-size":"auto","background-attachment":"scroll","background-type":"","background-media":"","overlay-type":"","overlay-color":"","overlay-opacity":"","overlay-gradient":""},"tablet":{"background-color":"","background-image":"","background-repeat":"repeat","background-position":"center center","background-size":"auto","background-attachment":"scroll","background-type":"","background-media":"","overlay-type":"","overlay-color":"","overlay-opacity":"","overlay-gradient":""},"mobile":{"background-color":"","background-image":"","background-repeat":"repeat","background-position":"center center","background-size":"auto","background-attachment":"scroll","background-type":"","background-media":"","overlay-type":"","overlay-color":"","overlay-opacity":"","overlay-gradient":""}},"ast-content-background-meta":{"desktop":{"background-color":"var(--ast-global-color-5)","background-image":"","background-repeat":"repeat","background-position":"center center","background-size":"auto","background-attachment":"scroll","background-type":"","background-media":"","overlay-type":"","overlay-color":"","overlay-opacity":"","overlay-gradient":""},"tablet":{"background-color":"var(--ast-global-color-5)","background-image":"","background-repeat":"repeat","background-position":"center center","background-size":"auto","background-attachment":"scroll","background-type":"","background-media":"","overlay-type":"","overlay-color":"","overlay-opacity":"","overlay-gradient":""},"mobile":{"background-color":"var(--ast-global-color-5)","background-image":"","background-repeat":"repeat","background-position":"center center","background-size":"auto","background-attachment":"scroll","background-type":"","background-media":"","overlay-type":"","overlay-color":"","overlay-opacity":"","overlay-gradient":""}}},"product_brand":[],"product_cat":[431,428,1145,404],"product_tag":[],"class_list":{"0":"post-4159","1":"product","2":"type-product","3":"status-publish","4":"has-post-thumbnail","6":"product_cat-fabric-for-commuting-clothing","7":"product_cat-fabric-for-outdoor-sports","8":"product_cat-lightweight-fabric","9":"product_cat-nylon-fabrics","10":"pa_available_colors-911052-spc","11":"desktop-align-left","12":"tablet-align-left","13":"mobile-align-left","14":"ast-product-gallery-layout-vertical-slider","15":"ast-product-tabs-layout-horizontal","17":"first","18":"instock","19":"shipping-taxable","20":"product-type-simple"},"uagb_featured_image_src":{"full":["https:\/\/www.sikortex.com\/wp-content\/uploads\/2023\/06\/9234580750_1202519561.jpg",1024,1024,false],"thumbnail":["https:\/\/www.sikortex.com\/wp-content\/uploads\/2023\/06\/9234580750_1202519561-150x150.jpg",150,150,true],"medium":["https:\/\/www.sikortex.com\/wp-content\/uploads\/2023\/06\/9234580750_1202519561-300x300.jpg",300,300,true],"medium_large":["https:\/\/www.sikortex.com\/wp-content\/uploads\/2023\/06\/9234580750_1202519561-768x768.jpg",768,768,true],"large":["https:\/\/www.sikortex.com\/wp-content\/uploads\/2023\/06\/9234580750_1202519561.jpg",1024,1024,false],"1536x1536":["https:\/\/www.sikortex.com\/wp-content\/uploads\/2023\/06\/9234580750_1202519561.jpg",1024,1024,false],"2048x2048":["https:\/\/www.sikortex.com\/wp-content\/uploads\/2023\/06\/9234580750_1202519561.jpg",1024,1024,false],"trp-custom-language-flag":["https:\/\/www.sikortex.com\/wp-content\/uploads\/2023\/06\/9234580750_1202519561.jpg",12,12,false],"woocommerce_thumbnail":["https:\/\/www.sikortex.com\/wp-content\/uploads\/2023\/06\/9234580750_1202519561-300x300.jpg",300,300,true],"woocommerce_single":["https:\/\/www.sikortex.com\/wp-content\/uploads\/2023\/06\/9234580750_1202519561-600x600.jpg",600,600,true],"woocommerce_gallery_thumbnail":["https:\/\/www.sikortex.com\/wp-content\/uploads\/2023\/06\/9234580750_1202519561-100x100.jpg",100,100,true]},"uagb_author_info":{"display_name":"Perry","author_link":"https:\/\/www.sikortex.com\/vi\/author\/"},"uagb_comment_info":0,"uagb_excerpt":"600 Meters(Min.Order)","_links":{"self":[{"href":"https:\/\/www.sikortex.com\/vi\/wp-json\/wp\/v2\/product\/4159","targetHints":{"allow":["GET"]}}],"collection":[{"href":"https:\/\/www.sikortex.com\/vi\/wp-json\/wp\/v2\/product"}],"about":[{"href":"https:\/\/www.sikortex.com\/vi\/wp-json\/wp\/v2\/types\/product"}],"replies":[{"embeddable":true,"href":"https:\/\/www.sikortex.com\/vi\/wp-json\/wp\/v2\/comments?post=4159"}],"wp:featuredmedia":[{"embeddable":true,"href":"https:\/\/www.sikortex.com\/vi\/wp-json\/wp\/v2\/media\/4160"}],"wp:attachment":[{"href":"https:\/\/www.sikortex.com\/vi\/wp-json\/wp\/v2\/media?parent=4159"}],"wp:term":[{"taxonomy":"product_brand","embeddable":true,"href":"https:\/\/www.sikortex.com\/vi\/wp-json\/wp\/v2\/product_brand?post=4159"},{"taxonomy":"product_cat","embeddable":true,"href":"https:\/\/www.sikortex.com\/vi\/wp-json\/wp\/v2\/product_cat?post=4159"},{"taxonomy":"product_tag","embeddable":true,"href":"https:\/\/www.sikortex.com\/vi\/wp-json\/wp\/v2\/product_tag?post=4159"}],"curies":[{"name":"wp","href":"https:\/\/api.w.org\/{rel}","templated":true}]}}