{"id":4148,"date":"2023-06-25T10:39:52","date_gmt":"2023-06-25T02:39:52","guid":{"rendered":"http:\/\/shihan.vihsu.com\/?post_type=product&#038;p=4148"},"modified":"2025-02-17T17:44:57","modified_gmt":"2025-02-17T09:44:57","slug":"nylon-500d-taslon-laminated-tpu-3-lop-vai-2","status":"publish","type":"product","link":"https:\/\/www.sikortex.com\/vi\/san-pham\/nylon-500d-taslon-laminated-tpu-3-lop-vai-2\/","title":{"rendered":"V\u1ea3i v\u1ecf TPU nhi\u1ec1u l\u1edbp nylon 500D Taslon Oxford"},"content":{"rendered":"<h6>SIKOR-TEX <span style=\"color: #3366ff;\"><a style=\"color: #3366ff;\" href=\"https:\/\/www.sikortex.com\/vi\/vai-nylon-bong-vai-ripstop-ao-gio-vai-5\/\">V\u1ea3i Oxford<\/a><\/span> nh\u00e0 ch\u1ebf t\u1ea1o<\/h6>\n<p><a href=\"https:\/\/www.sikortex.com\/vi\/ho-so-cong-ty\/\"><span style=\"color: #3366ff;\">SIKOR-TEX<\/span><\/a> l\u00e0 nh\u00e0 s\u1ea3n xu\u1ea5t v\u1ea3i cung c\u1ea5p v\u1ea3i softshell 3 l\u1edbp <a href=\"https:\/\/www.sikortex.com\/vi\/vai-thoang-khi-khong-tham-nuoc\/\"><span style=\"color: #3366ff;\">v\u1ea3i ch\u1ed1ng th\u1ea5m n\u01b0\u1edbc v\u00e0 tho\u00e1ng kh\u00ed<\/span><\/a> v\u1edbi c\u00e1c t\u00f9y ch\u1ecdn l\u1edbp xen k\u1ebd bao g\u1ed3m PU, TPU ho\u1eb7c m\u00e0ng PTFE hi\u1ec7u su\u1ea5t cao. M\u00e0ng tho\u00e1ng kh\u00ed PTFE l\u00e0 c\u1ea5u tr\u00fac l\u01b0\u1edbi si\u00eau nh\u1ecf c\u00f3 th\u1ec3 ch\u1ecbu \u0111\u01b0\u1ee3c \u00e1p su\u1ea5t n\u01b0\u1edbc h\u01a1n 20.000mm trong v\u1ea3i, \u0111\u1ed3ng th\u1eddi duy tr\u00ec \u0111\u1ed9 th\u1ea5m kh\u00ed l\u00e0 20.000g\/\u33a1\/24 gi\u1edd.<\/p>\n<p>\u0110i\u1ec1u n\u00e0y c\u00f3 ngh\u0129a l\u00e0 <a href=\"https:\/\/www.sikortex.com\/vi\/nha-san-xuat-vai-nylon\/\"><span style=\"color: #3366ff;\">Nylon<\/span><\/a> 500D Taslon <a href=\"https:\/\/www.sikortex.com\/vi\/vai-nylon-bong-vai-ripstop-ao-gio-vai-5\/\"><span style=\"color: #3366ff;\">Oxford<\/span><\/a> V\u1ea3i softshell TPU nhi\u1ec1u l\u1edbp c\u00f3 th\u1ec3 b\u1ea3o v\u1ec7 b\u1ea1n kh\u1ecfi nh\u1eefng c\u01a1n b\u00e3o trong khi v\u1eabn cho ph\u00e9p m\u1ed3 h\u00f4i b\u1ed1c h\u01a1i, gi\u00fap b\u1ea1n kh\u00f4 r\u00e1o v\u00e0 tho\u1ea3i m\u00e1i khi ch\u01a1i th\u1ec3 thao ngo\u00e0i tr\u1eddi trong th\u1eddi ti\u1ebft x\u1ea5u. Cho d\u00f9 b\u1ea1n \u0111ang \u0111i b\u1ed9 \u0111\u01b0\u1eddng d\u00e0i, leo n\u00fai, ch\u1ea1y b\u1ed9 hay tham gia b\u1ea5t k\u1ef3 ho\u1ea1t \u0111\u1ed9ng ngo\u00e0i tr\u1eddi n\u00e0o kh\u00e1c, v\u1ea3i 3 l\u1edbp c\u1ee7a SIKOR-TEX \u0111\u01b0\u1ee3c thi\u1ebft k\u1ebf \u0111\u1ec3 cung c\u1ea5p kh\u1ea3 n\u0103ng b\u1ea3o v\u1ec7 v\u01b0\u1ee3t tr\u1ed9i ch\u1ed1ng l\u1ea1i n\u01b0\u1edbc v\u00e0 gi\u00f3, \u0111\u1ed3ng th\u1eddi cho ph\u00e9p h\u01a1i \u1ea9m tho\u00e1t ra ngo\u00e0i.<\/p>\n<p>&nbsp;<\/p>","protected":false},"excerpt":{"rendered":"<p>600 m\u00e9t (\u0110\u01a1n h\u00e0ng t\u1ed1i thi\u1ec3u)<\/p>","protected":false},"featured_media":4149,"comment_status":"closed","ping_status":"closed","template":"","meta":{"_uag_custom_page_level_css":"","site-sidebar-layout":"default","site-content-layout":"default","ast-site-content-layout":"","site-content-style":"default","site-sidebar-style":"default","ast-global-header-display":"","ast-banner-title-visibility":"","ast-main-header-display":"","ast-hfb-above-header-display":"","ast-hfb-below-header-display":"","ast-hfb-mobile-header-display":"","site-post-title":"","ast-breadcrumbs-content":"","ast-featured-img":"","footer-sml-layout":"","theme-transparent-header-meta":"default","adv-header-id-meta":"","stick-header-meta":"default","header-above-stick-meta":"","header-main-stick-meta":"","header-below-stick-meta":"","astra-migrate-meta-layouts":"default","ast-page-background-enabled":"default","ast-page-background-meta":{"desktop":{"background-color":"","background-image":"","background-repeat":"repeat","background-position":"center center","background-size":"auto","background-attachment":"scroll","background-type":"","background-media":"","overlay-type":"","overlay-color":"","overlay-opacity":"","overlay-gradient":""},"tablet":{"background-color":"","background-image":"","background-repeat":"repeat","background-position":"center center","background-size":"auto","background-attachment":"scroll","background-type":"","background-media":"","overlay-type":"","overlay-color":"","overlay-opacity":"","overlay-gradient":""},"mobile":{"background-color":"","background-image":"","background-repeat":"repeat","background-position":"center center","background-size":"auto","background-attachment":"scroll","background-type":"","background-media":"","overlay-type":"","overlay-color":"","overlay-opacity":"","overlay-gradient":""}},"ast-content-background-meta":{"desktop":{"background-color":"var(--ast-global-color-5)","background-image":"","background-repeat":"repeat","background-position":"center center","background-size":"auto","background-attachment":"scroll","background-type":"","background-media":"","overlay-type":"","overlay-color":"","overlay-opacity":"","overlay-gradient":""},"tablet":{"background-color":"var(--ast-global-color-5)","background-image":"","background-repeat":"repeat","background-position":"center center","background-size":"auto","background-attachment":"scroll","background-type":"","background-media":"","overlay-type":"","overlay-color":"","overlay-opacity":"","overlay-gradient":""},"mobile":{"background-color":"var(--ast-global-color-5)","background-image":"","background-repeat":"repeat","background-position":"center center","background-size":"auto","background-attachment":"scroll","background-type":"","background-media":"","overlay-type":"","overlay-color":"","overlay-opacity":"","overlay-gradient":""}}},"product_brand":[],"product_cat":[426,1206,423,430,421,404,1184,414],"product_tag":[],"class_list":{"0":"post-4148","1":"product","2":"type-product","3":"status-publish","4":"has-post-thumbnail","6":"product_cat-constructionmining","7":"product_cat-fabric-for-bag","8":"product_cat-fabric-for-military-police","9":"product_cat-fabric-for-motorwear","10":"product_cat-foul-weather-fabrics","11":"product_cat-nylon-fabrics","12":"product_cat-oxford-fabric","13":"product_cat-waterproof-fabrics","14":"pa_available_colors-1526-04","15":"desktop-align-left","16":"tablet-align-left","17":"mobile-align-left","18":"ast-product-gallery-layout-vertical-slider","19":"ast-product-tabs-layout-horizontal","21":"first","22":"instock","23":"shipping-taxable","24":"product-type-simple"},"uagb_featured_image_src":{"full":["https:\/\/www.sikortex.com\/wp-content\/uploads\/2023\/06\/14250321161_1202519561.jpg",1024,1024,false],"thumbnail":["https:\/\/www.sikortex.com\/wp-content\/uploads\/2023\/06\/14250321161_1202519561-150x150.jpg",150,150,true],"medium":["https:\/\/www.sikortex.com\/wp-content\/uploads\/2023\/06\/14250321161_1202519561-300x300.jpg",300,300,true],"medium_large":["https:\/\/www.sikortex.com\/wp-content\/uploads\/2023\/06\/14250321161_1202519561-768x768.jpg",768,768,true],"large":["https:\/\/www.sikortex.com\/wp-content\/uploads\/2023\/06\/14250321161_1202519561.jpg",1024,1024,false],"1536x1536":["https:\/\/www.sikortex.com\/wp-content\/uploads\/2023\/06\/14250321161_1202519561.jpg",1024,1024,false],"2048x2048":["https:\/\/www.sikortex.com\/wp-content\/uploads\/2023\/06\/14250321161_1202519561.jpg",1024,1024,false],"trp-custom-language-flag":["https:\/\/www.sikortex.com\/wp-content\/uploads\/2023\/06\/14250321161_1202519561.jpg",12,12,false],"woocommerce_thumbnail":["https:\/\/www.sikortex.com\/wp-content\/uploads\/2023\/06\/14250321161_1202519561-300x300.jpg",300,300,true],"woocommerce_single":["https:\/\/www.sikortex.com\/wp-content\/uploads\/2023\/06\/14250321161_1202519561-600x600.jpg",600,600,true],"woocommerce_gallery_thumbnail":["https:\/\/www.sikortex.com\/wp-content\/uploads\/2023\/06\/14250321161_1202519561-100x100.jpg",100,100,true]},"uagb_author_info":{"display_name":"Perry","author_link":"https:\/\/www.sikortex.com\/vi\/author\/"},"uagb_comment_info":0,"uagb_excerpt":"600 Meters(Min.Order)","_links":{"self":[{"href":"https:\/\/www.sikortex.com\/vi\/wp-json\/wp\/v2\/product\/4148","targetHints":{"allow":["GET"]}}],"collection":[{"href":"https:\/\/www.sikortex.com\/vi\/wp-json\/wp\/v2\/product"}],"about":[{"href":"https:\/\/www.sikortex.com\/vi\/wp-json\/wp\/v2\/types\/product"}],"replies":[{"embeddable":true,"href":"https:\/\/www.sikortex.com\/vi\/wp-json\/wp\/v2\/comments?post=4148"}],"wp:featuredmedia":[{"embeddable":true,"href":"https:\/\/www.sikortex.com\/vi\/wp-json\/wp\/v2\/media\/4149"}],"wp:attachment":[{"href":"https:\/\/www.sikortex.com\/vi\/wp-json\/wp\/v2\/media?parent=4148"}],"wp:term":[{"taxonomy":"product_brand","embeddable":true,"href":"https:\/\/www.sikortex.com\/vi\/wp-json\/wp\/v2\/product_brand?post=4148"},{"taxonomy":"product_cat","embeddable":true,"href":"https:\/\/www.sikortex.com\/vi\/wp-json\/wp\/v2\/product_cat?post=4148"},{"taxonomy":"product_tag","embeddable":true,"href":"https:\/\/www.sikortex.com\/vi\/wp-json\/wp\/v2\/product_tag?post=4148"}],"curies":[{"name":"wp","href":"https:\/\/api.w.org\/{rel}","templated":true}]}}