{"id":4127,"date":"2023-06-25T10:16:56","date_gmt":"2023-06-25T02:16:56","guid":{"rendered":"http:\/\/shihan.vihsu.com\/?post_type=product&#038;p=4127"},"modified":"2025-01-09T10:18:59","modified_gmt":"2025-01-09T02:18:59","slug":"nylon-500d-5mm-vai-ke-o-2","status":"publish","type":"product","link":"https:\/\/www.sikortex.com\/vi\/san-pham\/nylon-500d-5mm-vai-ke-o-2\/","title":{"rendered":"V\u1ea3i Cordura \u0111\u1ea1n \u0111\u1ea1o ki\u1ec3m tra nylon 500D 5mm"},"content":{"rendered":"<p><a href=\"https:\/\/www.sikortex.com\/vi\/nha-san-xuat-vai-nylon\/\"><span style=\"color: #3366ff;\">Nylon<\/span><\/a> 500D 5mm Ki\u1ec3m tra \u0111\u1ea1n \u0111\u1ea1o <a href=\"https:\/\/www.sikortex.com\/vi\/vai-cordura-2\/\"><span style=\"color: #3366ff;\">d\u00e2y th\u1eebng<\/span><\/a> V\u1ea3i l\u00e0 v\u1eadt li\u1ec7u hi\u1ec7u su\u1ea5t cao th\u01b0\u1eddng \u0111\u01b0\u1ee3c s\u1eed d\u1ee5ng trong s\u1ea3n xu\u1ea5t t\u00fai x\u00e1ch, ba l\u00f4, \u0111\u1ed3 d\u00f9ng c\u1eafm tr\u1ea1i v\u00e0 c\u00e1c \u0111\u1ed3 d\u00f9ng ngo\u00e0i tr\u1eddi kh\u00e1c. \u0110\u00e2y l\u00e0 v\u1eadt li\u1ec7u b\u1ec1n v\u00e0 \u0111a n\u0103ng c\u00f3 th\u1ec3 ch\u1ecbu \u0111\u01b0\u1ee3c s\u1ef1 kh\u1eafc nghi\u1ec7t c\u1ee7a vi\u1ec7c s\u1eed d\u1ee5ng ngo\u00e0i tr\u1eddi, bao g\u1ed3m hao m\u00f2n v\u00e0 ti\u1ebfp x\u00fac v\u1edbi c\u00e1c y\u1ebfu t\u1ed1. <a href=\"https:\/\/www.sikortex.com\/vi\/nha-san-xuat-vai-nylon\/\"><span style=\"color: #3366ff;\">Nylon<\/span><\/a> V\u1ea3i ki\u1ec3m tra 500D 5mm c\u0169ng c\u00f3 th\u1ec3 \u0111\u01b0\u1ee3c s\u1eed d\u1ee5ng \u0111\u1ec3 l\u00e0m <a href=\"https:\/\/www.sikortex.com\/vi\/quan-vai-ripstop-vai\/\"><span style=\"color: #3366ff;\">qu\u00e2n \u0111\u1ed9i<\/span><\/a> qu\u1ea7n \u00e1o v\u00e0 <a href=\"https:\/\/www.sikortex.com\/vi\/quan-vai-ripstop-vai\/\"><span style=\"color: #3366ff;\">qu\u00e2n \u0111\u1ed9i<\/span><\/a> thi\u1ebft b\u1ecb ngo\u00e0i thi\u1ebft b\u1ecb ngo\u00e0i tr\u1eddi. \u0110\u1ed9 b\u1ec1n v\u00e0 kh\u1ea3 n\u0103ng ch\u1ed1ng ch\u1ecbu th\u1eddi ti\u1ebft c\u1ee7a n\u00f3 l\u00e0m cho n\u00f3 tr\u1edf th\u00e0nh v\u1eadt li\u1ec7u l\u00fd t\u01b0\u1edfng cho c\u00e1c s\u1ea3n ph\u1ea9m y\u00eau c\u1ea7u v\u1ea3i hi\u1ec7u su\u1ea5t cao.<\/p>\n<p><a href=\"https:\/\/www.sikortex.com\/vi\/quan-vai-ripstop-vai\/\"><span style=\"color: #3366ff;\">Qu\u00e2n \u0111\u1ed9i<\/span><\/a> Qu\u1ea7n \u00e1o v\u00e0 trang thi\u1ebft b\u1ecb \u0111\u00f2i h\u1ecfi v\u1eadt li\u1ec7u hi\u1ec7u su\u1ea5t cao c\u00f3 th\u1ec3 ch\u1ecbu \u0111\u01b0\u1ee3c m\u00f4i tr\u01b0\u1eddng kh\u1eafc nghi\u1ec7t v\u00e0 b\u1ea3o v\u1ec7 cho binh l\u00ednh. <a href=\"https:\/\/www.sikortex.com\/vi\/nha-san-xuat-vai-nylon\/\"><span style=\"color: #3366ff;\">Nylon<\/span><\/a> V\u1ea3i ki\u1ec3m tra 500D 5mm l\u00e0 v\u1eadt li\u1ec7u ph\u00f9 h\u1ee3p cho <a href=\"https:\/\/www.sikortex.com\/vi\/quan-vai-ripstop-vai\/\"><span style=\"color: #3366ff;\">qu\u00e2n \u0111\u1ed9i<\/span><\/a> qu\u1ea7n \u00e1o v\u00e0 thi\u1ebft b\u1ecb do \u0111\u1ed9 b\u1ec1n, kh\u1ea3 n\u0103ng ch\u1ed1ng m\u00e0i m\u00f2n, r\u00e1ch v\u00e0 kh\u1ea3 n\u0103ng ch\u1ecbu \u0111\u01b0\u1ee3c th\u1eddi ti\u1ebft kh\u1eafc nghi\u1ec7t.<\/p>\n<p>Ngo\u00e0i ra <a href=\"https:\/\/www.sikortex.com\/vi\/quan-vai-ripstop-vai\/\"><span style=\"color: #3366ff;\">qu\u00e2n \u0111\u1ed9i<\/span><\/a> qu\u1ea7n \u00e1o, n\u00f3 c\u0169ng c\u00f3 th\u1ec3 \u0111\u01b0\u1ee3c s\u1eed d\u1ee5ng \u0111\u1ec3 l\u00e0m ba l\u00f4, <a href=\"https:\/\/www.sikortex.com\/vi\/nha-san-xuat-vai-leu\/\"><span style=\"color: #3366ff;\">l\u1ec1u tr\u1ea1i<\/span><\/a>v\u00e0 c\u00e1c lo\u1ea1i kh\u00e1c <a href=\"https:\/\/www.sikortex.com\/vi\/quan-vai-ripstop-vai\/\"><span style=\"color: #3366ff;\">qu\u00e2n \u0111\u1ed9i<\/span><\/a> thi\u1ebft b\u1ecb. \u0110\u1ed9 b\u1ec1n v\u00e0 kh\u1ea3 n\u0103ng ch\u1ed1ng m\u00e0i m\u00f2n v\u00e0 r\u00e1ch c\u1ee7a v\u1ea3i l\u00e0m cho n\u00f3 ph\u00f9 h\u1ee3p cho c\u00e1c \u1ee9ng d\u1ee5ng n\u00e0y. <a href=\"https:\/\/www.sikortex.com\/vi\/vai-nylon-bong-vai-ripstop-ao-gio-vai-3\/\"><span style=\"color: #3366ff;\">nh\u1eb9<\/span><\/a> B\u1ea3n ch\u1ea5t c\u1ee7a v\u1ea3i c\u0169ng c\u00f3 th\u1ec3 l\u00e0m gi\u1ea3m g\u00e1nh n\u1eb7ng cho thi\u1ebft b\u1ecb, gi\u00fap binh l\u00ednh d\u1ec5 d\u00e0ng mang thi\u1ebft b\u1ecb h\u01a1n khi th\u1ef1c hi\u1ec7n nhi\u1ec7m v\u1ee5.<\/p>","protected":false},"excerpt":{"rendered":"<p>600 m\u00e9t (\u0110\u01a1n h\u00e0ng t\u1ed1i thi\u1ec3u)<\/p>","protected":false},"featured_media":4128,"comment_status":"closed","ping_status":"closed","template":"","meta":{"_uag_custom_page_level_css":"","site-sidebar-layout":"default","site-content-layout":"default","ast-site-content-layout":"","site-content-style":"default","site-sidebar-style":"default","ast-global-header-display":"","ast-banner-title-visibility":"","ast-main-header-display":"","ast-hfb-above-header-display":"","ast-hfb-below-header-display":"","ast-hfb-mobile-header-display":"","site-post-title":"","ast-breadcrumbs-content":"","ast-featured-img":"","footer-sml-layout":"","theme-transparent-header-meta":"default","adv-header-id-meta":"","stick-header-meta":"default","header-above-stick-meta":"","header-main-stick-meta":"","header-below-stick-meta":"","astra-migrate-meta-layouts":"default","ast-page-background-enabled":"default","ast-page-background-meta":{"desktop":{"background-color":"","background-image":"","background-repeat":"repeat","background-position":"center center","background-size":"auto","background-attachment":"scroll","background-type":"","background-media":"","overlay-type":"","overlay-color":"","overlay-opacity":"","overlay-gradient":""},"tablet":{"background-color":"","background-image":"","background-repeat":"repeat","background-position":"center center","background-size":"auto","background-attachment":"scroll","background-type":"","background-media":"","overlay-type":"","overlay-color":"","overlay-opacity":"","overlay-gradient":""},"mobile":{"background-color":"","background-image":"","background-repeat":"repeat","background-position":"center center","background-size":"auto","background-attachment":"scroll","background-type":"","background-media":"","overlay-type":"","overlay-color":"","overlay-opacity":"","overlay-gradient":""}},"ast-content-background-meta":{"desktop":{"background-color":"var(--ast-global-color-5)","background-image":"","background-repeat":"repeat","background-position":"center center","background-size":"auto","background-attachment":"scroll","background-type":"","background-media":"","overlay-type":"","overlay-color":"","overlay-opacity":"","overlay-gradient":""},"tablet":{"background-color":"var(--ast-global-color-5)","background-image":"","background-repeat":"repeat","background-position":"center center","background-size":"auto","background-attachment":"scroll","background-type":"","background-media":"","overlay-type":"","overlay-color":"","overlay-opacity":"","overlay-gradient":""},"mobile":{"background-color":"var(--ast-global-color-5)","background-image":"","background-repeat":"repeat","background-position":"center center","background-size":"auto","background-attachment":"scroll","background-type":"","background-media":"","overlay-type":"","overlay-color":"","overlay-opacity":"","overlay-gradient":""}}},"product_brand":[],"product_cat":[423,430,404],"product_tag":[],"class_list":{"0":"post-4127","1":"product","2":"type-product","3":"status-publish","4":"has-post-thumbnail","6":"product_cat-fabric-for-military-police","7":"product_cat-fabric-for-motorwear","8":"product_cat-nylon-fabrics","9":"pa_available_colors-911052-spc","10":"desktop-align-left","11":"tablet-align-left","12":"mobile-align-left","13":"ast-product-gallery-layout-vertical-slider","14":"ast-product-tabs-layout-horizontal","16":"first","17":"instock","18":"shipping-taxable","19":"product-type-simple"},"uagb_featured_image_src":{"full":["https:\/\/www.sikortex.com\/wp-content\/uploads\/2023\/06\/O1CN01M23KH41Bs2g30b9Zb_0-0-cib.jpg",1024,1024,false],"thumbnail":["https:\/\/www.sikortex.com\/wp-content\/uploads\/2023\/06\/O1CN01M23KH41Bs2g30b9Zb_0-0-cib-150x150.jpg",150,150,true],"medium":["https:\/\/www.sikortex.com\/wp-content\/uploads\/2023\/06\/O1CN01M23KH41Bs2g30b9Zb_0-0-cib-300x300.jpg",300,300,true],"medium_large":["https:\/\/www.sikortex.com\/wp-content\/uploads\/2023\/06\/O1CN01M23KH41Bs2g30b9Zb_0-0-cib-768x768.jpg",768,768,true],"large":["https:\/\/www.sikortex.com\/wp-content\/uploads\/2023\/06\/O1CN01M23KH41Bs2g30b9Zb_0-0-cib.jpg",1024,1024,false],"1536x1536":["https:\/\/www.sikortex.com\/wp-content\/uploads\/2023\/06\/O1CN01M23KH41Bs2g30b9Zb_0-0-cib.jpg",1024,1024,false],"2048x2048":["https:\/\/www.sikortex.com\/wp-content\/uploads\/2023\/06\/O1CN01M23KH41Bs2g30b9Zb_0-0-cib.jpg",1024,1024,false],"trp-custom-language-flag":["https:\/\/www.sikortex.com\/wp-content\/uploads\/2023\/06\/O1CN01M23KH41Bs2g30b9Zb_0-0-cib.jpg",12,12,false],"woocommerce_thumbnail":["https:\/\/www.sikortex.com\/wp-content\/uploads\/2023\/06\/O1CN01M23KH41Bs2g30b9Zb_0-0-cib-300x300.jpg",300,300,true],"woocommerce_single":["https:\/\/www.sikortex.com\/wp-content\/uploads\/2023\/06\/O1CN01M23KH41Bs2g30b9Zb_0-0-cib-600x600.jpg",600,600,true],"woocommerce_gallery_thumbnail":["https:\/\/www.sikortex.com\/wp-content\/uploads\/2023\/06\/O1CN01M23KH41Bs2g30b9Zb_0-0-cib-100x100.jpg",100,100,true]},"uagb_author_info":{"display_name":"Perry","author_link":"https:\/\/www.sikortex.com\/vi\/author\/"},"uagb_comment_info":0,"uagb_excerpt":"600 Meters(Min.Order)","_links":{"self":[{"href":"https:\/\/www.sikortex.com\/vi\/wp-json\/wp\/v2\/product\/4127","targetHints":{"allow":["GET"]}}],"collection":[{"href":"https:\/\/www.sikortex.com\/vi\/wp-json\/wp\/v2\/product"}],"about":[{"href":"https:\/\/www.sikortex.com\/vi\/wp-json\/wp\/v2\/types\/product"}],"replies":[{"embeddable":true,"href":"https:\/\/www.sikortex.com\/vi\/wp-json\/wp\/v2\/comments?post=4127"}],"wp:featuredmedia":[{"embeddable":true,"href":"https:\/\/www.sikortex.com\/vi\/wp-json\/wp\/v2\/media\/4128"}],"wp:attachment":[{"href":"https:\/\/www.sikortex.com\/vi\/wp-json\/wp\/v2\/media?parent=4127"}],"wp:term":[{"taxonomy":"product_brand","embeddable":true,"href":"https:\/\/www.sikortex.com\/vi\/wp-json\/wp\/v2\/product_brand?post=4127"},{"taxonomy":"product_cat","embeddable":true,"href":"https:\/\/www.sikortex.com\/vi\/wp-json\/wp\/v2\/product_cat?post=4127"},{"taxonomy":"product_tag","embeddable":true,"href":"https:\/\/www.sikortex.com\/vi\/wp-json\/wp\/v2\/product_tag?post=4127"}],"curies":[{"name":"wp","href":"https:\/\/api.w.org\/{rel}","templated":true}]}}