{"id":4112,"date":"2023-06-25T09:57:21","date_gmt":"2023-06-25T01:57:21","guid":{"rendered":"http:\/\/shihan.vihsu.com\/?post_type=product&#038;p=4112"},"modified":"2025-01-02T13:14:56","modified_gmt":"2025-01-02T05:14:56","slug":"vai-boc-chong-chay","status":"publish","type":"product","link":"https:\/\/www.sikortex.com\/vi\/san-pham\/vai-boc-chong-chay\/","title":{"rendered":"V\u1ea3i Oxford ch\u1ed1ng ch\u00e1y Nylon 550D EN ISO 11612"},"content":{"rendered":"<h6>SIKOR-TEX <span style=\"color: #3366ff;\"><a style=\"color: #3366ff;\" href=\"https:\/\/www.sikortex.com\/vi\/vai-nylon-bong-vai-ripstop-ao-gio-vai-5\/\">V\u1ea3i Oxford<\/a><\/span> nh\u00e0 ch\u1ebf t\u1ea1o<\/h6>\n<p>Nylon PU tr\u00e1ng ph\u1ee7 SIKOR-TEX 550D <a href=\"https:\/\/www.sikortex.com\/vi\/flame-retardant-fabrics\/\"><span style=\"color: #3366ff;\">Ch\u1ed1ng ch\u00e1y<\/span><\/a> V\u1ea3i Oxford l\u00e0 v\u1eadt li\u1ec7u ch\u1ed1ng ch\u00e1y hi\u1ec7u su\u1ea5t cao v\u1edbi kh\u1ea3 n\u0103ng ch\u1ed1ng ch\u00e1y, \u0111\u1ed9 b\u1ec1n, tho\u00e1ng kh\u00ed, tr\u1ecdng l\u01b0\u1ee3ng nh\u1eb9 v\u00e0 d\u1ec5 v\u1ec7 sinh tuy\u1ec7t v\u1eddi. \u0110i\u1ec1u n\u00e0y l\u00e0m cho n\u00f3 tr\u1edf th\u00e0nh v\u1eadt li\u1ec7u l\u00fd t\u01b0\u1edfng c\u00f3 th\u1ec3 \u0111\u01b0\u1ee3c s\u1eed d\u1ee5ng r\u1ed9ng r\u00e3i trong nhi\u1ec1u t\u00ecnh hu\u1ed1ng kh\u00e1c nhau.<\/p>\n<p>Trong l\u0129nh v\u1ef1c qu\u00e2n s\u1ef1, c\u00e1c \u0111\u1eb7c t\u00ednh c\u1ee7a v\u1ea3i tr\u00e1ng PU ch\u1ed1ng ch\u00e1y nylon 550D gi\u00fap n\u00f3 \u0111\u01b0\u1ee3c s\u1eed d\u1ee5ng r\u1ed9ng r\u00e3i trong qu\u00e2n ph\u1ee5c v\u00e0 thi\u1ebft b\u1ecb qu\u00e2n s\u1ef1. Khi nh\u1eefng ng\u01b0\u1eddi l\u00ednh \u0111ang th\u1ef1c hi\u1ec7n m\u1ed9t nhi\u1ec7m v\u1ee5, h\u1ecd ph\u1ea3i \u0111\u1ed1i m\u1eb7t v\u1edbi nhi\u1ec1u m\u00f4i tr\u01b0\u1eddng v\u00e0 nguy hi\u1ec3m kh\u00e1c nhau. Do \u0111\u00f3, h\u1ecd c\u1ea7n m\u1ed9t v\u1eadt li\u1ec7u hi\u1ec7u su\u1ea5t cao \u0111\u1ec3 b\u1ea3o v\u1ec7 s\u1ef1 an to\u00e0n c\u1ee7a h\u1ecd. V\u1ea3i tr\u00e1ng PU ch\u1ed1ng ch\u00e1y Nylon 550D kh\u00f4ng ch\u1ec9 c\u00f3 \u0111\u1eb7c t\u00ednh ch\u1ed1ng ch\u00e1y c\u00f3 th\u1ec3 ng\u0103n ng\u1eeba nguy c\u01a1 h\u1ecfa ho\u1ea1n m\u00e0 c\u00f2n c\u00f3 kh\u1ea3 n\u0103ng ch\u1ed1ng m\u00e0i m\u00f2n v\u00e0 ch\u1ed1ng r\u00e1ch tuy\u1ec7t v\u1eddi \u0111\u1ec3 ch\u1ed1ng l\u1ea1i c\u00e1c th\u00e1ch th\u1ee9c v\u1eadt l\u00fd v\u00e0 m\u00f4i tr\u01b0\u1eddng kh\u00e1c nhau.<\/p>\n<p>Ngo\u00e0i ra, ch\u1ea5t li\u1ec7u n\u00e0y c\u00f3 kh\u1ea3 n\u0103ng tho\u00e1ng kh\u00ed t\u1ed1t, gi\u00fap binh l\u00ednh lu\u00f4n kh\u00f4 r\u00e1o v\u00e0 tho\u1ea3i m\u00e1i. T\u00ednh n\u0103ng g\u1ecdn nh\u1eb9 c\u1ee7a n\u00f3 c\u0169ng c\u00f3 th\u1ec3 gi\u1ea3m b\u1edbt g\u00e1nh n\u1eb7ng cho trang b\u1ecb, gi\u00fap ng\u01b0\u1eddi l\u00ednh ho\u00e0n th\u00e0nh nhi\u1ec7m v\u1ee5 d\u1ec5 d\u00e0ng h\u01a1n. Cu\u1ed1i c\u00f9ng, v\u1ea3i tr\u00e1ng PU ch\u1ed1ng ch\u00e1y nylon 550D r\u1ea5t d\u1ec5 lau ch\u00f9i, c\u00f3 th\u1ec3 \u0111\u1ea3m b\u1ea3o s\u1ef1 s\u1ea1ch s\u1ebd v\u00e0 v\u1ec7 sinh c\u1ee7a thi\u1ebft b\u1ecb, gi\u1ea3m nguy c\u01a1 vi khu\u1ea9n v\u00e0 nhi\u1ec5m tr\u00f9ng.<\/p>\n<p><a href=\"https:\/\/www.sikortex.com\/vi\/vai-nylon-2\/\"><span style=\"color: #3366ff;\">Nylon<\/span><\/a> V\u1ea3i ph\u1ee7 PU ch\u1ed1ng ch\u00e1y c\u0169ng c\u00f3 th\u1ec3 \u0111\u01b0\u1ee3c s\u1eed d\u1ee5ng \u0111\u1ec3 l\u00e0m ba l\u00f4, l\u1ec1u, t\u00fai ng\u1ee7 v\u00e0 c\u00e1c thi\u1ebft b\u1ecb kh\u00e1c, c\u0169ng nh\u01b0 gh\u1ebf v\u00e0 c\u1eeda c\u1ee7a xe qu\u00e2n s\u1ef1. Nh\u1eefng thi\u1ebft b\u1ecb n\u00e0y c\u1ea7n c\u00f3 \u0111\u1eb7c t\u00ednh hi\u1ec7u su\u1ea5t cao \u0111\u1ec3 th\u00edch \u1ee9ng v\u1edbi c\u00e1c m\u00f4i tr\u01b0\u1eddng v\u00e0 nhi\u1ec7m v\u1ee5 kh\u00e1c nhau, \u0111\u1ed3ng th\u1eddi c\u0169ng c\u1ea7n c\u00f3 kh\u1ea3 n\u0103ng ch\u1ed1ng ch\u00e1y, \u0111\u1ed9 b\u1ec1n, tho\u00e1ng kh\u00ed, tr\u1ecdng l\u01b0\u1ee3ng nh\u1eb9 v\u00e0 d\u1ec5 v\u1ec7 sinh \u0111\u1ec3 b\u1ea3o v\u1ec7 s\u1ef1 an to\u00e0n v\u00e0 s\u1ee9c kh\u1ecfe c\u1ee7a binh l\u00ednh.<\/p>","protected":false},"excerpt":{"rendered":"<p>2000 m\u00e9t (\u0110\u01a1n h\u00e0ng t\u1ed1i thi\u1ec3u)<\/p>","protected":false},"featured_media":4113,"comment_status":"closed","ping_status":"closed","template":"","meta":{"_uag_custom_page_level_css":"","site-sidebar-layout":"default","site-content-layout":"default","ast-site-content-layout":"","site-content-style":"default","site-sidebar-style":"default","ast-global-header-display":"","ast-banner-title-visibility":"","ast-main-header-display":"","ast-hfb-above-header-display":"","ast-hfb-below-header-display":"","ast-hfb-mobile-header-display":"","site-post-title":"","ast-breadcrumbs-content":"","ast-featured-img":"","footer-sml-layout":"","theme-transparent-header-meta":"default","adv-header-id-meta":"","stick-header-meta":"default","header-above-stick-meta":"","header-main-stick-meta":"","header-below-stick-meta":"","astra-migrate-meta-layouts":"default","ast-page-background-enabled":"default","ast-page-background-meta":{"desktop":{"background-color":"","background-image":"","background-repeat":"repeat","background-position":"center center","background-size":"auto","background-attachment":"scroll","background-type":"","background-media":"","overlay-type":"","overlay-color":"","overlay-opacity":"","overlay-gradient":""},"tablet":{"background-color":"","background-image":"","background-repeat":"repeat","background-position":"center center","background-size":"auto","background-attachment":"scroll","background-type":"","background-media":"","overlay-type":"","overlay-color":"","overlay-opacity":"","overlay-gradient":""},"mobile":{"background-color":"","background-image":"","background-repeat":"repeat","background-position":"center center","background-size":"auto","background-attachment":"scroll","background-type":"","background-media":"","overlay-type":"","overlay-color":"","overlay-opacity":"","overlay-gradient":""}},"ast-content-background-meta":{"desktop":{"background-color":"var(--ast-global-color-5)","background-image":"","background-repeat":"repeat","background-position":"center center","background-size":"auto","background-attachment":"scroll","background-type":"","background-media":"","overlay-type":"","overlay-color":"","overlay-opacity":"","overlay-gradient":""},"tablet":{"background-color":"var(--ast-global-color-5)","background-image":"","background-repeat":"repeat","background-position":"center center","background-size":"auto","background-attachment":"scroll","background-type":"","background-media":"","overlay-type":"","overlay-color":"","overlay-opacity":"","overlay-gradient":""},"mobile":{"background-color":"var(--ast-global-color-5)","background-image":"","background-repeat":"repeat","background-position":"center center","background-size":"auto","background-attachment":"scroll","background-type":"","background-media":"","overlay-type":"","overlay-color":"","overlay-opacity":"","overlay-gradient":""}}},"product_brand":[],"product_cat":[426,430,432,416,404,1184,427,414],"product_tag":[],"class_list":{"0":"post-4112","1":"product","2":"type-product","3":"status-publish","4":"has-post-thumbnail","6":"product_cat-constructionmining","7":"product_cat-fabric-for-motorwear","8":"product_cat-fabric-for-tent","9":"product_cat-fire-retardant-fabrics","10":"product_cat-nylon-fabrics","11":"product_cat-oxford-fabric","12":"product_cat-petroleum-and-petrochemical","13":"product_cat-waterproof-fabrics","14":"pa_available_colors-1526-35","15":"desktop-align-left","16":"tablet-align-left","17":"mobile-align-left","18":"ast-product-gallery-layout-vertical-slider","19":"ast-product-tabs-layout-horizontal","21":"first","22":"instock","23":"shipping-taxable","24":"product-type-simple"},"uagb_featured_image_src":{"full":["https:\/\/www.sikortex.com\/wp-content\/uploads\/2023\/06\/O1CN01tpTTOp1JA5g2HW6m4_3828250987-0-cib.jpg",1024,1024,false],"thumbnail":["https:\/\/www.sikortex.com\/wp-content\/uploads\/2023\/06\/O1CN01tpTTOp1JA5g2HW6m4_3828250987-0-cib-150x150.jpg",150,150,true],"medium":["https:\/\/www.sikortex.com\/wp-content\/uploads\/2023\/06\/O1CN01tpTTOp1JA5g2HW6m4_3828250987-0-cib-300x300.jpg",300,300,true],"medium_large":["https:\/\/www.sikortex.com\/wp-content\/uploads\/2023\/06\/O1CN01tpTTOp1JA5g2HW6m4_3828250987-0-cib-768x768.jpg",768,768,true],"large":["https:\/\/www.sikortex.com\/wp-content\/uploads\/2023\/06\/O1CN01tpTTOp1JA5g2HW6m4_3828250987-0-cib.jpg",1024,1024,false],"1536x1536":["https:\/\/www.sikortex.com\/wp-content\/uploads\/2023\/06\/O1CN01tpTTOp1JA5g2HW6m4_3828250987-0-cib.jpg",1024,1024,false],"2048x2048":["https:\/\/www.sikortex.com\/wp-content\/uploads\/2023\/06\/O1CN01tpTTOp1JA5g2HW6m4_3828250987-0-cib.jpg",1024,1024,false],"trp-custom-language-flag":["https:\/\/www.sikortex.com\/wp-content\/uploads\/2023\/06\/O1CN01tpTTOp1JA5g2HW6m4_3828250987-0-cib.jpg",12,12,false],"woocommerce_thumbnail":["https:\/\/www.sikortex.com\/wp-content\/uploads\/2023\/06\/O1CN01tpTTOp1JA5g2HW6m4_3828250987-0-cib-300x300.jpg",300,300,true],"woocommerce_single":["https:\/\/www.sikortex.com\/wp-content\/uploads\/2023\/06\/O1CN01tpTTOp1JA5g2HW6m4_3828250987-0-cib-600x600.jpg",600,600,true],"woocommerce_gallery_thumbnail":["https:\/\/www.sikortex.com\/wp-content\/uploads\/2023\/06\/O1CN01tpTTOp1JA5g2HW6m4_3828250987-0-cib-100x100.jpg",100,100,true]},"uagb_author_info":{"display_name":"Perry","author_link":"https:\/\/www.sikortex.com\/vi\/author\/"},"uagb_comment_info":0,"uagb_excerpt":"2000 Meters(Min.Order)","_links":{"self":[{"href":"https:\/\/www.sikortex.com\/vi\/wp-json\/wp\/v2\/product\/4112","targetHints":{"allow":["GET"]}}],"collection":[{"href":"https:\/\/www.sikortex.com\/vi\/wp-json\/wp\/v2\/product"}],"about":[{"href":"https:\/\/www.sikortex.com\/vi\/wp-json\/wp\/v2\/types\/product"}],"replies":[{"embeddable":true,"href":"https:\/\/www.sikortex.com\/vi\/wp-json\/wp\/v2\/comments?post=4112"}],"wp:featuredmedia":[{"embeddable":true,"href":"https:\/\/www.sikortex.com\/vi\/wp-json\/wp\/v2\/media\/4113"}],"wp:attachment":[{"href":"https:\/\/www.sikortex.com\/vi\/wp-json\/wp\/v2\/media?parent=4112"}],"wp:term":[{"taxonomy":"product_brand","embeddable":true,"href":"https:\/\/www.sikortex.com\/vi\/wp-json\/wp\/v2\/product_brand?post=4112"},{"taxonomy":"product_cat","embeddable":true,"href":"https:\/\/www.sikortex.com\/vi\/wp-json\/wp\/v2\/product_cat?post=4112"},{"taxonomy":"product_tag","embeddable":true,"href":"https:\/\/www.sikortex.com\/vi\/wp-json\/wp\/v2\/product_tag?post=4112"}],"curies":[{"name":"wp","href":"https:\/\/api.w.org\/{rel}","templated":true}]}}