{"id":4106,"date":"2023-06-25T09:47:51","date_gmt":"2023-06-25T01:47:51","guid":{"rendered":"http:\/\/shihan.vihsu.com\/?post_type=product&#038;p=4106"},"modified":"2023-10-23T13:17:22","modified_gmt":"2023-10-23T05:17:22","slug":"20d-nylon-66-vai-ke-soc-cuong-do-cao","status":"publish","type":"product","link":"https:\/\/www.sikortex.com\/vi\/san-pham\/20d-nylon-66-vai-ke-soc-cuong-do-cao\/","title":{"rendered":"V\u1ea3i nh\u1eb9 k\u1ebb s\u1ecdc 20D Ripstop Nylon 66"},"content":{"rendered":"<p>V\u1ea3i nh\u1eb9 k\u1ebb s\u1ecdc SIKOR-TEX 20D Ripstop Nylon 66 c\u1ee9ng h\u01a1n v\u00e0 th\u01b0\u1eddng b\u1ec1n h\u01a1n Nylon 6, c\u00f3 kh\u1ea3 n\u0103ng kh\u00e1ng h\u00f3a ch\u1ea5t t\u1ed1t h\u01a1n \u0111\u1ed1i v\u1edbi canxi clorua b\u00e3o h\u00f2a, \u0111\u1ed9 co khu\u00f4n l\u1edbn h\u01a1n v\u00e0 kh\u1ea3 n\u0103ng ch\u1ed1ng m\u00e0i m\u00f2n cao h\u01a1n. V\u1eadt li\u1ec7u nh\u1eb9 v\u00e0 c\u00f3 \u0111\u1ed9 b\u1ec1n c\u01a1 h\u1ecdc, \u0111\u1ed9 d\u1ebbo dai, \u0111\u1ed9 c\u1ee9ng v\u00e0 \u0111\u1ed9 c\u1ee9ng cao. N\u00f3 c\u0169ng c\u00f3 kh\u1ea3 n\u0103ng ch\u1ed1ng m\u1ecfi v\u00e0 va \u0111\u1eadp t\u1ed1t, ch\u1ed1ng m\u00e0i m\u00f2n tuy\u1ec7t v\u1eddi, \u0111\u1eb7c t\u00ednh c\u00e1ch \u0111i\u1ec7n t\u1ed1t v\u00e0 kh\u1ea3 n\u0103ng ch\u1ed1ng nhi\u00ean li\u1ec7u v\u00e0 d\u1ea7u tuy\u1ec7t v\u1eddi.<\/p>\n<p>N\u1ebfu b\u1ea1n \u0111ang t\u00ecm ki\u1ebfm m\u1ed9t lo\u1ea1i v\u1ea3i linh ho\u1ea1t v\u00e0 b\u1ec1n b\u1ec9 th\u00ec kh\u00f4ng \u0111\u00e2u kh\u00e1c ngo\u00e0i Nylon 66. V\u1edbi c\u00e1c \u0111\u1eb7c t\u00ednh c\u01a1 h\u1ecdc tuy\u1ec7t v\u1eddi, bao g\u1ed3m \u0111\u1ed9 b\u1ec1n, \u0111\u1ed9 d\u1ebbo dai v\u00e0 \u0111\u1ed9 c\u1ee9ng cao, lo\u1ea1i v\u1ea3i n\u00e0y ho\u00e0n h\u1ea3o cho nhi\u1ec1u \u1ee9ng d\u1ee5ng. Cho d\u00f9 b\u1ea1n \u0111ang mu\u1ed1n may \u0111\u1ed3 d\u00f9ng ngo\u00e0i tr\u1eddi, t\u00fai x\u00e1ch ch\u1eafc ch\u1eafn hay qu\u1ea7n \u00e1o b\u1ec1n b\u1ec9, v\u1ea3i Nylon 66 l\u00e0 s\u1ef1 l\u1ef1a ch\u1ecdn tuy\u1ec7t v\u1eddi. Kh\u1ea3 n\u0103ng kh\u00e1ng nhi\u00ean li\u1ec7u v\u00e0 d\u1ea7u tuy\u1ec7t v\u1eddi khi\u1ebfn n\u00f3 tr\u1edf n\u00ean l\u00fd t\u01b0\u1edfng cho c\u00e1c \u1ee9ng d\u1ee5ng \u00f4 t\u00f4 v\u00e0 c\u00f4ng nghi\u1ec7p, \u0111\u1ed3ng th\u1eddi k\u1ebft c\u1ea5u nh\u1eb9 khi\u1ebfn n\u00f3 tr\u1edf n\u00ean ho\u00e0n h\u1ea3o cho m\u1ecdi th\u1ee9 c\u1ea7n v\u1eeba ch\u1eafc ch\u1eafn v\u1eeba d\u1ec5 mang theo. V\u1edbi t\u1ea5t c\u1ea3 nh\u1eefng l\u1ee3i \u00edch n\u00e0y, r\u00f5 r\u00e0ng v\u1ea3i Nylon 66 l\u00e0 s\u1ef1 l\u1ef1a ch\u1ecdn th\u00f4ng minh cho b\u1ea5t k\u1ef3 ai mong mu\u1ed1n t\u1ea1o ra nh\u1eefng s\u1ea3n ph\u1ea9m ch\u1ea5t l\u01b0\u1ee3ng cao, b\u1ec1n l\u00e2u.<\/p>","protected":false},"excerpt":{"rendered":"<p>1200 m\u00e9t (\u0110\u01a1n h\u00e0ng t\u1ed1i thi\u1ec3u)<\/p>","protected":false},"featured_media":4107,"comment_status":"closed","ping_status":"closed","template":"","meta":{"_uag_custom_page_level_css":"","site-sidebar-layout":"default","site-content-layout":"default","ast-site-content-layout":"","site-content-style":"default","site-sidebar-style":"default","ast-global-header-display":"","ast-banner-title-visibility":"","ast-main-header-display":"","ast-hfb-above-header-display":"","ast-hfb-below-header-display":"","ast-hfb-mobile-header-display":"","site-post-title":"","ast-breadcrumbs-content":"","ast-featured-img":"","footer-sml-layout":"","theme-transparent-header-meta":"default","adv-header-id-meta":"","stick-header-meta":"default","header-above-stick-meta":"","header-main-stick-meta":"","header-below-stick-meta":"","astra-migrate-meta-layouts":"default","ast-page-background-enabled":"default","ast-page-background-meta":{"desktop":{"background-color":"","background-image":"","background-repeat":"repeat","background-position":"center center","background-size":"auto","background-attachment":"scroll","background-type":"","background-media":"","overlay-type":"","overlay-color":"","overlay-opacity":"","overlay-gradient":""},"tablet":{"background-color":"","background-image":"","background-repeat":"repeat","background-position":"center center","background-size":"auto","background-attachment":"scroll","background-type":"","background-media":"","overlay-type":"","overlay-color":"","overlay-opacity":"","overlay-gradient":""},"mobile":{"background-color":"","background-image":"","background-repeat":"repeat","background-position":"center center","background-size":"auto","background-attachment":"scroll","background-type":"","background-media":"","overlay-type":"","overlay-color":"","overlay-opacity":"","overlay-gradient":""}},"ast-content-background-meta":{"desktop":{"background-color":"var(--ast-global-color-5)","background-image":"","background-repeat":"repeat","background-position":"center center","background-size":"auto","background-attachment":"scroll","background-type":"","background-media":"","overlay-type":"","overlay-color":"","overlay-opacity":"","overlay-gradient":""},"tablet":{"background-color":"var(--ast-global-color-5)","background-image":"","background-repeat":"repeat","background-position":"center center","background-size":"auto","background-attachment":"scroll","background-type":"","background-media":"","overlay-type":"","overlay-color":"","overlay-opacity":"","overlay-gradient":""},"mobile":{"background-color":"var(--ast-global-color-5)","background-image":"","background-repeat":"repeat","background-position":"center center","background-size":"auto","background-attachment":"scroll","background-type":"","background-media":"","overlay-type":"","overlay-color":"","overlay-opacity":"","overlay-gradient":""}}},"product_brand":[],"product_cat":[431,428,429,432,1145,404,433],"product_tag":[],"class_list":{"0":"post-4106","1":"product","2":"type-product","3":"status-publish","4":"has-post-thumbnail","6":"product_cat-fabric-for-commuting-clothing","7":"product_cat-fabric-for-outdoor-sports","8":"product_cat-fabric-for-sportswear","9":"product_cat-fabric-for-tent","10":"product_cat-lightweight-fabric","11":"product_cat-nylon-fabrics","12":"product_cat-textile-for-industrial","13":"pa_available_colors-1526-03","14":"desktop-align-left","15":"tablet-align-left","16":"mobile-align-left","17":"ast-product-gallery-layout-vertical-slider","18":"ast-product-tabs-layout-horizontal","20":"first","21":"instock","22":"shipping-taxable","23":"product-type-simple"},"uagb_featured_image_src":{"full":["https:\/\/www.sikortex.com\/wp-content\/uploads\/2023\/06\/O1CN010udCfx1JA5cVmpT3h_3828250987-0-cib.jpg",1024,1024,false],"thumbnail":["https:\/\/www.sikortex.com\/wp-content\/uploads\/2023\/06\/O1CN010udCfx1JA5cVmpT3h_3828250987-0-cib-150x150.jpg",150,150,true],"medium":["https:\/\/www.sikortex.com\/wp-content\/uploads\/2023\/06\/O1CN010udCfx1JA5cVmpT3h_3828250987-0-cib-300x300.jpg",300,300,true],"medium_large":["https:\/\/www.sikortex.com\/wp-content\/uploads\/2023\/06\/O1CN010udCfx1JA5cVmpT3h_3828250987-0-cib-768x768.jpg",768,768,true],"large":["https:\/\/www.sikortex.com\/wp-content\/uploads\/2023\/06\/O1CN010udCfx1JA5cVmpT3h_3828250987-0-cib.jpg",1024,1024,false],"1536x1536":["https:\/\/www.sikortex.com\/wp-content\/uploads\/2023\/06\/O1CN010udCfx1JA5cVmpT3h_3828250987-0-cib.jpg",1024,1024,false],"2048x2048":["https:\/\/www.sikortex.com\/wp-content\/uploads\/2023\/06\/O1CN010udCfx1JA5cVmpT3h_3828250987-0-cib.jpg",1024,1024,false],"trp-custom-language-flag":["https:\/\/www.sikortex.com\/wp-content\/uploads\/2023\/06\/O1CN010udCfx1JA5cVmpT3h_3828250987-0-cib.jpg",12,12,false],"woocommerce_thumbnail":["https:\/\/www.sikortex.com\/wp-content\/uploads\/2023\/06\/O1CN010udCfx1JA5cVmpT3h_3828250987-0-cib-300x300.jpg",300,300,true],"woocommerce_single":["https:\/\/www.sikortex.com\/wp-content\/uploads\/2023\/06\/O1CN010udCfx1JA5cVmpT3h_3828250987-0-cib-600x600.jpg",600,600,true],"woocommerce_gallery_thumbnail":["https:\/\/www.sikortex.com\/wp-content\/uploads\/2023\/06\/O1CN010udCfx1JA5cVmpT3h_3828250987-0-cib-100x100.jpg",100,100,true]},"uagb_author_info":{"display_name":"Perry","author_link":"https:\/\/www.sikortex.com\/vi\/author\/"},"uagb_comment_info":0,"uagb_excerpt":"1200 Meters(Min.Order)","_links":{"self":[{"href":"https:\/\/www.sikortex.com\/vi\/wp-json\/wp\/v2\/product\/4106","targetHints":{"allow":["GET"]}}],"collection":[{"href":"https:\/\/www.sikortex.com\/vi\/wp-json\/wp\/v2\/product"}],"about":[{"href":"https:\/\/www.sikortex.com\/vi\/wp-json\/wp\/v2\/types\/product"}],"replies":[{"embeddable":true,"href":"https:\/\/www.sikortex.com\/vi\/wp-json\/wp\/v2\/comments?post=4106"}],"wp:featuredmedia":[{"embeddable":true,"href":"https:\/\/www.sikortex.com\/vi\/wp-json\/wp\/v2\/media\/4107"}],"wp:attachment":[{"href":"https:\/\/www.sikortex.com\/vi\/wp-json\/wp\/v2\/media?parent=4106"}],"wp:term":[{"taxonomy":"product_brand","embeddable":true,"href":"https:\/\/www.sikortex.com\/vi\/wp-json\/wp\/v2\/product_brand?post=4106"},{"taxonomy":"product_cat","embeddable":true,"href":"https:\/\/www.sikortex.com\/vi\/wp-json\/wp\/v2\/product_cat?post=4106"},{"taxonomy":"product_tag","embeddable":true,"href":"https:\/\/www.sikortex.com\/vi\/wp-json\/wp\/v2\/product_tag?post=4106"}],"curies":[{"name":"wp","href":"https:\/\/api.w.org\/{rel}","templated":true}]}}