{"id":3960,"date":"2023-06-21T17:12:31","date_gmt":"2023-06-21T09:12:31","guid":{"rendered":"http:\/\/shihan.vihsu.com\/?post_type=product&#038;p=3960"},"modified":"2023-10-28T09:33:22","modified_gmt":"2023-10-28T01:33:22","slug":"nylon-30d-ripstop-hai-soi-soc-vai-phu-silicone-2","status":"publish","type":"product","link":"https:\/\/www.sikortex.com\/vi\/san-pham\/nylon-30d-ripstop-hai-soi-soc-vai-phu-silicone-2\/","title":{"rendered":"Ripstop Silnylon 30D V\u1ea3i b\u1ecdc silicon k\u1ebb s\u1ecdc \u0111\u00f4i"},"content":{"rendered":"<p>Nh\u00e0 s\u1ea3n xu\u1ea5t v\u1ea3i hi\u1ec7u su\u1ea5t SIKOR-TEX<\/p>\n<p>Ripstop Silnylon 30D V\u1ea3i b\u1ecdc silicon k\u1ebb s\u1ecdc \u0111\u00f4i<br \/>\nLo\u1ea1i nylon ripstop ch\u1ed1ng r\u00e1ch hay c\u00f2n g\u1ecdi l\u00e0 silnylon n\u00e0y c\u00f3 l\u1edbp ph\u1ee7 silicon kh\u00f4ng ch\u1ec9 ch\u1ed1ng th\u1ea5m n\u01b0\u1edbc (3000mm) m\u00e0 c\u00f2n t\u0103ng kh\u1ea3 n\u0103ng ch\u1ed1ng m\u00e0i m\u00f2n c\u1ee7a v\u1ea3i, r\u1ea5t th\u00edch h\u1ee3p \u0111\u1ec3 l\u00e0m l\u1ec1u, b\u1ea1t, \u00e1o m\u01b0a, c\u1eafm tr\u1ea1i v\u00e0 ch\u1ed1ng m\u01b0a si\u00eau nh\u1eb9 . L\u1edbp ph\u1ee7 silicone hai m\u1eb7t, m\u1ed9t m\u1ea3nh, hai l\u1edbp gi\u00fap v\u1ea3i kh\u00f4ng th\u1ea5m n\u01b0\u1edbc v\u00e0 ch\u1ed1ng r\u00e1ch c\u1ef1c t\u1ed1t m\u00e0 v\u1eabn gi\u1eef \u0111\u01b0\u1ee3c tr\u1ecdng l\u01b0\u1ee3ng nh\u1eb9, \u0111\u1eb7c bi\u1ec7t \u0111\u1ed1i v\u1edbi ph\u1ea7n \u0111\u00e1y l\u1ec1u ch\u1ecbu nhi\u1ec1u ma s\u00e1t.<\/p>\n<p>V\u1ea3i Ripstop Silnylon co gi\u00e3n khi \u01b0\u1edbt, l\u00fd t\u01b0\u1edfng \u0111\u1ec3 s\u1eed d\u1ee5ng trong m\u1ecdi \u0111i\u1ec1u ki\u1ec7n th\u1eddi ti\u1ebft. Ngo\u00e0i ra, n\u00f3 kh\u00f4 nhanh, kh\u00f4ng co gi\u00e3n v\u00e0 ch\u1ed1ng gi\u00f3, khi\u1ebfn n\u00f3 tr\u1edf th\u00e0nh s\u1ef1 l\u1ef1a ch\u1ecdn linh ho\u1ea1t cho m\u1ecdi trang b\u1ecb ngo\u00e0i tr\u1eddi.<\/p>\n<p>Ch\u1ec9 n\u1eb7ng 40g\/m\u00b2, n\u00f3 si\u00eau nh\u1eb9 v\u00e0 d\u1ec5 mang theo, khi\u1ebfn n\u00f3 tr\u1edf n\u00ean ho\u00e0n h\u1ea3o cho ba l\u00f4 v\u00e0 c\u00e1c thi\u1ebft b\u1ecb kh\u00e1c. N\u00f3 c\u0169ng tu\u00e2n th\u1ee7 ch\u1ee9ng ch\u1ec9 REACH v\u00e0 REACH Standard 100 c\u1ee7a Oeko-Tex, \u0111\u1ea3m b\u1ea3o an to\u00e0n v\u00e0 ch\u1ea5t l\u01b0\u1ee3ng.<\/p>\n<p>Xin l\u01b0u \u00fd r\u1eb1ng l\u1edbp ph\u1ee7 silicon gi\u00fap t\u0103ng c\u01b0\u1eddng kh\u1ea3 n\u0103ng ch\u1ed1ng tia c\u1ef1c t\u00edm c\u1ee7a v\u1ea3i, nh\u01b0ng do v\u1ea3i m\u1ecfng n\u00ean kh\u00f4ng th\u00edch h\u1ee3p \u0111\u1ec3 s\u1eed d\u1ee5ng l\u00e2u d\u00e0i d\u01b0\u1edbi \u00e1nh n\u1eafng tr\u1ef1c ti\u1ebfp.<\/p>","protected":false},"excerpt":{"rendered":"<p>600 m\u00e9t (\u0110\u01a1n h\u00e0ng t\u1ed1i thi\u1ec3u)<\/p>","protected":false},"featured_media":3961,"comment_status":"closed","ping_status":"closed","template":"","meta":{"_uag_custom_page_level_css":"","site-sidebar-layout":"default","site-content-layout":"default","ast-site-content-layout":"","site-content-style":"default","site-sidebar-style":"default","ast-global-header-display":"","ast-banner-title-visibility":"","ast-main-header-display":"","ast-hfb-above-header-display":"","ast-hfb-below-header-display":"","ast-hfb-mobile-header-display":"","site-post-title":"","ast-breadcrumbs-content":"","ast-featured-img":"","footer-sml-layout":"","theme-transparent-header-meta":"default","adv-header-id-meta":"","stick-header-meta":"default","header-above-stick-meta":"","header-main-stick-meta":"","header-below-stick-meta":"","astra-migrate-meta-layouts":"default","ast-page-background-enabled":"default","ast-page-background-meta":{"desktop":{"background-color":"","background-image":"","background-repeat":"repeat","background-position":"center center","background-size":"auto","background-attachment":"scroll","background-type":"","background-media":"","overlay-type":"","overlay-color":"","overlay-opacity":"","overlay-gradient":""},"tablet":{"background-color":"","background-image":"","background-repeat":"repeat","background-position":"center center","background-size":"auto","background-attachment":"scroll","background-type":"","background-media":"","overlay-type":"","overlay-color":"","overlay-opacity":"","overlay-gradient":""},"mobile":{"background-color":"","background-image":"","background-repeat":"repeat","background-position":"center center","background-size":"auto","background-attachment":"scroll","background-type":"","background-media":"","overlay-type":"","overlay-color":"","overlay-opacity":"","overlay-gradient":""}},"ast-content-background-meta":{"desktop":{"background-color":"var(--ast-global-color-5)","background-image":"","background-repeat":"repeat","background-position":"center center","background-size":"auto","background-attachment":"scroll","background-type":"","background-media":"","overlay-type":"","overlay-color":"","overlay-opacity":"","overlay-gradient":""},"tablet":{"background-color":"var(--ast-global-color-5)","background-image":"","background-repeat":"repeat","background-position":"center center","background-size":"auto","background-attachment":"scroll","background-type":"","background-media":"","overlay-type":"","overlay-color":"","overlay-opacity":"","overlay-gradient":""},"mobile":{"background-color":"var(--ast-global-color-5)","background-image":"","background-repeat":"repeat","background-position":"center center","background-size":"auto","background-attachment":"scroll","background-type":"","background-media":"","overlay-type":"","overlay-color":"","overlay-opacity":"","overlay-gradient":""}}},"product_brand":[],"product_cat":[428,432,1145,404,415,407,433,414],"product_tag":[],"class_list":{"0":"post-3960","1":"product","2":"type-product","3":"status-publish","4":"has-post-thumbnail","6":"product_cat-fabric-for-outdoor-sports","7":"product_cat-fabric-for-tent","8":"product_cat-lightweight-fabric","9":"product_cat-nylon-fabrics","10":"product_cat-oil-repellent-fabric","11":"product_cat-recycled-fabric","12":"product_cat-textile-for-industrial","13":"product_cat-waterproof-fabrics","14":"pa_available_colors-h-black","15":"desktop-align-left","16":"tablet-align-left","17":"mobile-align-left","18":"ast-product-gallery-layout-vertical-slider","19":"ast-product-tabs-layout-horizontal","21":"first","22":"instock","23":"shipping-taxable","24":"product-type-simple"},"uagb_featured_image_src":{"full":["https:\/\/www.sikortex.com\/wp-content\/uploads\/2023\/06\/9169665160_1058445396.jpg",1024,1024,false],"thumbnail":["https:\/\/www.sikortex.com\/wp-content\/uploads\/2023\/06\/9169665160_1058445396-150x150.jpg",150,150,true],"medium":["https:\/\/www.sikortex.com\/wp-content\/uploads\/2023\/06\/9169665160_1058445396-300x300.jpg",300,300,true],"medium_large":["https:\/\/www.sikortex.com\/wp-content\/uploads\/2023\/06\/9169665160_1058445396-768x768.jpg",768,768,true],"large":["https:\/\/www.sikortex.com\/wp-content\/uploads\/2023\/06\/9169665160_1058445396.jpg",1024,1024,false],"1536x1536":["https:\/\/www.sikortex.com\/wp-content\/uploads\/2023\/06\/9169665160_1058445396.jpg",1024,1024,false],"2048x2048":["https:\/\/www.sikortex.com\/wp-content\/uploads\/2023\/06\/9169665160_1058445396.jpg",1024,1024,false],"trp-custom-language-flag":["https:\/\/www.sikortex.com\/wp-content\/uploads\/2023\/06\/9169665160_1058445396.jpg",12,12,false],"woocommerce_thumbnail":["https:\/\/www.sikortex.com\/wp-content\/uploads\/2023\/06\/9169665160_1058445396-300x300.jpg",300,300,true],"woocommerce_single":["https:\/\/www.sikortex.com\/wp-content\/uploads\/2023\/06\/9169665160_1058445396-600x600.jpg",600,600,true],"woocommerce_gallery_thumbnail":["https:\/\/www.sikortex.com\/wp-content\/uploads\/2023\/06\/9169665160_1058445396-100x100.jpg",100,100,true]},"uagb_author_info":{"display_name":"Perry","author_link":"https:\/\/www.sikortex.com\/vi\/author\/"},"uagb_comment_info":0,"uagb_excerpt":"600 Meters(Min.Order)","_links":{"self":[{"href":"https:\/\/www.sikortex.com\/vi\/wp-json\/wp\/v2\/product\/3960","targetHints":{"allow":["GET"]}}],"collection":[{"href":"https:\/\/www.sikortex.com\/vi\/wp-json\/wp\/v2\/product"}],"about":[{"href":"https:\/\/www.sikortex.com\/vi\/wp-json\/wp\/v2\/types\/product"}],"replies":[{"embeddable":true,"href":"https:\/\/www.sikortex.com\/vi\/wp-json\/wp\/v2\/comments?post=3960"}],"wp:featuredmedia":[{"embeddable":true,"href":"https:\/\/www.sikortex.com\/vi\/wp-json\/wp\/v2\/media\/3961"}],"wp:attachment":[{"href":"https:\/\/www.sikortex.com\/vi\/wp-json\/wp\/v2\/media?parent=3960"}],"wp:term":[{"taxonomy":"product_brand","embeddable":true,"href":"https:\/\/www.sikortex.com\/vi\/wp-json\/wp\/v2\/product_brand?post=3960"},{"taxonomy":"product_cat","embeddable":true,"href":"https:\/\/www.sikortex.com\/vi\/wp-json\/wp\/v2\/product_cat?post=3960"},{"taxonomy":"product_tag","embeddable":true,"href":"https:\/\/www.sikortex.com\/vi\/wp-json\/wp\/v2\/product_tag?post=3960"}],"curies":[{"name":"wp","href":"https:\/\/api.w.org\/{rel}","templated":true}]}}