{"id":3943,"date":"2023-06-21T16:57:58","date_gmt":"2023-06-21T08:57:58","guid":{"rendered":"http:\/\/shihan.vihsu.com\/?post_type=product&#038;p=3943"},"modified":"2023-10-20T13:47:54","modified_gmt":"2023-10-20T05:47:54","slug":"vai-nylon-20d-ke-soc","status":"publish","type":"product","link":"https:\/\/www.sikortex.com\/vi\/san-pham\/vai-nylon-20d-ke-soc\/","title":{"rendered":"V\u1ea3i k\u1ebb s\u1ecdc nylon Taffeta 20D nh\u1eb9 cho \u00e1o kho\u00e1c xu\u1ed1ng"},"content":{"rendered":"<h5>D\u00f2ng v\u1ea3i nh\u1eb9 nh\u1ea5t SIKOR-TEX<\/h5>\n<p>Lo\u1ea1i v\u1ea3i nh\u1eb9 nh\u1ea5t k\u1ebb s\u1ecdc nylon Taffeta 20D d\u00e0nh cho \u00e1o kho\u00e1c ngo\u00e0i l\u00e0 lo\u1ea1i v\u1ea3i si\u00eau m\u1ecfng, co gi\u00e3n, r\u1ea5t l\u00fd t\u01b0\u1edfng \u0111\u1ec3 l\u00e0m \u00e1o kho\u00e1c v\u00e0 qu\u1ea7n \u00e1o ch\u1ed1ng n\u1eafng. V\u1edbi l\u1edbp ph\u1ee7 ch\u1ed1ng th\u1ea5m n\u01b0\u1edbc, lo\u1ea1i v\u1ea3i n\u00e0y r\u1ea5t l\u00fd t\u01b0\u1edfng cho c\u00e1c ho\u1ea1t \u0111\u1ed9ng ngo\u00e0i tr\u1eddi. \u0110\u01b0\u1ee3c l\u00e0m b\u1eb1ng nylon ch\u1ea5t l\u01b0\u1ee3ng cao, lo\u1ea1i v\u1ea3i n\u00e0y b\u1ec1n v\u00e0 l\u00e2u d\u00e0i. \u0110\u1ed9 \u0111\u00e0n h\u1ed3i c\u1ee7a n\u00f3 mang l\u1ea1i c\u1ea3m gi\u00e1c v\u1eeba v\u1eb7n tho\u1ea3i m\u00e1i, khi\u1ebfn n\u00f3 tr\u1edf n\u00ean ho\u00e0n h\u1ea3o cho trang ph\u1ee5c n\u0103ng \u0111\u1ed9ng. S\u1eed d\u1ee5ng lo\u1ea1i v\u1ea3i n\u00e0y \u0111\u1ec3 t\u1ea1o ra nh\u1eefng chi\u1ebfc \u00e1o kho\u00e1c v\u1eeba phong c\u00e1ch v\u1eeba ti\u1ec7n d\u1ee5ng. H\u00e3y \u0111\u1eb7t h\u00e0ng ngay v\u00e0 tr\u1ea3i nghi\u1ec7m nh\u1eefng l\u1ee3i \u00edch m\u00e0 lo\u1ea1i v\u1ea3i cao c\u1ea5p n\u00e0y mang l\u1ea1i cho ch\u00ednh b\u1ea1n nh\u00e9!<\/p>\n<p>Ch\u00fang t\u00f4i c\u00f2n c\u00f3 c\u00e1c lo\u1ea1i v\u1ea3i nylon 100 si\u00eau m\u1ecfng kh\u00e1c. Chi s\u1ed1 s\u1ee3i t\u1ed1t nh\u1ea5t ch\u1ec9 l\u00e0 10 denier, \u0111i\u1ec1u n\u00e0y ph\u00e1 v\u1ee1 tr\u00ed t\u01b0\u1edfng t\u01b0\u1ee3ng c\u1ee7a ch\u00fang ta v\u00e0 mang l\u1ea1i c\u1ea3m gi\u00e1c tr\u1ecdng l\u1ef1c \u201c0\u201d \u0111\u00e1ng kinh ng\u1ea1c.<\/p>","protected":false},"excerpt":{"rendered":"<p>1200 m\u00e9t (\u0110\u01a1n h\u00e0ng t\u1ed1i thi\u1ec3u)<\/p>","protected":false},"featured_media":3944,"comment_status":"closed","ping_status":"closed","template":"","meta":{"_uag_custom_page_level_css":"","site-sidebar-layout":"default","site-content-layout":"default","ast-site-content-layout":"","site-content-style":"default","site-sidebar-style":"default","ast-global-header-display":"","ast-banner-title-visibility":"","ast-main-header-display":"","ast-hfb-above-header-display":"","ast-hfb-below-header-display":"","ast-hfb-mobile-header-display":"","site-post-title":"","ast-breadcrumbs-content":"","ast-featured-img":"","footer-sml-layout":"","theme-transparent-header-meta":"default","adv-header-id-meta":"","stick-header-meta":"default","header-above-stick-meta":"","header-main-stick-meta":"","header-below-stick-meta":"","astra-migrate-meta-layouts":"default","ast-page-background-enabled":"default","ast-page-background-meta":{"desktop":{"background-color":"","background-image":"","background-repeat":"repeat","background-position":"center center","background-size":"auto","background-attachment":"scroll","background-type":"","background-media":"","overlay-type":"","overlay-color":"","overlay-opacity":"","overlay-gradient":""},"tablet":{"background-color":"","background-image":"","background-repeat":"repeat","background-position":"center center","background-size":"auto","background-attachment":"scroll","background-type":"","background-media":"","overlay-type":"","overlay-color":"","overlay-opacity":"","overlay-gradient":""},"mobile":{"background-color":"","background-image":"","background-repeat":"repeat","background-position":"center center","background-size":"auto","background-attachment":"scroll","background-type":"","background-media":"","overlay-type":"","overlay-color":"","overlay-opacity":"","overlay-gradient":""}},"ast-content-background-meta":{"desktop":{"background-color":"var(--ast-global-color-5)","background-image":"","background-repeat":"repeat","background-position":"center center","background-size":"auto","background-attachment":"scroll","background-type":"","background-media":"","overlay-type":"","overlay-color":"","overlay-opacity":"","overlay-gradient":""},"tablet":{"background-color":"var(--ast-global-color-5)","background-image":"","background-repeat":"repeat","background-position":"center center","background-size":"auto","background-attachment":"scroll","background-type":"","background-media":"","overlay-type":"","overlay-color":"","overlay-opacity":"","overlay-gradient":""},"mobile":{"background-color":"var(--ast-global-color-5)","background-image":"","background-repeat":"repeat","background-position":"center center","background-size":"auto","background-attachment":"scroll","background-type":"","background-media":"","overlay-type":"","overlay-color":"","overlay-opacity":"","overlay-gradient":""}}},"product_brand":[],"product_cat":[431,428,432,1145,404,415,407,433,414],"product_tag":[],"class_list":{"0":"post-3943","1":"product","2":"type-product","3":"status-publish","4":"has-post-thumbnail","6":"product_cat-fabric-for-commuting-clothing","7":"product_cat-fabric-for-outdoor-sports","8":"product_cat-fabric-for-tent","9":"product_cat-lightweight-fabric","10":"product_cat-nylon-fabrics","11":"product_cat-oil-repellent-fabric","12":"product_cat-recycled-fabric","13":"product_cat-textile-for-industrial","14":"product_cat-waterproof-fabrics","15":"pa_available_colors-1526-25","16":"desktop-align-left","17":"tablet-align-left","18":"mobile-align-left","19":"ast-product-gallery-layout-vertical-slider","20":"ast-product-tabs-layout-horizontal","22":"first","23":"instock","24":"shipping-taxable","25":"product-type-simple"},"uagb_featured_image_src":{"full":["https:\/\/www.sikortex.com\/wp-content\/uploads\/2023\/06\/O1CN01jL9IdM1g9OD14mkyH_2207443834099-0-cib.jpg",1024,1024,false],"thumbnail":["https:\/\/www.sikortex.com\/wp-content\/uploads\/2023\/06\/O1CN01jL9IdM1g9OD14mkyH_2207443834099-0-cib-150x150.jpg",150,150,true],"medium":["https:\/\/www.sikortex.com\/wp-content\/uploads\/2023\/06\/O1CN01jL9IdM1g9OD14mkyH_2207443834099-0-cib-300x300.jpg",300,300,true],"medium_large":["https:\/\/www.sikortex.com\/wp-content\/uploads\/2023\/06\/O1CN01jL9IdM1g9OD14mkyH_2207443834099-0-cib-768x768.jpg",768,768,true],"large":["https:\/\/www.sikortex.com\/wp-content\/uploads\/2023\/06\/O1CN01jL9IdM1g9OD14mkyH_2207443834099-0-cib.jpg",1024,1024,false],"1536x1536":["https:\/\/www.sikortex.com\/wp-content\/uploads\/2023\/06\/O1CN01jL9IdM1g9OD14mkyH_2207443834099-0-cib.jpg",1024,1024,false],"2048x2048":["https:\/\/www.sikortex.com\/wp-content\/uploads\/2023\/06\/O1CN01jL9IdM1g9OD14mkyH_2207443834099-0-cib.jpg",1024,1024,false],"trp-custom-language-flag":["https:\/\/www.sikortex.com\/wp-content\/uploads\/2023\/06\/O1CN01jL9IdM1g9OD14mkyH_2207443834099-0-cib.jpg",12,12,false],"woocommerce_thumbnail":["https:\/\/www.sikortex.com\/wp-content\/uploads\/2023\/06\/O1CN01jL9IdM1g9OD14mkyH_2207443834099-0-cib-300x300.jpg",300,300,true],"woocommerce_single":["https:\/\/www.sikortex.com\/wp-content\/uploads\/2023\/06\/O1CN01jL9IdM1g9OD14mkyH_2207443834099-0-cib-600x600.jpg",600,600,true],"woocommerce_gallery_thumbnail":["https:\/\/www.sikortex.com\/wp-content\/uploads\/2023\/06\/O1CN01jL9IdM1g9OD14mkyH_2207443834099-0-cib-100x100.jpg",100,100,true]},"uagb_author_info":{"display_name":"Perry","author_link":"https:\/\/www.sikortex.com\/vi\/author\/"},"uagb_comment_info":0,"uagb_excerpt":"1200 Meters(Min.Order)","_links":{"self":[{"href":"https:\/\/www.sikortex.com\/vi\/wp-json\/wp\/v2\/product\/3943","targetHints":{"allow":["GET"]}}],"collection":[{"href":"https:\/\/www.sikortex.com\/vi\/wp-json\/wp\/v2\/product"}],"about":[{"href":"https:\/\/www.sikortex.com\/vi\/wp-json\/wp\/v2\/types\/product"}],"replies":[{"embeddable":true,"href":"https:\/\/www.sikortex.com\/vi\/wp-json\/wp\/v2\/comments?post=3943"}],"wp:featuredmedia":[{"embeddable":true,"href":"https:\/\/www.sikortex.com\/vi\/wp-json\/wp\/v2\/media\/3944"}],"wp:attachment":[{"href":"https:\/\/www.sikortex.com\/vi\/wp-json\/wp\/v2\/media?parent=3943"}],"wp:term":[{"taxonomy":"product_brand","embeddable":true,"href":"https:\/\/www.sikortex.com\/vi\/wp-json\/wp\/v2\/product_brand?post=3943"},{"taxonomy":"product_cat","embeddable":true,"href":"https:\/\/www.sikortex.com\/vi\/wp-json\/wp\/v2\/product_cat?post=3943"},{"taxonomy":"product_tag","embeddable":true,"href":"https:\/\/www.sikortex.com\/vi\/wp-json\/wp\/v2\/product_tag?post=3943"}],"curies":[{"name":"wp","href":"https:\/\/api.w.org\/{rel}","templated":true}]}}