{"id":2415,"date":"2023-06-02T17:13:04","date_gmt":"2023-06-02T09:13:04","guid":{"rendered":"http:\/\/203.196.10.64:3021\/?post_type=product&#038;p=2415"},"modified":"2023-11-24T12:30:41","modified_gmt":"2023-11-24T04:30:41","slug":"sk8286-2","status":"publish","type":"product","link":"https:\/\/www.sikortex.com\/vi\/san-pham\/sk8286-2\/","title":{"rendered":"V\u1ea3i ch\u1ed1ng th\u1ea5m Taffeta nylon 40D 300T"},"content":{"rendered":"<p>SIKOR-TEX 40D 300T Nylon Taffeta Downproof Fabric \u2013 M\u1ed9t lo\u1ea1i v\u1ea3i b\u1ec1n v\u00e0 kh\u00f4ng th\u1ea5m n\u01b0\u1edbc<\/p>\n<p>V\u1ea3i nylon nh\u1eb9 l\u00e0 lo\u1ea1i v\u1ea3i ch\u1eafc ch\u1eafn v\u00e0 c\u1ee9ng \u0111\u01b0\u1ee3c l\u00e0m t\u1eeb nylon c\u00f3 \u0111\u1ed9 b\u1ec1n cao. T\u1ea1i SIKOR-TEX, ch\u00fang t\u00f4i cung c\u1ea5p v\u1ea3i taffeta nylon c\u00f3 l\u1edbp ho\u00e0n thi\u1ec7n DWR v\u00e0 \u0111\u01b0\u1ee3c \u00e9p th\u00e0nh l\u1edbp ph\u1ee7 tho\u00e1ng kh\u00ed, x\u1ed1p si\u00eau nh\u1ecf m\u00e0u tr\u1eafng. \u0110i\u1ec1u n\u00e0y l\u00e0m cho n\u00f3 tr\u1edf th\u00e0nh s\u1ef1 l\u1ef1a ch\u1ecdn l\u00fd t\u01b0\u1edfng cho nhi\u1ec1u \u1ee9ng d\u1ee5ng kh\u00e1c nhau, bao g\u1ed3m qu\u1ea7n \u0111i m\u01b0a\/qu\u1ea3 n\u01b0\u1edbc ki\u1ec3u \u201cMuddy Buddy\u201d d\u00e0nh cho tr\u1ebb em, t\u00fai t\u00e3, h\u1ed9p \u0111\u1ef1ng, t\u00fai \u0111\u1ef1ng b\u1ee5i v\u00e0 ng\u0103n ch\u1ee9a \u0111\u1ed3, v.v.<\/p>\n<p>V\u1ea3i taffeta nylon c\u1ee7a ch\u00fang t\u00f4i l\u00e0 lo\u1ea1i v\u1ea3i ch\u1ed1ng th\u1ea5m ch\u1ea5t l\u01b0\u1ee3ng cao \u0111\u01b0\u1ee3c thi\u1ebft k\u1ebf \u0111\u1ec3 ch\u1ed1ng m\u00e0i m\u00f2n, khi\u1ebfn v\u1ea3i tr\u1edf n\u00ean ho\u00e0n h\u1ea3o khi s\u1eed d\u1ee5ng ngo\u00e0i tr\u1eddi. \u0110\u1eb7c t\u00ednh ch\u1ed1ng th\u1ea5m n\u01b0\u1edbc v\u00e0 tho\u00e1ng kh\u00ed c\u1ee7a n\u00f3 l\u00e0m cho n\u00f3 tr\u1edf th\u00e0nh s\u1ef1 l\u1ef1a ch\u1ecdn tuy\u1ec7t v\u1eddi cho qu\u1ea7n \u00e1o v\u00e0 ph\u1ee5 ki\u1ec7n c\u1ea7n b\u1ea3o v\u1ec7 kh\u1ecfi c\u00e1c y\u1ebfu t\u1ed1 th\u1eddi ti\u1ebft. Ngo\u00e0i ra, v\u1ea3i taffeta nylon c\u1ee7a ch\u00fang t\u00f4i c\u00f3 nhi\u1ec1u m\u00e0u s\u1eafc ph\u00f9 h\u1ee3p v\u1edbi nhu c\u1ea7u c\u1ee7a b\u1ea1n.<\/p>\n<p>N\u1ebfu b\u1ea1n \u0111ang t\u00ecm ki\u1ebfm m\u1ed9t lo\u1ea1i v\u1ea3i b\u1ec1n v\u00e0 kh\u00f4ng th\u1ea5m n\u01b0\u1edbc cho d\u1ef1 \u00e1n ti\u1ebfp theo c\u1ee7a m\u00ecnh, th\u00ec kh\u00f4ng \u0111\u00e2u kh\u00e1c ngo\u00e0i V\u1ea3i ch\u1ed1ng th\u1ea5m c\u1ee7a SIKOR-TEX.<\/p>","protected":false},"excerpt":{"rendered":"<p>1200 m\u00e9t (\u0110\u01a1n h\u00e0ng t\u1ed1i thi\u1ec3u)<\/p>","protected":false},"featured_media":2417,"comment_status":"closed","ping_status":"closed","template":"","meta":{"_uag_custom_page_level_css":"","site-sidebar-layout":"default","site-content-layout":"default","ast-site-content-layout":"","site-content-style":"default","site-sidebar-style":"default","ast-global-header-display":"","ast-banner-title-visibility":"","ast-main-header-display":"","ast-hfb-above-header-display":"","ast-hfb-below-header-display":"","ast-hfb-mobile-header-display":"","site-post-title":"","ast-breadcrumbs-content":"","ast-featured-img":"","footer-sml-layout":"","theme-transparent-header-meta":"default","adv-header-id-meta":"","stick-header-meta":"default","header-above-stick-meta":"","header-main-stick-meta":"","header-below-stick-meta":"","astra-migrate-meta-layouts":"default","ast-page-background-enabled":"default","ast-page-background-meta":{"desktop":{"background-color":"","background-image":"","background-repeat":"repeat","background-position":"center center","background-size":"auto","background-attachment":"scroll","background-type":"","background-media":"","overlay-type":"","overlay-color":"","overlay-opacity":"","overlay-gradient":""},"tablet":{"background-color":"","background-image":"","background-repeat":"repeat","background-position":"center center","background-size":"auto","background-attachment":"scroll","background-type":"","background-media":"","overlay-type":"","overlay-color":"","overlay-opacity":"","overlay-gradient":""},"mobile":{"background-color":"","background-image":"","background-repeat":"repeat","background-position":"center center","background-size":"auto","background-attachment":"scroll","background-type":"","background-media":"","overlay-type":"","overlay-color":"","overlay-opacity":"","overlay-gradient":""}},"ast-content-background-meta":{"desktop":{"background-color":"var(--ast-global-color-5)","background-image":"","background-repeat":"repeat","background-position":"center center","background-size":"auto","background-attachment":"scroll","background-type":"","background-media":"","overlay-type":"","overlay-color":"","overlay-opacity":"","overlay-gradient":""},"tablet":{"background-color":"var(--ast-global-color-5)","background-image":"","background-repeat":"repeat","background-position":"center center","background-size":"auto","background-attachment":"scroll","background-type":"","background-media":"","overlay-type":"","overlay-color":"","overlay-opacity":"","overlay-gradient":""},"mobile":{"background-color":"var(--ast-global-color-5)","background-image":"","background-repeat":"repeat","background-position":"center center","background-size":"auto","background-attachment":"scroll","background-type":"","background-media":"","overlay-type":"","overlay-color":"","overlay-opacity":"","overlay-gradient":""}}},"product_brand":[],"product_cat":[431,428,432,1145,404,415,407,414],"product_tag":[],"class_list":{"0":"post-2415","1":"product","2":"type-product","3":"status-publish","4":"has-post-thumbnail","6":"product_cat-fabric-for-commuting-clothing","7":"product_cat-fabric-for-outdoor-sports","8":"product_cat-fabric-for-tent","9":"product_cat-lightweight-fabric","10":"product_cat-nylon-fabrics","11":"product_cat-oil-repellent-fabric","12":"product_cat-recycled-fabric","13":"product_cat-waterproof-fabrics","14":"pa_available_colors-1526-03","15":"pa_available_colors-1526-04","16":"pa_available_colors-1526-05","17":"pa_available_colors-1526-06","18":"pa_available_colors-1526-07","19":"pa_available_colors-1526-08","20":"pa_available_colors-1526-09","21":"pa_available_colors-1526-10","22":"pa_available_colors-1526-11","23":"pa_available_colors-1526-12","24":"pa_available_colors-1526-13","25":"pa_available_colors-1526-14","26":"pa_available_colors-1526-15","27":"pa_available_colors-1526-16","28":"pa_available_colors-1526-17","29":"pa_available_colors-1526-18","30":"pa_available_colors-1526-19","31":"pa_available_colors-1526-20","32":"pa_available_colors-1526-21","33":"pa_available_colors-1526-22","34":"pa_available_colors-1526-23","35":"pa_available_colors-1526-24","36":"pa_available_colors-1526-25","37":"pa_available_colors-1526-26","38":"pa_available_colors-1526-27","39":"pa_available_colors-1526-28","40":"pa_available_colors-1526-29","41":"pa_available_colors-1526-30","42":"pa_available_colors-1526-31","43":"pa_available_colors-1526-32","44":"pa_available_colors-1526-33","45":"pa_available_colors-1526-34","46":"pa_available_colors-1526-35","47":"pa_available_colors-1526-36","48":"pa_available_colors-1526-37","49":"pa_available_colors-1526-38","50":"pa_available_colors-1526-39","51":"pa_available_colors-1526-40","52":"pa_available_colors-1526-41","53":"pa_available_colors-1526-42","54":"pa_available_colors-1526-43","55":"pa_available_colors-1526-44","56":"pa_available_colors-1526-45","57":"pa_available_colors-1526-46","58":"pa_available_colors-1526-47","59":"pa_available_colors-1526-48","60":"pa_available_colors-1526-49","61":"pa_available_colors-1526-50","62":"pa_available_colors-1526-51","63":"pa_available_colors-1526-52","64":"pa_available_colors-1526-53","65":"pa_available_colors-1526-54","66":"pa_available_colors-1526-55","67":"pa_available_colors-1526-56","68":"pa_available_colors-1526-57","69":"pa_available_colors-1526-58","70":"pa_available_colors-1526-59","71":"pa_available_colors-1526-60","72":"pa_available_colors-1526-61","73":"pa_available_colors-1526-62","74":"pa_available_colors-8236-1","75":"pa_available_colors-8236-10","76":"pa_available_colors-8236-11","77":"pa_available_colors-8236-12","78":"pa_available_colors-8236-13","79":"pa_available_colors-8236-15","80":"pa_available_colors-8236-16","81":"pa_available_colors-8236-17","82":"pa_available_colors-8236-18","83":"pa_available_colors-8236-19","84":"pa_available_colors-8236-2","85":"pa_available_colors-8236-20","86":"pa_available_colors-8236-3","87":"pa_available_colors-8236-4","88":"pa_available_colors-8236-5","89":"pa_available_colors-8236-6","90":"pa_available_colors-8236-7","91":"pa_available_colors-8236-8","92":"pa_available_colors-8236-9","93":"pa_available_colors-484002-lgt","94":"pa_available_colors-471001-spc","95":"pa_available_colors-464005-lgt","96":"pa_available_colors-321005-ult","97":"pa_available_colors-fluorescent-orange","98":"pa_available_colors-fluorescent-red","99":"pa_available_colors-fluorescent-yellow","100":"pa_available_colors-301001-spc","101":"pa_available_colors-143001-std","102":"pa_available_colors-362001-std","103":"pa_available_colors-502001-std","104":"pa_available_colors-501001-spc","105":"pa_available_colors-000014-wht","106":"pa_available_colors-yellow","107":"pa_available_colors-royal-blue","108":"pa_available_colors-olive-green","109":"pa_available_colors-h-black","110":"pa_available_colors-911052-spc","111":"pa_available_colors-000020-wht","112":"desktop-align-left","113":"tablet-align-left","114":"mobile-align-left","115":"ast-product-gallery-layout-vertical-slider","116":"ast-product-tabs-layout-horizontal","118":"first","119":"instock","120":"shipping-taxable","121":"product-type-simple"},"uagb_featured_image_src":{"full":["https:\/\/www.sikortex.com\/wp-content\/uploads\/2023\/06\/O1CN01agVsWX1g9ODVCtcgX_2207443834099-0-cib.jpg",648,648,false],"thumbnail":["https:\/\/www.sikortex.com\/wp-content\/uploads\/2023\/06\/O1CN01agVsWX1g9ODVCtcgX_2207443834099-0-cib-150x150.jpg",150,150,true],"medium":["https:\/\/www.sikortex.com\/wp-content\/uploads\/2023\/06\/O1CN01agVsWX1g9ODVCtcgX_2207443834099-0-cib-300x300.jpg",300,300,true],"medium_large":["https:\/\/www.sikortex.com\/wp-content\/uploads\/2023\/06\/O1CN01agVsWX1g9ODVCtcgX_2207443834099-0-cib.jpg",648,648,false],"large":["https:\/\/www.sikortex.com\/wp-content\/uploads\/2023\/06\/O1CN01agVsWX1g9ODVCtcgX_2207443834099-0-cib.jpg",648,648,false],"1536x1536":["https:\/\/www.sikortex.com\/wp-content\/uploads\/2023\/06\/O1CN01agVsWX1g9ODVCtcgX_2207443834099-0-cib.jpg",648,648,false],"2048x2048":["https:\/\/www.sikortex.com\/wp-content\/uploads\/2023\/06\/O1CN01agVsWX1g9ODVCtcgX_2207443834099-0-cib.jpg",648,648,false],"trp-custom-language-flag":["https:\/\/www.sikortex.com\/wp-content\/uploads\/2023\/06\/O1CN01agVsWX1g9ODVCtcgX_2207443834099-0-cib.jpg",12,12,false],"woocommerce_thumbnail":["https:\/\/www.sikortex.com\/wp-content\/uploads\/2023\/06\/O1CN01agVsWX1g9ODVCtcgX_2207443834099-0-cib-300x300.jpg",300,300,true],"woocommerce_single":["https:\/\/www.sikortex.com\/wp-content\/uploads\/2023\/06\/O1CN01agVsWX1g9ODVCtcgX_2207443834099-0-cib-600x600.jpg",600,600,true],"woocommerce_gallery_thumbnail":["https:\/\/www.sikortex.com\/wp-content\/uploads\/2023\/06\/O1CN01agVsWX1g9ODVCtcgX_2207443834099-0-cib-100x100.jpg",100,100,true]},"uagb_author_info":{"display_name":"Perry","author_link":"https:\/\/www.sikortex.com\/vi\/author\/"},"uagb_comment_info":0,"uagb_excerpt":"1200 Meters(Min.Order)","_links":{"self":[{"href":"https:\/\/www.sikortex.com\/vi\/wp-json\/wp\/v2\/product\/2415","targetHints":{"allow":["GET"]}}],"collection":[{"href":"https:\/\/www.sikortex.com\/vi\/wp-json\/wp\/v2\/product"}],"about":[{"href":"https:\/\/www.sikortex.com\/vi\/wp-json\/wp\/v2\/types\/product"}],"replies":[{"embeddable":true,"href":"https:\/\/www.sikortex.com\/vi\/wp-json\/wp\/v2\/comments?post=2415"}],"wp:featuredmedia":[{"embeddable":true,"href":"https:\/\/www.sikortex.com\/vi\/wp-json\/wp\/v2\/media\/2417"}],"wp:attachment":[{"href":"https:\/\/www.sikortex.com\/vi\/wp-json\/wp\/v2\/media?parent=2415"}],"wp:term":[{"taxonomy":"product_brand","embeddable":true,"href":"https:\/\/www.sikortex.com\/vi\/wp-json\/wp\/v2\/product_brand?post=2415"},{"taxonomy":"product_cat","embeddable":true,"href":"https:\/\/www.sikortex.com\/vi\/wp-json\/wp\/v2\/product_cat?post=2415"},{"taxonomy":"product_tag","embeddable":true,"href":"https:\/\/www.sikortex.com\/vi\/wp-json\/wp\/v2\/product_tag?post=2415"}],"curies":[{"name":"wp","href":"https:\/\/api.w.org\/{rel}","templated":true}]}}