{"id":2388,"date":"2023-06-02T16:47:44","date_gmt":"2023-06-02T08:47:44","guid":{"rendered":"http:\/\/203.196.10.64:3021\/?post_type=product&#038;p=2388"},"modified":"2023-11-21T17:22:58","modified_gmt":"2023-11-21T09:22:58","slug":"sk8282-2","status":"publish","type":"product","link":"https:\/\/www.sikortex.com\/vi\/san-pham\/sk8282-2\/","title":{"rendered":"V\u1ea3i c\u0103ng T400 Jacquard Polyester"},"content":{"rendered":"<h4>100 polyester c\u00f3 co gi\u00e3n kh\u00f4ng?<\/h4>\n<p>Polyester T400 l\u00e0 m\u1ed9t lo\u1ea1i s\u1ee3i c\u00f3 k\u1ebft c\u1ea5u r\u1ea5t \u0111\u00e0n h\u1ed3i \u0111\u01b0\u1ee3c ph\u00e1t minh b\u1edfi DuPont v\u00e0 \u0111\u01b0\u1ee3c bi\u1ebft \u0111\u1ebfn v\u1edbi t\u00ednh \u0111\u00e0n h\u1ed3i l\u00e2u d\u00e0i ph\u00e2n h\u1ee7y ch\u1eadm h\u01a1n spandex. Ch\u1ea5t li\u1ec7u n\u00e0y r\u1ea5t th\u00edch h\u1ee3p \u0111\u1ec3 l\u00e0m \u00e1o kho\u00e1c th\u00f4ng th\u01b0\u1eddng, \u00e1o gi\u00f3 v\u00e0 \u00e1o kho\u00e1c l\u00f4ng v\u0169, v.v., v\u00e0 \u0111\u01b0\u1ee3c \u01b0a chu\u1ed9ng v\u00ec \u0111\u1ed9 m\u1ec1m m\u1ea1i, tho\u00e1ng kh\u00ed v\u00e0 \u0111\u1ed9 b\u1ec1n c\u1ee7a n\u00f3.<\/p>\n<p>So v\u1edbi ch\u1ea5t li\u1ec7u cotton, s\u1ee3i c\u1ee7a ch\u1ea5t li\u1ec7u polyester Stretch T400 m\u1ec1m m\u1ea1i h\u01a1n, c\u00f3 kh\u1ea3 n\u0103ng gi\u1eef \u1ea5m c\u01a1 th\u1ec3 n\u00ean r\u1ea5t \u0111\u01b0\u1ee3c \u01b0a chu\u1ed9ng \u0111\u1ed1i v\u1edbi nh\u1eefng ng\u01b0\u1eddi th\u00edch th\u1ec3 thao v\u00e0 nh\u1eefng ng\u01b0\u1eddi \u0111i b\u1ed9 \u0111\u01b0\u1eddng d\u00e0i trong th\u1eddi ti\u1ebft l\u1ea1nh v\u00ec ch\u1ea5t li\u1ec7u n\u00e0y c\u00f3 th\u1ec3 gi\u1eef \u1ea5m. \u1ea5m. Ngo\u00e0i ra, ch\u1ea5t li\u1ec7u n\u00e0y c\u00f2n c\u00f3 kh\u1ea3 n\u0103ng ch\u1ed1ng n\u01b0\u1edbc n\u00ean s\u1ebd kh\u00f4ng b\u1ecb qu\u1ea7n \u00e1o h\u1ea5p th\u1ee5 khi b\u1ea1n \u0111\u1ed5 m\u1ed3 h\u00f4i, r\u1ea5t l\u00fd t\u01b0\u1edfng khi m\u1eb7c \u0111\u1ed3 th\u1ec3 thao.<\/p>\n<p>\u0110\u1eb7c t\u00ednh \u0111\u00e0n h\u1ed3i \u0111\u1eb7c bi\u1ec7t c\u1ee7a polyester T400 cho ph\u00e9p n\u00f3 co gi\u00e3n t\u1ef1 nhi\u00ean khi m\u1eb7c. C\u00e1c nh\u00e0 s\u1ea3n xu\u1ea5t \u0111\u00e3 l\u00e0m cho v\u1eadt li\u1ec7u n\u00e0y tho\u1ea3i m\u00e1i h\u01a1n b\u1eb1ng c\u00e1ch xem x\u00e9t \u0111\u1eb7c \u0111i\u1ec3m n\u00e0y. B\u1ea5t k\u1ec3 n\u00f3 b\u1ecb k\u00e9o gi\u00e3n ra sao khi m\u1eb7c, ch\u1ea5t li\u1ec7u n\u00e0y s\u1ebd tr\u1edf l\u1ea1i h\u00ecnh d\u1ea1ng v\u00e0 k\u00edch th\u01b0\u1edbc ban \u0111\u1ea7u khi c\u1edfi ra. \u0110\u00f3 l\u00e0 m\u1ed9t tin tuy\u1ec7t v\u1eddi, b\u1edfi v\u00ec kh\u00f4ng c\u1ea7n ph\u1ea3i lo l\u1eafng v\u1ec1 vi\u1ec7c qu\u1ea7n \u00e1o t\u1eadp luy\u1ec7n ho\u1eb7c qu\u1ea7n legging s\u1ebd l\u1edbn h\u01a1n hai c\u1ee1 v\u00e0o m\u1ed9t ng\u00e0y n\u00e0o \u0111\u00f3.<\/p>\n<p>Qu\u1ea7n \u00e1o polyester nguy\u00ean ch\u1ea5t co r\u1ea5t \u00edt, v\u00ec v\u1eady vi\u1ec7c co nh\u1eefng lo\u1ea1i qu\u1ea7n \u00e1o nh\u01b0 v\u1eady, n\u1ebfu c\u1ea7n, l\u00e0 kh\u00f3 kh\u0103n. Qu\u1ea7n \u00e1o pha polyester v\u1edbi s\u1ee3i t\u1ef1 nhi\u00ean c\u00f3 th\u1ec3 \u00edt co gi\u00e3n h\u01a1n.<\/p>","protected":false},"excerpt":{"rendered":"<p>600 m\u00e9t (\u0110\u01a1n h\u00e0ng t\u1ed1i thi\u1ec3u)<\/p>","protected":false},"featured_media":3934,"comment_status":"closed","ping_status":"closed","template":"","meta":{"_uag_custom_page_level_css":"","site-sidebar-layout":"default","site-content-layout":"default","ast-site-content-layout":"","site-content-style":"default","site-sidebar-style":"default","ast-global-header-display":"","ast-banner-title-visibility":"","ast-main-header-display":"","ast-hfb-above-header-display":"","ast-hfb-below-header-display":"","ast-hfb-mobile-header-display":"","site-post-title":"","ast-breadcrumbs-content":"","ast-featured-img":"","footer-sml-layout":"","theme-transparent-header-meta":"default","adv-header-id-meta":"","stick-header-meta":"default","header-above-stick-meta":"","header-main-stick-meta":"","header-below-stick-meta":"","astra-migrate-meta-layouts":"default","ast-page-background-enabled":"default","ast-page-background-meta":{"desktop":{"background-color":"","background-image":"","background-repeat":"repeat","background-position":"center center","background-size":"auto","background-attachment":"scroll","background-type":"","background-media":"","overlay-type":"","overlay-color":"","overlay-opacity":"","overlay-gradient":""},"tablet":{"background-color":"","background-image":"","background-repeat":"repeat","background-position":"center center","background-size":"auto","background-attachment":"scroll","background-type":"","background-media":"","overlay-type":"","overlay-color":"","overlay-opacity":"","overlay-gradient":""},"mobile":{"background-color":"","background-image":"","background-repeat":"repeat","background-position":"center center","background-size":"auto","background-attachment":"scroll","background-type":"","background-media":"","overlay-type":"","overlay-color":"","overlay-opacity":"","overlay-gradient":""}},"ast-content-background-meta":{"desktop":{"background-color":"var(--ast-global-color-5)","background-image":"","background-repeat":"repeat","background-position":"center center","background-size":"auto","background-attachment":"scroll","background-type":"","background-media":"","overlay-type":"","overlay-color":"","overlay-opacity":"","overlay-gradient":""},"tablet":{"background-color":"var(--ast-global-color-5)","background-image":"","background-repeat":"repeat","background-position":"center center","background-size":"auto","background-attachment":"scroll","background-type":"","background-media":"","overlay-type":"","overlay-color":"","overlay-opacity":"","overlay-gradient":""},"mobile":{"background-color":"var(--ast-global-color-5)","background-image":"","background-repeat":"repeat","background-position":"center center","background-size":"auto","background-attachment":"scroll","background-type":"","background-media":"","overlay-type":"","overlay-color":"","overlay-opacity":"","overlay-gradient":""}}},"product_brand":[],"product_cat":[431,428,429,415,403,407,420,414],"product_tag":[],"class_list":{"0":"post-2388","1":"product","2":"type-product","3":"status-publish","4":"has-post-thumbnail","6":"product_cat-fabric-for-commuting-clothing","7":"product_cat-fabric-for-outdoor-sports","8":"product_cat-fabric-for-sportswear","9":"product_cat-oil-repellent-fabric","10":"product_cat-polyester-fabrics","11":"product_cat-recycled-fabric","12":"product_cat-stretch-fabrics","13":"product_cat-waterproof-fabrics","14":"pa_available_colors-1526-03","15":"pa_available_colors-1526-04","16":"pa_available_colors-1526-05","17":"pa_available_colors-1526-18","18":"pa_available_colors-1526-19","19":"pa_available_colors-1526-29","20":"pa_available_colors-1526-30","21":"pa_available_colors-1526-32","22":"pa_available_colors-1526-35","23":"pa_available_colors-1526-37","24":"pa_available_colors-1526-38","25":"pa_available_colors-1526-43","26":"pa_available_colors-1526-44","27":"pa_available_colors-1526-45","28":"pa_available_colors-1526-47","29":"pa_available_colors-1526-53","30":"pa_available_colors-1526-59","31":"pa_available_colors-911052-spc","32":"pa_available_colors-000020-wht","33":"desktop-align-left","34":"tablet-align-left","35":"mobile-align-left","36":"ast-product-gallery-layout-vertical-slider","37":"ast-product-tabs-layout-horizontal","39":"first","40":"instock","41":"shipping-taxable","42":"product-type-simple"},"uagb_featured_image_src":{"full":["https:\/\/www.sikortex.com\/wp-content\/uploads\/2023\/06\/O1CN01lDjgLz1g9ODZoSSEQ_2207443834099-0-cib-1.jpg",1024,1024,false],"thumbnail":["https:\/\/www.sikortex.com\/wp-content\/uploads\/2023\/06\/O1CN01lDjgLz1g9ODZoSSEQ_2207443834099-0-cib-1-150x150.jpg",150,150,true],"medium":["https:\/\/www.sikortex.com\/wp-content\/uploads\/2023\/06\/O1CN01lDjgLz1g9ODZoSSEQ_2207443834099-0-cib-1-300x300.jpg",300,300,true],"medium_large":["https:\/\/www.sikortex.com\/wp-content\/uploads\/2023\/06\/O1CN01lDjgLz1g9ODZoSSEQ_2207443834099-0-cib-1-768x768.jpg",768,768,true],"large":["https:\/\/www.sikortex.com\/wp-content\/uploads\/2023\/06\/O1CN01lDjgLz1g9ODZoSSEQ_2207443834099-0-cib-1.jpg",1024,1024,false],"1536x1536":["https:\/\/www.sikortex.com\/wp-content\/uploads\/2023\/06\/O1CN01lDjgLz1g9ODZoSSEQ_2207443834099-0-cib-1.jpg",1024,1024,false],"2048x2048":["https:\/\/www.sikortex.com\/wp-content\/uploads\/2023\/06\/O1CN01lDjgLz1g9ODZoSSEQ_2207443834099-0-cib-1.jpg",1024,1024,false],"trp-custom-language-flag":["https:\/\/www.sikortex.com\/wp-content\/uploads\/2023\/06\/O1CN01lDjgLz1g9ODZoSSEQ_2207443834099-0-cib-1.jpg",12,12,false],"woocommerce_thumbnail":["https:\/\/www.sikortex.com\/wp-content\/uploads\/2023\/06\/O1CN01lDjgLz1g9ODZoSSEQ_2207443834099-0-cib-1-300x300.jpg",300,300,true],"woocommerce_single":["https:\/\/www.sikortex.com\/wp-content\/uploads\/2023\/06\/O1CN01lDjgLz1g9ODZoSSEQ_2207443834099-0-cib-1-600x600.jpg",600,600,true],"woocommerce_gallery_thumbnail":["https:\/\/www.sikortex.com\/wp-content\/uploads\/2023\/06\/O1CN01lDjgLz1g9ODZoSSEQ_2207443834099-0-cib-1-100x100.jpg",100,100,true]},"uagb_author_info":{"display_name":"Perry","author_link":"https:\/\/www.sikortex.com\/vi\/author\/"},"uagb_comment_info":0,"uagb_excerpt":"600 Meters(Min.Order)","_links":{"self":[{"href":"https:\/\/www.sikortex.com\/vi\/wp-json\/wp\/v2\/product\/2388","targetHints":{"allow":["GET"]}}],"collection":[{"href":"https:\/\/www.sikortex.com\/vi\/wp-json\/wp\/v2\/product"}],"about":[{"href":"https:\/\/www.sikortex.com\/vi\/wp-json\/wp\/v2\/types\/product"}],"replies":[{"embeddable":true,"href":"https:\/\/www.sikortex.com\/vi\/wp-json\/wp\/v2\/comments?post=2388"}],"wp:featuredmedia":[{"embeddable":true,"href":"https:\/\/www.sikortex.com\/vi\/wp-json\/wp\/v2\/media\/3934"}],"wp:attachment":[{"href":"https:\/\/www.sikortex.com\/vi\/wp-json\/wp\/v2\/media?parent=2388"}],"wp:term":[{"taxonomy":"product_brand","embeddable":true,"href":"https:\/\/www.sikortex.com\/vi\/wp-json\/wp\/v2\/product_brand?post=2388"},{"taxonomy":"product_cat","embeddable":true,"href":"https:\/\/www.sikortex.com\/vi\/wp-json\/wp\/v2\/product_cat?post=2388"},{"taxonomy":"product_tag","embeddable":true,"href":"https:\/\/www.sikortex.com\/vi\/wp-json\/wp\/v2\/product_tag?post=2388"}],"curies":[{"name":"wp","href":"https:\/\/api.w.org\/{rel}","templated":true}]}}