{"id":2329,"date":"2023-06-02T16:17:06","date_gmt":"2023-06-02T08:17:06","guid":{"rendered":"http:\/\/203.196.10.64:3021\/?post_type=product&#038;p=2329"},"modified":"2025-01-06T13:38:08","modified_gmt":"2025-01-06T05:38:08","slug":"sk8275-nylon-228t-taslan","status":"publish","type":"product","link":"https:\/\/www.sikortex.com\/vi\/san-pham\/sk8275-nylon-228t-taslan\/","title":{"rendered":"Ni l\u00f4ng 228T TASlan"},"content":{"rendered":"<p>SIKOR-TEX Nylon 228T Taslan l\u00e0 m\u1ed9t lo\u1ea1i s\u1ee3i nylon c\u00f3 k\u1ebft c\u1ea5u kh\u00f4ng kh\u00ed v\u1edbi h\u00ecnh d\u00e1ng v\u00e0 k\u1ebft c\u1ea5u gi\u1ed1ng nh\u01b0 b\u00f4ng, l\u00fd t\u01b0\u1edfng cho nh\u1eefng ai mu\u1ed1n t\u1eadp luy\u1ec7n m\u1ed9t c\u00e1ch tho\u1ea3i m\u00e1i v\u00e0 phong c\u00e1ch. Taslan l\u00e0 lo\u1ea1i v\u1ea3i ch\u1eafc ch\u1eafn, b\u1ec1n v\u00e0 nhanh kh\u00f4 gi\u00fap h\u00fat h\u01a1i \u1ea9m ra kh\u1ecfi c\u01a1 th\u1ec3 n\u00ean b\u1ea1n kh\u00f4ng ph\u1ea3i lo l\u1eafng v\u1ec1 vi\u1ec7c \u0111\u1ed5 m\u1ed3 h\u00f4i khi t\u1eadp luy\u1ec7n. Ngo\u00e0i ra, v\u1ea3i \u0111\u01b0\u1ee3c x\u1eed l\u00fd b\u1eb1ng Teflon n\u00ean c\u00f3 kh\u1ea3 n\u0103ng ch\u1ed1ng m\u01b0a v\u00e0 b\u00e1m b\u1ea9n.<\/p>\n<p>Taslan c\u1ee7a ch\u00fang t\u00f4i l\u00e0 lo\u1ea1i v\u1ea3i c\u00f3 \u0111\u1ed9 b\u1ec1n cao v\u00e0 ch\u1ed1ng m\u00e0i m\u00f2n th\u00edch h\u1ee3p l\u00e0m qu\u1ea7n \u00e1o th\u1ec3 thao, qu\u1ea7n \u00e1o b\u1ea3o h\u1ed9 lao \u0111\u1ed9ng may \u0111o, \u00e1o kho\u00e1c v\u00e0 qu\u1ea7n t\u1eadp luy\u1ec7n. Duy\u1ec7t qua b\u1ed9 s\u01b0u t\u1eadp c\u1ee7a ch\u00fang t\u00f4i \u0111\u1ec3 t\u00ecm lo\u1ea1i v\u1ea3i ph\u00f9 h\u1ee3p nh\u1ea5t cho nhu c\u1ea7u thi\u1ebft b\u1ecb c\u1ee7a b\u1ea1n.<\/p>","protected":false},"excerpt":{"rendered":"<p>600 m\u00e9t (\u0110\u01a1n h\u00e0ng t\u1ed1i thi\u1ec3u)<\/p>","protected":false},"featured_media":3908,"comment_status":"closed","ping_status":"closed","template":"","meta":{"_uag_custom_page_level_css":"","site-sidebar-layout":"default","site-content-layout":"default","ast-site-content-layout":"","site-content-style":"default","site-sidebar-style":"default","ast-global-header-display":"","ast-banner-title-visibility":"","ast-main-header-display":"","ast-hfb-above-header-display":"","ast-hfb-below-header-display":"","ast-hfb-mobile-header-display":"","site-post-title":"","ast-breadcrumbs-content":"","ast-featured-img":"","footer-sml-layout":"","theme-transparent-header-meta":"default","adv-header-id-meta":"","stick-header-meta":"default","header-above-stick-meta":"","header-main-stick-meta":"","header-below-stick-meta":"","astra-migrate-meta-layouts":"default","ast-page-background-enabled":"default","ast-page-background-meta":{"desktop":{"background-color":"","background-image":"","background-repeat":"repeat","background-position":"center center","background-size":"auto","background-attachment":"scroll","background-type":"","background-media":"","overlay-type":"","overlay-color":"","overlay-opacity":"","overlay-gradient":""},"tablet":{"background-color":"","background-image":"","background-repeat":"repeat","background-position":"center center","background-size":"auto","background-attachment":"scroll","background-type":"","background-media":"","overlay-type":"","overlay-color":"","overlay-opacity":"","overlay-gradient":""},"mobile":{"background-color":"","background-image":"","background-repeat":"repeat","background-position":"center center","background-size":"auto","background-attachment":"scroll","background-type":"","background-media":"","overlay-type":"","overlay-color":"","overlay-opacity":"","overlay-gradient":""}},"ast-content-background-meta":{"desktop":{"background-color":"var(--ast-global-color-5)","background-image":"","background-repeat":"repeat","background-position":"center center","background-size":"auto","background-attachment":"scroll","background-type":"","background-media":"","overlay-type":"","overlay-color":"","overlay-opacity":"","overlay-gradient":""},"tablet":{"background-color":"var(--ast-global-color-5)","background-image":"","background-repeat":"repeat","background-position":"center center","background-size":"auto","background-attachment":"scroll","background-type":"","background-media":"","overlay-type":"","overlay-color":"","overlay-opacity":"","overlay-gradient":""},"mobile":{"background-color":"var(--ast-global-color-5)","background-image":"","background-repeat":"repeat","background-position":"center center","background-size":"auto","background-attachment":"scroll","background-type":"","background-media":"","overlay-type":"","overlay-color":"","overlay-opacity":"","overlay-gradient":""}}},"product_brand":[],"product_cat":[431,423,428,404,407,433,414],"product_tag":[],"class_list":{"0":"post-2329","1":"product","2":"type-product","3":"status-publish","4":"has-post-thumbnail","6":"product_cat-fabric-for-commuting-clothing","7":"product_cat-fabric-for-military-police","8":"product_cat-fabric-for-outdoor-sports","9":"product_cat-nylon-fabrics","10":"product_cat-recycled-fabric","11":"product_cat-textile-for-industrial","12":"product_cat-waterproof-fabrics","13":"pa_available_colors-1526-03","14":"pa_available_colors-1526-18","15":"pa_available_colors-1526-25","16":"pa_available_colors-1526-28","17":"pa_available_colors-1526-32","18":"pa_available_colors-1526-41","19":"pa_available_colors-1526-47","20":"pa_available_colors-1526-48","21":"pa_available_colors-1526-50","22":"pa_available_colors-1526-59","23":"pa_available_colors-1526-62","24":"pa_available_colors-911052-spc","25":"pa_available_colors-000020-wht","26":"desktop-align-left","27":"tablet-align-left","28":"mobile-align-left","29":"ast-product-gallery-layout-vertical-slider","30":"ast-product-tabs-layout-horizontal","32":"first","33":"instock","34":"shipping-taxable","35":"product-type-simple"},"uagb_featured_image_src":{"full":["https:\/\/www.sikortex.com\/wp-content\/uploads\/2023\/06\/O1CN0175OwqQ1g9OCt6IKP4_2207443834099-0-cib-1.jpg",1024,1024,false],"thumbnail":["https:\/\/www.sikortex.com\/wp-content\/uploads\/2023\/06\/O1CN0175OwqQ1g9OCt6IKP4_2207443834099-0-cib-1-150x150.jpg",150,150,true],"medium":["https:\/\/www.sikortex.com\/wp-content\/uploads\/2023\/06\/O1CN0175OwqQ1g9OCt6IKP4_2207443834099-0-cib-1-300x300.jpg",300,300,true],"medium_large":["https:\/\/www.sikortex.com\/wp-content\/uploads\/2023\/06\/O1CN0175OwqQ1g9OCt6IKP4_2207443834099-0-cib-1-768x768.jpg",768,768,true],"large":["https:\/\/www.sikortex.com\/wp-content\/uploads\/2023\/06\/O1CN0175OwqQ1g9OCt6IKP4_2207443834099-0-cib-1.jpg",1024,1024,false],"1536x1536":["https:\/\/www.sikortex.com\/wp-content\/uploads\/2023\/06\/O1CN0175OwqQ1g9OCt6IKP4_2207443834099-0-cib-1.jpg",1024,1024,false],"2048x2048":["https:\/\/www.sikortex.com\/wp-content\/uploads\/2023\/06\/O1CN0175OwqQ1g9OCt6IKP4_2207443834099-0-cib-1.jpg",1024,1024,false],"trp-custom-language-flag":["https:\/\/www.sikortex.com\/wp-content\/uploads\/2023\/06\/O1CN0175OwqQ1g9OCt6IKP4_2207443834099-0-cib-1.jpg",12,12,false],"woocommerce_thumbnail":["https:\/\/www.sikortex.com\/wp-content\/uploads\/2023\/06\/O1CN0175OwqQ1g9OCt6IKP4_2207443834099-0-cib-1-300x300.jpg",300,300,true],"woocommerce_single":["https:\/\/www.sikortex.com\/wp-content\/uploads\/2023\/06\/O1CN0175OwqQ1g9OCt6IKP4_2207443834099-0-cib-1-600x600.jpg",600,600,true],"woocommerce_gallery_thumbnail":["https:\/\/www.sikortex.com\/wp-content\/uploads\/2023\/06\/O1CN0175OwqQ1g9OCt6IKP4_2207443834099-0-cib-1-100x100.jpg",100,100,true]},"uagb_author_info":{"display_name":"Perry","author_link":"https:\/\/www.sikortex.com\/vi\/author\/"},"uagb_comment_info":0,"uagb_excerpt":"600 Meters(Min.Order)","_links":{"self":[{"href":"https:\/\/www.sikortex.com\/vi\/wp-json\/wp\/v2\/product\/2329","targetHints":{"allow":["GET"]}}],"collection":[{"href":"https:\/\/www.sikortex.com\/vi\/wp-json\/wp\/v2\/product"}],"about":[{"href":"https:\/\/www.sikortex.com\/vi\/wp-json\/wp\/v2\/types\/product"}],"replies":[{"embeddable":true,"href":"https:\/\/www.sikortex.com\/vi\/wp-json\/wp\/v2\/comments?post=2329"}],"wp:featuredmedia":[{"embeddable":true,"href":"https:\/\/www.sikortex.com\/vi\/wp-json\/wp\/v2\/media\/3908"}],"wp:attachment":[{"href":"https:\/\/www.sikortex.com\/vi\/wp-json\/wp\/v2\/media?parent=2329"}],"wp:term":[{"taxonomy":"product_brand","embeddable":true,"href":"https:\/\/www.sikortex.com\/vi\/wp-json\/wp\/v2\/product_brand?post=2329"},{"taxonomy":"product_cat","embeddable":true,"href":"https:\/\/www.sikortex.com\/vi\/wp-json\/wp\/v2\/product_cat?post=2329"},{"taxonomy":"product_tag","embeddable":true,"href":"https:\/\/www.sikortex.com\/vi\/wp-json\/wp\/v2\/product_tag?post=2329"}],"curies":[{"name":"wp","href":"https:\/\/api.w.org\/{rel}","templated":true}]}}