{"id":2323,"date":"2023-06-02T16:13:57","date_gmt":"2023-06-02T08:13:57","guid":{"rendered":"http:\/\/203.196.10.64:3021\/?post_type=product&#038;p=2323"},"modified":"2023-10-20T13:32:40","modified_gmt":"2023-10-20T05:32:40","slug":"sk8273-vai-co-gian-4-chieu-nylon","status":"publish","type":"product","link":"https:\/\/www.sikortex.com\/vi\/san-pham\/sk8273-vai-co-gian-4-chieu-nylon\/","title":{"rendered":"V\u1ea3i co gi\u00e3n 4 chi\u1ec1u 70D nylon xo\u1eafn"},"content":{"rendered":"<p>V\u1ea3i Co Gi\u00e3n 4 Chi\u1ec1u SIKOR-TEX 70D l\u00e0 lo\u1ea1i v\u1ea3i ch\u1ed1ng th\u1ea5m n\u01b0\u1edbc si\u00eau b\u1ec1n \u0111\u01b0\u1ee3c l\u00e0m t\u1eeb Nylon 6. 70D, mang l\u1ea1i \u0111\u1ed9 b\u1ec1n, \u0111\u1ed9 b\u1ec1n k\u00e9o v\u00e0 kh\u1ea3 n\u0103ng ch\u1ed1ng m\u00e0i m\u00f2n cao h\u01a1n c\u00e1c lo\u1ea1i v\u1ea3i kh\u00e1c.<\/p>\n<p>S\u1ee3i Spandex mang l\u1ea1i \u0111\u1ed9 \u0111\u00e0n h\u1ed3i cao h\u01a1n v\u00e0 th\u00eam c\u1ea3m gi\u00e1c m\u1ec1m m\u1ea1i. \u0110i\u1ec1u n\u00e0y l\u00e0m cho n\u00f3 ho\u00e0n h\u1ea3o cho \u00e1o kho\u00e1c gi\u1ea3n d\u1ecb ngo\u00e0i tr\u1eddi v\u00e0 qu\u1ea7n \u00e1o l\u00e0m vi\u1ec7c.<\/p>\n<p>M\u1ed9t trong nh\u1eefng \u0111i\u1ec3m \u0111\u1ed9c \u0111\u00e1o c\u1ee7a v\u1ea3i SIKOR-TEX l\u00e0 s\u1ee3i v\u1ea3i xo\u1eafn nylon v\u00e0 spandex l\u1ea1i v\u1edbi nhau, gi\u00fap c\u1ea3i thi\u1ec7n \u0111\u1ed9 b\u1ec1n \u0111\u00e0n h\u1ed3i c\u1ee7a v\u1ea3i v\u00e0 t\u1ea1o \u0111\u1ed9 r\u1ee7 cao h\u01a1n so v\u1edbi c\u00e1c lo\u1ea1i v\u1ea3i thun b\u1ed1n m\u1eb7t th\u00f4ng th\u01b0\u1eddng.<\/p>","protected":false},"excerpt":{"rendered":"<p>600 m\u00e9t (\u0110\u01a1n h\u00e0ng t\u1ed1i thi\u1ec3u)<\/p>","protected":false},"featured_media":4005,"comment_status":"closed","ping_status":"closed","template":"","meta":{"_uag_custom_page_level_css":"","site-sidebar-layout":"default","site-content-layout":"default","ast-site-content-layout":"","site-content-style":"default","site-sidebar-style":"default","ast-global-header-display":"","ast-banner-title-visibility":"","ast-main-header-display":"","ast-hfb-above-header-display":"","ast-hfb-below-header-display":"","ast-hfb-mobile-header-display":"","site-post-title":"","ast-breadcrumbs-content":"","ast-featured-img":"","footer-sml-layout":"","theme-transparent-header-meta":"default","adv-header-id-meta":"","stick-header-meta":"default","header-above-stick-meta":"","header-main-stick-meta":"","header-below-stick-meta":"","astra-migrate-meta-layouts":"default","ast-page-background-enabled":"default","ast-page-background-meta":{"desktop":{"background-color":"","background-image":"","background-repeat":"repeat","background-position":"center center","background-size":"auto","background-attachment":"scroll","background-type":"","background-media":"","overlay-type":"","overlay-color":"","overlay-opacity":"","overlay-gradient":""},"tablet":{"background-color":"","background-image":"","background-repeat":"repeat","background-position":"center center","background-size":"auto","background-attachment":"scroll","background-type":"","background-media":"","overlay-type":"","overlay-color":"","overlay-opacity":"","overlay-gradient":""},"mobile":{"background-color":"","background-image":"","background-repeat":"repeat","background-position":"center center","background-size":"auto","background-attachment":"scroll","background-type":"","background-media":"","overlay-type":"","overlay-color":"","overlay-opacity":"","overlay-gradient":""}},"ast-content-background-meta":{"desktop":{"background-color":"var(--ast-global-color-5)","background-image":"","background-repeat":"repeat","background-position":"center center","background-size":"auto","background-attachment":"scroll","background-type":"","background-media":"","overlay-type":"","overlay-color":"","overlay-opacity":"","overlay-gradient":""},"tablet":{"background-color":"var(--ast-global-color-5)","background-image":"","background-repeat":"repeat","background-position":"center center","background-size":"auto","background-attachment":"scroll","background-type":"","background-media":"","overlay-type":"","overlay-color":"","overlay-opacity":"","overlay-gradient":""},"mobile":{"background-color":"var(--ast-global-color-5)","background-image":"","background-repeat":"repeat","background-position":"center center","background-size":"auto","background-attachment":"scroll","background-type":"","background-media":"","overlay-type":"","overlay-color":"","overlay-opacity":"","overlay-gradient":""}}},"product_brand":[],"product_cat":[431,429,1145,404,415,407],"product_tag":[],"class_list":{"0":"post-2323","1":"product","2":"type-product","3":"status-publish","4":"has-post-thumbnail","6":"product_cat-fabric-for-commuting-clothing","7":"product_cat-fabric-for-sportswear","8":"product_cat-lightweight-fabric","9":"product_cat-nylon-fabrics","10":"product_cat-oil-repellent-fabric","11":"product_cat-recycled-fabric","12":"pa_available_colors-911052-spc","13":"pa_available_colors-000020-wht","14":"desktop-align-left","15":"tablet-align-left","16":"mobile-align-left","17":"ast-product-gallery-layout-vertical-slider","18":"ast-product-tabs-layout-horizontal","20":"first","21":"instock","22":"shipping-taxable","23":"product-type-simple"},"uagb_featured_image_src":{"full":["https:\/\/www.sikortex.com\/wp-content\/uploads\/2023\/06\/20018160829_1713711663-1.jpg",750,750,false],"thumbnail":["https:\/\/www.sikortex.com\/wp-content\/uploads\/2023\/06\/20018160829_1713711663-1-150x150.jpg",150,150,true],"medium":["https:\/\/www.sikortex.com\/wp-content\/uploads\/2023\/06\/20018160829_1713711663-1-300x300.jpg",300,300,true],"medium_large":["https:\/\/www.sikortex.com\/wp-content\/uploads\/2023\/06\/20018160829_1713711663-1.jpg",750,750,false],"large":["https:\/\/www.sikortex.com\/wp-content\/uploads\/2023\/06\/20018160829_1713711663-1.jpg",750,750,false],"1536x1536":["https:\/\/www.sikortex.com\/wp-content\/uploads\/2023\/06\/20018160829_1713711663-1.jpg",750,750,false],"2048x2048":["https:\/\/www.sikortex.com\/wp-content\/uploads\/2023\/06\/20018160829_1713711663-1.jpg",750,750,false],"trp-custom-language-flag":["https:\/\/www.sikortex.com\/wp-content\/uploads\/2023\/06\/20018160829_1713711663-1.jpg",12,12,false],"woocommerce_thumbnail":["https:\/\/www.sikortex.com\/wp-content\/uploads\/2023\/06\/20018160829_1713711663-1-300x300.jpg",300,300,true],"woocommerce_single":["https:\/\/www.sikortex.com\/wp-content\/uploads\/2023\/06\/20018160829_1713711663-1-600x600.jpg",600,600,true],"woocommerce_gallery_thumbnail":["https:\/\/www.sikortex.com\/wp-content\/uploads\/2023\/06\/20018160829_1713711663-1-100x100.jpg",100,100,true]},"uagb_author_info":{"display_name":"Perry","author_link":"https:\/\/www.sikortex.com\/vi\/author\/"},"uagb_comment_info":0,"uagb_excerpt":"600 Meters(Min.Order)","_links":{"self":[{"href":"https:\/\/www.sikortex.com\/vi\/wp-json\/wp\/v2\/product\/2323","targetHints":{"allow":["GET"]}}],"collection":[{"href":"https:\/\/www.sikortex.com\/vi\/wp-json\/wp\/v2\/product"}],"about":[{"href":"https:\/\/www.sikortex.com\/vi\/wp-json\/wp\/v2\/types\/product"}],"replies":[{"embeddable":true,"href":"https:\/\/www.sikortex.com\/vi\/wp-json\/wp\/v2\/comments?post=2323"}],"wp:featuredmedia":[{"embeddable":true,"href":"https:\/\/www.sikortex.com\/vi\/wp-json\/wp\/v2\/media\/4005"}],"wp:attachment":[{"href":"https:\/\/www.sikortex.com\/vi\/wp-json\/wp\/v2\/media?parent=2323"}],"wp:term":[{"taxonomy":"product_brand","embeddable":true,"href":"https:\/\/www.sikortex.com\/vi\/wp-json\/wp\/v2\/product_brand?post=2323"},{"taxonomy":"product_cat","embeddable":true,"href":"https:\/\/www.sikortex.com\/vi\/wp-json\/wp\/v2\/product_cat?post=2323"},{"taxonomy":"product_tag","embeddable":true,"href":"https:\/\/www.sikortex.com\/vi\/wp-json\/wp\/v2\/product_tag?post=2323"}],"curies":[{"name":"wp","href":"https:\/\/api.w.org\/{rel}","templated":true}]}}