{"id":2303,"date":"2023-06-02T16:03:32","date_gmt":"2023-06-02T08:03:32","guid":{"rendered":"http:\/\/203.196.10.64:3021\/?post_type=product&#038;p=2303"},"modified":"2025-01-06T13:38:52","modified_gmt":"2025-01-06T05:38:52","slug":"sk8270-2","status":"publish","type":"product","link":"https:\/\/www.sikortex.com\/vi\/san-pham\/sk8270-2\/","title":{"rendered":"V\u1ea3i \u0111\u00f4i Polyester V\u1ea3i Jacquard Oxford"},"content":{"rendered":"<h6>SIKOR-TEX <span style=\"color: #3366ff;\"><a style=\"color: #3366ff;\" href=\"https:\/\/www.sikortex.com\/vi\/vai-nylon-bong-vai-ripstop-ao-gio-vai-5\/\">V\u1ea3i Oxford<\/a> <\/span>nh\u00e0 ch\u1ebf t\u1ea1o<\/h6>\n<p>V\u1ea3i \u0111\u00f4i Polyester V\u1ea3i Jacquard Oxford l\u00e0 lo\u1ea1i v\u1ea3i \u0111a n\u0103ng, ch\u1ea5t l\u01b0\u1ee3ng cao, ho\u00e0n h\u1ea3o cho nhi\u1ec1u \u1ee9ng d\u1ee5ng. Cho d\u00f9 b\u1ea1n \u0111ang mu\u1ed1n t\u1ea1o ra qu\u1ea7n \u00e1o th\u1eddi trang, t\u00fai b\u1ec1n hay v\u1ea3i b\u1ecdc tho\u1ea3i m\u00e1i, lo\u1ea1i v\u1ea3i n\u00e0y ch\u1eafc ch\u1eafn s\u1ebd \u0111\u00e1p \u1ee9ng nhu c\u1ea7u c\u1ee7a b\u1ea1n.<br \/>\nT\u1ea1i Quality Fabric, ch\u00fang t\u00f4i chuy\u00ean cung c\u1ea5p V\u1ea3i Polyester Jacquard Oxford cao c\u1ea5p \u0111\u01b0\u1ee3c s\u1ea3n xu\u1ea5t \u0111\u1ec3 t\u1ed3n t\u1ea1i l\u00e2u d\u00e0i. V\u1ea3i c\u1ee7a ch\u00fang t\u00f4i \u0111\u01b0\u1ee3c ch\u1ebf t\u1ea1o t\u1eeb c\u00e1c s\u1ee3i polyester ch\u1ea5t l\u01b0\u1ee3ng cao \u0111\u01b0\u1ee3c d\u1ec7t l\u1ea1i v\u1edbi nhau b\u1eb1ng c\u00f4ng ngh\u1ec7 Jacquard ti\u00ean ti\u1ebfn, t\u1ea1o ra m\u1ed9t b\u1ec1 m\u1eb7t b\u1ec1n v\u00e0 \u0111\u1ed9c \u0111\u00e1o c\u00f3 th\u1ec3 ch\u1ecbu \u0111\u01b0\u1ee3c nhi\u1ec1u n\u0103m hao m\u00f2n.<br \/>\nV\u1ea3i Polyester Jacquard Oxford c\u1ee7a ch\u00fang t\u00f4i c\u00f3 nhi\u1ec1u m\u00e0u s\u1eafc v\u00e0 hoa v\u0103n kh\u00e1c nhau, gi\u00fap b\u1ea1n d\u1ec5 d\u00e0ng t\u00ecm th\u1ea5y s\u1ef1 k\u1ebft h\u1ee3p ho\u00e0n h\u1ea3o cho d\u1ef1 \u00e1n c\u1ee7a m\u00ecnh. K\u1ebft c\u1ea5u tinh t\u1ebf v\u00e0 \u0111\u1ed9 r\u1ee7 tuy\u1ec7t v\u1eddi c\u1ee7a n\u00f3 cho ph\u00e9p x\u1eed l\u00fd d\u1ec5 d\u00e0ng v\u00e0 c\u00f3 l\u1edbp ho\u00e0n thi\u1ec7n chuy\u00ean nghi\u1ec7p, trong khi \u0111\u1eb7c t\u00ednh tho\u00e1ng kh\u00ed v\u00e0 ch\u1ed1ng n\u01b0\u1edbc khi\u1ebfn n\u00f3 tr\u1edf n\u00ean l\u00fd t\u01b0\u1edfng cho c\u00e1c \u1ee9ng d\u1ee5ng ngo\u00e0i tr\u1eddi.<\/p>","protected":false},"excerpt":{"rendered":"<p>600 m\u00e9t (\u0110\u01a1n h\u00e0ng t\u1ed1i thi\u1ec3u)<\/p>","protected":false},"featured_media":3895,"comment_status":"closed","ping_status":"closed","template":"","meta":{"_uag_custom_page_level_css":"","site-sidebar-layout":"default","site-content-layout":"default","ast-site-content-layout":"","site-content-style":"default","site-sidebar-style":"default","ast-global-header-display":"","ast-banner-title-visibility":"","ast-main-header-display":"","ast-hfb-above-header-display":"","ast-hfb-below-header-display":"","ast-hfb-mobile-header-display":"","site-post-title":"","ast-breadcrumbs-content":"","ast-featured-img":"","footer-sml-layout":"","theme-transparent-header-meta":"default","adv-header-id-meta":"","stick-header-meta":"default","header-above-stick-meta":"","header-main-stick-meta":"","header-below-stick-meta":"","astra-migrate-meta-layouts":"default","ast-page-background-enabled":"default","ast-page-background-meta":{"desktop":{"background-color":"","background-image":"","background-repeat":"repeat","background-position":"center center","background-size":"auto","background-attachment":"scroll","background-type":"","background-media":"","overlay-type":"","overlay-color":"","overlay-opacity":"","overlay-gradient":""},"tablet":{"background-color":"","background-image":"","background-repeat":"repeat","background-position":"center center","background-size":"auto","background-attachment":"scroll","background-type":"","background-media":"","overlay-type":"","overlay-color":"","overlay-opacity":"","overlay-gradient":""},"mobile":{"background-color":"","background-image":"","background-repeat":"repeat","background-position":"center center","background-size":"auto","background-attachment":"scroll","background-type":"","background-media":"","overlay-type":"","overlay-color":"","overlay-opacity":"","overlay-gradient":""}},"ast-content-background-meta":{"desktop":{"background-color":"var(--ast-global-color-5)","background-image":"","background-repeat":"repeat","background-position":"center center","background-size":"auto","background-attachment":"scroll","background-type":"","background-media":"","overlay-type":"","overlay-color":"","overlay-opacity":"","overlay-gradient":""},"tablet":{"background-color":"var(--ast-global-color-5)","background-image":"","background-repeat":"repeat","background-position":"center center","background-size":"auto","background-attachment":"scroll","background-type":"","background-media":"","overlay-type":"","overlay-color":"","overlay-opacity":"","overlay-gradient":""},"mobile":{"background-color":"var(--ast-global-color-5)","background-image":"","background-repeat":"repeat","background-position":"center center","background-size":"auto","background-attachment":"scroll","background-type":"","background-media":"","overlay-type":"","overlay-color":"","overlay-opacity":"","overlay-gradient":""}}},"product_brand":[],"product_cat":[403,414],"product_tag":[],"class_list":{"0":"post-2303","1":"product","2":"type-product","3":"status-publish","4":"has-post-thumbnail","6":"product_cat-polyester-fabrics","7":"product_cat-waterproof-fabrics","8":"pa_available_colors-911052-spc","9":"desktop-align-left","10":"tablet-align-left","11":"mobile-align-left","12":"ast-product-gallery-layout-vertical-slider","13":"ast-product-tabs-layout-horizontal","15":"first","16":"instock","17":"shipping-taxable","18":"product-type-simple"},"uagb_featured_image_src":{"full":["https:\/\/www.sikortex.com\/wp-content\/uploads\/2023\/06\/2718340826_496900300-1.jpg",1024,1024,false],"thumbnail":["https:\/\/www.sikortex.com\/wp-content\/uploads\/2023\/06\/2718340826_496900300-1-150x150.jpg",150,150,true],"medium":["https:\/\/www.sikortex.com\/wp-content\/uploads\/2023\/06\/2718340826_496900300-1-300x300.jpg",300,300,true],"medium_large":["https:\/\/www.sikortex.com\/wp-content\/uploads\/2023\/06\/2718340826_496900300-1-768x768.jpg",768,768,true],"large":["https:\/\/www.sikortex.com\/wp-content\/uploads\/2023\/06\/2718340826_496900300-1.jpg",1024,1024,false],"1536x1536":["https:\/\/www.sikortex.com\/wp-content\/uploads\/2023\/06\/2718340826_496900300-1.jpg",1024,1024,false],"2048x2048":["https:\/\/www.sikortex.com\/wp-content\/uploads\/2023\/06\/2718340826_496900300-1.jpg",1024,1024,false],"trp-custom-language-flag":["https:\/\/www.sikortex.com\/wp-content\/uploads\/2023\/06\/2718340826_496900300-1.jpg",12,12,false],"woocommerce_thumbnail":["https:\/\/www.sikortex.com\/wp-content\/uploads\/2023\/06\/2718340826_496900300-1-300x300.jpg",300,300,true],"woocommerce_single":["https:\/\/www.sikortex.com\/wp-content\/uploads\/2023\/06\/2718340826_496900300-1-600x600.jpg",600,600,true],"woocommerce_gallery_thumbnail":["https:\/\/www.sikortex.com\/wp-content\/uploads\/2023\/06\/2718340826_496900300-1-100x100.jpg",100,100,true]},"uagb_author_info":{"display_name":"Perry","author_link":"https:\/\/www.sikortex.com\/vi\/author\/"},"uagb_comment_info":0,"uagb_excerpt":"600 Meters(Min.Order)","_links":{"self":[{"href":"https:\/\/www.sikortex.com\/vi\/wp-json\/wp\/v2\/product\/2303","targetHints":{"allow":["GET"]}}],"collection":[{"href":"https:\/\/www.sikortex.com\/vi\/wp-json\/wp\/v2\/product"}],"about":[{"href":"https:\/\/www.sikortex.com\/vi\/wp-json\/wp\/v2\/types\/product"}],"replies":[{"embeddable":true,"href":"https:\/\/www.sikortex.com\/vi\/wp-json\/wp\/v2\/comments?post=2303"}],"wp:featuredmedia":[{"embeddable":true,"href":"https:\/\/www.sikortex.com\/vi\/wp-json\/wp\/v2\/media\/3895"}],"wp:attachment":[{"href":"https:\/\/www.sikortex.com\/vi\/wp-json\/wp\/v2\/media?parent=2303"}],"wp:term":[{"taxonomy":"product_brand","embeddable":true,"href":"https:\/\/www.sikortex.com\/vi\/wp-json\/wp\/v2\/product_brand?post=2303"},{"taxonomy":"product_cat","embeddable":true,"href":"https:\/\/www.sikortex.com\/vi\/wp-json\/wp\/v2\/product_cat?post=2303"},{"taxonomy":"product_tag","embeddable":true,"href":"https:\/\/www.sikortex.com\/vi\/wp-json\/wp\/v2\/product_tag?post=2303"}],"curies":[{"name":"wp","href":"https:\/\/api.w.org\/{rel}","templated":true}]}}