{"id":2288,"date":"2023-06-02T16:00:53","date_gmt":"2023-06-02T08:00:53","guid":{"rendered":"http:\/\/203.196.10.64:3021\/?post_type=product&#038;p=2288"},"modified":"2025-02-17T17:45:35","modified_gmt":"2025-02-17T09:45:35","slug":"vai-nylon-420d-phu-pu-oxford","status":"publish","type":"product","link":"https:\/\/www.sikortex.com\/vi\/san-pham\/vai-nylon-420d-phu-pu-oxford\/","title":{"rendered":"V\u1ea3i Nylon 420D ph\u1ee7 PU Oxford"},"content":{"rendered":"<h3 class=\"header-vfC6AV auto-hide-last-sibling-br\">V\u1ea3i Nylon 420D: L\u1ef1a ch\u1ecdn \u0111\u00e1ng tin c\u1eady cho \u0111\u1ed3 d\u00f9ng th\u1eddi ti\u1ebft x\u1ea5u<\/h3>\n<p>&nbsp;<\/p>\n<h4 class=\"header-vfC6AV auto-hide-last-sibling-br\">Tay ngh\u1ec1 th\u1ee7 c\u00f4ng t\u1ec9 m\u1ec9, \u0111\u1eb7t n\u1ec1n t\u1ea3ng cho \u0111\u1ed9 b\u1ec1n<\/h4>\n<div class=\"auto-hide-last-sibling-br paragraph-JOTKXA paragraph-element br-paragraph-space\">V\u1ea3i nylon 420D c\u1ee7a ch\u00fang t\u00f4i n\u1ed5i b\u1eadt ngay t\u1eeb \u0111\u1ea7u v\u1edbi quy tr\u00ecnh d\u1ec7t c\u1ee7a n\u00f3. C\u00e1c s\u1ee3i \u0111\u01b0\u1ee3c \u0111an ch\u1eb7t v\u00e0o nhau, t\u1ea1o n\u00ean m\u1ed9t khung v\u1eadt l\u00fd \u1ed5n \u0111\u1ecbnh cho v\u1ea3i v\u00e0 t\u1ea1o n\u1ec1n t\u1ea3ng v\u1eefng ch\u1eafc cho \u0111\u1ed9 b\u1ec1n c\u1ee7a n\u00f3. Tr\u00ean h\u1ebft, ch\u00fang t\u00f4i \u00e1p d\u1ee5ng l\u1edbp ph\u1ee7 PU hai l\u1edbp. \u0110\u00e2y kh\u00f4ng ph\u1ea3i l\u00e0 bi\u1ec7n ph\u00e1p th\u00f4ng th\u01b0\u1eddng. L\u1edbp ph\u1ee7 hai l\u1edbp gi\u1ed1ng nh\u01b0 ph\u1ee7 hai l\u1edbp \u00e1o gi\u00e1p ch\u1eafc ch\u1eafn l\u00ean v\u1ea3i. N\u00f3 kh\u00f4ng ch\u1ec9 t\u0103ng c\u01b0\u1eddng to\u00e0n di\u1ec7n \u0111\u1ed9 b\u1ec1n t\u1ed5ng th\u1ec3 c\u1ee7a v\u1ea3i m\u00e0 c\u00f2n c\u1ea3i thi\u1ec7n \u0111\u00e1ng k\u1ec3 kh\u1ea3 n\u0103ng ch\u1ed1ng r\u00e1ch c\u1ee7a v\u1ea3i. H\u00e3y t\u01b0\u1edfng t\u01b0\u1ee3ng trong m\u1ed9t cu\u1ed9c phi\u00eau l\u01b0u ngo\u00e0i tr\u1eddi, thi\u1ebft b\u1ecb th\u01b0\u1eddng xuy\u00ean ti\u1ebfp x\u00fac v\u1edbi \u0111\u00e1 s\u1eafc v\u00e0 c\u00e0nh c\u00e2y. C\u00e1c lo\u1ea1i v\u1ea3i th\u00f4ng th\u01b0\u1eddng s\u1ebd d\u1ec5 b\u1ecb tr\u1ea7y x\u01b0\u1edbc, nh\u01b0ng v\u1ea3i nylon 420D c\u1ee7a ch\u00fang t\u00f4i v\u1edbi l\u1edbp ph\u1ee7 PU hai l\u1edbp c\u00f3 th\u1ec3 ch\u1ed1ng l\u1ea1i nh\u1eefng t\u00e1c \u0111\u1ed9ng n\u00e0y m\u1ed9t c\u00e1ch b\u1ec1n b\u1ec9, \u0111\u1ea3m b\u1ea3o t\u00ednh to\u00e0n v\u1eb9n c\u1ee7a thi\u1ebft b\u1ecb v\u00e0 cung c\u1ea5p s\u1ef1 b\u1ea3o h\u00e0nh \u0111\u00e1ng tin c\u1eady cho c\u00e1c chuy\u1ebfn \u0111i ngo\u00e0i tr\u1eddi c\u1ee7a b\u1ea1n.<\/div>\n<div><\/div>\n<h4 class=\"header-vfC6AV auto-hide-last-sibling-br\">Ch\u1ed1ng th\u1ea5m n\u01b0\u1edbc k\u00e9p, \u0111\u1ea3m b\u1ea3o kh\u00f4 r\u00e1o<\/h4>\n<div class=\"auto-hide-last-sibling-br paragraph-JOTKXA paragraph-element br-paragraph-space\">Ngo\u00e0i \u0111\u1ed9 b\u1ec1n tuy\u1ec7t v\u1eddi, v\u1ea3i nylon 420D c\u1ee7a ch\u00fang t\u00f4i c\u00f2n c\u00f3 kh\u1ea3 n\u0103ng ch\u1ed1ng th\u1ea5m n\u01b0\u1edbc v\u01b0\u1ee3t tr\u1ed9i. N\u00f3 \u0111\u00e3 tr\u1ea3i qua qu\u00e1 tr\u00ecnh x\u1eed l\u00fd DWR (Ch\u1ea5t ch\u1ed1ng th\u1ea5m n\u01b0\u1edbc b\u1ec1n), t\u1ea1o th\u00e0nh m\u1ed9t c\u1ea5u tr\u00fac vi m\u00f4 \u0111\u1eb7c bi\u1ec7t tr\u00ean b\u1ec1 m\u1eb7t v\u1ea3i. Khi c\u00e1c gi\u1ecdt n\u01b0\u1edbc ch\u1ea1m v\u00e0o n\u00f3, ch\u00fang nhanh ch\u00f3ng t\u1ee5 l\u1ea1i th\u00e0nh c\u00e1c h\u1ea1t v\u00e0 l\u0103n ra. K\u1ebft h\u1ee3p v\u1edbi l\u1edbp ph\u1ee7 PU hai l\u1edbp, hai bi\u1ec7n ph\u00e1p n\u00e0y ho\u1ea1t \u0111\u1ed9ng c\u00f9ng nhau \u0111\u1ec3 \u0111\u1ea1t \u0111\u01b0\u1ee3c hi\u1ec7u qu\u1ea3 t\u1ed1t nh\u1ea5t <a href=\"https:\/\/www.sikortex.com\/vi\/tap-chi\/khong-tham-nuoc-va-chong-tham-nuoc-2\/\"><span style=\"color: #3366ff;\">kh\u00f4ng th\u1ea5m n\u01b0\u1edbc<\/span><\/a> hi\u1ec7u \u1ee9ng. Cho d\u00f9 l\u00e0 m\u01b0a l\u1edbn hay s\u01b0\u01a1ng m\u00f9 d\u00e0y \u0111\u1eb7c, v\u1ea3i c\u00f3 th\u1ec3 ng\u0103n ch\u1eb7n ho\u00e0n to\u00e0n \u0111\u1ed9 \u1ea9m, gi\u00fap c\u00e1c v\u1eadt d\u1ee5ng b\u00ean trong thi\u1ebft b\u1ecb lu\u00f4n kh\u00f4 r\u00e1o. Hi\u1ec7u su\u1ea5t ch\u1ed1ng th\u1ea5m n\u01b0\u1edbc t\u1ed1i \u01b0u n\u00e0y l\u00e0 l\u1edbp b\u1ea3o v\u1ec7 quan tr\u1ecdng m\u00e0 v\u1ea3i nylon 420D c\u1ee7a ch\u00fang t\u00f4i cung c\u1ea5p cho thi\u1ebft b\u1ecb s\u1eed d\u1ee5ng trong th\u1eddi ti\u1ebft kh\u1eafc nghi\u1ec7t.<\/div>\n<div><\/div>\n<h4 class=\"header-vfC6AV auto-hide-last-sibling-br\">Kh\u1ea3 n\u0103ng ch\u1ed1ng m\u00e0i m\u00f2n v\u01b0\u1ee3t tr\u1ed9i, duy tr\u00ec kh\u1ea3 n\u0103ng b\u1ea3o v\u1ec7 l\u00e2u d\u00e0i<\/h4>\n<div class=\"auto-hide-last-sibling-br paragraph-JOTKXA paragraph-element br-paragraph-space\">Trong m\u00f4i tr\u01b0\u1eddng ngo\u00e0i tr\u1eddi ph\u1ee9c t\u1ea1p, ma s\u00e1t \u1edf kh\u1eafp m\u1ecdi n\u01a1i. V\u1ea3i nylon 420D c\u1ee7a ch\u00fang t\u00f4i th\u1ec3 hi\u1ec7n kh\u1ea3 n\u0103ng ch\u1ed1ng m\u00e0i m\u00f2n \u0111\u00e1ng k\u1ec3, nh\u1edd v\u00e0o c\u00e1c \u0111\u1eb7c t\u00ednh v\u1eadt li\u1ec7u \u0111\u1ed9c \u0111\u00e1o v\u00e0 c\u1ea5u tr\u00fac d\u1ec7t ch\u1eb7t ch\u1ebd. Ngay c\u1ea3 sau nhi\u1ec1u l\u1ea7n s\u1eed d\u1ee5ng v\u00e0 nh\u1eefng chuy\u1ebfn \u0111i b\u1ed9 \u0111\u01b0\u1eddng d\u00e0i, ch\u1ecbu \u0111\u01b0\u1ee3c ma s\u00e1t c\u01b0\u1eddng \u0111\u1ed9 cao trong th\u1eddi gian d\u00e0i, n\u00f3 v\u1eabn c\u00f3 th\u1ec3 duy tr\u00ec c\u00e1c \u0111\u1eb7c t\u00ednh v\u1eadt l\u00fd t\u1ed1t m\u00e0 kh\u00f4ng l\u00e0m gi\u1ea3m hi\u1ec7u qu\u1ea3 b\u1ea3o v\u1ec7 c\u1ee7a n\u00f3 \u0111\u1ed1i v\u1edbi thi\u1ebft b\u1ecb. M\u1ed7i l\u1ea7n ma s\u00e1t l\u00e0 m\u1ed9t th\u1eed nghi\u1ec7m v\u1ec1 ch\u1ea5t l\u01b0\u1ee3ng c\u1ee7a n\u00f3 v\u00e0 v\u1ea3i nylon 420D c\u1ee7a ch\u00fang t\u00f4i lu\u00f4n ch\u1ee9ng minh \u0111\u01b0\u1ee3c hi\u1ec7u su\u1ea5t v\u01b0\u1ee3t tr\u1ed9i c\u1ee7a n\u00f3.<\/div>\n<div><\/div>\n<h4 class=\"header-vfC6AV auto-hide-last-sibling-br\">Kh\u1ea3 n\u0103ng \u1ee9ng d\u1ee5ng r\u1ed9ng r\u00e3i, \u0111\u00e1ng tin c\u1eady trong m\u1ecdi t\u00ecnh hu\u1ed1ng<\/h4>\n<div class=\"auto-hide-last-sibling-br paragraph-JOTKXA paragraph-element br-paragraph-space\">V\u1edbi nhi\u1ec1u \u01b0u \u0111i\u1ec3m n\u1ed5i b\u1eadt \u0111\u01b0\u1ee3c \u0111\u1ec1 c\u1eadp \u1edf tr\u00ean, v\u1ea3i nylon 420D c\u1ee7a ch\u00fang t\u00f4i c\u00f3 nhi\u1ec1u \u1ee9ng d\u1ee5ng, \u0111\u1eb7c bi\u1ec7t l\u00e0 trong s\u1ea3n xu\u1ea5t c\u00e1c thi\u1ebft b\u1ecb c\u1ea7n ch\u1ecbu \u0111\u01b0\u1ee3c th\u1eddi ti\u1ebft kh\u1eafc nghi\u1ec7t. Cho d\u00f9 \u0111\u00f3 l\u00e0 ba l\u00f4 leo n\u00fai ph\u1ea3i ch\u1ecbu \u0111\u01b0\u1ee3c gi\u00f3, m\u01b0a v\u00e0 ma s\u00e1t \u0111\u00e1 trong qu\u00e1 tr\u00ecnh leo n\u00fai \u0111\u1ec9nh cao hay l\u1ec1u d\u00e3 ngo\u1ea1i ph\u1ea3i ch\u1ed1ng ch\u1ecdi v\u1edbi nhi\u1ec1u \u0111i\u1ec1u ki\u1ec7n th\u1eddi ti\u1ebft ph\u1ee9c t\u1ea1p, v\u1ea3i nylon 420D c\u1ee7a ch\u00fang t\u00f4i c\u00f3 th\u1ec3 cung c\u1ea5p kh\u1ea3 n\u0103ng b\u1ea3o v\u1ec7 \u0111\u00e1ng tin c\u1eady cho c\u00e1c thi\u1ebft b\u1ecb n\u00e0y v\u1edbi hi\u1ec7u su\u1ea5t tuy\u1ec7t v\u1eddi c\u1ee7a n\u00f3. \u0110i\u1ec1u n\u00e0y cho ph\u00e9p ng\u01b0\u1eddi d\u00f9ng t\u1eadn h\u01b0\u1edfng c\u00e1c ho\u1ea1t \u0111\u1ed9ng ngo\u00e0i tr\u1eddi m\u1ed9t c\u00e1ch an t\u00e2m ngay c\u1ea3 trong th\u1eddi ti\u1ebft kh\u1eafc nghi\u1ec7t.<\/div>\n<p>&nbsp;<\/p>\n<div class=\"auto-hide-last-sibling-br paragraph-JOTKXA paragraph-element br-paragraph-space\">V\u1ea3i nylon 420D c\u1ee7a ch\u00fang t\u00f4i c\u00f3 \u0111\u1ed9 b\u1ec1n, kh\u1ea3 n\u0103ng ch\u1ed1ng r\u00e1ch, ch\u1ed1ng th\u1ea5m n\u01b0\u1edbc k\u00e9p v\u00e0 kh\u1ea3 n\u0103ng ch\u1ed1ng m\u00e0i m\u00f2n v\u01b0\u1ee3t tr\u1ed9i \u0111\u01b0\u1ee3c ch\u1ebf t\u00e1c th\u1ee7 c\u00f4ng t\u1ec9 m\u1ec9, \u0111\u00e3 tr\u1edf th\u00e0nh s\u1ef1 l\u1ef1a ch\u1ecdn ch\u1ea5t l\u01b0\u1ee3ng cao kh\u00f4ng th\u1ec3 thay th\u1ebf trong l\u0129nh v\u1ef1c thi\u1ebft b\u1ecb ch\u1ed1ng ch\u1ecbu th\u1eddi ti\u1ebft kh\u1eafc nghi\u1ec7t, \u0111\u1ed3ng h\u00e0nh to\u00e0n di\u1ec7n trong nh\u1eefng chuy\u1ebfn phi\u00eau l\u01b0u c\u1ee7a nh\u1eefng ng\u01b0\u1eddi \u0111am m\u00ea ho\u1ea1t \u0111\u1ed9ng ngo\u00e0i tr\u1eddi.<\/div>","protected":false},"excerpt":{"rendered":"<p>1000 m\u00e9t (\u0110\u01a1n h\u00e0ng t\u1ed1i thi\u1ec3u)<\/p>","protected":false},"featured_media":6451,"comment_status":"closed","ping_status":"closed","template":"","meta":{"_uag_custom_page_level_css":"","site-sidebar-layout":"default","site-content-layout":"default","ast-site-content-layout":"","site-content-style":"default","site-sidebar-style":"default","ast-global-header-display":"","ast-banner-title-visibility":"","ast-main-header-display":"","ast-hfb-above-header-display":"","ast-hfb-below-header-display":"","ast-hfb-mobile-header-display":"","site-post-title":"","ast-breadcrumbs-content":"","ast-featured-img":"","footer-sml-layout":"","theme-transparent-header-meta":"default","adv-header-id-meta":"","stick-header-meta":"default","header-above-stick-meta":"","header-main-stick-meta":"","header-below-stick-meta":"","astra-migrate-meta-layouts":"default","ast-page-background-enabled":"default","ast-page-background-meta":{"desktop":{"background-color":"","background-image":"","background-repeat":"repeat","background-position":"center center","background-size":"auto","background-attachment":"scroll","background-type":"","background-media":"","overlay-type":"","overlay-color":"","overlay-opacity":"","overlay-gradient":""},"tablet":{"background-color":"","background-image":"","background-repeat":"repeat","background-position":"center center","background-size":"auto","background-attachment":"scroll","background-type":"","background-media":"","overlay-type":"","overlay-color":"","overlay-opacity":"","overlay-gradient":""},"mobile":{"background-color":"","background-image":"","background-repeat":"repeat","background-position":"center center","background-size":"auto","background-attachment":"scroll","background-type":"","background-media":"","overlay-type":"","overlay-color":"","overlay-opacity":"","overlay-gradient":""}},"ast-content-background-meta":{"desktop":{"background-color":"var(--ast-global-color-5)","background-image":"","background-repeat":"repeat","background-position":"center center","background-size":"auto","background-attachment":"scroll","background-type":"","background-media":"","overlay-type":"","overlay-color":"","overlay-opacity":"","overlay-gradient":""},"tablet":{"background-color":"var(--ast-global-color-5)","background-image":"","background-repeat":"repeat","background-position":"center center","background-size":"auto","background-attachment":"scroll","background-type":"","background-media":"","overlay-type":"","overlay-color":"","overlay-opacity":"","overlay-gradient":""},"mobile":{"background-color":"var(--ast-global-color-5)","background-image":"","background-repeat":"repeat","background-position":"center center","background-size":"auto","background-attachment":"scroll","background-type":"","background-media":"","overlay-type":"","overlay-color":"","overlay-opacity":"","overlay-gradient":""}}},"product_brand":[],"product_cat":[426,1206,423,430,432,404,1184,433,414],"product_tag":[],"class_list":{"0":"post-2288","1":"product","2":"type-product","3":"status-publish","4":"has-post-thumbnail","6":"product_cat-constructionmining","7":"product_cat-fabric-for-bag","8":"product_cat-fabric-for-military-police","9":"product_cat-fabric-for-motorwear","10":"product_cat-fabric-for-tent","11":"product_cat-nylon-fabrics","12":"product_cat-oxford-fabric","13":"product_cat-textile-for-industrial","14":"product_cat-waterproof-fabrics","15":"pa_available_colors-911052-spc","16":"desktop-align-left","17":"tablet-align-left","18":"mobile-align-left","19":"ast-product-gallery-layout-vertical-slider","20":"ast-product-tabs-layout-horizontal","22":"first","23":"instock","24":"shipping-taxable","25":"product-type-simple"},"uagb_featured_image_src":{"full":["https:\/\/www.sikortex.com\/wp-content\/uploads\/2023\/06\/nylon-oxford.jpg",800,800,false],"thumbnail":["https:\/\/www.sikortex.com\/wp-content\/uploads\/2023\/06\/nylon-oxford-150x150.jpg",150,150,true],"medium":["https:\/\/www.sikortex.com\/wp-content\/uploads\/2023\/06\/nylon-oxford-300x300.jpg",300,300,true],"medium_large":["https:\/\/www.sikortex.com\/wp-content\/uploads\/2023\/06\/nylon-oxford-768x768.jpg",768,768,true],"large":["https:\/\/www.sikortex.com\/wp-content\/uploads\/2023\/06\/nylon-oxford.jpg",800,800,false],"1536x1536":["https:\/\/www.sikortex.com\/wp-content\/uploads\/2023\/06\/nylon-oxford.jpg",800,800,false],"2048x2048":["https:\/\/www.sikortex.com\/wp-content\/uploads\/2023\/06\/nylon-oxford.jpg",800,800,false],"trp-custom-language-flag":["https:\/\/www.sikortex.com\/wp-content\/uploads\/2023\/06\/nylon-oxford-12x12.jpg",12,12,true],"woocommerce_thumbnail":["https:\/\/www.sikortex.com\/wp-content\/uploads\/2023\/06\/nylon-oxford-300x300.jpg",300,300,true],"woocommerce_single":["https:\/\/www.sikortex.com\/wp-content\/uploads\/2023\/06\/nylon-oxford-600x600.jpg",600,600,true],"woocommerce_gallery_thumbnail":["https:\/\/www.sikortex.com\/wp-content\/uploads\/2023\/06\/nylon-oxford-100x100.jpg",100,100,true]},"uagb_author_info":{"display_name":"Perry","author_link":"https:\/\/www.sikortex.com\/vi\/author\/"},"uagb_comment_info":0,"uagb_excerpt":"1000 Meters(Min.Order)","_links":{"self":[{"href":"https:\/\/www.sikortex.com\/vi\/wp-json\/wp\/v2\/product\/2288","targetHints":{"allow":["GET"]}}],"collection":[{"href":"https:\/\/www.sikortex.com\/vi\/wp-json\/wp\/v2\/product"}],"about":[{"href":"https:\/\/www.sikortex.com\/vi\/wp-json\/wp\/v2\/types\/product"}],"replies":[{"embeddable":true,"href":"https:\/\/www.sikortex.com\/vi\/wp-json\/wp\/v2\/comments?post=2288"}],"wp:featuredmedia":[{"embeddable":true,"href":"https:\/\/www.sikortex.com\/vi\/wp-json\/wp\/v2\/media\/6451"}],"wp:attachment":[{"href":"https:\/\/www.sikortex.com\/vi\/wp-json\/wp\/v2\/media?parent=2288"}],"wp:term":[{"taxonomy":"product_brand","embeddable":true,"href":"https:\/\/www.sikortex.com\/vi\/wp-json\/wp\/v2\/product_brand?post=2288"},{"taxonomy":"product_cat","embeddable":true,"href":"https:\/\/www.sikortex.com\/vi\/wp-json\/wp\/v2\/product_cat?post=2288"},{"taxonomy":"product_tag","embeddable":true,"href":"https:\/\/www.sikortex.com\/vi\/wp-json\/wp\/v2\/product_tag?post=2288"}],"curies":[{"name":"wp","href":"https:\/\/api.w.org\/{rel}","templated":true}]}}