{"id":2279,"date":"2023-06-02T15:56:47","date_gmt":"2023-06-02T07:56:47","guid":{"rendered":"http:\/\/203.196.10.64:3021\/?post_type=product&#038;p=2279"},"modified":"2025-01-06T13:39:00","modified_gmt":"2025-01-06T05:39:00","slug":"sk8268","status":"publish","type":"product","link":"https:\/\/www.sikortex.com\/vi\/san-pham\/sk8268\/","title":{"rendered":"Gucci In Ng\u1ee5y Trang 900D V\u1ea3i Nylon"},"content":{"rendered":"<h6>SIKOR-TEX <span style=\"color: #3366ff;\"><a style=\"color: #3366ff;\" href=\"https:\/\/www.sikortex.com\/vi\/vai-nylon-bong-vai-ripstop-ao-gio-vai-5\/\">V\u1ea3i Oxford<\/a><\/span> nh\u00e0 ch\u1ebf t\u1ea1o<\/h6>\n<p>V\u1ea3i Nylon In Camouflage 900D c\u1ee7a Gucci, ch\u1ea5t li\u1ec7u cao c\u1ea5p to\u00e1t l\u00ean v\u1ebb sang tr\u1ecdng v\u00e0 \u0111\u1eb3ng c\u1ea5p. Lo\u1ea1i v\u1ea3i n\u00e0y l\u00fd t\u01b0\u1edfng \u0111\u1ec3 t\u1ea1o ra c\u00e1c t\u00fai, l\u1edbp l\u00f3t, xe \u0111\u1ea9y, gi\u00e0y v\u00e0 l\u1ec1u tinh x\u1ea3o v\u00e0 phong c\u00e1ch.<\/p>\n<p>V\u1ea3i nylon 900D c\u00f3 c\u1ea5u tr\u00fac nylon 900D b\u1ec1n b\u1ec9, \u0111\u1ea3m b\u1ea3o \u0111\u1ed9 b\u1ec1n v\u00e0 tu\u1ed5i th\u1ecd v\u01b0\u1ee3t tr\u1ed9i. M\u1eabu ng\u1ee5y trang \u0111\u01b0\u1ee3c in th\u00eam n\u00e9t sang tr\u1ecdng v\u00e0 \u0111\u1ed9c \u0111\u00e1o cho thi\u1ebft k\u1ebf c\u1ee7a b\u1ea1n, ph\u1ea3n \u00e1nh tinh th\u1ea7n c\u1ee7a c\u00e1c th\u01b0\u01a1ng hi\u1ec7u qu\u1ed1c t\u1ebf.<\/p>\n<p>V\u1edbi \u0111\u1ed9 b\u00f3ng v\u00e0 k\u1ebft c\u1ea5u cao c\u1ea5p, v\u1ea3i c\u1ee7a ch\u00fang t\u00f4i mang l\u1ea1i t\u00ednh th\u1ea9m m\u1ef9 s\u1ed1ng \u0111\u1ed9ng v\u00e0 b\u1eaft m\u1eaft, n\u00e2ng cao s\u1ee9c h\u1ea5p d\u1eabn th\u1ecb gi\u00e1c cho c\u00e1c t\u00e1c ph\u1ea9m s\u00e1ng t\u1ea1o c\u1ee7a b\u1ea1n. Ngo\u00e0i ra, \u0111\u1eb7c t\u00ednh ch\u1ed1ng th\u1ea5m n\u01b0\u1edbc c\u1ee7a n\u00f3 mang l\u1ea1i s\u1ef1 b\u1ea3o v\u1ec7 tuy\u1ec7t v\u1eddi, \u0111\u1ea3m b\u1ea3o r\u1eb1ng nh\u1eefng chi\u1ebfc t\u00fai cao c\u1ea5p c\u1ee7a b\u1ea1n v\u1eabn nguy\u00ean s\u01a1 ngay c\u1ea3 trong \u0111i\u1ec1u ki\u1ec7n th\u1eddi ti\u1ebft b\u1ea5t l\u1ee3i.<\/p>\n<p>Cho d\u00f9 b\u1ea1n \u0111ang thi\u1ebft k\u1ebf t\u00fai x\u00e1ch, l\u1edbp l\u00f3t, xe \u0111\u1ea9y, gi\u00e0y hay l\u1ec1u, lo\u1ea1i v\u1ea3i c\u1ee7a ch\u00fang t\u00f4i \u0111\u1ec1u mang \u0111\u1ebfn s\u1ef1 k\u1ebft h\u1ee3p ho\u00e0n h\u1ea3o gi\u1eefa ch\u1ee9c n\u0103ng v\u00e0 s\u1ef1 sang tr\u1ecdng. N\u00f3 \u0111\u01b0\u1ee3c thi\u1ebft k\u1ebf \u0111\u1ec3 \u0111\u00e1p \u1ee9ng nhu c\u1ea7u c\u1ee7a c\u00e1c s\u1ea3n ph\u1ea9m cao c\u1ea5p, mang l\u1ea1i c\u1ea3 \u0111\u1ed9 b\u1ec1n v\u00e0 tay ngh\u1ec1 tinh x\u1ea3o.<\/p>","protected":false},"excerpt":{"rendered":"<p>600 m\u00e9t (\u0110\u01a1n h\u00e0ng t\u1ed1i thi\u1ec3u)<\/p>","protected":false},"featured_media":3887,"comment_status":"closed","ping_status":"closed","template":"","meta":{"_uag_custom_page_level_css":"","site-sidebar-layout":"default","site-content-layout":"default","ast-site-content-layout":"","site-content-style":"default","site-sidebar-style":"default","ast-global-header-display":"","ast-banner-title-visibility":"","ast-main-header-display":"","ast-hfb-above-header-display":"","ast-hfb-below-header-display":"","ast-hfb-mobile-header-display":"","site-post-title":"","ast-breadcrumbs-content":"","ast-featured-img":"","footer-sml-layout":"","theme-transparent-header-meta":"default","adv-header-id-meta":"","stick-header-meta":"default","header-above-stick-meta":"","header-main-stick-meta":"","header-below-stick-meta":"","astra-migrate-meta-layouts":"default","ast-page-background-enabled":"default","ast-page-background-meta":{"desktop":{"background-color":"","background-image":"","background-repeat":"repeat","background-position":"center center","background-size":"auto","background-attachment":"scroll","background-type":"","background-media":"","overlay-type":"","overlay-color":"","overlay-opacity":"","overlay-gradient":""},"tablet":{"background-color":"","background-image":"","background-repeat":"repeat","background-position":"center center","background-size":"auto","background-attachment":"scroll","background-type":"","background-media":"","overlay-type":"","overlay-color":"","overlay-opacity":"","overlay-gradient":""},"mobile":{"background-color":"","background-image":"","background-repeat":"repeat","background-position":"center center","background-size":"auto","background-attachment":"scroll","background-type":"","background-media":"","overlay-type":"","overlay-color":"","overlay-opacity":"","overlay-gradient":""}},"ast-content-background-meta":{"desktop":{"background-color":"var(--ast-global-color-5)","background-image":"","background-repeat":"repeat","background-position":"center center","background-size":"auto","background-attachment":"scroll","background-type":"","background-media":"","overlay-type":"","overlay-color":"","overlay-opacity":"","overlay-gradient":""},"tablet":{"background-color":"var(--ast-global-color-5)","background-image":"","background-repeat":"repeat","background-position":"center center","background-size":"auto","background-attachment":"scroll","background-type":"","background-media":"","overlay-type":"","overlay-color":"","overlay-opacity":"","overlay-gradient":""},"mobile":{"background-color":"var(--ast-global-color-5)","background-image":"","background-repeat":"repeat","background-position":"center center","background-size":"auto","background-attachment":"scroll","background-type":"","background-media":"","overlay-type":"","overlay-color":"","overlay-opacity":"","overlay-gradient":""}}},"product_brand":[],"product_cat":[404,433,414],"product_tag":[],"class_list":{"0":"post-2279","1":"product","2":"type-product","3":"status-publish","4":"has-post-thumbnail","6":"product_cat-nylon-fabrics","7":"product_cat-textile-for-industrial","8":"product_cat-waterproof-fabrics","9":"pa_available_colors-1526-28","10":"pa_available_colors-1526-44","11":"pa_available_colors-1526-59","12":"desktop-align-left","13":"tablet-align-left","14":"mobile-align-left","15":"ast-product-gallery-layout-vertical-slider","16":"ast-product-tabs-layout-horizontal","18":"first","19":"instock","20":"shipping-taxable","21":"product-type-simple"},"uagb_featured_image_src":{"full":["https:\/\/www.sikortex.com\/wp-content\/uploads\/2023\/06\/3123515412_496900300-1.jpg",1024,1024,false],"thumbnail":["https:\/\/www.sikortex.com\/wp-content\/uploads\/2023\/06\/3123515412_496900300-1-150x150.jpg",150,150,true],"medium":["https:\/\/www.sikortex.com\/wp-content\/uploads\/2023\/06\/3123515412_496900300-1-300x300.jpg",300,300,true],"medium_large":["https:\/\/www.sikortex.com\/wp-content\/uploads\/2023\/06\/3123515412_496900300-1-768x768.jpg",768,768,true],"large":["https:\/\/www.sikortex.com\/wp-content\/uploads\/2023\/06\/3123515412_496900300-1.jpg",1024,1024,false],"1536x1536":["https:\/\/www.sikortex.com\/wp-content\/uploads\/2023\/06\/3123515412_496900300-1.jpg",1024,1024,false],"2048x2048":["https:\/\/www.sikortex.com\/wp-content\/uploads\/2023\/06\/3123515412_496900300-1.jpg",1024,1024,false],"trp-custom-language-flag":["https:\/\/www.sikortex.com\/wp-content\/uploads\/2023\/06\/3123515412_496900300-1.jpg",12,12,false],"woocommerce_thumbnail":["https:\/\/www.sikortex.com\/wp-content\/uploads\/2023\/06\/3123515412_496900300-1-300x300.jpg",300,300,true],"woocommerce_single":["https:\/\/www.sikortex.com\/wp-content\/uploads\/2023\/06\/3123515412_496900300-1-600x600.jpg",600,600,true],"woocommerce_gallery_thumbnail":["https:\/\/www.sikortex.com\/wp-content\/uploads\/2023\/06\/3123515412_496900300-1-100x100.jpg",100,100,true]},"uagb_author_info":{"display_name":"Perry","author_link":"https:\/\/www.sikortex.com\/vi\/author\/"},"uagb_comment_info":0,"uagb_excerpt":"600 Meters(Min.Order)","_links":{"self":[{"href":"https:\/\/www.sikortex.com\/vi\/wp-json\/wp\/v2\/product\/2279","targetHints":{"allow":["GET"]}}],"collection":[{"href":"https:\/\/www.sikortex.com\/vi\/wp-json\/wp\/v2\/product"}],"about":[{"href":"https:\/\/www.sikortex.com\/vi\/wp-json\/wp\/v2\/types\/product"}],"replies":[{"embeddable":true,"href":"https:\/\/www.sikortex.com\/vi\/wp-json\/wp\/v2\/comments?post=2279"}],"wp:featuredmedia":[{"embeddable":true,"href":"https:\/\/www.sikortex.com\/vi\/wp-json\/wp\/v2\/media\/3887"}],"wp:attachment":[{"href":"https:\/\/www.sikortex.com\/vi\/wp-json\/wp\/v2\/media?parent=2279"}],"wp:term":[{"taxonomy":"product_brand","embeddable":true,"href":"https:\/\/www.sikortex.com\/vi\/wp-json\/wp\/v2\/product_brand?post=2279"},{"taxonomy":"product_cat","embeddable":true,"href":"https:\/\/www.sikortex.com\/vi\/wp-json\/wp\/v2\/product_cat?post=2279"},{"taxonomy":"product_tag","embeddable":true,"href":"https:\/\/www.sikortex.com\/vi\/wp-json\/wp\/v2\/product_tag?post=2279"}],"curies":[{"name":"wp","href":"https:\/\/api.w.org\/{rel}","templated":true}]}}