{"id":2252,"date":"2023-06-02T15:51:39","date_gmt":"2023-06-02T07:51:39","guid":{"rendered":"http:\/\/203.196.10.64:3021\/?post_type=product&#038;p=2252"},"modified":"2023-10-10T16:15:51","modified_gmt":"2023-10-10T08:15:51","slug":"sk8331-2","status":"publish","type":"product","link":"https:\/\/www.sikortex.com\/vi\/san-pham\/sk8331-2\/","title":{"rendered":"50\/50 Cotton pha nylon \u0110\u1ed9 b\u1ec1n cao V\u1ea3i ch\u1ed1ng m\u00e0i m\u00f2n"},"content":{"rendered":"<h5>Lo\u1ea1i v\u1ea3i qu\u00e2n s\u1ef1 t\u1ed1t nh\u1ea5t \u2013 H\u1ed7n h\u1ee3p cotton nylon<\/h5>\n<p>B\u1ea1n \u0111ang t\u00ecm ki\u1ebfm lo\u1ea1i v\u1ea3i c\u00f3 \u0111\u1ed9 b\u1ec1n cao c\u00f3 th\u1ec3 ch\u1ecbu \u0111\u01b0\u1ee3c m\u00f4i tr\u01b0\u1eddng kh\u1eafc nghi\u1ec7t? Kh\u00f4ng c\u00f3 g\u00ec kh\u00e1c ngo\u00e0i s\u1ef1 pha tr\u1ed9n v\u1ea3i \u0111\u1ed9t ph\u00e1 SIKOR-TEX c\u1ee7a nylon 50% v\u00e0 b\u00f4ng 50%. S\u1ef1 pha tr\u1ed9n s\u00e1ng t\u1ea1o n\u00e0y k\u1ebft h\u1ee3p nh\u1eefng g\u00ec t\u1ed1t nh\u1ea5t c\u1ee7a c\u1ea3 hai th\u1ebf gi\u1edbi, pha tr\u1ed9n kh\u1ea3 n\u0103ng tho\u00e1ng kh\u00ed c\u1ee7a cotton v\u1edbi \u0111\u1ed9 b\u1ec1n v\u00e0 \u0111\u1ed9 b\u1ec1n v\u01b0\u1ee3t tr\u1ed9i c\u1ee7a nylon.<br \/>\nVi\u1ec7c b\u1ed5 sung thi\u1ebft k\u1ebf hoa v\u0103n k\u1ebb \u00f4 kh\u00f4ng ch\u1ec9 th\u1ec3 hi\u1ec7n kh\u1ea3 n\u0103ng ch\u1ed1ng m\u00e0i m\u00f2n v\u01b0\u1ee3t tr\u1ed9i m\u00e0 c\u00f2n c\u1ea3i thi\u1ec7n \u0111\u00e1ng k\u1ec3 kh\u1ea3 n\u0103ng ch\u1ed1ng r\u00e1ch. Thi\u1ebft k\u1ebf \u0111\u1ed9c \u0111\u00e1o n\u00e0y \u0111\u1ea3m b\u1ea3o r\u1eb1ng v\u1ea3i c\u00f3 th\u1ec3 ch\u1ecbu \u0111\u01b0\u1ee3c c\u1ea3 nh\u1eefng m\u00f4i tr\u01b0\u1eddng kh\u1eafc nghi\u1ec7t nh\u1ea5t, khi\u1ebfn n\u00f3 tr\u1edf th\u00e0nh l\u1ef1a ch\u1ecdn ho\u00e0n h\u1ea3o cho nh\u1eefng ng\u01b0\u1eddi c\u1ea7n qu\u1ea7n \u00e1o ch\u1ecbu \u0111\u01b0\u1ee3c hao m\u00f2n h\u00e0ng ng\u00e0y.<br \/>\nV\u1ea3i Cotton Nylon SIKOR-TEX kh\u00f4ng ch\u1ec9 c\u00f3 \u0111\u1ed9 b\u1ec1n cao. Kh\u1ea3 n\u0103ng ch\u1ed1ng m\u00e0i m\u00f2n c\u1ee7a n\u00f3 cao h\u01a1n ba l\u1ea7n so v\u1edbi v\u1ea3i cotton polyester ho\u1eb7c v\u1ea3i cotton 100%, khi\u1ebfn n\u00f3 tr\u1edf th\u00e0nh l\u1ef1a ch\u1ecdn l\u00fd t\u01b0\u1edfng cho nh\u1eefng ai y\u00eau c\u1ea7u ch\u1ea5t li\u1ec7u hi\u1ec7u su\u1ea5t cao. C\u00e1c t\u00f9y ch\u1ecdn in \u1ea5n v\u00e0 l\u1edbp ho\u00e0n thi\u1ec7n ch\u1ee9c n\u0103ng \u0111\u1eb7c bi\u1ec7t c\u0169ng c\u00f3 s\u1eb5n, khi\u1ebfn n\u00f3 tr\u1edf th\u00e0nh m\u1ed9t trong nh\u1eefng lo\u1ea1i v\u1ea3i linh ho\u1ea1t nh\u1ea5t tr\u00ean th\u1ecb tr\u01b0\u1eddng.<br \/>\nCho d\u00f9 b\u1ea1n l\u00e0m trong ng\u00e0nh qu\u00e2n \u0111\u1ed9i, c\u1ea3nh s\u00e1t, an ninh hay b\u1ea3o h\u1ed9 lao \u0111\u1ed9ng, v\u1ea3i c\u1ee7a ch\u00fang t\u00f4i l\u00e0 s\u1ef1 l\u1ef1a ch\u1ecdn ho\u00e0n h\u1ea3o cho b\u1ea1n. S\u1ef1 pha tr\u1ed9n \u0111\u1ed9c \u0111\u00e1o gi\u1eefa v\u1eadt li\u1ec7u v\u00e0 thi\u1ebft k\u1ebf khi\u1ebfn n\u00f3 tr\u1edf th\u00e0nh l\u1ef1a ch\u1ecdn h\u00e0ng \u0111\u1ea7u cho nh\u1eefng ai y\u00eau c\u1ea7u ch\u1ea5t l\u01b0\u1ee3ng v\u00e0 \u0111\u1ed9 b\u1ec1n t\u1ed1t nh\u1ea5t. H\u00e3y ch\u1ecdn lo\u1ea1i v\u1ea3i pha tr\u1ed9n nylon 50% v\u00e0 b\u00f4ng 50% c\u1ee7a ch\u00fang t\u00f4i cho d\u1ef1 \u00e1n ti\u1ebfp theo c\u1ee7a b\u1ea1n v\u00e0 t\u1ef1 m\u00ecnh tr\u1ea3i nghi\u1ec7m s\u1ef1 kh\u00e1c bi\u1ec7t.<\/p>","protected":false},"excerpt":{"rendered":"<p>3000 m\u00e9t (\u0110\u01a1n h\u00e0ng t\u1ed1i thi\u1ec3u)<\/p>","protected":false},"featured_media":3877,"comment_status":"closed","ping_status":"closed","template":"","meta":{"_uag_custom_page_level_css":"","site-sidebar-layout":"default","site-content-layout":"default","ast-site-content-layout":"","site-content-style":"default","site-sidebar-style":"default","ast-global-header-display":"","ast-banner-title-visibility":"","ast-main-header-display":"","ast-hfb-above-header-display":"","ast-hfb-below-header-display":"","ast-hfb-mobile-header-display":"","site-post-title":"","ast-breadcrumbs-content":"","ast-featured-img":"","footer-sml-layout":"","theme-transparent-header-meta":"default","adv-header-id-meta":"","stick-header-meta":"default","header-above-stick-meta":"","header-main-stick-meta":"","header-below-stick-meta":"","astra-migrate-meta-layouts":"default","ast-page-background-enabled":"default","ast-page-background-meta":{"desktop":{"background-color":"","background-image":"","background-repeat":"repeat","background-position":"center center","background-size":"auto","background-attachment":"scroll","background-type":"","background-media":"","overlay-type":"","overlay-color":"","overlay-opacity":"","overlay-gradient":""},"tablet":{"background-color":"","background-image":"","background-repeat":"repeat","background-position":"center center","background-size":"auto","background-attachment":"scroll","background-type":"","background-media":"","overlay-type":"","overlay-color":"","overlay-opacity":"","overlay-gradient":""},"mobile":{"background-color":"","background-image":"","background-repeat":"repeat","background-position":"center center","background-size":"auto","background-attachment":"scroll","background-type":"","background-media":"","overlay-type":"","overlay-color":"","overlay-opacity":"","overlay-gradient":""}},"ast-content-background-meta":{"desktop":{"background-color":"var(--ast-global-color-5)","background-image":"","background-repeat":"repeat","background-position":"center center","background-size":"auto","background-attachment":"scroll","background-type":"","background-media":"","overlay-type":"","overlay-color":"","overlay-opacity":"","overlay-gradient":""},"tablet":{"background-color":"var(--ast-global-color-5)","background-image":"","background-repeat":"repeat","background-position":"center center","background-size":"auto","background-attachment":"scroll","background-type":"","background-media":"","overlay-type":"","overlay-color":"","overlay-opacity":"","overlay-gradient":""},"mobile":{"background-color":"var(--ast-global-color-5)","background-image":"","background-repeat":"repeat","background-position":"center center","background-size":"auto","background-attachment":"scroll","background-type":"","background-media":"","overlay-type":"","overlay-color":"","overlay-opacity":"","overlay-gradient":""}}},"product_brand":[],"product_cat":[419,426,423,428,406,427],"product_tag":[],"class_list":{"0":"post-2252","1":"product","2":"type-product","3":"status-publish","4":"has-post-thumbnail","6":"product_cat-anti-infrared-fabrics","7":"product_cat-constructionmining","8":"product_cat-fabric-for-military-police","9":"product_cat-fabric-for-outdoor-sports","10":"product_cat-nylon-cotton","11":"product_cat-petroleum-and-petrochemical","12":"pa_available_colors-911052-spc","13":"desktop-align-left","14":"tablet-align-left","15":"mobile-align-left","16":"ast-product-gallery-layout-vertical-slider","17":"ast-product-tabs-layout-horizontal","19":"first","20":"instock","21":"shipping-taxable","22":"product-type-simple"},"uagb_featured_image_src":{"full":["https:\/\/www.sikortex.com\/wp-content\/uploads\/2023\/06\/O1CN01wzQMQw1eKGJIlXM7q_969893852-0-cib-1.jpg",1024,1024,false],"thumbnail":["https:\/\/www.sikortex.com\/wp-content\/uploads\/2023\/06\/O1CN01wzQMQw1eKGJIlXM7q_969893852-0-cib-1-150x150.jpg",150,150,true],"medium":["https:\/\/www.sikortex.com\/wp-content\/uploads\/2023\/06\/O1CN01wzQMQw1eKGJIlXM7q_969893852-0-cib-1-300x300.jpg",300,300,true],"medium_large":["https:\/\/www.sikortex.com\/wp-content\/uploads\/2023\/06\/O1CN01wzQMQw1eKGJIlXM7q_969893852-0-cib-1-768x768.jpg",768,768,true],"large":["https:\/\/www.sikortex.com\/wp-content\/uploads\/2023\/06\/O1CN01wzQMQw1eKGJIlXM7q_969893852-0-cib-1.jpg",1024,1024,false],"1536x1536":["https:\/\/www.sikortex.com\/wp-content\/uploads\/2023\/06\/O1CN01wzQMQw1eKGJIlXM7q_969893852-0-cib-1.jpg",1024,1024,false],"2048x2048":["https:\/\/www.sikortex.com\/wp-content\/uploads\/2023\/06\/O1CN01wzQMQw1eKGJIlXM7q_969893852-0-cib-1.jpg",1024,1024,false],"trp-custom-language-flag":["https:\/\/www.sikortex.com\/wp-content\/uploads\/2023\/06\/O1CN01wzQMQw1eKGJIlXM7q_969893852-0-cib-1.jpg",12,12,false],"woocommerce_thumbnail":["https:\/\/www.sikortex.com\/wp-content\/uploads\/2023\/06\/O1CN01wzQMQw1eKGJIlXM7q_969893852-0-cib-1-300x300.jpg",300,300,true],"woocommerce_single":["https:\/\/www.sikortex.com\/wp-content\/uploads\/2023\/06\/O1CN01wzQMQw1eKGJIlXM7q_969893852-0-cib-1-600x600.jpg",600,600,true],"woocommerce_gallery_thumbnail":["https:\/\/www.sikortex.com\/wp-content\/uploads\/2023\/06\/O1CN01wzQMQw1eKGJIlXM7q_969893852-0-cib-1-100x100.jpg",100,100,true]},"uagb_author_info":{"display_name":"Perry","author_link":"https:\/\/www.sikortex.com\/vi\/author\/"},"uagb_comment_info":0,"uagb_excerpt":"3000 Meters(Min.Order)","_links":{"self":[{"href":"https:\/\/www.sikortex.com\/vi\/wp-json\/wp\/v2\/product\/2252","targetHints":{"allow":["GET"]}}],"collection":[{"href":"https:\/\/www.sikortex.com\/vi\/wp-json\/wp\/v2\/product"}],"about":[{"href":"https:\/\/www.sikortex.com\/vi\/wp-json\/wp\/v2\/types\/product"}],"replies":[{"embeddable":true,"href":"https:\/\/www.sikortex.com\/vi\/wp-json\/wp\/v2\/comments?post=2252"}],"wp:featuredmedia":[{"embeddable":true,"href":"https:\/\/www.sikortex.com\/vi\/wp-json\/wp\/v2\/media\/3877"}],"wp:attachment":[{"href":"https:\/\/www.sikortex.com\/vi\/wp-json\/wp\/v2\/media?parent=2252"}],"wp:term":[{"taxonomy":"product_brand","embeddable":true,"href":"https:\/\/www.sikortex.com\/vi\/wp-json\/wp\/v2\/product_brand?post=2252"},{"taxonomy":"product_cat","embeddable":true,"href":"https:\/\/www.sikortex.com\/vi\/wp-json\/wp\/v2\/product_cat?post=2252"},{"taxonomy":"product_tag","embeddable":true,"href":"https:\/\/www.sikortex.com\/vi\/wp-json\/wp\/v2\/product_tag?post=2252"}],"curies":[{"name":"wp","href":"https:\/\/api.w.org\/{rel}","templated":true}]}}