{"id":2246,"date":"2023-06-02T15:50:33","date_gmt":"2023-06-02T07:50:33","guid":{"rendered":"http:\/\/203.196.10.64:3021\/?post_type=product&#038;p=2246"},"modified":"2024-12-17T11:02:43","modified_gmt":"2024-12-17T03:02:43","slug":"sk8266","status":"publish","type":"product","link":"https:\/\/www.sikortex.com\/vi\/san-pham\/sk8266\/","title":{"rendered":"1680D V\u1ea3i Oxford Twill Jacquard Nylon Oxford"},"content":{"rendered":"<p>V\u1ea3i cao c\u1ea5p n\u1ed5i ti\u1ebfng v\u1edbi \u0111\u1ed9 b\u1ec1n, \u0111\u1ed9 ch\u1eafc v\u00e0 kh\u1ea3 n\u0103ng ch\u1ed1ng n\u01b0\u1edbc \u0111\u1eb7c bi\u1ec7t. Lo\u1ea1i v\u1ea3i d\u1ec7t tr\u01a1n n\u00e0y c\u00f3 s\u1ee3i d\u1ecdc \u0111\u00f4i v\u00e0 s\u1ee3i ngang \u0111\u00f4i \u0111\u01b0\u1ee3c thi\u1ebft k\u1ebf \u0111\u1ec3 \u0111\u00e1p \u1ee9ng c\u00e1c ti\u00eau chu\u1ea9n ch\u1ea5t l\u01b0\u1ee3ng cao nh\u1ea5t.<\/p>\n<p>\u0110\u01b0\u1ee3c ch\u1ebf t\u1ea1o t\u1eeb nylon, V\u1ea3i Oxford 1680D c\u1ee7a ch\u00fang t\u00f4i s\u1eed d\u1ee5ng quy tr\u00ecnh s\u1ea3n xu\u1ea5t \u0111\u1ed9c \u0111\u00e1o. Hai s\u1ee3i nylon 420D \u0111\u01b0\u1ee3c qu\u1ea5n ch\u1eb7t v\u00e0 xo\u1eafn l\u1ea1i v\u1edbi nhau t\u1ea1o th\u00e0nh s\u1ee3i 840D ch\u1eafc ch\u1eafn. V\u1edbi ph\u01b0\u01a1ng ph\u00e1p d\u1ec7t s\u1ee3i d\u1ecdc \u0111\u00f4i v\u00e0 s\u1ee3i ngang \u0111\u00f4i, v\u1ea3i thu \u0111\u01b0\u1ee3c g\u1ed3m hai s\u1ee3i t\u01a1 840D, t\u1ea1o n\u00ean \u0111\u1ed9 b\u1ec1n v\u00e0 m\u1eadt \u0111\u1ed9 c\u1ee7a s\u1ee3i \u0111\u00f4i 1680D.<\/p>\n<p>V\u1ea3i Oxford Twill Jacquard Nylon 1680D c\u00f3 \u0111\u1ed9 b\u1ec1n k\u00e9o v\u00e0 kh\u1ea3 n\u0103ng ch\u1ed1ng m\u00e0i m\u00f2n v\u01b0\u1ee3t tr\u1ed9i, khi\u1ebfn n\u00f3 tr\u1edf n\u00ean l\u00fd t\u01b0\u1edfng cho c\u00e1c \u1ee9ng d\u1ee5ng c\u00f3 \u0111\u1ed9 b\u1ec1n cao. C\u1ea5u tr\u00fac m\u1eadt \u0111\u1ed9 cao c\u1ee7a n\u00f3 mang l\u1ea1i kh\u1ea3 n\u0103ng ch\u1ed1ng n\u01b0\u1edbc tuy\u1ec7t v\u1eddi, th\u01b0\u1eddng \u0111\u00e1p \u1ee9ng c\u00e1c ti\u00eau chu\u1ea9n ch\u1ed1ng n\u01b0\u1edbc IPX3 ho\u1eb7c IPX4. Ngo\u00e0i ra, lo\u1ea1i v\u1ea3i n\u00e0y c\u00f2n c\u00f3 \u0111\u1ed9 s\u00e1ng b\u00f3ng qu\u00fd ph\u00e1i, t\u0103ng th\u00eam v\u1ebb sang tr\u1ecdng cho c\u00e1c s\u1ea3n ph\u1ea9m v\u00e0 t\u00fai x\u00e1ch ngo\u00e0i tr\u1eddi cao c\u1ea5p.<\/p>\n<p>\u0110\u1ec3 n\u00e2ng cao h\u01a1n n\u1eefa hi\u1ec7u su\u1ea5t c\u1ee7a n\u00f3, V\u1ea3i Oxford 1680D c\u1ee7a ch\u00fang t\u00f4i c\u00f3 th\u1ec3 tr\u1ea3i qua nhi\u1ec1u ph\u01b0\u01a1ng ph\u00e1p x\u1eed l\u00fd sau ho\u00e0n thi\u1ec7n kh\u00e1c nhau. C\u00e1c t\u00f9y ch\u1ecdn bao g\u1ed3m PVC c\u00e1n l\u00e1ng, l\u1edbp ph\u1ee7 PU, v\u1eadt li\u1ec7u t\u1ed5ng h\u1ee3p EVA, c\u0169ng nh\u01b0 in chuy\u1ec3n nhi\u1ec7t, c\u00e1n n\u00f3ng v\u00e0 in l\u1ee5a, trong s\u1ed1 c\u00e1c t\u00f9y ch\u1ecdn kh\u00e1c.<\/p>\n<p>Ch\u00fang t\u00f4i c\u0169ng cung c\u1ea5p t\u00f9y ch\u1ecdn V\u1ea3i Oxford hai l\u1edbp 1680D b\u1eb1ng polyester, cung c\u1ea5p c\u00e1c l\u1ef1a ch\u1ecdn b\u1ed5 sung ph\u00f9 h\u1ee3p v\u1edbi nhu c\u1ea7u c\u1ee5 th\u1ec3 c\u1ee7a b\u1ea1n.<\/p>","protected":false},"excerpt":{"rendered":"<p>600 m\u00e9t (\u0110\u01a1n h\u00e0ng t\u1ed1i thi\u1ec3u)<\/p>","protected":false},"featured_media":3839,"comment_status":"closed","ping_status":"closed","template":"","meta":{"_uag_custom_page_level_css":"","site-sidebar-layout":"default","site-content-layout":"default","ast-site-content-layout":"","site-content-style":"default","site-sidebar-style":"default","ast-global-header-display":"","ast-banner-title-visibility":"","ast-main-header-display":"","ast-hfb-above-header-display":"","ast-hfb-below-header-display":"","ast-hfb-mobile-header-display":"","site-post-title":"","ast-breadcrumbs-content":"","ast-featured-img":"","footer-sml-layout":"","theme-transparent-header-meta":"default","adv-header-id-meta":"","stick-header-meta":"default","header-above-stick-meta":"","header-main-stick-meta":"","header-below-stick-meta":"","astra-migrate-meta-layouts":"default","ast-page-background-enabled":"default","ast-page-background-meta":{"desktop":{"background-color":"","background-image":"","background-repeat":"repeat","background-position":"center center","background-size":"auto","background-attachment":"scroll","background-type":"","background-media":"","overlay-type":"","overlay-color":"","overlay-opacity":"","overlay-gradient":""},"tablet":{"background-color":"","background-image":"","background-repeat":"repeat","background-position":"center center","background-size":"auto","background-attachment":"scroll","background-type":"","background-media":"","overlay-type":"","overlay-color":"","overlay-opacity":"","overlay-gradient":""},"mobile":{"background-color":"","background-image":"","background-repeat":"repeat","background-position":"center center","background-size":"auto","background-attachment":"scroll","background-type":"","background-media":"","overlay-type":"","overlay-color":"","overlay-opacity":"","overlay-gradient":""}},"ast-content-background-meta":{"desktop":{"background-color":"var(--ast-global-color-5)","background-image":"","background-repeat":"repeat","background-position":"center center","background-size":"auto","background-attachment":"scroll","background-type":"","background-media":"","overlay-type":"","overlay-color":"","overlay-opacity":"","overlay-gradient":""},"tablet":{"background-color":"var(--ast-global-color-5)","background-image":"","background-repeat":"repeat","background-position":"center center","background-size":"auto","background-attachment":"scroll","background-type":"","background-media":"","overlay-type":"","overlay-color":"","overlay-opacity":"","overlay-gradient":""},"mobile":{"background-color":"var(--ast-global-color-5)","background-image":"","background-repeat":"repeat","background-position":"center center","background-size":"auto","background-attachment":"scroll","background-type":"","background-media":"","overlay-type":"","overlay-color":"","overlay-opacity":"","overlay-gradient":""}}},"product_brand":[],"product_cat":[432,404,433,414],"product_tag":[],"class_list":{"0":"post-2246","1":"product","2":"type-product","3":"status-publish","4":"has-post-thumbnail","6":"product_cat-fabric-for-tent","7":"product_cat-nylon-fabrics","8":"product_cat-textile-for-industrial","9":"product_cat-waterproof-fabrics","10":"pa_available_colors-8236-8","11":"pa_available_colors-000014-wht","12":"pa_available_colors-royal-blue","13":"pa_available_colors-911052-spc","14":"desktop-align-left","15":"tablet-align-left","16":"mobile-align-left","17":"ast-product-gallery-layout-vertical-slider","18":"ast-product-tabs-layout-horizontal","20":"first","21":"instock","22":"shipping-taxable","23":"product-type-simple"},"uagb_featured_image_src":{"full":["https:\/\/www.sikortex.com\/wp-content\/uploads\/2023\/06\/3984757527_496900300-1.jpg",1024,1024,false],"thumbnail":["https:\/\/www.sikortex.com\/wp-content\/uploads\/2023\/06\/3984757527_496900300-1-150x150.jpg",150,150,true],"medium":["https:\/\/www.sikortex.com\/wp-content\/uploads\/2023\/06\/3984757527_496900300-1-300x300.jpg",300,300,true],"medium_large":["https:\/\/www.sikortex.com\/wp-content\/uploads\/2023\/06\/3984757527_496900300-1-768x768.jpg",768,768,true],"large":["https:\/\/www.sikortex.com\/wp-content\/uploads\/2023\/06\/3984757527_496900300-1.jpg",1024,1024,false],"1536x1536":["https:\/\/www.sikortex.com\/wp-content\/uploads\/2023\/06\/3984757527_496900300-1.jpg",1024,1024,false],"2048x2048":["https:\/\/www.sikortex.com\/wp-content\/uploads\/2023\/06\/3984757527_496900300-1.jpg",1024,1024,false],"trp-custom-language-flag":["https:\/\/www.sikortex.com\/wp-content\/uploads\/2023\/06\/3984757527_496900300-1.jpg",12,12,false],"woocommerce_thumbnail":["https:\/\/www.sikortex.com\/wp-content\/uploads\/2023\/06\/3984757527_496900300-1-300x300.jpg",300,300,true],"woocommerce_single":["https:\/\/www.sikortex.com\/wp-content\/uploads\/2023\/06\/3984757527_496900300-1-600x600.jpg",600,600,true],"woocommerce_gallery_thumbnail":["https:\/\/www.sikortex.com\/wp-content\/uploads\/2023\/06\/3984757527_496900300-1-100x100.jpg",100,100,true]},"uagb_author_info":{"display_name":"Perry","author_link":"https:\/\/www.sikortex.com\/vi\/author\/"},"uagb_comment_info":0,"uagb_excerpt":"600 Meters(Min.Order)","_links":{"self":[{"href":"https:\/\/www.sikortex.com\/vi\/wp-json\/wp\/v2\/product\/2246","targetHints":{"allow":["GET"]}}],"collection":[{"href":"https:\/\/www.sikortex.com\/vi\/wp-json\/wp\/v2\/product"}],"about":[{"href":"https:\/\/www.sikortex.com\/vi\/wp-json\/wp\/v2\/types\/product"}],"replies":[{"embeddable":true,"href":"https:\/\/www.sikortex.com\/vi\/wp-json\/wp\/v2\/comments?post=2246"}],"wp:featuredmedia":[{"embeddable":true,"href":"https:\/\/www.sikortex.com\/vi\/wp-json\/wp\/v2\/media\/3839"}],"wp:attachment":[{"href":"https:\/\/www.sikortex.com\/vi\/wp-json\/wp\/v2\/media?parent=2246"}],"wp:term":[{"taxonomy":"product_brand","embeddable":true,"href":"https:\/\/www.sikortex.com\/vi\/wp-json\/wp\/v2\/product_brand?post=2246"},{"taxonomy":"product_cat","embeddable":true,"href":"https:\/\/www.sikortex.com\/vi\/wp-json\/wp\/v2\/product_cat?post=2246"},{"taxonomy":"product_tag","embeddable":true,"href":"https:\/\/www.sikortex.com\/vi\/wp-json\/wp\/v2\/product_tag?post=2246"}],"curies":[{"name":"wp","href":"https:\/\/api.w.org\/{rel}","templated":true}]}}