{"id":2235,"date":"2023-06-02T15:47:16","date_gmt":"2023-06-02T07:47:16","guid":{"rendered":"http:\/\/203.196.10.64:3021\/?post_type=product&#038;p=2235"},"modified":"2025-01-10T11:23:27","modified_gmt":"2025-01-10T03:23:27","slug":"vai-vo-mem-3-lop-eptfe","status":"publish","type":"product","link":"https:\/\/www.sikortex.com\/vi\/san-pham\/vai-vo-mem-3-lop-eptfe\/","title":{"rendered":"V\u1ea3i v\u1ecf m\u1ec1m 3 l\u1edbp ng\u1ee5y trang co gi\u00e3n b\u1ed1n chi\u1ec1u ePTFE"},"content":{"rendered":"<p>V\u1ea3i v\u1ecf m\u1ec1m Polyester 3 l\u1edbp ng\u1ee5y trang co gi\u00e3n b\u1ed1n chi\u1ec1u SIKOR-TEX l\u00e0 lo\u1ea1i v\u1ea3i hi\u1ec7u su\u1ea5t cao, l\u00fd t\u01b0\u1edfng \u0111\u1ec3 s\u1eed d\u1ee5ng trong \u00e1o kho\u00e1c softshell, trang ph\u1ee5c th\u01b0\u1eddng ng\u00e0y, th\u1ec3 thao ngo\u00e0i tr\u1eddi v\u00e0 qu\u1ea7n \u00e1o t\u1eadp luy\u1ec7n m\u00f9a \u0111\u00f4ng. Lo\u1ea1i v\u1ea3i ePTFE n\u00e0y c\u00f3 l\u1edbp ph\u1ee7 m\u00e0ng ePTFE, l\u1edbp l\u00f3t l\u00f4ng c\u1eebu c\u1ef1c v\u00e0 \u0111\u1ed9 d\u00e0y l\u00ean \u0111\u1ebfn 320g\/\u33a1. L\u1edbp l\u00f3t l\u00f4ng c\u1eebu c\u1ef1c m\u1ec1m m\u1ea1i v\u00e0 m\u1ecbn m\u00e0ng, gi\u00fap gi\u1eef \u1ea5m tuy\u1ec7t v\u1eddi. Ngo\u00e0i ra, lo\u1ea1i v\u1ea3i n\u00e0y c\u00f3 ch\u1ec9 s\u1ed1 ch\u1ed1ng th\u1ea5m n\u01b0\u1edbc l\u00e0 20000mm v\u00e0 tho\u00e1ng kh\u00ed, v\u1edbi ch\u1ec9 s\u1ed1 tho\u00e1ng kh\u00ed tr\u00ean 10000g\/\u33a1\/24h.<\/p>\n<p>\u0110\u1eb7c t\u00ednh co gi\u00e3n b\u1ed1n chi\u1ec1u c\u1ee7a v\u1ea3i gi\u00fap b\u1ea1n tho\u1ea3i m\u00e1i khi m\u1eb7c v\u00e0 mang l\u1ea1i s\u1ef1 t\u1ef1 do di chuy\u1ec3n tuy\u1ec7t v\u1eddi. \u0110i\u1ec1u n\u00e0y khi\u1ebfn n\u00f3 tr\u1edf n\u00ean l\u00fd t\u01b0\u1edfng \u0111\u1ec3 s\u1eed d\u1ee5ng trong trang ph\u1ee5c th\u1ec3 thao, n\u01a1i m\u00e0 ph\u1ea1m vi chuy\u1ec3n \u0111\u1ed9ng l\u00e0 r\u1ea5t quan tr\u1ecdng. H\u1ecda ti\u1ebft ng\u1ee5y trang tr\u00ean v\u1ea3i l\u00e0m t\u0103ng th\u00eam s\u1ef1 th\u00fa v\u1ecb v\u1ec1 m\u1eb7t th\u1ecb gi\u00e1c v\u00e0 khi\u1ebfn v\u1ea3i ph\u00f9 h\u1ee3p v\u1edbi c\u00e1c ho\u1ea1t \u0111\u1ed9ng ngo\u00e0i tr\u1eddi nh\u01b0 s\u0103n b\u1eafn v\u00e0 \u0111i b\u1ed9 \u0111\u01b0\u1eddng d\u00e0i.<\/p>","protected":false},"excerpt":{"rendered":"<p>600 m\u00e9t (\u0110\u01a1n h\u00e0ng t\u1ed1i thi\u1ec3u)<\/p>","protected":false},"featured_media":3872,"comment_status":"closed","ping_status":"closed","template":"","meta":{"_uag_custom_page_level_css":"","site-sidebar-layout":"default","site-content-layout":"default","ast-site-content-layout":"","site-content-style":"default","site-sidebar-style":"default","ast-global-header-display":"","ast-banner-title-visibility":"","ast-main-header-display":"","ast-hfb-above-header-display":"","ast-hfb-below-header-display":"","ast-hfb-mobile-header-display":"","site-post-title":"","ast-breadcrumbs-content":"","ast-featured-img":"","footer-sml-layout":"","theme-transparent-header-meta":"default","adv-header-id-meta":"","stick-header-meta":"default","header-above-stick-meta":"","header-main-stick-meta":"","header-below-stick-meta":"","astra-migrate-meta-layouts":"default","ast-page-background-enabled":"default","ast-page-background-meta":{"desktop":{"background-color":"","background-image":"","background-repeat":"repeat","background-position":"center center","background-size":"auto","background-attachment":"scroll","background-type":"","background-media":"","overlay-type":"","overlay-color":"","overlay-opacity":"","overlay-gradient":""},"tablet":{"background-color":"","background-image":"","background-repeat":"repeat","background-position":"center center","background-size":"auto","background-attachment":"scroll","background-type":"","background-media":"","overlay-type":"","overlay-color":"","overlay-opacity":"","overlay-gradient":""},"mobile":{"background-color":"","background-image":"","background-repeat":"repeat","background-position":"center center","background-size":"auto","background-attachment":"scroll","background-type":"","background-media":"","overlay-type":"","overlay-color":"","overlay-opacity":"","overlay-gradient":""}},"ast-content-background-meta":{"desktop":{"background-color":"var(--ast-global-color-5)","background-image":"","background-repeat":"repeat","background-position":"center center","background-size":"auto","background-attachment":"scroll","background-type":"","background-media":"","overlay-type":"","overlay-color":"","overlay-opacity":"","overlay-gradient":""},"tablet":{"background-color":"var(--ast-global-color-5)","background-image":"","background-repeat":"repeat","background-position":"center center","background-size":"auto","background-attachment":"scroll","background-type":"","background-media":"","overlay-type":"","overlay-color":"","overlay-opacity":"","overlay-gradient":""},"mobile":{"background-color":"var(--ast-global-color-5)","background-image":"","background-repeat":"repeat","background-position":"center center","background-size":"auto","background-attachment":"scroll","background-type":"","background-media":"","overlay-type":"","overlay-color":"","overlay-opacity":"","overlay-gradient":""}}},"product_brand":[],"product_cat":[431,428,429,403,420],"product_tag":[],"class_list":{"0":"post-2235","1":"product","2":"type-product","3":"status-publish","4":"has-post-thumbnail","6":"product_cat-fabric-for-commuting-clothing","7":"product_cat-fabric-for-outdoor-sports","8":"product_cat-fabric-for-sportswear","9":"product_cat-polyester-fabrics","10":"product_cat-stretch-fabrics","11":"pa_available_colors-911052-spc","12":"desktop-align-left","13":"tablet-align-left","14":"mobile-align-left","15":"ast-product-gallery-layout-vertical-slider","16":"ast-product-tabs-layout-horizontal","18":"first","19":"instock","20":"shipping-taxable","21":"product-type-simple"},"uagb_featured_image_src":{"full":["https:\/\/www.sikortex.com\/wp-content\/uploads\/2023\/06\/20958174020_1358129392-1.jpg",1024,1024,false],"thumbnail":["https:\/\/www.sikortex.com\/wp-content\/uploads\/2023\/06\/20958174020_1358129392-1-150x150.jpg",150,150,true],"medium":["https:\/\/www.sikortex.com\/wp-content\/uploads\/2023\/06\/20958174020_1358129392-1-300x300.jpg",300,300,true],"medium_large":["https:\/\/www.sikortex.com\/wp-content\/uploads\/2023\/06\/20958174020_1358129392-1-768x768.jpg",768,768,true],"large":["https:\/\/www.sikortex.com\/wp-content\/uploads\/2023\/06\/20958174020_1358129392-1.jpg",1024,1024,false],"1536x1536":["https:\/\/www.sikortex.com\/wp-content\/uploads\/2023\/06\/20958174020_1358129392-1.jpg",1024,1024,false],"2048x2048":["https:\/\/www.sikortex.com\/wp-content\/uploads\/2023\/06\/20958174020_1358129392-1.jpg",1024,1024,false],"trp-custom-language-flag":["https:\/\/www.sikortex.com\/wp-content\/uploads\/2023\/06\/20958174020_1358129392-1.jpg",12,12,false],"woocommerce_thumbnail":["https:\/\/www.sikortex.com\/wp-content\/uploads\/2023\/06\/20958174020_1358129392-1-300x300.jpg",300,300,true],"woocommerce_single":["https:\/\/www.sikortex.com\/wp-content\/uploads\/2023\/06\/20958174020_1358129392-1-600x600.jpg",600,600,true],"woocommerce_gallery_thumbnail":["https:\/\/www.sikortex.com\/wp-content\/uploads\/2023\/06\/20958174020_1358129392-1-100x100.jpg",100,100,true]},"uagb_author_info":{"display_name":"Perry","author_link":"https:\/\/www.sikortex.com\/vi\/author\/"},"uagb_comment_info":0,"uagb_excerpt":"600 Meters(Min.Order)","_links":{"self":[{"href":"https:\/\/www.sikortex.com\/vi\/wp-json\/wp\/v2\/product\/2235","targetHints":{"allow":["GET"]}}],"collection":[{"href":"https:\/\/www.sikortex.com\/vi\/wp-json\/wp\/v2\/product"}],"about":[{"href":"https:\/\/www.sikortex.com\/vi\/wp-json\/wp\/v2\/types\/product"}],"replies":[{"embeddable":true,"href":"https:\/\/www.sikortex.com\/vi\/wp-json\/wp\/v2\/comments?post=2235"}],"wp:featuredmedia":[{"embeddable":true,"href":"https:\/\/www.sikortex.com\/vi\/wp-json\/wp\/v2\/media\/3872"}],"wp:attachment":[{"href":"https:\/\/www.sikortex.com\/vi\/wp-json\/wp\/v2\/media?parent=2235"}],"wp:term":[{"taxonomy":"product_brand","embeddable":true,"href":"https:\/\/www.sikortex.com\/vi\/wp-json\/wp\/v2\/product_brand?post=2235"},{"taxonomy":"product_cat","embeddable":true,"href":"https:\/\/www.sikortex.com\/vi\/wp-json\/wp\/v2\/product_cat?post=2235"},{"taxonomy":"product_tag","embeddable":true,"href":"https:\/\/www.sikortex.com\/vi\/wp-json\/wp\/v2\/product_tag?post=2235"}],"curies":[{"name":"wp","href":"https:\/\/api.w.org\/{rel}","templated":true}]}}