{"id":2218,"date":"2023-06-02T15:43:54","date_gmt":"2023-06-02T07:43:54","guid":{"rendered":"http:\/\/203.196.10.64:3021\/?post_type=product&#038;p=2218"},"modified":"2023-10-09T09:33:56","modified_gmt":"2023-10-09T01:33:56","slug":"sk8263-2","status":"publish","type":"product","link":"https:\/\/www.sikortex.com\/vi\/san-pham\/sk8263-2\/","title":{"rendered":"V\u1ea3i qu\u1ea7n \u00e1o lao \u0111\u1ed9ng \u0111an xen cotton 210D"},"content":{"rendered":"<p>V\u1ea3i qu\u1ea7n \u00e1o b\u1ea3o h\u1ed9 lao \u0111\u1ed9ng \u0111an xen cotton nylon 210D, m\u1ed9t s\u1ef1 pha tr\u1ed9n \u0111\u1ed9c \u0111\u00e1o gi\u1eefa s\u1ee9c m\u1ea1nh, s\u1ef1 tho\u1ea3i m\u00e1i v\u00e0 phong c\u00e1ch. Lo\u1ea1i v\u1ea3i n\u00e0y k\u1ebft h\u1ee3p nh\u1eefng g\u00ec t\u1ed1t nh\u1ea5t c\u1ee7a c\u1ea3 hai th\u1ebf gi\u1edbi b\u1eb1ng c\u00e1ch s\u1eed d\u1ee5ng s\u1ee3i nylon d\u1ecdc 210D v\u00e0 s\u1ee3i b\u00f4ng ngang 32S, t\u1ea1o ra m\u1ed9t c\u1ea5u tr\u00fac \u0111an xen ri\u00eang bi\u1ec7t gi\u00fap n\u00f3 kh\u00e1c bi\u1ec7t v\u1edbi c\u00e1c lo\u1ea1i v\u1ea3i pha tr\u1ed9n truy\u1ec1n th\u1ed1ng.<\/p>\n<p>Tr\u1ea3i nghi\u1ec7m c\u1ea3m gi\u00e1c b\u1ec1 m\u1eb7t \u0111\u00e1ng ch\u00fa \u00fd c\u1ee7a v\u1ea3i c\u1ee7a ch\u00fang t\u00f4i, th\u1ec3 hi\u1ec7n \u0111\u1ed9 m\u1ecbn v\u00e0 kh\u1ea3 n\u0103ng ch\u1ed1ng m\u00e0i m\u00f2n c\u1ee7a s\u1ee3i nylon d\u1ecdc \u0111\u1ed3ng th\u1eddi mang \u0111\u1ebfn m\u1ed9t g\u1ee3i \u00fd tinh t\u1ebf v\u1ec1 k\u1ebft c\u1ea5u t\u1ef1 nhi\u00ean t\u1eeb s\u1ee3i b\u00f4ng. N\u00f3 th\u1ec3 hi\u1ec7n nh\u1eefng ph\u1ea9m ch\u1ea5t t\u1ed1t nh\u1ea5t c\u1ee7a c\u1ea3 hai lo\u1ea1i v\u1eadt li\u1ec7u, mang l\u1ea1i \u0111\u1ed9 b\u1ec1n cao, \u0111\u1eb7c t\u00ednh ch\u1ed1ng nh\u0103n, c\u0169ng nh\u01b0 t\u00ednh ch\u1ea5t th\u00e2n thi\u1ec7n v\u1edbi da v\u00e0 tho\u00e1ng kh\u00ed gi\u1ed1ng nh\u01b0 b\u00f4ng.<\/p>\n<p>Lo\u1ea1i v\u1ea3i \u0111\u1eb7c bi\u1ec7t n\u00e0y r\u1ea5t ph\u00f9 h\u1ee3p \u0111\u1ec3 t\u1ea1o ra c\u00e1c s\u1ea3n ph\u1ea9m may m\u1eb7c \u0111a n\u0103ng nh\u01b0 qu\u1ea7n \u00e1o lao \u0111\u1ed9ng, \u00e1o gi\u00f3, \u00e1o kho\u00e1c v\u00e0 c\u00e1c m\u00f3n \u0111\u1ed3 th\u1eddi trang. N\u00f3 mang l\u1ea1i \u0111\u1ed9 b\u1ec1n, \u0111\u1ea3m b\u1ea3o r\u1eb1ng qu\u1ea7n \u00e1o c\u1ee7a b\u1ea1n ch\u1ecbu \u0111\u01b0\u1ee3c vi\u1ec7c s\u1eed d\u1ee5ng nghi\u00eam ng\u1eb7t, \u0111\u1ed3ng th\u1eddi mang l\u1ea1i m\u1ee9c \u0111\u1ed9 tho\u1ea3i m\u00e1i gi\u00fap b\u1ea1n c\u1ea3m th\u1ea5y tho\u1ea3i m\u00e1i su\u1ed1t c\u1ea3 ng\u00e0y.<\/p>","protected":false},"excerpt":{"rendered":"<p>600 m\u00e9t (\u0110\u01a1n h\u00e0ng t\u1ed1i thi\u1ec3u)<\/p>","protected":false},"featured_media":3835,"comment_status":"closed","ping_status":"closed","template":"","meta":{"_uag_custom_page_level_css":"","site-sidebar-layout":"default","site-content-layout":"default","ast-site-content-layout":"","site-content-style":"default","site-sidebar-style":"default","ast-global-header-display":"","ast-banner-title-visibility":"","ast-main-header-display":"","ast-hfb-above-header-display":"","ast-hfb-below-header-display":"","ast-hfb-mobile-header-display":"","site-post-title":"","ast-breadcrumbs-content":"","ast-featured-img":"","footer-sml-layout":"","theme-transparent-header-meta":"default","adv-header-id-meta":"","stick-header-meta":"default","header-above-stick-meta":"","header-main-stick-meta":"","header-below-stick-meta":"","astra-migrate-meta-layouts":"default","ast-page-background-enabled":"default","ast-page-background-meta":{"desktop":{"background-color":"","background-image":"","background-repeat":"repeat","background-position":"center center","background-size":"auto","background-attachment":"scroll","background-type":"","background-media":"","overlay-type":"","overlay-color":"","overlay-opacity":"","overlay-gradient":""},"tablet":{"background-color":"","background-image":"","background-repeat":"repeat","background-position":"center center","background-size":"auto","background-attachment":"scroll","background-type":"","background-media":"","overlay-type":"","overlay-color":"","overlay-opacity":"","overlay-gradient":""},"mobile":{"background-color":"","background-image":"","background-repeat":"repeat","background-position":"center center","background-size":"auto","background-attachment":"scroll","background-type":"","background-media":"","overlay-type":"","overlay-color":"","overlay-opacity":"","overlay-gradient":""}},"ast-content-background-meta":{"desktop":{"background-color":"var(--ast-global-color-5)","background-image":"","background-repeat":"repeat","background-position":"center center","background-size":"auto","background-attachment":"scroll","background-type":"","background-media":"","overlay-type":"","overlay-color":"","overlay-opacity":"","overlay-gradient":""},"tablet":{"background-color":"var(--ast-global-color-5)","background-image":"","background-repeat":"repeat","background-position":"center center","background-size":"auto","background-attachment":"scroll","background-type":"","background-media":"","overlay-type":"","overlay-color":"","overlay-opacity":"","overlay-gradient":""},"mobile":{"background-color":"var(--ast-global-color-5)","background-image":"","background-repeat":"repeat","background-position":"center center","background-size":"auto","background-attachment":"scroll","background-type":"","background-media":"","overlay-type":"","overlay-color":"","overlay-opacity":"","overlay-gradient":""}}},"product_brand":[],"product_cat":[426,431,428,406,425],"product_tag":[],"class_list":{"0":"post-2218","1":"product","2":"type-product","3":"status-publish","4":"has-post-thumbnail","6":"product_cat-constructionmining","7":"product_cat-fabric-for-commuting-clothing","8":"product_cat-fabric-for-outdoor-sports","9":"product_cat-nylon-cotton","10":"product_cat-security-emergencies-road-services","11":"pa_available_colors-911052-spc","12":"desktop-align-left","13":"tablet-align-left","14":"mobile-align-left","15":"ast-product-gallery-layout-vertical-slider","16":"ast-product-tabs-layout-horizontal","18":"first","19":"instock","20":"shipping-taxable","21":"product-type-simple"},"uagb_featured_image_src":{"full":["https:\/\/www.sikortex.com\/wp-content\/uploads\/2023\/06\/21239103998_130013987-1.jpg",1024,1024,false],"thumbnail":["https:\/\/www.sikortex.com\/wp-content\/uploads\/2023\/06\/21239103998_130013987-1-150x150.jpg",150,150,true],"medium":["https:\/\/www.sikortex.com\/wp-content\/uploads\/2023\/06\/21239103998_130013987-1-300x300.jpg",300,300,true],"medium_large":["https:\/\/www.sikortex.com\/wp-content\/uploads\/2023\/06\/21239103998_130013987-1-768x768.jpg",768,768,true],"large":["https:\/\/www.sikortex.com\/wp-content\/uploads\/2023\/06\/21239103998_130013987-1.jpg",1024,1024,false],"1536x1536":["https:\/\/www.sikortex.com\/wp-content\/uploads\/2023\/06\/21239103998_130013987-1.jpg",1024,1024,false],"2048x2048":["https:\/\/www.sikortex.com\/wp-content\/uploads\/2023\/06\/21239103998_130013987-1.jpg",1024,1024,false],"trp-custom-language-flag":["https:\/\/www.sikortex.com\/wp-content\/uploads\/2023\/06\/21239103998_130013987-1.jpg",12,12,false],"woocommerce_thumbnail":["https:\/\/www.sikortex.com\/wp-content\/uploads\/2023\/06\/21239103998_130013987-1-300x300.jpg",300,300,true],"woocommerce_single":["https:\/\/www.sikortex.com\/wp-content\/uploads\/2023\/06\/21239103998_130013987-1-600x600.jpg",600,600,true],"woocommerce_gallery_thumbnail":["https:\/\/www.sikortex.com\/wp-content\/uploads\/2023\/06\/21239103998_130013987-1-100x100.jpg",100,100,true]},"uagb_author_info":{"display_name":"Perry","author_link":"https:\/\/www.sikortex.com\/vi\/author\/"},"uagb_comment_info":0,"uagb_excerpt":"600 Meters(Min.Order)","_links":{"self":[{"href":"https:\/\/www.sikortex.com\/vi\/wp-json\/wp\/v2\/product\/2218","targetHints":{"allow":["GET"]}}],"collection":[{"href":"https:\/\/www.sikortex.com\/vi\/wp-json\/wp\/v2\/product"}],"about":[{"href":"https:\/\/www.sikortex.com\/vi\/wp-json\/wp\/v2\/types\/product"}],"replies":[{"embeddable":true,"href":"https:\/\/www.sikortex.com\/vi\/wp-json\/wp\/v2\/comments?post=2218"}],"wp:featuredmedia":[{"embeddable":true,"href":"https:\/\/www.sikortex.com\/vi\/wp-json\/wp\/v2\/media\/3835"}],"wp:attachment":[{"href":"https:\/\/www.sikortex.com\/vi\/wp-json\/wp\/v2\/media?parent=2218"}],"wp:term":[{"taxonomy":"product_brand","embeddable":true,"href":"https:\/\/www.sikortex.com\/vi\/wp-json\/wp\/v2\/product_brand?post=2218"},{"taxonomy":"product_cat","embeddable":true,"href":"https:\/\/www.sikortex.com\/vi\/wp-json\/wp\/v2\/product_cat?post=2218"},{"taxonomy":"product_tag","embeddable":true,"href":"https:\/\/www.sikortex.com\/vi\/wp-json\/wp\/v2\/product_tag?post=2218"}],"curies":[{"name":"wp","href":"https:\/\/api.w.org\/{rel}","templated":true}]}}