{"id":2211,"date":"2023-06-02T15:40:53","date_gmt":"2023-06-02T07:40:53","guid":{"rendered":"http:\/\/203.196.10.64:3021\/?post_type=product&#038;p=2211"},"modified":"2025-01-09T11:22:44","modified_gmt":"2025-01-09T03:22:44","slug":"sk8337-2","status":"publish","type":"product","link":"https:\/\/www.sikortex.com\/vi\/san-pham\/sk8337-2\/","title":{"rendered":"Ng\u1ee5y trang k\u1ef9 thu\u1eadt s\u1ed1 sa m\u1ea1c 700D Nylon 66 V\u1ea3i Cordura \u0111\u1ea1n \u0111\u1ea1o"},"content":{"rendered":"<h6><a href=\"https:\/\/www.sikortex.com\/vi\/ho-so-cong-ty\/\"><span style=\"color: #3366ff;\">SIKOR-TEX<\/span><\/a> nh\u00e0 s\u1ea3n xu\u1ea5t v\u1ea3i hi\u1ec7u su\u1ea5t cao t\u1ea1i Trung Qu\u1ed1c<\/h6>\n<p>\u0110\u1ea1n \u0111\u1ea1o 700D Nylon 66 <a href=\"https:\/\/www.sikortex.com\/vi\/vai-cordura-2\/\"><span style=\"color: #3366ff;\">V\u1ea3i Cordura<\/span><\/a>, \u0111\u01b0\u1ee3c thi\u1ebft k\u1ebf \u0111\u1eb7c bi\u1ec7t cho <a href=\"https:\/\/www.sikortex.com\/vi\/quan-vai-ripstop-vai\/\"><span style=\"color: #3366ff;\">qu\u00e2n \u0111\u1ed9i<\/span><\/a> v\u00e0 c\u00e1c \u1ee9ng d\u1ee5ng trang ph\u1ee5c th\u1ec3 thao ngo\u00e0i tr\u1eddi, hi\u1ec7n c\u00f3 ch\u1ee9c n\u0103ng ch\u1ed1ng h\u1ed3ng ngo\u1ea1i t\u00f9y ch\u1ecdn \u0111\u1ec3 t\u0103ng c\u01b0\u1eddng kh\u1ea3 n\u0103ng t\u00e0ng h\u00ecnh v\u00e0 b\u1ea3o v\u1ec7.<\/p>\n<p>\u0110\u01b0\u1ee3c ch\u1ebf t\u1ea1o t\u1eeb ch\u1ea5t li\u1ec7u Nylon 66 ch\u1ea5t l\u01b0\u1ee3ng cao, Ballistic n\u00e0y <a href=\"https:\/\/www.sikortex.com\/vi\/vai-cordura-2\/\"><span style=\"color: #3366ff;\">V\u1ea3i Cordura<\/span><\/a> cung c\u1ea5p s\u1ee9c m\u1ea1nh, \u0111\u1ed9 b\u1ec1n v\u00e0 kh\u1ea3 n\u0103ng ch\u1ed1ng m\u00e0i m\u00f2n \u0111\u1eb7c bi\u1ec7t. N\u00f3 c\u00f3 h\u1ecda ti\u1ebft ng\u1ee5y trang kh\u00f4ng ch\u1ec9 gi\u00fap h\u00f2a h\u1ee3p v\u1edbi m\u00f4i tr\u01b0\u1eddng xung quanh m\u00e0 c\u00f2n k\u1ebft h\u1ee3p <a href=\"https:\/\/www.sikortex.com\/vi\/2023\/11\/03\/quan-nhiet-nguy-trang-vat-lieu\/\"><span style=\"color: #3366ff;\">ch\u1ed1ng h\u1ed3ng ngo\u1ea1i<\/span><\/a> c\u00f4ng ngh\u1ec7 cung c\u1ea5p kh\u1ea3 n\u0103ng b\u1ea3o v\u1ec7 ch\u1ed1ng l\u1ea1i vi\u1ec7c ph\u00e1t hi\u1ec7n h\u00ecnh \u1ea3nh nhi\u1ec7t.<\/p>\n<p>T\u00f9y ch\u1ecdn <a href=\"https:\/\/www.sikortex.com\/vi\/2023\/11\/03\/quan-nhiet-nguy-trang-vat-lieu\/\"><span style=\"color: #3366ff;\">ch\u1ed1ng h\u1ed3ng ngo\u1ea1i<\/span><\/a> ch\u1ee9c n\u0103ng \u0111\u1ea3m b\u1ea3o r\u1eb1ng v\u1ea3i gi\u1ea3m thi\u1ec3u c\u00e1c d\u1ea5u hi\u1ec7u nhi\u1ec7t, l\u00e0m cho n\u00f3 c\u00f3 hi\u1ec7u qu\u1ea3 cao trong c\u00e1c ho\u1ea1t \u0111\u1ed9ng b\u00ed m\u1eadt v\u00e0 cung c\u1ea5p th\u00eam t\u00ednh b\u1ea3o m\u1eadt cho <a href=\"https:\/\/www.sikortex.com\/vi\/quan-vai-ripstop-vai\/\"><span style=\"color: #3366ff;\">qu\u00e2n \u0111\u1ed9i<\/span><\/a> nh\u00e2n s\u1ef1. Cho d\u00f9 b\u1ea1n \u0111ang di chuy\u1ec3n qua \u0111\u1ecba h\u00ecnh hi\u1ec3m tr\u1edf hay tham gia v\u00e0o c\u00e1c nhi\u1ec7m v\u1ee5 chi\u1ebfn thu\u1eadt, lo\u1ea1i v\u1ea3i n\u00e0y s\u1ebd gi\u00fap b\u1ea1n \u1ea9n m\u00ecnh v\u00e0 kh\u00f4ng b\u1ecb ph\u00e1t hi\u1ec7n.<\/p>\n<p>Ngo\u00e0i ra c\u1ee7a n\u00f3 <a href=\"https:\/\/www.sikortex.com\/vi\/2023\/11\/03\/quan-nhiet-nguy-trang-vat-lieu\/\"><span style=\"color: #3366ff;\">ch\u1ed1ng h\u1ed3ng ngo\u1ea1i<\/span><\/a> kh\u1ea3 n\u0103ng, \u0111\u1ea1n \u0111\u1ea1o <span style=\"color: #3366ff;\"><a style=\"color: #3366ff;\" href=\"https:\/\/www.sikortex.com\/vi\/vai-cordura-2\/\">V\u1ea3i Cordura<\/a><\/span> duy tr\u00ec c\u1ee7a n\u00f3 <a href=\"https:\/\/www.sikortex.com\/vi\/chong-tham-nuoc-chong-tham-nuoc\/\"><span style=\"color: #3366ff;\">ch\u1ed1ng n\u01b0\u1edbc<\/span><\/a> t\u00ednh ch\u1ea5t, l\u00e0m cho n\u00f3 ph\u00f9 h\u1ee3p v\u1edbi c\u1ea3 trang ph\u1ee5c th\u1ec3 thao ngo\u00e0i tr\u1eddi. N\u00f3 b\u1ea3o v\u1ec7 b\u1ea1n kh\u1ecfi m\u01b0a nh\u1eb9 v\u00e0 \u0111\u1ed9 \u1ea9m, \u0111\u1ea3m b\u1ea3o b\u1ea1n lu\u00f4n kh\u00f4 r\u00e1o v\u00e0 tho\u1ea3i m\u00e1i trong c\u00e1c ho\u1ea1t \u0111\u1ed9ng ngo\u00e0i tr\u1eddi c\u01b0\u1eddng \u0111\u1ed9 cao.<\/p>","protected":false},"excerpt":{"rendered":"<p>600 m\u00e9t (\u0110\u01a1n h\u00e0ng t\u1ed1i thi\u1ec3u)<\/p>","protected":false},"featured_media":3864,"comment_status":"closed","ping_status":"closed","template":"","meta":{"_uag_custom_page_level_css":"","site-sidebar-layout":"default","site-content-layout":"default","ast-site-content-layout":"","site-content-style":"default","site-sidebar-style":"default","ast-global-header-display":"","ast-banner-title-visibility":"","ast-main-header-display":"","ast-hfb-above-header-display":"","ast-hfb-below-header-display":"","ast-hfb-mobile-header-display":"","site-post-title":"","ast-breadcrumbs-content":"","ast-featured-img":"","footer-sml-layout":"","theme-transparent-header-meta":"default","adv-header-id-meta":"","stick-header-meta":"default","header-above-stick-meta":"","header-main-stick-meta":"","header-below-stick-meta":"","astra-migrate-meta-layouts":"default","ast-page-background-enabled":"default","ast-page-background-meta":{"desktop":{"background-color":"","background-image":"","background-repeat":"repeat","background-position":"center center","background-size":"auto","background-attachment":"scroll","background-type":"","background-media":"","overlay-type":"","overlay-color":"","overlay-opacity":"","overlay-gradient":""},"tablet":{"background-color":"","background-image":"","background-repeat":"repeat","background-position":"center center","background-size":"auto","background-attachment":"scroll","background-type":"","background-media":"","overlay-type":"","overlay-color":"","overlay-opacity":"","overlay-gradient":""},"mobile":{"background-color":"","background-image":"","background-repeat":"repeat","background-position":"center center","background-size":"auto","background-attachment":"scroll","background-type":"","background-media":"","overlay-type":"","overlay-color":"","overlay-opacity":"","overlay-gradient":""}},"ast-content-background-meta":{"desktop":{"background-color":"var(--ast-global-color-5)","background-image":"","background-repeat":"repeat","background-position":"center center","background-size":"auto","background-attachment":"scroll","background-type":"","background-media":"","overlay-type":"","overlay-color":"","overlay-opacity":"","overlay-gradient":""},"tablet":{"background-color":"var(--ast-global-color-5)","background-image":"","background-repeat":"repeat","background-position":"center center","background-size":"auto","background-attachment":"scroll","background-type":"","background-media":"","overlay-type":"","overlay-color":"","overlay-opacity":"","overlay-gradient":""},"mobile":{"background-color":"var(--ast-global-color-5)","background-image":"","background-repeat":"repeat","background-position":"center center","background-size":"auto","background-attachment":"scroll","background-type":"","background-media":"","overlay-type":"","overlay-color":"","overlay-opacity":"","overlay-gradient":""}}},"product_brand":[],"product_cat":[419,426,423,432,404,415,414],"product_tag":[],"class_list":{"0":"post-2211","1":"product","2":"type-product","3":"status-publish","4":"has-post-thumbnail","6":"product_cat-anti-infrared-fabrics","7":"product_cat-constructionmining","8":"product_cat-fabric-for-military-police","9":"product_cat-fabric-for-tent","10":"product_cat-nylon-fabrics","11":"product_cat-oil-repellent-fabric","12":"product_cat-waterproof-fabrics","13":"pa_available_colors-911052-spc","14":"desktop-align-left","15":"tablet-align-left","16":"mobile-align-left","17":"ast-product-gallery-layout-vertical-slider","18":"ast-product-tabs-layout-horizontal","20":"first","21":"instock","22":"shipping-taxable","23":"product-type-simple"},"uagb_featured_image_src":{"full":["https:\/\/www.sikortex.com\/wp-content\/uploads\/2023\/06\/O1CN01BscV2B1aEWyAiksKp_937533298-0-cib-1.jpg",1024,1024,false],"thumbnail":["https:\/\/www.sikortex.com\/wp-content\/uploads\/2023\/06\/O1CN01BscV2B1aEWyAiksKp_937533298-0-cib-1-150x150.jpg",150,150,true],"medium":["https:\/\/www.sikortex.com\/wp-content\/uploads\/2023\/06\/O1CN01BscV2B1aEWyAiksKp_937533298-0-cib-1-300x300.jpg",300,300,true],"medium_large":["https:\/\/www.sikortex.com\/wp-content\/uploads\/2023\/06\/O1CN01BscV2B1aEWyAiksKp_937533298-0-cib-1-768x768.jpg",768,768,true],"large":["https:\/\/www.sikortex.com\/wp-content\/uploads\/2023\/06\/O1CN01BscV2B1aEWyAiksKp_937533298-0-cib-1.jpg",1024,1024,false],"1536x1536":["https:\/\/www.sikortex.com\/wp-content\/uploads\/2023\/06\/O1CN01BscV2B1aEWyAiksKp_937533298-0-cib-1.jpg",1024,1024,false],"2048x2048":["https:\/\/www.sikortex.com\/wp-content\/uploads\/2023\/06\/O1CN01BscV2B1aEWyAiksKp_937533298-0-cib-1.jpg",1024,1024,false],"trp-custom-language-flag":["https:\/\/www.sikortex.com\/wp-content\/uploads\/2023\/06\/O1CN01BscV2B1aEWyAiksKp_937533298-0-cib-1.jpg",12,12,false],"woocommerce_thumbnail":["https:\/\/www.sikortex.com\/wp-content\/uploads\/2023\/06\/O1CN01BscV2B1aEWyAiksKp_937533298-0-cib-1-300x300.jpg",300,300,true],"woocommerce_single":["https:\/\/www.sikortex.com\/wp-content\/uploads\/2023\/06\/O1CN01BscV2B1aEWyAiksKp_937533298-0-cib-1-600x600.jpg",600,600,true],"woocommerce_gallery_thumbnail":["https:\/\/www.sikortex.com\/wp-content\/uploads\/2023\/06\/O1CN01BscV2B1aEWyAiksKp_937533298-0-cib-1-100x100.jpg",100,100,true]},"uagb_author_info":{"display_name":"Perry","author_link":"https:\/\/www.sikortex.com\/vi\/author\/"},"uagb_comment_info":0,"uagb_excerpt":"600 Meters(Min.Order)","_links":{"self":[{"href":"https:\/\/www.sikortex.com\/vi\/wp-json\/wp\/v2\/product\/2211","targetHints":{"allow":["GET"]}}],"collection":[{"href":"https:\/\/www.sikortex.com\/vi\/wp-json\/wp\/v2\/product"}],"about":[{"href":"https:\/\/www.sikortex.com\/vi\/wp-json\/wp\/v2\/types\/product"}],"replies":[{"embeddable":true,"href":"https:\/\/www.sikortex.com\/vi\/wp-json\/wp\/v2\/comments?post=2211"}],"wp:featuredmedia":[{"embeddable":true,"href":"https:\/\/www.sikortex.com\/vi\/wp-json\/wp\/v2\/media\/3864"}],"wp:attachment":[{"href":"https:\/\/www.sikortex.com\/vi\/wp-json\/wp\/v2\/media?parent=2211"}],"wp:term":[{"taxonomy":"product_brand","embeddable":true,"href":"https:\/\/www.sikortex.com\/vi\/wp-json\/wp\/v2\/product_brand?post=2211"},{"taxonomy":"product_cat","embeddable":true,"href":"https:\/\/www.sikortex.com\/vi\/wp-json\/wp\/v2\/product_cat?post=2211"},{"taxonomy":"product_tag","embeddable":true,"href":"https:\/\/www.sikortex.com\/vi\/wp-json\/wp\/v2\/product_tag?post=2211"}],"curies":[{"name":"wp","href":"https:\/\/api.w.org\/{rel}","templated":true}]}}