{"id":2206,"date":"2023-06-02T15:40:35","date_gmt":"2023-06-02T07:40:35","guid":{"rendered":"http:\/\/203.196.10.64:3021\/?post_type=product&#038;p=2206"},"modified":"2025-01-06T13:39:24","modified_gmt":"2025-01-06T05:39:24","slug":"sk8262-2","status":"publish","type":"product","link":"https:\/\/www.sikortex.com\/vi\/san-pham\/sk8262-2\/","title":{"rendered":"V\u1ea3i Oxford nylon 90D * 200D"},"content":{"rendered":"<p>V\u1ea3i Oxford nylon 90D*200D, m\u1ed9t c\u01b0\u1eddng qu\u1ed1c v\u1ec1 \u0111\u1ed9 b\u1ec1n, kh\u1ea3 n\u0103ng ch\u1ed1ng m\u00e0i m\u00f2n v\u00e0 hi\u1ec7u su\u1ea5t ch\u1ed1ng th\u1ea5m n\u01b0\u1edbc. \u0110\u01b0\u1ee3c thi\u1ebft k\u1ebf \u0111\u1ec3 v\u01b0\u1ee3t tr\u1ed9i trong c\u00e1c \u1ee9ng d\u1ee5ng \u0111\u00f2i h\u1ecfi kh\u1eaft khe, lo\u1ea1i v\u1ea3i n\u00e0y l\u00e0 s\u1ef1 l\u1ef1a ch\u1ecdn t\u1ed1i \u01b0u cho t\u00fai x\u00e1ch, xe \u0111\u1ea9y v\u00e0 \u00e1o kho\u00e1c.<\/p>\n<p>\u0110\u01b0\u1ee3c ch\u1ebf t\u1ea1o v\u1edbi s\u1ef1 ch\u00fa \u00fd t\u1ec9 m\u1ec9 \u0111\u1ebfn t\u1eebng chi ti\u1ebft, v\u1ea3i c\u1ee7a ch\u00fang t\u00f4i c\u00f3 c\u1ea5u tr\u00fac nylon oxford 90D*200D, mang l\u1ea1i \u0111\u1ed9 b\u1ec1n v\u01b0\u1ee3t tr\u1ed9i v\u00e0 kh\u1ea3 n\u0103ng ch\u1ed1ng m\u00e0i m\u00f2n l\u00e2u d\u00e0i. N\u00f3 \u0111\u01b0\u1ee3c ch\u1ebf t\u1ea1o \u0111\u1ec3 ch\u1ecbu \u0111\u01b0\u1ee3c nh\u1eefng \u0111i\u1ec1u ki\u1ec7n kh\u1eafc nghi\u1ec7t nh\u1ea5t v\u00e0 ch\u1ecbu \u0111\u1ef1ng th\u1eed th\u00e1ch c\u1ee7a th\u1eddi gian.<\/p>\n<p>V\u1edbi tr\u1ecdng l\u01b0\u1ee3ng 320 (g\/\u33a1), v\u1ea3i c\u1ee7a ch\u00fang t\u00f4i t\u1ea1o ra s\u1ef1 c\u00e2n b\u1eb1ng ho\u00e0n h\u1ea3o gi\u1eefa \u0111\u1ed9 b\u1ec1n v\u00e0 t\u00ednh n\u0103ng nh\u1eb9. N\u00f3 cung c\u1ea5p m\u1ed9t c\u1ea5u tr\u00fac ch\u1eafc ch\u1eafn m\u00e0 kh\u00f4ng \u1ea3nh h\u01b0\u1edfng \u0111\u1ebfn s\u1ef1 tho\u1ea3i m\u00e1i ho\u1eb7c ti\u1ec7n l\u1ee3i.<\/p>\n<p>N\u1eafm l\u1ea5y s\u1ef1 t\u1ef1 tin v\u1ec1 kh\u1ea3 n\u0103ng ch\u1ed1ng th\u1ea5m n\u01b0\u1edbc v\u01b0\u1ee3t tr\u1ed9i. V\u1ea3i c\u1ee7a ch\u00fang t\u00f4i gi\u1eef cho \u0111\u1ed3 \u0111\u1ea1c, xe \u0111\u1ea9y v\u00e0 \u00e1o kho\u00e1c c\u1ee7a b\u1ea1n \u0111\u01b0\u1ee3c b\u1ea3o v\u1ec7 kh\u1ecfi h\u01a1i \u1ea9m, \u0111\u1ea3m b\u1ea3o ch\u00fang lu\u00f4n kh\u00f4 r\u00e1o v\u00e0 nguy\u00ean v\u1eb9n ngay c\u1ea3 trong m\u00f4i tr\u01b0\u1eddng \u1ea9m \u01b0\u1edbt.<\/p>","protected":false},"excerpt":{"rendered":"<p>600 m\u00e9t (\u0110\u01a1n h\u00e0ng t\u1ed1i thi\u1ec3u)<\/p>","protected":false},"featured_media":3833,"comment_status":"closed","ping_status":"closed","template":"","meta":{"_uag_custom_page_level_css":"","site-sidebar-layout":"default","site-content-layout":"default","ast-site-content-layout":"","site-content-style":"default","site-sidebar-style":"default","ast-global-header-display":"","ast-banner-title-visibility":"","ast-main-header-display":"","ast-hfb-above-header-display":"","ast-hfb-below-header-display":"","ast-hfb-mobile-header-display":"","site-post-title":"","ast-breadcrumbs-content":"","ast-featured-img":"","footer-sml-layout":"","theme-transparent-header-meta":"default","adv-header-id-meta":"","stick-header-meta":"default","header-above-stick-meta":"","header-main-stick-meta":"","header-below-stick-meta":"","astra-migrate-meta-layouts":"default","ast-page-background-enabled":"default","ast-page-background-meta":{"desktop":{"background-color":"","background-image":"","background-repeat":"repeat","background-position":"center center","background-size":"auto","background-attachment":"scroll","background-type":"","background-media":"","overlay-type":"","overlay-color":"","overlay-opacity":"","overlay-gradient":""},"tablet":{"background-color":"","background-image":"","background-repeat":"repeat","background-position":"center center","background-size":"auto","background-attachment":"scroll","background-type":"","background-media":"","overlay-type":"","overlay-color":"","overlay-opacity":"","overlay-gradient":""},"mobile":{"background-color":"","background-image":"","background-repeat":"repeat","background-position":"center center","background-size":"auto","background-attachment":"scroll","background-type":"","background-media":"","overlay-type":"","overlay-color":"","overlay-opacity":"","overlay-gradient":""}},"ast-content-background-meta":{"desktop":{"background-color":"var(--ast-global-color-5)","background-image":"","background-repeat":"repeat","background-position":"center center","background-size":"auto","background-attachment":"scroll","background-type":"","background-media":"","overlay-type":"","overlay-color":"","overlay-opacity":"","overlay-gradient":""},"tablet":{"background-color":"var(--ast-global-color-5)","background-image":"","background-repeat":"repeat","background-position":"center center","background-size":"auto","background-attachment":"scroll","background-type":"","background-media":"","overlay-type":"","overlay-color":"","overlay-opacity":"","overlay-gradient":""},"mobile":{"background-color":"var(--ast-global-color-5)","background-image":"","background-repeat":"repeat","background-position":"center center","background-size":"auto","background-attachment":"scroll","background-type":"","background-media":"","overlay-type":"","overlay-color":"","overlay-opacity":"","overlay-gradient":""}}},"product_brand":[],"product_cat":[404,433,414],"product_tag":[],"class_list":{"0":"post-2206","1":"product","2":"type-product","3":"status-publish","4":"has-post-thumbnail","6":"product_cat-nylon-fabrics","7":"product_cat-textile-for-industrial","8":"product_cat-waterproof-fabrics","9":"pa_available_colors-911052-spc","10":"desktop-align-left","11":"tablet-align-left","12":"mobile-align-left","13":"ast-product-gallery-layout-vertical-slider","14":"ast-product-tabs-layout-horizontal","16":"first","17":"instock","18":"shipping-taxable","19":"product-type-simple"},"uagb_featured_image_src":{"full":["https:\/\/www.sikortex.com\/wp-content\/uploads\/2023\/06\/O1CN01usiHOQ1MK769STn1M_2207532241415-0-cib-1.jpg",1024,1024,false],"thumbnail":["https:\/\/www.sikortex.com\/wp-content\/uploads\/2023\/06\/O1CN01usiHOQ1MK769STn1M_2207532241415-0-cib-1-150x150.jpg",150,150,true],"medium":["https:\/\/www.sikortex.com\/wp-content\/uploads\/2023\/06\/O1CN01usiHOQ1MK769STn1M_2207532241415-0-cib-1-300x300.jpg",300,300,true],"medium_large":["https:\/\/www.sikortex.com\/wp-content\/uploads\/2023\/06\/O1CN01usiHOQ1MK769STn1M_2207532241415-0-cib-1-768x768.jpg",768,768,true],"large":["https:\/\/www.sikortex.com\/wp-content\/uploads\/2023\/06\/O1CN01usiHOQ1MK769STn1M_2207532241415-0-cib-1.jpg",1024,1024,false],"1536x1536":["https:\/\/www.sikortex.com\/wp-content\/uploads\/2023\/06\/O1CN01usiHOQ1MK769STn1M_2207532241415-0-cib-1.jpg",1024,1024,false],"2048x2048":["https:\/\/www.sikortex.com\/wp-content\/uploads\/2023\/06\/O1CN01usiHOQ1MK769STn1M_2207532241415-0-cib-1.jpg",1024,1024,false],"trp-custom-language-flag":["https:\/\/www.sikortex.com\/wp-content\/uploads\/2023\/06\/O1CN01usiHOQ1MK769STn1M_2207532241415-0-cib-1.jpg",12,12,false],"woocommerce_thumbnail":["https:\/\/www.sikortex.com\/wp-content\/uploads\/2023\/06\/O1CN01usiHOQ1MK769STn1M_2207532241415-0-cib-1-300x300.jpg",300,300,true],"woocommerce_single":["https:\/\/www.sikortex.com\/wp-content\/uploads\/2023\/06\/O1CN01usiHOQ1MK769STn1M_2207532241415-0-cib-1-600x600.jpg",600,600,true],"woocommerce_gallery_thumbnail":["https:\/\/www.sikortex.com\/wp-content\/uploads\/2023\/06\/O1CN01usiHOQ1MK769STn1M_2207532241415-0-cib-1-100x100.jpg",100,100,true]},"uagb_author_info":{"display_name":"Perry","author_link":"https:\/\/www.sikortex.com\/vi\/author\/"},"uagb_comment_info":0,"uagb_excerpt":"600 Meters(Min.Order)","_links":{"self":[{"href":"https:\/\/www.sikortex.com\/vi\/wp-json\/wp\/v2\/product\/2206","targetHints":{"allow":["GET"]}}],"collection":[{"href":"https:\/\/www.sikortex.com\/vi\/wp-json\/wp\/v2\/product"}],"about":[{"href":"https:\/\/www.sikortex.com\/vi\/wp-json\/wp\/v2\/types\/product"}],"replies":[{"embeddable":true,"href":"https:\/\/www.sikortex.com\/vi\/wp-json\/wp\/v2\/comments?post=2206"}],"wp:featuredmedia":[{"embeddable":true,"href":"https:\/\/www.sikortex.com\/vi\/wp-json\/wp\/v2\/media\/3833"}],"wp:attachment":[{"href":"https:\/\/www.sikortex.com\/vi\/wp-json\/wp\/v2\/media?parent=2206"}],"wp:term":[{"taxonomy":"product_brand","embeddable":true,"href":"https:\/\/www.sikortex.com\/vi\/wp-json\/wp\/v2\/product_brand?post=2206"},{"taxonomy":"product_cat","embeddable":true,"href":"https:\/\/www.sikortex.com\/vi\/wp-json\/wp\/v2\/product_cat?post=2206"},{"taxonomy":"product_tag","embeddable":true,"href":"https:\/\/www.sikortex.com\/vi\/wp-json\/wp\/v2\/product_tag?post=2206"}],"curies":[{"name":"wp","href":"https:\/\/api.w.org\/{rel}","templated":true}]}}