{"id":2194,"date":"2023-06-02T15:37:11","date_gmt":"2023-06-02T07:37:11","guid":{"rendered":"http:\/\/203.196.10.64:3021\/?post_type=product&#038;p=2194"},"modified":"2023-10-09T10:31:10","modified_gmt":"2023-10-09T02:31:10","slug":"sk8339-2","status":"publish","type":"product","link":"https:\/\/www.sikortex.com\/vi\/san-pham\/sk8339-2\/","title":{"rendered":"V\u1ea3i v\u1ecf c\u1ee9ng ng\u1ee5y trang nylon 228T Taslon t\u00e1i ch\u1ebf"},"content":{"rendered":"<p>Nh\u00e0 s\u1ea3n xu\u1ea5t v\u1ea3i hi\u1ec7u su\u1ea5t SIKOR-TEX<\/p>\n<p>V\u1ea3i v\u1ecf c\u1ee9ng ng\u1ee5y trang SIKOR -TEX Nylon 228T Taslon l\u00e0 ch\u1ea5t li\u1ec7u b\u1ec1n v\u00e0 linh ho\u1ea1t, c\u00f3 th\u1ec3 ch\u1ecbu \u0111\u01b0\u1ee3c s\u1ef1 kh\u1eafc nghi\u1ec7t khi s\u1eed d\u1ee5ng ngo\u00e0i tr\u1eddi, bao g\u1ed3m hao m\u00f2n, r\u00e1ch v\u00e0 ti\u1ebfp x\u00fac v\u1edbi c\u00e1c y\u1ebfu t\u1ed1. M\u1eabu ng\u1ee5y trang \u0111\u1ed9c \u0111\u00e1o c\u1ee7a n\u00f3 l\u00e0m t\u0103ng th\u00eam s\u1ef1 th\u00fa v\u1ecb v\u1ec1 m\u1eb7t th\u1ecb gi\u00e1c \u0111\u1ed3ng th\u1eddi g\u00f3p ph\u1ea7n t\u0103ng \u0111\u1ed9 b\u1ec1n c\u1ee7a v\u1ea3i. Lo\u1ea1i v\u1ea3i n\u00e0y nh\u1eb9 v\u00e0 di \u0111\u1ed9ng, l\u00fd t\u01b0\u1edfng cho ba l\u00f4 v\u00e0 c\u00e1c thi\u1ebft b\u1ecb ngo\u00e0i tr\u1eddi kh\u00e1c.<br \/>\nQuy tr\u00ecnh c\u00e1n m\u00e0ng v\u1ea3i d\u1ec7t kim TPU+ l\u00e0m t\u0103ng \u0111\u1ed9 d\u00e0y c\u1ee7a v\u1ea3i, v\u1eeba ch\u1ed1ng th\u1ea5m n\u01b0\u1edbc v\u1eeba tho\u00e1ng kh\u00ed, \u0111\u1ed3ng th\u1eddi lo\u1ea1i b\u1ecf l\u1edbp l\u00f3t, gi\u00fap \u0111\u01a1n gi\u1ea3n h\u00f3a \u0111\u1ed9 kh\u00f3 trong s\u1ea3n xu\u1ea5t h\u00e0ng may m\u1eb7c; l\u1edbp ph\u1ee7 TPU mang l\u1ea1i kh\u1ea3 n\u0103ng ch\u1ed1ng th\u1ea5m n\u01b0\u1edbc tuy\u1ec7t v\u1eddi, trong khi l\u1edbp v\u1ea3i d\u1ec7t kim \u0111\u1ea3m b\u1ea3o kh\u1ea3 n\u0103ng tho\u00e1ng kh\u00ed t\u1ed1t v\u00e0 m\u1ec1m m\u1ea1i gi\u00fap ng\u01b0\u1eddi m\u1eb7c lu\u00f4n kh\u00f4 r\u00e1o v\u00e0 tho\u1ea3i m\u00e1i ngay c\u1ea3 trong \u0111i\u1ec1u ki\u1ec7n \u1ea9m \u01b0\u1edbt. Ch\u1ea5t li\u1ec7u n\u00e0y c\u0169ng b\u1ec1n v\u00e0 d\u1ec5 ch\u0103m s\u00f3c, khi\u1ebfn n\u00f3 tr\u1edf th\u00e0nh m\u1ed9t l\u1ef1a ch\u1ecdn thi\u1ebft th\u1ef1c cho trang ph\u1ee5c ngo\u00e0i tr\u1eddi.<\/p>","protected":false},"excerpt":{"rendered":"<p>1000 m\u00e9t (\u0110\u01a1n h\u00e0ng t\u1ed1i thi\u1ec3u)<\/p>","protected":false},"featured_media":3859,"comment_status":"closed","ping_status":"closed","template":"","meta":{"_uag_custom_page_level_css":"","site-sidebar-layout":"default","site-content-layout":"default","ast-site-content-layout":"","site-content-style":"default","site-sidebar-style":"default","ast-global-header-display":"","ast-banner-title-visibility":"","ast-main-header-display":"","ast-hfb-above-header-display":"","ast-hfb-below-header-display":"","ast-hfb-mobile-header-display":"","site-post-title":"","ast-breadcrumbs-content":"","ast-featured-img":"","footer-sml-layout":"","theme-transparent-header-meta":"default","adv-header-id-meta":"","stick-header-meta":"default","header-above-stick-meta":"","header-main-stick-meta":"","header-below-stick-meta":"","astra-migrate-meta-layouts":"default","ast-page-background-enabled":"default","ast-page-background-meta":{"desktop":{"background-color":"","background-image":"","background-repeat":"repeat","background-position":"center center","background-size":"auto","background-attachment":"scroll","background-type":"","background-media":"","overlay-type":"","overlay-color":"","overlay-opacity":"","overlay-gradient":""},"tablet":{"background-color":"","background-image":"","background-repeat":"repeat","background-position":"center center","background-size":"auto","background-attachment":"scroll","background-type":"","background-media":"","overlay-type":"","overlay-color":"","overlay-opacity":"","overlay-gradient":""},"mobile":{"background-color":"","background-image":"","background-repeat":"repeat","background-position":"center center","background-size":"auto","background-attachment":"scroll","background-type":"","background-media":"","overlay-type":"","overlay-color":"","overlay-opacity":"","overlay-gradient":""}},"ast-content-background-meta":{"desktop":{"background-color":"var(--ast-global-color-5)","background-image":"","background-repeat":"repeat","background-position":"center center","background-size":"auto","background-attachment":"scroll","background-type":"","background-media":"","overlay-type":"","overlay-color":"","overlay-opacity":"","overlay-gradient":""},"tablet":{"background-color":"var(--ast-global-color-5)","background-image":"","background-repeat":"repeat","background-position":"center center","background-size":"auto","background-attachment":"scroll","background-type":"","background-media":"","overlay-type":"","overlay-color":"","overlay-opacity":"","overlay-gradient":""},"mobile":{"background-color":"var(--ast-global-color-5)","background-image":"","background-repeat":"repeat","background-position":"center center","background-size":"auto","background-attachment":"scroll","background-type":"","background-media":"","overlay-type":"","overlay-color":"","overlay-opacity":"","overlay-gradient":""}}},"product_brand":[],"product_cat":[431,423,428,421,404,415,407,414],"product_tag":[],"class_list":{"0":"post-2194","1":"product","2":"type-product","3":"status-publish","4":"has-post-thumbnail","6":"product_cat-fabric-for-commuting-clothing","7":"product_cat-fabric-for-military-police","8":"product_cat-fabric-for-outdoor-sports","9":"product_cat-foul-weather-fabrics","10":"product_cat-nylon-fabrics","11":"product_cat-oil-repellent-fabric","12":"product_cat-recycled-fabric","13":"product_cat-waterproof-fabrics","14":"pa_available_colors-911052-spc","15":"desktop-align-left","16":"tablet-align-left","17":"mobile-align-left","18":"ast-product-gallery-layout-vertical-slider","19":"ast-product-tabs-layout-horizontal","21":"first","22":"instock","23":"shipping-taxable","24":"product-type-simple"},"uagb_featured_image_src":{"full":["https:\/\/www.sikortex.com\/wp-content\/uploads\/2023\/06\/10715141684_1244074369-1.jpg",1024,1024,false],"thumbnail":["https:\/\/www.sikortex.com\/wp-content\/uploads\/2023\/06\/10715141684_1244074369-1-150x150.jpg",150,150,true],"medium":["https:\/\/www.sikortex.com\/wp-content\/uploads\/2023\/06\/10715141684_1244074369-1-300x300.jpg",300,300,true],"medium_large":["https:\/\/www.sikortex.com\/wp-content\/uploads\/2023\/06\/10715141684_1244074369-1-768x768.jpg",768,768,true],"large":["https:\/\/www.sikortex.com\/wp-content\/uploads\/2023\/06\/10715141684_1244074369-1.jpg",1024,1024,false],"1536x1536":["https:\/\/www.sikortex.com\/wp-content\/uploads\/2023\/06\/10715141684_1244074369-1.jpg",1024,1024,false],"2048x2048":["https:\/\/www.sikortex.com\/wp-content\/uploads\/2023\/06\/10715141684_1244074369-1.jpg",1024,1024,false],"trp-custom-language-flag":["https:\/\/www.sikortex.com\/wp-content\/uploads\/2023\/06\/10715141684_1244074369-1.jpg",12,12,false],"woocommerce_thumbnail":["https:\/\/www.sikortex.com\/wp-content\/uploads\/2023\/06\/10715141684_1244074369-1-300x300.jpg",300,300,true],"woocommerce_single":["https:\/\/www.sikortex.com\/wp-content\/uploads\/2023\/06\/10715141684_1244074369-1-600x600.jpg",600,600,true],"woocommerce_gallery_thumbnail":["https:\/\/www.sikortex.com\/wp-content\/uploads\/2023\/06\/10715141684_1244074369-1-100x100.jpg",100,100,true]},"uagb_author_info":{"display_name":"Perry","author_link":"https:\/\/www.sikortex.com\/vi\/author\/"},"uagb_comment_info":0,"uagb_excerpt":"1000 Meters(Min.Order)","_links":{"self":[{"href":"https:\/\/www.sikortex.com\/vi\/wp-json\/wp\/v2\/product\/2194","targetHints":{"allow":["GET"]}}],"collection":[{"href":"https:\/\/www.sikortex.com\/vi\/wp-json\/wp\/v2\/product"}],"about":[{"href":"https:\/\/www.sikortex.com\/vi\/wp-json\/wp\/v2\/types\/product"}],"replies":[{"embeddable":true,"href":"https:\/\/www.sikortex.com\/vi\/wp-json\/wp\/v2\/comments?post=2194"}],"wp:featuredmedia":[{"embeddable":true,"href":"https:\/\/www.sikortex.com\/vi\/wp-json\/wp\/v2\/media\/3859"}],"wp:attachment":[{"href":"https:\/\/www.sikortex.com\/vi\/wp-json\/wp\/v2\/media?parent=2194"}],"wp:term":[{"taxonomy":"product_brand","embeddable":true,"href":"https:\/\/www.sikortex.com\/vi\/wp-json\/wp\/v2\/product_brand?post=2194"},{"taxonomy":"product_cat","embeddable":true,"href":"https:\/\/www.sikortex.com\/vi\/wp-json\/wp\/v2\/product_cat?post=2194"},{"taxonomy":"product_tag","embeddable":true,"href":"https:\/\/www.sikortex.com\/vi\/wp-json\/wp\/v2\/product_tag?post=2194"}],"curies":[{"name":"wp","href":"https:\/\/api.w.org\/{rel}","templated":true}]}}