{"id":2190,"date":"2023-06-02T15:37:28","date_gmt":"2023-06-02T07:37:28","guid":{"rendered":"http:\/\/203.196.10.64:3021\/?post_type=product&#038;p=2190"},"modified":"2023-10-24T08:59:51","modified_gmt":"2023-10-24T00:59:51","slug":"sk8261-2","status":"publish","type":"product","link":"https:\/\/www.sikortex.com\/vi\/san-pham\/sk8261-2\/","title":{"rendered":"V\u1ea3i thun leo n\u00fai nylon Spandex Lycra"},"content":{"rendered":"<p>V\u1ea3i leo n\u00fai co gi\u00e3n SIKOR-TEX nylon Lycra, ng\u01b0\u1eddi b\u1ea1n \u0111\u1ed3ng h\u00e0nh tuy\u1ec7t v\u1eddi nh\u1ea5t cho nh\u1eefng ng\u01b0\u1eddi \u0111am m\u00ea ho\u1ea1t \u0111\u1ed9ng ngo\u00e0i tr\u1eddi v\u00e0 nh\u1eefng nh\u00e0 th\u00e1m hi\u1ec3m. \u0110\u01b0\u1ee3c thi\u1ebft k\u1ebf v\u1edbi \u0111\u1ed9 ch\u00ednh x\u00e1c v\u00e0 \u0111\u1ed5i m\u1edbi, lo\u1ea1i v\u1ea3i n\u00e0y \u0111\u01b0\u1ee3c thi\u1ebft k\u1ebf \u0111\u1ec3 h\u1ed7 tr\u1ee3 b\u1ea1n trong c\u00e1c h\u00e0nh tr\u00ecnh leo n\u00fai.<\/p>\n<p>\u0110\u01b0\u1ee3c ch\u1ebf t\u1ea1o t\u1eeb s\u1ef1 pha tr\u1ed9n cao c\u1ea5p gi\u1eefa nylon v\u00e0 Lycra, v\u1ea3i c\u1ee7a ch\u00fang t\u00f4i mang \u0111\u1ebfn \u0111\u1ed9 co gi\u00e3n v\u00e0 t\u00ednh linh ho\u1ea1t \u0111\u1eb7c bi\u1ec7t, \u0111\u1ea3m b\u1ea3o chuy\u1ec3n \u0111\u1ed9ng kh\u00f4ng b\u1ecb h\u1ea1n ch\u1ebf v\u00e0 nhanh nh\u1eb9n ngay c\u1ea3 \u1edf nh\u1eefng \u0111\u1ecba h\u00ecnh kh\u00f3 kh\u0103n nh\u1ea5t. N\u1eafm b\u1eaft s\u1ef1 t\u1ef1 do \u0111\u1ec3 v\u01b0\u1ee3t qua c\u00e1c gi\u1edbi h\u1ea1n c\u1ee7a b\u1ea1n trong khi v\u1eabn duy tr\u00ec s\u1ef1 tho\u1ea3i m\u00e1i t\u1ed1i \u01b0u.<\/p>\n<p>V\u1edbi \u0111\u1eb7c t\u00ednh h\u00fat \u1ea9m ti\u00ean ti\u1ebfn, v\u1ea3i c\u1ee7a ch\u00fang t\u00f4i gi\u00fap b\u1ea1n kh\u00f4 r\u00e1o v\u00e0 tho\u1ea3i m\u00e1i, cho ph\u00e9p c\u01a1 th\u1ec3 b\u1ea1n th\u1edf trong c\u00e1c ho\u1ea1t \u0111\u1ed9ng th\u1ec3 ch\u1ea5t c\u01b0\u1eddng \u0111\u1ed9 cao. N\u00f3i l\u1eddi t\u1ea1m bi\u1ec7t v\u1edbi s\u1ef1 kh\u00f3 ch\u1ecbu do m\u1ed3 h\u00f4i v\u00e0 ch\u00e0o \u0111\u00f3n hi\u1ec7u su\u1ea5t n\u00e2ng cao.<\/p>\n<p>C\u1ea5u tr\u00fac b\u1ec1n b\u1ec9 c\u1ee7a v\u1ea3i c\u1ee7a ch\u00fang t\u00f4i \u0111\u1ea3m b\u1ea3o kh\u1ea3 n\u0103ng ch\u1ed1ng m\u00e0i m\u00f2n l\u00e2u d\u00e0i, v\u00ec v\u1eady b\u1ea1n c\u00f3 th\u1ec3 t\u1ef1 tin chinh ph\u1ee5c nh\u1eefng \u0111\u1ecba h\u00ecnh hi\u1ec3m tr\u1edf. N\u00f3 \u0111\u01b0\u1ee3c thi\u1ebft k\u1ebf \u0111\u1ec3 \u0111\u00e1p \u1ee9ng nhu c\u1ea7u leo n\u00fai, mang l\u1ea1i \u0111\u1ed9 b\u1ec1n m\u00e0 kh\u00f4ng \u1ea3nh h\u01b0\u1edfng \u0111\u1ebfn s\u1ef1 tho\u1ea3i m\u00e1i.<\/p>\n<p>Cho d\u00f9 b\u1ea1n c\u1ea7n \u00e1o kho\u00e1c, qu\u1ea7n d\u00e0i hay c\u00e1c thi\u1ebft b\u1ecb kh\u00e1c cho chuy\u1ebfn phi\u00eau l\u01b0u leo n\u00fai c\u1ee7a m\u00ecnh, V\u1ea3i leo n\u00fai co gi\u00e3n b\u1eb1ng nylon Lycra c\u1ee7a ch\u00fang t\u00f4i l\u00e0 s\u1ef1 l\u1ef1a ch\u1ecdn ho\u00e0n h\u1ea3o. Tr\u1ea3i nghi\u1ec7m s\u1ef1 k\u1ebft h\u1ee3p ho\u00e0n h\u1ea3o gi\u1eefa ch\u1ee9c n\u0103ng, t\u00ednh linh ho\u1ea1t v\u00e0 hi\u1ec7u su\u1ea5t, \u0111\u1ed3ng th\u1eddi n\u00e2ng c\u00e1c ho\u1ea1t \u0111\u1ed9ng ngo\u00e0i tr\u1eddi c\u1ee7a b\u1ea1n l\u00ean m\u1ed9t t\u1ea7m cao m\u1edbi. Ch\u1ecdn v\u1ea3i c\u1ee7a ch\u00fang t\u00f4i v\u00e0 m\u1edf kh\u00f3a ti\u1ec1m n\u0103ng th\u1ef1c s\u1ef1 c\u1ee7a b\u1ea1n \u1edf ngo\u00e0i tr\u1eddi tuy\u1ec7t v\u1eddi.<\/p>","protected":false},"excerpt":{"rendered":"<p>600 m\u00e9t (\u0110\u01a1n h\u00e0ng t\u1ed1i thi\u1ec3u)<\/p>","protected":false},"featured_media":3827,"comment_status":"closed","ping_status":"closed","template":"","meta":{"_uag_custom_page_level_css":"","site-sidebar-layout":"default","site-content-layout":"default","ast-site-content-layout":"","site-content-style":"default","site-sidebar-style":"default","ast-global-header-display":"","ast-banner-title-visibility":"","ast-main-header-display":"","ast-hfb-above-header-display":"","ast-hfb-below-header-display":"","ast-hfb-mobile-header-display":"","site-post-title":"","ast-breadcrumbs-content":"","ast-featured-img":"","footer-sml-layout":"","theme-transparent-header-meta":"default","adv-header-id-meta":"","stick-header-meta":"default","header-above-stick-meta":"","header-main-stick-meta":"","header-below-stick-meta":"","astra-migrate-meta-layouts":"default","ast-page-background-enabled":"default","ast-page-background-meta":{"desktop":{"background-color":"","background-image":"","background-repeat":"repeat","background-position":"center center","background-size":"auto","background-attachment":"scroll","background-type":"","background-media":"","overlay-type":"","overlay-color":"","overlay-opacity":"","overlay-gradient":""},"tablet":{"background-color":"","background-image":"","background-repeat":"repeat","background-position":"center center","background-size":"auto","background-attachment":"scroll","background-type":"","background-media":"","overlay-type":"","overlay-color":"","overlay-opacity":"","overlay-gradient":""},"mobile":{"background-color":"","background-image":"","background-repeat":"repeat","background-position":"center center","background-size":"auto","background-attachment":"scroll","background-type":"","background-media":"","overlay-type":"","overlay-color":"","overlay-opacity":"","overlay-gradient":""}},"ast-content-background-meta":{"desktop":{"background-color":"var(--ast-global-color-5)","background-image":"","background-repeat":"repeat","background-position":"center center","background-size":"auto","background-attachment":"scroll","background-type":"","background-media":"","overlay-type":"","overlay-color":"","overlay-opacity":"","overlay-gradient":""},"tablet":{"background-color":"var(--ast-global-color-5)","background-image":"","background-repeat":"repeat","background-position":"center center","background-size":"auto","background-attachment":"scroll","background-type":"","background-media":"","overlay-type":"","overlay-color":"","overlay-opacity":"","overlay-gradient":""},"mobile":{"background-color":"var(--ast-global-color-5)","background-image":"","background-repeat":"repeat","background-position":"center center","background-size":"auto","background-attachment":"scroll","background-type":"","background-media":"","overlay-type":"","overlay-color":"","overlay-opacity":"","overlay-gradient":""}}},"product_brand":[],"product_cat":[426,431,430,428,429,404,425,420],"product_tag":[],"class_list":{"0":"post-2190","1":"product","2":"type-product","3":"status-publish","4":"has-post-thumbnail","6":"product_cat-constructionmining","7":"product_cat-fabric-for-commuting-clothing","8":"product_cat-fabric-for-motorwear","9":"product_cat-fabric-for-outdoor-sports","10":"product_cat-fabric-for-sportswear","11":"product_cat-nylon-fabrics","12":"product_cat-security-emergencies-road-services","13":"product_cat-stretch-fabrics","14":"pa_available_colors-911052-spc","15":"desktop-align-left","16":"tablet-align-left","17":"mobile-align-left","18":"ast-product-gallery-layout-vertical-slider","19":"ast-product-tabs-layout-horizontal","21":"first","22":"instock","23":"shipping-taxable","24":"product-type-simple"},"uagb_featured_image_src":{"full":["https:\/\/www.sikortex.com\/wp-content\/uploads\/2023\/06\/O1CN01NXwjK91G9E49z8yIh_2212913800579-0-cib-1.jpg",1024,1024,false],"thumbnail":["https:\/\/www.sikortex.com\/wp-content\/uploads\/2023\/06\/O1CN01NXwjK91G9E49z8yIh_2212913800579-0-cib-1-150x150.jpg",150,150,true],"medium":["https:\/\/www.sikortex.com\/wp-content\/uploads\/2023\/06\/O1CN01NXwjK91G9E49z8yIh_2212913800579-0-cib-1-300x300.jpg",300,300,true],"medium_large":["https:\/\/www.sikortex.com\/wp-content\/uploads\/2023\/06\/O1CN01NXwjK91G9E49z8yIh_2212913800579-0-cib-1-768x768.jpg",768,768,true],"large":["https:\/\/www.sikortex.com\/wp-content\/uploads\/2023\/06\/O1CN01NXwjK91G9E49z8yIh_2212913800579-0-cib-1.jpg",1024,1024,false],"1536x1536":["https:\/\/www.sikortex.com\/wp-content\/uploads\/2023\/06\/O1CN01NXwjK91G9E49z8yIh_2212913800579-0-cib-1.jpg",1024,1024,false],"2048x2048":["https:\/\/www.sikortex.com\/wp-content\/uploads\/2023\/06\/O1CN01NXwjK91G9E49z8yIh_2212913800579-0-cib-1.jpg",1024,1024,false],"trp-custom-language-flag":["https:\/\/www.sikortex.com\/wp-content\/uploads\/2023\/06\/O1CN01NXwjK91G9E49z8yIh_2212913800579-0-cib-1.jpg",12,12,false],"woocommerce_thumbnail":["https:\/\/www.sikortex.com\/wp-content\/uploads\/2023\/06\/O1CN01NXwjK91G9E49z8yIh_2212913800579-0-cib-1-300x300.jpg",300,300,true],"woocommerce_single":["https:\/\/www.sikortex.com\/wp-content\/uploads\/2023\/06\/O1CN01NXwjK91G9E49z8yIh_2212913800579-0-cib-1-600x600.jpg",600,600,true],"woocommerce_gallery_thumbnail":["https:\/\/www.sikortex.com\/wp-content\/uploads\/2023\/06\/O1CN01NXwjK91G9E49z8yIh_2212913800579-0-cib-1-100x100.jpg",100,100,true]},"uagb_author_info":{"display_name":"Perry","author_link":"https:\/\/www.sikortex.com\/vi\/author\/"},"uagb_comment_info":0,"uagb_excerpt":"600 Meters(Min.Order)","_links":{"self":[{"href":"https:\/\/www.sikortex.com\/vi\/wp-json\/wp\/v2\/product\/2190","targetHints":{"allow":["GET"]}}],"collection":[{"href":"https:\/\/www.sikortex.com\/vi\/wp-json\/wp\/v2\/product"}],"about":[{"href":"https:\/\/www.sikortex.com\/vi\/wp-json\/wp\/v2\/types\/product"}],"replies":[{"embeddable":true,"href":"https:\/\/www.sikortex.com\/vi\/wp-json\/wp\/v2\/comments?post=2190"}],"wp:featuredmedia":[{"embeddable":true,"href":"https:\/\/www.sikortex.com\/vi\/wp-json\/wp\/v2\/media\/3827"}],"wp:attachment":[{"href":"https:\/\/www.sikortex.com\/vi\/wp-json\/wp\/v2\/media?parent=2190"}],"wp:term":[{"taxonomy":"product_brand","embeddable":true,"href":"https:\/\/www.sikortex.com\/vi\/wp-json\/wp\/v2\/product_brand?post=2190"},{"taxonomy":"product_cat","embeddable":true,"href":"https:\/\/www.sikortex.com\/vi\/wp-json\/wp\/v2\/product_cat?post=2190"},{"taxonomy":"product_tag","embeddable":true,"href":"https:\/\/www.sikortex.com\/vi\/wp-json\/wp\/v2\/product_tag?post=2190"}],"curies":[{"name":"wp","href":"https:\/\/api.w.org\/{rel}","templated":true}]}}