{"id":2182,"date":"2023-06-02T15:34:27","date_gmt":"2023-06-02T07:34:27","guid":{"rendered":"http:\/\/203.196.10.64:3021\/?post_type=product&#038;p=2182"},"modified":"2024-03-24T20:31:41","modified_gmt":"2024-03-24T12:31:41","slug":"sk8340","status":"publish","type":"product","link":"https:\/\/www.sikortex.com\/vi\/san-pham\/sk8340\/","title":{"rendered":"V\u1ea3i TPU nhi\u1ec1u l\u1edbp co gi\u00e3n Polyester 50D T800"},"content":{"rendered":"<h5>SIKOR-TEX l\u00e0 nh\u00e0 s\u1ea3n xu\u1ea5t v\u1ea3i ch\u1ea5t l\u01b0\u1ee3ng cao c\u00f3 tr\u1ee5 s\u1edf t\u1ea1i Trung Qu\u1ed1c<\/h5>\n<h6>M\u1ed9t lo\u1ea1t c\u00e1c lo\u1ea1i v\u1ea3i kh\u00f4ng th\u1ea5m n\u01b0\u1edbc co gi\u00e3n<\/h6>\n<p>V\u1ea3i TPU nhi\u1ec1u l\u1edbp Polyester 50D T800, ch\u1ea5t li\u1ec7u hi\u1ec7u su\u1ea5t cao k\u1ebft h\u1ee3p \u0111\u1eb7c t\u00ednh ch\u1ed1ng th\u1ea5m n\u01b0\u1edbc v\u00e0 tho\u00e1ng kh\u00ed \u0111\u1ec3 mang l\u1ea1i s\u1ef1 tho\u1ea3i m\u00e1i t\u1ed1i \u01b0u khi ho\u1ea1t \u0111\u1ed9ng ngo\u00e0i tr\u1eddi. Lo\u1ea1i v\u1ea3i 3 l\u1edbp n\u00e0y \u0111\u01b0\u1ee3c thi\u1ebft k\u1ebf \u0111\u1ec3 ch\u1ed1ng l\u1ea1i c\u00e1c \u0111i\u1ec1u ki\u1ec7n th\u1eddi ti\u1ebft kh\u1eafc nghi\u1ec7t m\u00e0 v\u1eabn gi\u1eef cho b\u1ea1n kh\u00f4 r\u00e1o v\u00e0 tho\u1ea3i m\u00e1i.<\/p>\n<p>V\u1ea3i c\u00f3 l\u1edbp v\u1ea3i co gi\u00e3n b\u00ean ngo\u00e0i mang l\u1ea1i \u0111\u1ed9 b\u1ec1n v\u00e0 t\u00ednh linh ho\u1ea1t \u0111\u1ec3 cho ph\u00e9p c\u1eed \u0111\u1ed9ng kh\u00f4ng b\u1ecb h\u1ea1n ch\u1ebf. SIKOR-TEX cung c\u1ea5p nhi\u1ec1u l\u1ef1a ch\u1ecdn TPU nhi\u1ec1u l\u1edbp v\u1edbi c\u00e1c \u0111\u1ed9 d\u00e0y v\u00e0 \u0111\u1eb7c t\u00ednh kh\u00e1c nhau, bao g\u1ed3m lo\u1ea1i s\u01a1 c\u1ea5p, trung c\u1ea5p v\u00e0 cao c\u1ea5p, v\u1edbi ch\u1ec9 s\u1ed1 ch\u1ed1ng th\u1ea5m n\u01b0\u1edbc cao tr\u00ean 10000mm, \u0111\u1ea3m b\u1ea3o kh\u1ea3 n\u0103ng ch\u1ed1ng m\u01b0a v\u00e0 ch\u1ed1ng \u1ea9m tuy\u1ec7t v\u1eddi.<\/p>\n<p>V\u1edbi \u0111\u1eb7c t\u00ednh ch\u1ed1ng th\u1ea5m n\u01b0\u1edbc v\u00e0 tho\u00e1ng kh\u00ed tuy\u1ec7t v\u1eddi, lo\u1ea1i v\u1ea3i n\u00e0y l\u00fd t\u01b0\u1edfng cho nhi\u1ec1u \u1ee9ng d\u1ee5ng ngo\u00e0i tr\u1eddi, bao g\u1ed3m \u00e1o jacket, qu\u1ea7n d\u00e0i v\u00e0 c\u00e1c lo\u1ea1i \u00e1o kho\u00e1c ngo\u00e0i kh\u00e1c. Cho d\u00f9 b\u1ea1n \u0111ang \u0111i b\u1ed9 \u0111\u01b0\u1eddng d\u00e0i, c\u1eafm tr\u1ea1i hay tham gia nhi\u1ec1u ho\u1ea1t \u0111\u1ed9ng th\u1ec3 thao kh\u00e1c nhau, c\u00e1c lo\u1ea1i v\u1ea3i c\u1ee7a ch\u00fang t\u00f4i cung c\u1ea5p kh\u1ea3 n\u0103ng b\u1ea3o v\u1ec7 \u0111\u00e1ng tin c\u1eady kh\u1ecfi m\u01b0a, tuy\u1ebft v\u00e0 gi\u00f3 trong khi v\u1eabn gi\u1eef cho b\u1ea1n tho\u1ea3i m\u00e1i v\u00e0 kh\u00f4 r\u00e1o.<\/p>","protected":false},"excerpt":{"rendered":"<p>1000 m\u00e9t (\u0110\u01a1n h\u00e0ng t\u1ed1i thi\u1ec3u)<\/p>","protected":false},"featured_media":3855,"comment_status":"closed","ping_status":"closed","template":"","meta":{"_uag_custom_page_level_css":"","site-sidebar-layout":"default","site-content-layout":"default","ast-site-content-layout":"","site-content-style":"default","site-sidebar-style":"default","ast-global-header-display":"","ast-banner-title-visibility":"","ast-main-header-display":"","ast-hfb-above-header-display":"","ast-hfb-below-header-display":"","ast-hfb-mobile-header-display":"","site-post-title":"","ast-breadcrumbs-content":"","ast-featured-img":"","footer-sml-layout":"","theme-transparent-header-meta":"default","adv-header-id-meta":"","stick-header-meta":"default","header-above-stick-meta":"","header-main-stick-meta":"","header-below-stick-meta":"","astra-migrate-meta-layouts":"default","ast-page-background-enabled":"default","ast-page-background-meta":{"desktop":{"background-color":"","background-image":"","background-repeat":"repeat","background-position":"center center","background-size":"auto","background-attachment":"scroll","background-type":"","background-media":"","overlay-type":"","overlay-color":"","overlay-opacity":"","overlay-gradient":""},"tablet":{"background-color":"","background-image":"","background-repeat":"repeat","background-position":"center center","background-size":"auto","background-attachment":"scroll","background-type":"","background-media":"","overlay-type":"","overlay-color":"","overlay-opacity":"","overlay-gradient":""},"mobile":{"background-color":"","background-image":"","background-repeat":"repeat","background-position":"center center","background-size":"auto","background-attachment":"scroll","background-type":"","background-media":"","overlay-type":"","overlay-color":"","overlay-opacity":"","overlay-gradient":""}},"ast-content-background-meta":{"desktop":{"background-color":"var(--ast-global-color-5)","background-image":"","background-repeat":"repeat","background-position":"center center","background-size":"auto","background-attachment":"scroll","background-type":"","background-media":"","overlay-type":"","overlay-color":"","overlay-opacity":"","overlay-gradient":""},"tablet":{"background-color":"var(--ast-global-color-5)","background-image":"","background-repeat":"repeat","background-position":"center center","background-size":"auto","background-attachment":"scroll","background-type":"","background-media":"","overlay-type":"","overlay-color":"","overlay-opacity":"","overlay-gradient":""},"mobile":{"background-color":"var(--ast-global-color-5)","background-image":"","background-repeat":"repeat","background-position":"center center","background-size":"auto","background-attachment":"scroll","background-type":"","background-media":"","overlay-type":"","overlay-color":"","overlay-opacity":"","overlay-gradient":""}}},"product_brand":[],"product_cat":[431,428,421,1145,1153,403,420,414],"product_tag":[],"class_list":{"0":"post-2182","1":"product","2":"type-product","3":"status-publish","4":"has-post-thumbnail","6":"product_cat-fabric-for-commuting-clothing","7":"product_cat-fabric-for-outdoor-sports","8":"product_cat-foul-weather-fabrics","9":"product_cat-lightweight-fabric","10":"product_cat-nano-breathable-fabric","11":"product_cat-polyester-fabrics","12":"product_cat-stretch-fabrics","13":"product_cat-waterproof-fabrics","14":"pa_available_colors-1526-03","15":"pa_available_colors-1526-04","16":"pa_available_colors-1526-05","17":"pa_available_colors-1526-06","18":"pa_available_colors-1526-07","19":"pa_available_colors-1526-08","20":"pa_available_colors-1526-09","21":"pa_available_colors-1526-10","22":"pa_available_colors-1526-11","23":"pa_available_colors-1526-12","24":"pa_available_colors-1526-13","25":"pa_available_colors-1526-14","26":"pa_available_colors-1526-15","27":"pa_available_colors-1526-16","28":"pa_available_colors-1526-17","29":"pa_available_colors-1526-18","30":"pa_available_colors-1526-19","31":"pa_available_colors-1526-20","32":"pa_available_colors-1526-21","33":"pa_available_colors-1526-22","34":"pa_available_colors-1526-23","35":"pa_available_colors-1526-24","36":"pa_available_colors-1526-25","37":"pa_available_colors-1526-26","38":"pa_available_colors-1526-27","39":"pa_available_colors-1526-28","40":"pa_available_colors-1526-29","41":"pa_available_colors-1526-30","42":"pa_available_colors-1526-31","43":"pa_available_colors-1526-32","44":"pa_available_colors-1526-33","45":"pa_available_colors-1526-34","46":"pa_available_colors-1526-35","47":"pa_available_colors-1526-36","48":"pa_available_colors-1526-37","49":"pa_available_colors-1526-38","50":"pa_available_colors-1526-39","51":"pa_available_colors-1526-40","52":"pa_available_colors-1526-41","53":"pa_available_colors-1526-42","54":"pa_available_colors-1526-43","55":"pa_available_colors-1526-44","56":"pa_available_colors-1526-45","57":"pa_available_colors-1526-46","58":"pa_available_colors-1526-47","59":"pa_available_colors-1526-48","60":"pa_available_colors-1526-49","61":"pa_available_colors-1526-50","62":"pa_available_colors-1526-51","63":"pa_available_colors-1526-52","64":"pa_available_colors-1526-53","65":"pa_available_colors-1526-54","66":"pa_available_colors-1526-55","67":"pa_available_colors-1526-56","68":"pa_available_colors-1526-57","69":"pa_available_colors-1526-58","70":"pa_available_colors-1526-59","71":"pa_available_colors-1526-60","72":"pa_available_colors-1526-61","73":"pa_available_colors-1526-62","74":"pa_available_colors-8236-1","75":"pa_available_colors-8236-10","76":"pa_available_colors-8236-11","77":"pa_available_colors-8236-12","78":"pa_available_colors-8236-13","79":"pa_available_colors-8236-15","80":"pa_available_colors-8236-16","81":"pa_available_colors-8236-17","82":"pa_available_colors-8236-18","83":"pa_available_colors-8236-19","84":"pa_available_colors-8236-2","85":"pa_available_colors-8236-20","86":"pa_available_colors-8236-3","87":"pa_available_colors-8236-4","88":"pa_available_colors-8236-5","89":"pa_available_colors-8236-6","90":"pa_available_colors-8236-7","91":"pa_available_colors-8236-8","92":"pa_available_colors-8236-9","93":"pa_available_colors-000014-wht","94":"pa_available_colors-911052-spc","95":"pa_available_colors-000020-wht","96":"desktop-align-left","97":"tablet-align-left","98":"mobile-align-left","99":"ast-product-gallery-layout-vertical-slider","100":"ast-product-tabs-layout-horizontal","102":"first","103":"instock","104":"shipping-taxable","105":"product-type-simple"},"uagb_featured_image_src":{"full":["https:\/\/www.sikortex.com\/wp-content\/uploads\/2023\/06\/photobank-27-1.jpg",1024,1024,false],"thumbnail":["https:\/\/www.sikortex.com\/wp-content\/uploads\/2023\/06\/photobank-27-1-150x150.jpg",150,150,true],"medium":["https:\/\/www.sikortex.com\/wp-content\/uploads\/2023\/06\/photobank-27-1-300x300.jpg",300,300,true],"medium_large":["https:\/\/www.sikortex.com\/wp-content\/uploads\/2023\/06\/photobank-27-1-768x768.jpg",768,768,true],"large":["https:\/\/www.sikortex.com\/wp-content\/uploads\/2023\/06\/photobank-27-1.jpg",1024,1024,false],"1536x1536":["https:\/\/www.sikortex.com\/wp-content\/uploads\/2023\/06\/photobank-27-1.jpg",1024,1024,false],"2048x2048":["https:\/\/www.sikortex.com\/wp-content\/uploads\/2023\/06\/photobank-27-1.jpg",1024,1024,false],"trp-custom-language-flag":["https:\/\/www.sikortex.com\/wp-content\/uploads\/2023\/06\/photobank-27-1.jpg",12,12,false],"woocommerce_thumbnail":["https:\/\/www.sikortex.com\/wp-content\/uploads\/2023\/06\/photobank-27-1-300x300.jpg",300,300,true],"woocommerce_single":["https:\/\/www.sikortex.com\/wp-content\/uploads\/2023\/06\/photobank-27-1-600x600.jpg",600,600,true],"woocommerce_gallery_thumbnail":["https:\/\/www.sikortex.com\/wp-content\/uploads\/2023\/06\/photobank-27-1-100x100.jpg",100,100,true]},"uagb_author_info":{"display_name":"Perry","author_link":"https:\/\/www.sikortex.com\/vi\/author\/"},"uagb_comment_info":0,"uagb_excerpt":"1000 Meters(Min.Order)","_links":{"self":[{"href":"https:\/\/www.sikortex.com\/vi\/wp-json\/wp\/v2\/product\/2182","targetHints":{"allow":["GET"]}}],"collection":[{"href":"https:\/\/www.sikortex.com\/vi\/wp-json\/wp\/v2\/product"}],"about":[{"href":"https:\/\/www.sikortex.com\/vi\/wp-json\/wp\/v2\/types\/product"}],"replies":[{"embeddable":true,"href":"https:\/\/www.sikortex.com\/vi\/wp-json\/wp\/v2\/comments?post=2182"}],"wp:featuredmedia":[{"embeddable":true,"href":"https:\/\/www.sikortex.com\/vi\/wp-json\/wp\/v2\/media\/3855"}],"wp:attachment":[{"href":"https:\/\/www.sikortex.com\/vi\/wp-json\/wp\/v2\/media?parent=2182"}],"wp:term":[{"taxonomy":"product_brand","embeddable":true,"href":"https:\/\/www.sikortex.com\/vi\/wp-json\/wp\/v2\/product_brand?post=2182"},{"taxonomy":"product_cat","embeddable":true,"href":"https:\/\/www.sikortex.com\/vi\/wp-json\/wp\/v2\/product_cat?post=2182"},{"taxonomy":"product_tag","embeddable":true,"href":"https:\/\/www.sikortex.com\/vi\/wp-json\/wp\/v2\/product_tag?post=2182"}],"curies":[{"name":"wp","href":"https:\/\/api.w.org\/{rel}","templated":true}]}}