{"id":2181,"date":"2023-06-02T15:33:57","date_gmt":"2023-06-02T07:33:57","guid":{"rendered":"http:\/\/203.196.10.64:3021\/?post_type=product&#038;p=2181"},"modified":"2024-12-16T14:43:16","modified_gmt":"2024-12-16T06:43:16","slug":"sk8260-2","status":"publish","type":"product","link":"https:\/\/www.sikortex.com\/vi\/san-pham\/sk8260-2\/","title":{"rendered":"V\u1ea3i b\u1ea3o h\u1ed9 lao \u0111\u1ed9ng Polyester 300D Gabardine"},"content":{"rendered":"<h6>SIKOR-TEX <span style=\"color: #3366ff;\"><a style=\"color: #3366ff;\" href=\"https:\/\/www.sikortex.com\/vi\/vai-nylon-bong-vai-ripstop-ao-gio-vai-5\/\">V\u1ea3i Oxford<\/a><\/span> nh\u00e0 ch\u1ebf t\u1ea1o<\/h6>\n<p>V\u1ea3i b\u1ea3o h\u1ed9 lao \u0111\u1ed9ng Gabardine Polyester 300D, h\u00ecnh \u1ea3nh thu nh\u1ecf c\u1ee7a \u0111\u1ed9 b\u1ec1n v\u00e0 ch\u1ee9c n\u0103ng \u0111\u00e1p \u1ee9ng nhu c\u1ea7u chuy\u00ean nghi\u1ec7p c\u1ee7a b\u1ea1n. \u0110\u01b0\u1ee3c thi\u1ebft k\u1ebf t\u1ec9 m\u1ec9 \u0111\u1ebfn t\u1eebng chi ti\u1ebft, lo\u1ea1i v\u1ea3i n\u00e0y \u0111\u01b0\u1ee3c thi\u1ebft k\u1ebf \u0111\u1ec3 ch\u1ecbu \u0111\u01b0\u1ee3c m\u00f4i tr\u01b0\u1eddng l\u00e0m vi\u1ec7c kh\u1eafc nghi\u1ec7t nh\u1ea5t m\u1ed9t c\u00e1ch d\u1ec5 d\u00e0ng.<\/p>\n<p>\u0110\u01b0\u1ee3c ch\u1ebf t\u1ea1o t\u1eeb polyester 300D ch\u1ea5t l\u01b0\u1ee3ng cao, v\u1ea3i c\u1ee7a ch\u00fang t\u00f4i c\u00f3 \u0111\u1ed9 b\u1ec1n v\u00e0 kh\u1ea3 n\u0103ng ph\u1ee5c h\u1ed3i \u0111\u1eb7c bi\u1ec7t, \u0111\u1ea3m b\u1ea3o tu\u1ed5i th\u1ecd v\u00e0 th\u1eddi gian s\u1eed d\u1ee5ng k\u00e9o d\u00e0i. Ki\u1ec3u d\u1ec7t ch\u00e9o 2\/2 t\u1ea1o th\u00eam n\u00e9t tinh t\u1ebf \u0111\u1ed3ng th\u1eddi t\u0103ng c\u01b0\u1eddng \u0111\u1ed9 b\u1ec1n v\u00e0 kh\u1ea3 n\u0103ng ch\u1ed1ng r\u00e1ch c\u1ee7a v\u1ea3i.<\/p>\n<p>Cho d\u00f9 b\u1ea1n \u0111ang l\u00e0m vi\u1ec7c trong ng\u00e0nh x\u00e2y d\u1ef1ng, s\u1ea3n xu\u1ea5t hay b\u1ea5t k\u1ef3 ng\u00e0nh \u0111\u00f2i h\u1ecfi kh\u1eaft khe n\u00e0o kh\u00e1c, v\u1ea3i b\u1ea3o h\u1ed9 lao \u0111\u1ed9ng Gabardine c\u1ee7a ch\u00fang t\u00f4i l\u00e0 ng\u01b0\u1eddi b\u1ea1n \u0111\u1ed3ng h\u00e0nh \u0111\u00e1ng tin c\u1eady c\u1ee7a b\u1ea1n. N\u00f3 cung c\u1ea5p kh\u1ea3 n\u0103ng b\u1ea3o v\u1ec7 tuy\u1ec7t v\u1eddi ch\u1ed1ng m\u00e0i m\u00f2n, khi\u1ebfn n\u00f3 tr\u1edf n\u00ean l\u00fd t\u01b0\u1edfng cho c\u00e1c nhi\u1ec7m v\u1ee5 n\u1eb7ng nh\u1ecdc. Ngo\u00e0i ra, th\u00e0nh ph\u1ea7n polyester mang l\u1ea1i kh\u1ea3 n\u0103ng ch\u1ed1ng n\u01b0\u1edbc v\u00e0 v\u1ebft b\u1ea9n, gi\u00fap b\u1ea1n tr\u00f4ng s\u1eafc s\u1ea3o v\u00e0 chuy\u00ean nghi\u1ec7p.<\/p>\n<p>V\u1ea3i b\u1ea3o h\u1ed9 lao \u0111\u1ed9ng Polyester 300D c\u0169ng c\u00f3 s\u1eb5n <span style=\"color: #3366ff;\"><a style=\"color: #3366ff;\" href=\"https:\/\/www.sikortex.com\/vi\/vai-co-kha-nang-hien-thi-cao-2\/\">XIN CH\u00c0O VIS<\/a><\/span> m\u00e0u s\u1eafc<\/p>\n<p>&nbsp;<\/p>","protected":false},"excerpt":{"rendered":"<p>1000 m\u00e9t (\u0110\u01a1n h\u00e0ng t\u1ed1i thi\u1ec3u)<\/p>","protected":false},"featured_media":3825,"comment_status":"closed","ping_status":"closed","template":"","meta":{"_uag_custom_page_level_css":"","site-sidebar-layout":"default","site-content-layout":"default","ast-site-content-layout":"","site-content-style":"default","site-sidebar-style":"default","ast-global-header-display":"","ast-banner-title-visibility":"","ast-main-header-display":"","ast-hfb-above-header-display":"","ast-hfb-below-header-display":"","ast-hfb-mobile-header-display":"","site-post-title":"","ast-breadcrumbs-content":"","ast-featured-img":"","footer-sml-layout":"","theme-transparent-header-meta":"default","adv-header-id-meta":"","stick-header-meta":"default","header-above-stick-meta":"","header-main-stick-meta":"","header-below-stick-meta":"","astra-migrate-meta-layouts":"default","ast-page-background-enabled":"default","ast-page-background-meta":{"desktop":{"background-color":"","background-image":"","background-repeat":"repeat","background-position":"center center","background-size":"auto","background-attachment":"scroll","background-type":"","background-media":"","overlay-type":"","overlay-color":"","overlay-opacity":"","overlay-gradient":""},"tablet":{"background-color":"","background-image":"","background-repeat":"repeat","background-position":"center center","background-size":"auto","background-attachment":"scroll","background-type":"","background-media":"","overlay-type":"","overlay-color":"","overlay-opacity":"","overlay-gradient":""},"mobile":{"background-color":"","background-image":"","background-repeat":"repeat","background-position":"center center","background-size":"auto","background-attachment":"scroll","background-type":"","background-media":"","overlay-type":"","overlay-color":"","overlay-opacity":"","overlay-gradient":""}},"ast-content-background-meta":{"desktop":{"background-color":"var(--ast-global-color-5)","background-image":"","background-repeat":"repeat","background-position":"center center","background-size":"auto","background-attachment":"scroll","background-type":"","background-media":"","overlay-type":"","overlay-color":"","overlay-opacity":"","overlay-gradient":""},"tablet":{"background-color":"var(--ast-global-color-5)","background-image":"","background-repeat":"repeat","background-position":"center center","background-size":"auto","background-attachment":"scroll","background-type":"","background-media":"","overlay-type":"","overlay-color":"","overlay-opacity":"","overlay-gradient":""},"mobile":{"background-color":"var(--ast-global-color-5)","background-image":"","background-repeat":"repeat","background-position":"center center","background-size":"auto","background-attachment":"scroll","background-type":"","background-media":"","overlay-type":"","overlay-color":"","overlay-opacity":"","overlay-gradient":""}}},"product_brand":[],"product_cat":[426,427,403,407,425],"product_tag":[],"class_list":{"0":"post-2181","1":"product","2":"type-product","3":"status-publish","4":"has-post-thumbnail","6":"product_cat-constructionmining","7":"product_cat-petroleum-and-petrochemical","8":"product_cat-polyester-fabrics","9":"product_cat-recycled-fabric","10":"product_cat-security-emergencies-road-services","11":"pa_available_colors-1526-03","12":"pa_available_colors-1526-05","13":"pa_available_colors-1526-07","14":"pa_available_colors-1526-13","15":"pa_available_colors-1526-48","16":"pa_available_colors-fluorescent-orange","17":"pa_available_colors-fluorescent-red","18":"pa_available_colors-fluorescent-yellow","19":"pa_available_colors-000020-wht","20":"desktop-align-left","21":"tablet-align-left","22":"mobile-align-left","23":"ast-product-gallery-layout-vertical-slider","24":"ast-product-tabs-layout-horizontal","26":"first","27":"instock","28":"shipping-taxable","29":"product-type-simple"},"uagb_featured_image_src":{"full":["https:\/\/www.sikortex.com\/wp-content\/uploads\/2023\/06\/O1CN01enrbwT1t4tLO6bPkc_2211895355849-0-cib-1.jpg",1024,1024,false],"thumbnail":["https:\/\/www.sikortex.com\/wp-content\/uploads\/2023\/06\/O1CN01enrbwT1t4tLO6bPkc_2211895355849-0-cib-1-150x150.jpg",150,150,true],"medium":["https:\/\/www.sikortex.com\/wp-content\/uploads\/2023\/06\/O1CN01enrbwT1t4tLO6bPkc_2211895355849-0-cib-1-300x300.jpg",300,300,true],"medium_large":["https:\/\/www.sikortex.com\/wp-content\/uploads\/2023\/06\/O1CN01enrbwT1t4tLO6bPkc_2211895355849-0-cib-1-768x768.jpg",768,768,true],"large":["https:\/\/www.sikortex.com\/wp-content\/uploads\/2023\/06\/O1CN01enrbwT1t4tLO6bPkc_2211895355849-0-cib-1.jpg",1024,1024,false],"1536x1536":["https:\/\/www.sikortex.com\/wp-content\/uploads\/2023\/06\/O1CN01enrbwT1t4tLO6bPkc_2211895355849-0-cib-1.jpg",1024,1024,false],"2048x2048":["https:\/\/www.sikortex.com\/wp-content\/uploads\/2023\/06\/O1CN01enrbwT1t4tLO6bPkc_2211895355849-0-cib-1.jpg",1024,1024,false],"trp-custom-language-flag":["https:\/\/www.sikortex.com\/wp-content\/uploads\/2023\/06\/O1CN01enrbwT1t4tLO6bPkc_2211895355849-0-cib-1.jpg",12,12,false],"woocommerce_thumbnail":["https:\/\/www.sikortex.com\/wp-content\/uploads\/2023\/06\/O1CN01enrbwT1t4tLO6bPkc_2211895355849-0-cib-1-300x300.jpg",300,300,true],"woocommerce_single":["https:\/\/www.sikortex.com\/wp-content\/uploads\/2023\/06\/O1CN01enrbwT1t4tLO6bPkc_2211895355849-0-cib-1-600x600.jpg",600,600,true],"woocommerce_gallery_thumbnail":["https:\/\/www.sikortex.com\/wp-content\/uploads\/2023\/06\/O1CN01enrbwT1t4tLO6bPkc_2211895355849-0-cib-1-100x100.jpg",100,100,true]},"uagb_author_info":{"display_name":"Perry","author_link":"https:\/\/www.sikortex.com\/vi\/author\/"},"uagb_comment_info":0,"uagb_excerpt":"1000 Meters(Min.Order)","_links":{"self":[{"href":"https:\/\/www.sikortex.com\/vi\/wp-json\/wp\/v2\/product\/2181","targetHints":{"allow":["GET"]}}],"collection":[{"href":"https:\/\/www.sikortex.com\/vi\/wp-json\/wp\/v2\/product"}],"about":[{"href":"https:\/\/www.sikortex.com\/vi\/wp-json\/wp\/v2\/types\/product"}],"replies":[{"embeddable":true,"href":"https:\/\/www.sikortex.com\/vi\/wp-json\/wp\/v2\/comments?post=2181"}],"wp:featuredmedia":[{"embeddable":true,"href":"https:\/\/www.sikortex.com\/vi\/wp-json\/wp\/v2\/media\/3825"}],"wp:attachment":[{"href":"https:\/\/www.sikortex.com\/vi\/wp-json\/wp\/v2\/media?parent=2181"}],"wp:term":[{"taxonomy":"product_brand","embeddable":true,"href":"https:\/\/www.sikortex.com\/vi\/wp-json\/wp\/v2\/product_brand?post=2181"},{"taxonomy":"product_cat","embeddable":true,"href":"https:\/\/www.sikortex.com\/vi\/wp-json\/wp\/v2\/product_cat?post=2181"},{"taxonomy":"product_tag","embeddable":true,"href":"https:\/\/www.sikortex.com\/vi\/wp-json\/wp\/v2\/product_tag?post=2181"}],"curies":[{"name":"wp","href":"https:\/\/api.w.org\/{rel}","templated":true}]}}