{"id":2167,"date":"2023-06-02T15:32:11","date_gmt":"2023-06-02T07:32:11","guid":{"rendered":"http:\/\/203.196.10.64:3021\/?post_type=product&#038;p=2167"},"modified":"2023-10-09T10:42:43","modified_gmt":"2023-10-09T02:42:43","slug":"sk8341-2","status":"publish","type":"product","link":"https:\/\/www.sikortex.com\/vi\/san-pham\/sk8341-2\/","title":{"rendered":"MCTP Jungle CP Ng\u1ee5y Trang Nylon Co Gi\u00e3n B\u1ed1n Chi\u1ec1u H\u00fat \u1ea8m G3\/G4 B\u1ed9 \u0110\u1ed3 \u1ebech B\u1ed9 \u0110\u1ed3 T\u1eadp Luy\u1ec7n"},"content":{"rendered":"<p>MCTP Jungle CP Ng\u1ee5y trang b\u1eb1ng nylon Co gi\u00e3n b\u1ed1n chi\u1ec1u H\u00fat \u1ea9m G3\/G4 B\u1ed9 \u0111\u1ed3 t\u1eadp luy\u1ec7n cho \u1ebfch l\u00e0 m\u1ed9t b\u1ed9 qu\u1ea7n \u00e1o th\u1ec3 thao \u0111a ch\u1ee9c n\u0103ng ch\u1ea5t l\u01b0\u1ee3ng cao \u0111\u1ec3 m\u1eb7c th\u01b0\u1eddng ng\u00e0y, th\u1ec3 thao ngo\u00e0i tr\u1eddi v\u00e0 hu\u1ea5n luy\u1ec7n chi\u1ebfn thu\u1eadt.<\/p>\n<p>\u0110\u01b0\u1ee3c l\u00e0m t\u1eeb nylon 94% v\u00e0 spandex 6%, lo\u1ea1i v\u1ea3i n\u00e0y c\u00f3 \u0111\u1ed9 b\u1ec1n v\u00e0 \u0111\u1ed9 b\u1ec1n cao, c\u0169ng nh\u01b0 \u0111\u1eb7c t\u00ednh h\u00fat \u1ea9m tuy\u1ec7t v\u1eddi gi\u00fap b\u1ea1n lu\u00f4n kh\u00f4 r\u00e1o v\u00e0 tho\u1ea3i m\u00e1i khi v\u1eadn \u0111\u1ed9ng. T\u00ednh n\u0103ng co gi\u00e3n b\u1ed1n chi\u1ec1u cho ph\u00e9p kh\u1ea3 n\u0103ng di chuy\u1ec3n v\u00e0 ph\u1ea1m vi chuy\u1ec3n \u0111\u1ed9ng t\u1ed1i \u0111a, l\u00fd t\u01b0\u1edfng cho vi\u1ec7c hu\u1ea5n luy\u1ec7n chi\u1ebfn thu\u1eadt. Thi\u1ebft k\u1ebf ng\u1ee5y trang CP trong r\u1eebng \u0111\u1ed9c \u0111\u00e1o l\u00e0m cho b\u1ed9 \u0111\u1ed3 n\u00e0y v\u1eeba thi\u1ebft th\u1ef1c v\u1eeba th\u1eddi trang. Cho d\u00f9 b\u1ea1n \u0111ang \u0111i b\u1ed9 \u0111\u01b0\u1eddng d\u00e0i, s\u0103n b\u1eafn hay hu\u1ea5n luy\u1ec7n cho nhi\u1ec7m v\u1ee5 ti\u1ebfp theo c\u1ee7a m\u00ecnh, v\u1ea3i SIKOR-TEX s\u1ebd h\u1ed7 tr\u1ee3 b\u1ea1n.<\/p>","protected":false},"excerpt":{"rendered":"<p>600 m\u00e9t (\u0110\u01a1n h\u00e0ng t\u1ed1i thi\u1ec3u)<\/p>","protected":false},"featured_media":3849,"comment_status":"closed","ping_status":"closed","template":"","meta":{"_uag_custom_page_level_css":"","site-sidebar-layout":"default","site-content-layout":"default","ast-site-content-layout":"","site-content-style":"default","site-sidebar-style":"default","ast-global-header-display":"","ast-banner-title-visibility":"","ast-main-header-display":"","ast-hfb-above-header-display":"","ast-hfb-below-header-display":"","ast-hfb-mobile-header-display":"","site-post-title":"","ast-breadcrumbs-content":"","ast-featured-img":"","footer-sml-layout":"","theme-transparent-header-meta":"default","adv-header-id-meta":"","stick-header-meta":"default","header-above-stick-meta":"","header-main-stick-meta":"","header-below-stick-meta":"","astra-migrate-meta-layouts":"default","ast-page-background-enabled":"default","ast-page-background-meta":{"desktop":{"background-color":"","background-image":"","background-repeat":"repeat","background-position":"center center","background-size":"auto","background-attachment":"scroll","background-type":"","background-media":"","overlay-type":"","overlay-color":"","overlay-opacity":"","overlay-gradient":""},"tablet":{"background-color":"","background-image":"","background-repeat":"repeat","background-position":"center center","background-size":"auto","background-attachment":"scroll","background-type":"","background-media":"","overlay-type":"","overlay-color":"","overlay-opacity":"","overlay-gradient":""},"mobile":{"background-color":"","background-image":"","background-repeat":"repeat","background-position":"center center","background-size":"auto","background-attachment":"scroll","background-type":"","background-media":"","overlay-type":"","overlay-color":"","overlay-opacity":"","overlay-gradient":""}},"ast-content-background-meta":{"desktop":{"background-color":"var(--ast-global-color-5)","background-image":"","background-repeat":"repeat","background-position":"center center","background-size":"auto","background-attachment":"scroll","background-type":"","background-media":"","overlay-type":"","overlay-color":"","overlay-opacity":"","overlay-gradient":""},"tablet":{"background-color":"var(--ast-global-color-5)","background-image":"","background-repeat":"repeat","background-position":"center center","background-size":"auto","background-attachment":"scroll","background-type":"","background-media":"","overlay-type":"","overlay-color":"","overlay-opacity":"","overlay-gradient":""},"mobile":{"background-color":"var(--ast-global-color-5)","background-image":"","background-repeat":"repeat","background-position":"center center","background-size":"auto","background-attachment":"scroll","background-type":"","background-media":"","overlay-type":"","overlay-color":"","overlay-opacity":"","overlay-gradient":""}}},"product_brand":[],"product_cat":[423,428,429,404,420],"product_tag":[],"class_list":{"0":"post-2167","1":"product","2":"type-product","3":"status-publish","4":"has-post-thumbnail","6":"product_cat-fabric-for-military-police","7":"product_cat-fabric-for-outdoor-sports","8":"product_cat-fabric-for-sportswear","9":"product_cat-nylon-fabrics","10":"product_cat-stretch-fabrics","11":"pa_available_colors-1526-28","12":"desktop-align-left","13":"tablet-align-left","14":"mobile-align-left","15":"ast-product-gallery-layout-vertical-slider","16":"ast-product-tabs-layout-horizontal","18":"first","19":"instock","20":"shipping-taxable","21":"product-type-simple"},"uagb_featured_image_src":{"full":["https:\/\/www.sikortex.com\/wp-content\/uploads\/2023\/06\/15014434574_69802238-1.jpg",1024,1024,false],"thumbnail":["https:\/\/www.sikortex.com\/wp-content\/uploads\/2023\/06\/15014434574_69802238-1-150x150.jpg",150,150,true],"medium":["https:\/\/www.sikortex.com\/wp-content\/uploads\/2023\/06\/15014434574_69802238-1-300x300.jpg",300,300,true],"medium_large":["https:\/\/www.sikortex.com\/wp-content\/uploads\/2023\/06\/15014434574_69802238-1-768x768.jpg",768,768,true],"large":["https:\/\/www.sikortex.com\/wp-content\/uploads\/2023\/06\/15014434574_69802238-1.jpg",1024,1024,false],"1536x1536":["https:\/\/www.sikortex.com\/wp-content\/uploads\/2023\/06\/15014434574_69802238-1.jpg",1024,1024,false],"2048x2048":["https:\/\/www.sikortex.com\/wp-content\/uploads\/2023\/06\/15014434574_69802238-1.jpg",1024,1024,false],"trp-custom-language-flag":["https:\/\/www.sikortex.com\/wp-content\/uploads\/2023\/06\/15014434574_69802238-1.jpg",12,12,false],"woocommerce_thumbnail":["https:\/\/www.sikortex.com\/wp-content\/uploads\/2023\/06\/15014434574_69802238-1-300x300.jpg",300,300,true],"woocommerce_single":["https:\/\/www.sikortex.com\/wp-content\/uploads\/2023\/06\/15014434574_69802238-1-600x600.jpg",600,600,true],"woocommerce_gallery_thumbnail":["https:\/\/www.sikortex.com\/wp-content\/uploads\/2023\/06\/15014434574_69802238-1-100x100.jpg",100,100,true]},"uagb_author_info":{"display_name":"Perry","author_link":"https:\/\/www.sikortex.com\/vi\/author\/"},"uagb_comment_info":0,"uagb_excerpt":"600 Meters(Min.Order)","_links":{"self":[{"href":"https:\/\/www.sikortex.com\/vi\/wp-json\/wp\/v2\/product\/2167","targetHints":{"allow":["GET"]}}],"collection":[{"href":"https:\/\/www.sikortex.com\/vi\/wp-json\/wp\/v2\/product"}],"about":[{"href":"https:\/\/www.sikortex.com\/vi\/wp-json\/wp\/v2\/types\/product"}],"replies":[{"embeddable":true,"href":"https:\/\/www.sikortex.com\/vi\/wp-json\/wp\/v2\/comments?post=2167"}],"wp:featuredmedia":[{"embeddable":true,"href":"https:\/\/www.sikortex.com\/vi\/wp-json\/wp\/v2\/media\/3849"}],"wp:attachment":[{"href":"https:\/\/www.sikortex.com\/vi\/wp-json\/wp\/v2\/media?parent=2167"}],"wp:term":[{"taxonomy":"product_brand","embeddable":true,"href":"https:\/\/www.sikortex.com\/vi\/wp-json\/wp\/v2\/product_brand?post=2167"},{"taxonomy":"product_cat","embeddable":true,"href":"https:\/\/www.sikortex.com\/vi\/wp-json\/wp\/v2\/product_cat?post=2167"},{"taxonomy":"product_tag","embeddable":true,"href":"https:\/\/www.sikortex.com\/vi\/wp-json\/wp\/v2\/product_tag?post=2167"}],"curies":[{"name":"wp","href":"https:\/\/api.w.org\/{rel}","templated":true}]}}