{"id":2161,"date":"2023-06-02T15:31:22","date_gmt":"2023-06-02T07:31:22","guid":{"rendered":"http:\/\/203.196.10.64:3021\/?post_type=product&#038;p=2161"},"modified":"2023-11-05T15:16:53","modified_gmt":"2023-11-05T07:16:53","slug":"sk8259-nguy-trang-dan-hoi-vai","status":"publish","type":"product","link":"https:\/\/www.sikortex.com\/vi\/san-pham\/sk8259-nguy-trang-dan-hoi-vai\/","title":{"rendered":"Ng\u1ee5y trang in V\u1ea3i thun nylon d\u1ec7t v\u1ea3i leo n\u00fai 280GSM"},"content":{"rendered":"<p>&nbsp;<\/p>\n<p>V\u1ea3i leo n\u00fai b\u1eb1ng v\u1ea3i thun nylon d\u1ec7t b\u1eb1ng v\u1ea3i thun SIKOR-TEX, \u0111\u01b0\u1ee3c ch\u1ebf t\u1ea1o t\u1ec9 m\u1ec9 \u0111\u1ec3 mang l\u1ea1i hi\u1ec7u su\u1ea5t tuy\u1ec7t v\u1eddi khi \u1edf ngo\u00e0i tr\u1eddi. \u0110\u01b0\u1ee3c thi\u1ebft k\u1ebf b\u1eb1ng nylon ho\u1eb7c polyester v\u00e0 spandex, nh\u1eefng lo\u1ea1i v\u1ea3i n\u00e0y x\u00e1c \u0111\u1ecbnh l\u1ea1i s\u1ef1 tho\u1ea3i m\u00e1i v\u00e0 ch\u1ee9c n\u0103ng.<\/p>\n<p>V\u1edbi c\u1ea5u tr\u00fac hai l\u1edbp ti\u00ean ti\u1ebfn, v\u1ea3i c\u1ee7a ch\u00fang t\u00f4i c\u00f3 b\u1ec1 m\u1eb7t ph\u00eda tr\u01b0\u1edbc m\u1ecbn m\u00e0ng \u0111\u1ec3 t\u0103ng c\u01b0\u1eddng \u0111\u1ed9 b\u1ec1n v\u00e0 t\u00ednh linh ho\u1ea1t. M\u1eb7t sau th\u1ec3 hi\u1ec7n c\u00e1c h\u1ea1t v\u00f2ng c\u1ea3i ti\u1ebfn, t\u1ed1i \u01b0u h\u00f3a \u0111\u1eb7c t\u00ednh tho\u00e1ng kh\u00ed v\u00e0 h\u00fat \u1ea9m, gi\u00fap b\u1ea1n lu\u00f4n kh\u00f4 r\u00e1o v\u00e0 tho\u1ea3i m\u00e1i trong su\u1ed1t chuy\u1ebfn phi\u00eau l\u01b0u.<\/p>\n<p>\u0110\u01b0\u1ee3c thi\u1ebft k\u1ebf \u0111\u1eb7c bi\u1ec7t cho ho\u1ea1t \u0111\u1ed9ng leo n\u00fai, \u0111i b\u1ed9 \u0111\u01b0\u1eddng d\u00e0i v\u00e0 leo n\u00fai, v\u1ea3i c\u1ee7a ch\u00fang t\u00f4i mang \u0111\u1ebfn s\u1ef1 c\u00e2n b\u1eb1ng l\u00fd t\u01b0\u1edfng gi\u1eefa \u0111\u1ed9 co d\u00e3n v\u00e0 kh\u1ea3 n\u0103ng ph\u1ee5c h\u1ed3i, cho ph\u00e9p chuy\u1ec3n \u0111\u1ed9ng kh\u00f4ng h\u1ea1n ch\u1ebf tr\u00ean c\u00e1c \u0111\u1ecba h\u00ecnh \u0111\u1ea7y th\u00e1ch th\u1ee9c. Ch\u00fang \u0111\u01b0\u1ee3c thi\u1ebft k\u1ebf chuy\u00ean nghi\u1ec7p \u0111\u1ec3 ch\u1ecbu \u0111\u01b0\u1ee3c c\u00e1c \u0111i\u1ec1u ki\u1ec7n kh\u1eaft khe c\u1ee7a ho\u1ea1t \u0111\u1ed9ng kh\u00e1m ph\u00e1 ngo\u00e0i tr\u1eddi, \u0111\u1ea3m b\u1ea3o tu\u1ed5i th\u1ecd v\u00e0 \u0111\u1ed9 tin c\u1eady.<\/p>\n<p>H\u00e3y t\u1ef1 tin chinh ph\u1ee5c nh\u1eefng \u0111\u1ec9nh cao m\u1edbi. V\u1ea3i leo n\u00fai c\u1ee7a ch\u00fang t\u00f4i l\u00e0 s\u1ef1 l\u1ef1a ch\u1ecdn t\u1ed1i \u01b0u \u0111\u1ec3 ch\u1ebf t\u1ea1o \u00e1o kho\u00e1c, qu\u1ea7n d\u00e0i v\u00e0 trang ph\u1ee5c th\u1ec3 thao hi\u1ec7u su\u1ea5t cao ph\u1ee5c v\u1ee5 cho tinh th\u1ea7n phi\u00eau l\u01b0u c\u1ee7a b\u1ea1n. Tr\u1ea3i nghi\u1ec7m \u0111\u1ec9nh cao c\u1ee7a s\u1ef1 tho\u1ea3i m\u00e1i v\u00e0 ch\u1ee9c n\u0103ng, c\u00e1ch m\u1ea1ng h\u00f3a h\u00e0nh tr\u00ecnh ngo\u00e0i tr\u1eddi c\u1ee7a b\u1ea1n h\u01a1n bao gi\u1edd h\u1ebft. N\u00e2ng t\u1ea7m thi\u1ebft b\u1ecb c\u1ee7a b\u1ea1n v\u1edbi c\u00e1c lo\u1ea1i v\u1ea3i leo n\u00fai \u0111\u1eb7c bi\u1ec7t c\u1ee7a ch\u00fang t\u00f4i ngay h\u00f4m nay.<\/p>","protected":false},"excerpt":{"rendered":"<p>600 m\u00e9t (\u0110\u01a1n h\u00e0ng t\u1ed1i thi\u1ec3u)<\/p>","protected":false},"featured_media":3823,"comment_status":"closed","ping_status":"closed","template":"","meta":{"_uag_custom_page_level_css":"","site-sidebar-layout":"default","site-content-layout":"default","ast-site-content-layout":"","site-content-style":"default","site-sidebar-style":"default","ast-global-header-display":"","ast-banner-title-visibility":"","ast-main-header-display":"","ast-hfb-above-header-display":"","ast-hfb-below-header-display":"","ast-hfb-mobile-header-display":"","site-post-title":"","ast-breadcrumbs-content":"","ast-featured-img":"","footer-sml-layout":"","theme-transparent-header-meta":"default","adv-header-id-meta":"","stick-header-meta":"default","header-above-stick-meta":"","header-main-stick-meta":"","header-below-stick-meta":"","astra-migrate-meta-layouts":"default","ast-page-background-enabled":"default","ast-page-background-meta":{"desktop":{"background-color":"","background-image":"","background-repeat":"repeat","background-position":"center center","background-size":"auto","background-attachment":"scroll","background-type":"","background-media":"","overlay-type":"","overlay-color":"","overlay-opacity":"","overlay-gradient":""},"tablet":{"background-color":"","background-image":"","background-repeat":"repeat","background-position":"center center","background-size":"auto","background-attachment":"scroll","background-type":"","background-media":"","overlay-type":"","overlay-color":"","overlay-opacity":"","overlay-gradient":""},"mobile":{"background-color":"","background-image":"","background-repeat":"repeat","background-position":"center center","background-size":"auto","background-attachment":"scroll","background-type":"","background-media":"","overlay-type":"","overlay-color":"","overlay-opacity":"","overlay-gradient":""}},"ast-content-background-meta":{"desktop":{"background-color":"var(--ast-global-color-5)","background-image":"","background-repeat":"repeat","background-position":"center center","background-size":"auto","background-attachment":"scroll","background-type":"","background-media":"","overlay-type":"","overlay-color":"","overlay-opacity":"","overlay-gradient":""},"tablet":{"background-color":"var(--ast-global-color-5)","background-image":"","background-repeat":"repeat","background-position":"center center","background-size":"auto","background-attachment":"scroll","background-type":"","background-media":"","overlay-type":"","overlay-color":"","overlay-opacity":"","overlay-gradient":""},"mobile":{"background-color":"var(--ast-global-color-5)","background-image":"","background-repeat":"repeat","background-position":"center center","background-size":"auto","background-attachment":"scroll","background-type":"","background-media":"","overlay-type":"","overlay-color":"","overlay-opacity":"","overlay-gradient":""}}},"product_brand":[],"product_cat":[423,428,404,420],"product_tag":[],"class_list":{"0":"post-2161","1":"product","2":"type-product","3":"status-publish","4":"has-post-thumbnail","6":"product_cat-fabric-for-military-police","7":"product_cat-fabric-for-outdoor-sports","8":"product_cat-nylon-fabrics","9":"product_cat-stretch-fabrics","10":"pa_available_colors-yellow","11":"desktop-align-left","12":"tablet-align-left","13":"mobile-align-left","14":"ast-product-gallery-layout-vertical-slider","15":"ast-product-tabs-layout-horizontal","17":"first","18":"instock","19":"shipping-taxable","20":"product-type-simple"},"uagb_featured_image_src":{"full":["https:\/\/www.sikortex.com\/wp-content\/uploads\/2023\/06\/O1CN01Er1qbw1JA5jVxdS88_3828250987-0-cib-1.jpg",1024,1024,false],"thumbnail":["https:\/\/www.sikortex.com\/wp-content\/uploads\/2023\/06\/O1CN01Er1qbw1JA5jVxdS88_3828250987-0-cib-1-150x150.jpg",150,150,true],"medium":["https:\/\/www.sikortex.com\/wp-content\/uploads\/2023\/06\/O1CN01Er1qbw1JA5jVxdS88_3828250987-0-cib-1-300x300.jpg",300,300,true],"medium_large":["https:\/\/www.sikortex.com\/wp-content\/uploads\/2023\/06\/O1CN01Er1qbw1JA5jVxdS88_3828250987-0-cib-1-768x768.jpg",768,768,true],"large":["https:\/\/www.sikortex.com\/wp-content\/uploads\/2023\/06\/O1CN01Er1qbw1JA5jVxdS88_3828250987-0-cib-1.jpg",1024,1024,false],"1536x1536":["https:\/\/www.sikortex.com\/wp-content\/uploads\/2023\/06\/O1CN01Er1qbw1JA5jVxdS88_3828250987-0-cib-1.jpg",1024,1024,false],"2048x2048":["https:\/\/www.sikortex.com\/wp-content\/uploads\/2023\/06\/O1CN01Er1qbw1JA5jVxdS88_3828250987-0-cib-1.jpg",1024,1024,false],"trp-custom-language-flag":["https:\/\/www.sikortex.com\/wp-content\/uploads\/2023\/06\/O1CN01Er1qbw1JA5jVxdS88_3828250987-0-cib-1.jpg",12,12,false],"woocommerce_thumbnail":["https:\/\/www.sikortex.com\/wp-content\/uploads\/2023\/06\/O1CN01Er1qbw1JA5jVxdS88_3828250987-0-cib-1-300x300.jpg",300,300,true],"woocommerce_single":["https:\/\/www.sikortex.com\/wp-content\/uploads\/2023\/06\/O1CN01Er1qbw1JA5jVxdS88_3828250987-0-cib-1-600x600.jpg",600,600,true],"woocommerce_gallery_thumbnail":["https:\/\/www.sikortex.com\/wp-content\/uploads\/2023\/06\/O1CN01Er1qbw1JA5jVxdS88_3828250987-0-cib-1-100x100.jpg",100,100,true]},"uagb_author_info":{"display_name":"Perry","author_link":"https:\/\/www.sikortex.com\/vi\/author\/"},"uagb_comment_info":0,"uagb_excerpt":"600 Meters(Min.Order)","_links":{"self":[{"href":"https:\/\/www.sikortex.com\/vi\/wp-json\/wp\/v2\/product\/2161","targetHints":{"allow":["GET"]}}],"collection":[{"href":"https:\/\/www.sikortex.com\/vi\/wp-json\/wp\/v2\/product"}],"about":[{"href":"https:\/\/www.sikortex.com\/vi\/wp-json\/wp\/v2\/types\/product"}],"replies":[{"embeddable":true,"href":"https:\/\/www.sikortex.com\/vi\/wp-json\/wp\/v2\/comments?post=2161"}],"wp:featuredmedia":[{"embeddable":true,"href":"https:\/\/www.sikortex.com\/vi\/wp-json\/wp\/v2\/media\/3823"}],"wp:attachment":[{"href":"https:\/\/www.sikortex.com\/vi\/wp-json\/wp\/v2\/media?parent=2161"}],"wp:term":[{"taxonomy":"product_brand","embeddable":true,"href":"https:\/\/www.sikortex.com\/vi\/wp-json\/wp\/v2\/product_brand?post=2161"},{"taxonomy":"product_cat","embeddable":true,"href":"https:\/\/www.sikortex.com\/vi\/wp-json\/wp\/v2\/product_cat?post=2161"},{"taxonomy":"product_tag","embeddable":true,"href":"https:\/\/www.sikortex.com\/vi\/wp-json\/wp\/v2\/product_tag?post=2161"}],"curies":[{"name":"wp","href":"https:\/\/api.w.org\/{rel}","templated":true}]}}