{"id":2154,"date":"2023-06-02T15:30:02","date_gmt":"2023-06-02T07:30:02","guid":{"rendered":"http:\/\/203.196.10.64:3021\/?post_type=product&#038;p=2154"},"modified":"2023-11-05T15:22:15","modified_gmt":"2023-11-05T07:22:15","slug":"sk8342-bong-nylon-66-cordura-vai","status":"publish","type":"product","link":"https:\/\/www.sikortex.com\/vi\/san-pham\/sk8342-bong-nylon-66-cordura-vai\/","title":{"rendered":"V\u1ea3i cotton \u0111an xen nylon cho \u00e1o kho\u00e1c"},"content":{"rendered":"<p>Nh\u00e0 s\u1ea3n xu\u1ea5t v\u1ea3i hi\u1ec7u su\u1ea5t SIKOR-TEX<\/p>\n<p>V\u1ea3i \u0111an xen cotton SIKOR-TEX l\u00e0 ch\u1ea5t li\u1ec7u ch\u1ea5t l\u01b0\u1ee3ng cao ph\u00f9 h\u1ee3p v\u1edbi nhi\u1ec1u \u1ee9ng d\u1ee5ng, bao g\u1ed3m trang ph\u1ee5c th\u01b0\u1eddng ng\u00e0y, trang ph\u1ee5c th\u1ec3 thao ngo\u00e0i tr\u1eddi v\u00e0 \u0111\u1ed3ng ph\u1ee5c c\u1ea3nh s\u00e1t. V\u1ea3i \u0111\u01b0\u1ee3c l\u00e0m t\u1eeb s\u1ee3i nylon 66 l\u00e0m s\u1ee3i ngang v\u00e0 s\u1ee3i b\u00f4ng l\u00e0m s\u1ee3i d\u1ecdc. N\u00f3 tho\u00e1ng kh\u00ed, tho\u1ea3i m\u00e1i, \u0111\u1ed9 b\u1ec1n cao v\u00e0 b\u1ec1n.<br \/>\nM\u1ed9t trong nh\u1eefng \u01b0u \u0111i\u1ec3m ch\u00ednh c\u1ee7a lo\u1ea1i v\u1ea3i n\u00e0y l\u00e0 \u0111\u1ed9 b\u1ec1n c\u1ee7a n\u00f3. Lo\u1ea1i v\u1ea3i n\u00e0y c\u00f3 th\u1ec3 ch\u1ecbu \u0111\u01b0\u1ee3c s\u1ef1 kh\u1eafc nghi\u1ec7t c\u1ee7a vi\u1ec7c s\u1eed d\u1ee5ng ngo\u00e0i tr\u1eddi, bao g\u1ed3m hao m\u00f2n, r\u00e1ch v\u00e0 ti\u1ebfp x\u00fac v\u1edbi c\u00e1c y\u1ebfu t\u1ed1 th\u1eddi ti\u1ebft. \u0110i\u1ec1u n\u00e0y khi\u1ebfn n\u00f3 tr\u1edf th\u00e0nh ch\u1ea5t li\u1ec7u l\u00fd t\u01b0\u1edfng cho trang ph\u1ee5c th\u1ec3 thao ngo\u00e0i tr\u1eddi, ch\u1eb3ng h\u1ea1n nh\u01b0 qu\u1ea7n \u00e1o \u0111i b\u1ed9 \u0111\u01b0\u1eddng d\u00e0i v\u00e0 c\u1eafm tr\u1ea1i, c\u0169ng nh\u01b0 \u0111\u1ed3ng ph\u1ee5c c\u1ea3nh s\u00e1t c\u1ea7n ch\u1ecbu \u0111\u01b0\u1ee3c c\u00e1c \u0111i\u1ec1u ki\u1ec7n l\u00e0m vi\u1ec7c kh\u1eafc nghi\u1ec7t.<br \/>\nNgo\u00e0i \u0111\u1ed9 b\u1ec1n, v\u1ea3i cotton nylon \u0111an xen cho \u00e1o kho\u00e1c, v\u1ea3i cotton nylon \u0111an xen c\u00f2n tho\u00e1ng kh\u00ed v\u00e0 tho\u1ea3i m\u00e1i khi m\u1eb7c. C\u1ea5u tr\u00fac \u0111an xen \u0111\u1ed9c \u0111\u00e1o c\u1ee7a n\u00f3 cho ph\u00e9p kh\u00f4ng kh\u00ed di chuy\u1ec3n qua v\u1ea3i, gi\u1eef cho ng\u01b0\u1eddi m\u1eb7c lu\u00f4n m\u00e1t m\u1ebb v\u00e0 kh\u00f4 r\u00e1o. \u0110i\u1ec1u n\u00e0y l\u00e0m cho n\u00f3 tr\u1edf th\u00e0nh ch\u1ea5t li\u1ec7u l\u00fd t\u01b0\u1edfng cho trang ph\u1ee5c th\u01b0\u1eddng ng\u00e0y v\u00e0 n\u0103ng \u0111\u1ed9ng, n\u01a1i c\u1ea7n c\u00f3 s\u1ef1 tho\u1ea3i m\u00e1i v\u00e0 tho\u00e1ng kh\u00ed.<\/p>","protected":false},"excerpt":{"rendered":"<p>1000 m\u00e9t (\u0110\u01a1n h\u00e0ng t\u1ed1i thi\u1ec3u)<\/p>","protected":false},"featured_media":3846,"comment_status":"closed","ping_status":"closed","template":"","meta":{"_uag_custom_page_level_css":"","site-sidebar-layout":"default","site-content-layout":"default","ast-site-content-layout":"","site-content-style":"default","site-sidebar-style":"default","ast-global-header-display":"","ast-banner-title-visibility":"","ast-main-header-display":"","ast-hfb-above-header-display":"","ast-hfb-below-header-display":"","ast-hfb-mobile-header-display":"","site-post-title":"","ast-breadcrumbs-content":"","ast-featured-img":"","footer-sml-layout":"","theme-transparent-header-meta":"default","adv-header-id-meta":"","stick-header-meta":"default","header-above-stick-meta":"","header-main-stick-meta":"","header-below-stick-meta":"","astra-migrate-meta-layouts":"default","ast-page-background-enabled":"default","ast-page-background-meta":{"desktop":{"background-color":"","background-image":"","background-repeat":"repeat","background-position":"center center","background-size":"auto","background-attachment":"scroll","background-type":"","background-media":"","overlay-type":"","overlay-color":"","overlay-opacity":"","overlay-gradient":""},"tablet":{"background-color":"","background-image":"","background-repeat":"repeat","background-position":"center center","background-size":"auto","background-attachment":"scroll","background-type":"","background-media":"","overlay-type":"","overlay-color":"","overlay-opacity":"","overlay-gradient":""},"mobile":{"background-color":"","background-image":"","background-repeat":"repeat","background-position":"center center","background-size":"auto","background-attachment":"scroll","background-type":"","background-media":"","overlay-type":"","overlay-color":"","overlay-opacity":"","overlay-gradient":""}},"ast-content-background-meta":{"desktop":{"background-color":"var(--ast-global-color-5)","background-image":"","background-repeat":"repeat","background-position":"center center","background-size":"auto","background-attachment":"scroll","background-type":"","background-media":"","overlay-type":"","overlay-color":"","overlay-opacity":"","overlay-gradient":""},"tablet":{"background-color":"var(--ast-global-color-5)","background-image":"","background-repeat":"repeat","background-position":"center center","background-size":"auto","background-attachment":"scroll","background-type":"","background-media":"","overlay-type":"","overlay-color":"","overlay-opacity":"","overlay-gradient":""},"mobile":{"background-color":"var(--ast-global-color-5)","background-image":"","background-repeat":"repeat","background-position":"center center","background-size":"auto","background-attachment":"scroll","background-type":"","background-media":"","overlay-type":"","overlay-color":"","overlay-opacity":"","overlay-gradient":""}}},"product_brand":[],"product_cat":[426,423,428,406],"product_tag":[],"class_list":{"0":"post-2154","1":"product","2":"type-product","3":"status-publish","4":"has-post-thumbnail","6":"product_cat-constructionmining","7":"product_cat-fabric-for-military-police","8":"product_cat-fabric-for-outdoor-sports","9":"product_cat-nylon-cotton","10":"pa_available_colors-911052-spc","11":"desktop-align-left","12":"tablet-align-left","13":"mobile-align-left","14":"ast-product-gallery-layout-vertical-slider","15":"ast-product-tabs-layout-horizontal","17":"first","18":"instock","19":"shipping-taxable","20":"product-type-simple"},"uagb_featured_image_src":{"full":["https:\/\/www.sikortex.com\/wp-content\/uploads\/2023\/06\/O1CN01LTcHFP1zS98mTr3q2_3914556712-0-cib-1.jpg",1024,1024,false],"thumbnail":["https:\/\/www.sikortex.com\/wp-content\/uploads\/2023\/06\/O1CN01LTcHFP1zS98mTr3q2_3914556712-0-cib-1-150x150.jpg",150,150,true],"medium":["https:\/\/www.sikortex.com\/wp-content\/uploads\/2023\/06\/O1CN01LTcHFP1zS98mTr3q2_3914556712-0-cib-1-300x300.jpg",300,300,true],"medium_large":["https:\/\/www.sikortex.com\/wp-content\/uploads\/2023\/06\/O1CN01LTcHFP1zS98mTr3q2_3914556712-0-cib-1-768x768.jpg",768,768,true],"large":["https:\/\/www.sikortex.com\/wp-content\/uploads\/2023\/06\/O1CN01LTcHFP1zS98mTr3q2_3914556712-0-cib-1.jpg",1024,1024,false],"1536x1536":["https:\/\/www.sikortex.com\/wp-content\/uploads\/2023\/06\/O1CN01LTcHFP1zS98mTr3q2_3914556712-0-cib-1.jpg",1024,1024,false],"2048x2048":["https:\/\/www.sikortex.com\/wp-content\/uploads\/2023\/06\/O1CN01LTcHFP1zS98mTr3q2_3914556712-0-cib-1.jpg",1024,1024,false],"trp-custom-language-flag":["https:\/\/www.sikortex.com\/wp-content\/uploads\/2023\/06\/O1CN01LTcHFP1zS98mTr3q2_3914556712-0-cib-1.jpg",12,12,false],"woocommerce_thumbnail":["https:\/\/www.sikortex.com\/wp-content\/uploads\/2023\/06\/O1CN01LTcHFP1zS98mTr3q2_3914556712-0-cib-1-300x300.jpg",300,300,true],"woocommerce_single":["https:\/\/www.sikortex.com\/wp-content\/uploads\/2023\/06\/O1CN01LTcHFP1zS98mTr3q2_3914556712-0-cib-1-600x600.jpg",600,600,true],"woocommerce_gallery_thumbnail":["https:\/\/www.sikortex.com\/wp-content\/uploads\/2023\/06\/O1CN01LTcHFP1zS98mTr3q2_3914556712-0-cib-1-100x100.jpg",100,100,true]},"uagb_author_info":{"display_name":"Perry","author_link":"https:\/\/www.sikortex.com\/vi\/author\/"},"uagb_comment_info":0,"uagb_excerpt":"1000 Meters(Min.Order)","_links":{"self":[{"href":"https:\/\/www.sikortex.com\/vi\/wp-json\/wp\/v2\/product\/2154","targetHints":{"allow":["GET"]}}],"collection":[{"href":"https:\/\/www.sikortex.com\/vi\/wp-json\/wp\/v2\/product"}],"about":[{"href":"https:\/\/www.sikortex.com\/vi\/wp-json\/wp\/v2\/types\/product"}],"replies":[{"embeddable":true,"href":"https:\/\/www.sikortex.com\/vi\/wp-json\/wp\/v2\/comments?post=2154"}],"wp:featuredmedia":[{"embeddable":true,"href":"https:\/\/www.sikortex.com\/vi\/wp-json\/wp\/v2\/media\/3846"}],"wp:attachment":[{"href":"https:\/\/www.sikortex.com\/vi\/wp-json\/wp\/v2\/media?parent=2154"}],"wp:term":[{"taxonomy":"product_brand","embeddable":true,"href":"https:\/\/www.sikortex.com\/vi\/wp-json\/wp\/v2\/product_brand?post=2154"},{"taxonomy":"product_cat","embeddable":true,"href":"https:\/\/www.sikortex.com\/vi\/wp-json\/wp\/v2\/product_cat?post=2154"},{"taxonomy":"product_tag","embeddable":true,"href":"https:\/\/www.sikortex.com\/vi\/wp-json\/wp\/v2\/product_tag?post=2154"}],"curies":[{"name":"wp","href":"https:\/\/api.w.org\/{rel}","templated":true}]}}