{"id":2146,"date":"2023-06-02T15:28:57","date_gmt":"2023-06-02T07:28:57","guid":{"rendered":"http:\/\/203.196.10.64:3021\/?post_type=product&#038;p=2146"},"modified":"2023-11-06T14:30:44","modified_gmt":"2023-11-06T06:30:44","slug":"sk8258-vai-thoang-khong-tham-nuoc","status":"publish","type":"product","link":"https:\/\/www.sikortex.com\/vi\/san-pham\/sk8258-vai-thoang-khong-tham-nuoc\/","title":{"rendered":"75D T800 V\u1ea3i tho\u00e1ng kh\u00ed ch\u1ed1ng th\u1ea5m PTFE nhi\u1ec1u l\u1edbp co gi\u00e3n"},"content":{"rendered":"<p>Gi\u1edbi thi\u1ec7u V\u1ea3i tho\u00e1ng kh\u00ed ch\u1ed1ng th\u1ea5m PTFE nhi\u1ec1u l\u1edbp co gi\u00e3n 75D T800 c\u1ee7a ch\u00fang t\u00f4i, m\u1ed9t lo\u1ea1i v\u1eadt li\u1ec7u hi\u1ec7u su\u1ea5t cao k\u1ebft h\u1ee3p c\u00e1c \u0111\u1eb7c t\u00ednh ch\u1ed1ng th\u1ea5m n\u01b0\u1edbc v\u00e0 tho\u00e1ng kh\u00ed \u0111\u1ec3 mang l\u1ea1i s\u1ef1 tho\u1ea3i m\u00e1i t\u1ed1i \u01b0u trong c\u00e1c ho\u1ea1t \u0111\u1ed9ng ngo\u00e0i tr\u1eddi. Lo\u1ea1i v\u1ea3i 3 l\u1edbp n\u00e0y \u0111\u01b0\u1ee3c thi\u1ebft k\u1ebf \u0111\u1ec3 ch\u1ecbu \u0111\u01b0\u1ee3c c\u00e1c \u0111i\u1ec1u ki\u1ec7n th\u1eddi ti\u1ebft kh\u00f3 kh\u0103n trong khi v\u1eabn gi\u1eef cho b\u1ea1n kh\u00f4 r\u00e1o v\u00e0 tho\u1ea3i m\u00e1i.<\/p>\n<p>V\u1ea3i c\u00f3 l\u1edbp ngo\u00e0i co gi\u00e3n 75D T800, mang l\u1ea1i \u0111\u1ed9 b\u1ec1n v\u00e0 t\u00ednh linh ho\u1ea1t cho chuy\u1ec3n \u0111\u1ed9ng kh\u00f4ng b\u1ecb h\u1ea1n ch\u1ebf. M\u00e0ng PTFE (Polytetrafluoroethylene) nhi\u1ec1u l\u1edbp \u1edf l\u1edbp gi\u1eefa ho\u1ea1t \u0111\u1ed9ng nh\u01b0 m\u1ed9t r\u00e0o c\u1ea3n ch\u1ed1ng th\u1ea5m n\u01b0\u1edbc, v\u1edbi ch\u1ec9 s\u1ed1 ch\u1ed1ng n\u01b0\u1edbc cao l\u00e0 20000mm, \u0111\u1ea3m b\u1ea3o kh\u1ea3 n\u0103ng b\u1ea3o v\u1ec7 tuy\u1ec7t v\u1eddi kh\u1ecfi m\u01b0a v\u00e0 h\u01a1i \u1ea9m.<\/p>\n<p>\u0110\u1ed3ng th\u1eddi, m\u00e0ng PTFE c\u0169ng c\u00f3 kh\u1ea3 n\u0103ng tho\u00e1ng kh\u00ed cao, cho ph\u00e9p h\u01a1i \u1ea9m tho\u00e1t ra ngo\u00e0i v\u00e0 duy tr\u00ec vi kh\u00ed h\u1eadu d\u1ec5 ch\u1ecbu b\u00ean trong v\u1ea3i. V\u1edbi \u0111\u1ecbnh m\u1ee9c \u0111\u1ed9 tho\u00e1ng kh\u00ed l\u00e0 20000g\/m\u00b2\/24h, b\u1ea1n c\u00f3 th\u1ec3 lu\u00f4n kh\u00f4 r\u00e1o v\u00e0 kh\u00f4ng \u0111\u1ed5 m\u1ed3 h\u00f4i ngay c\u1ea3 trong c\u00e1c ho\u1ea1t \u0111\u1ed9ng th\u1ec3 ch\u1ea5t c\u01b0\u1eddng \u0111\u1ed9 cao.<\/p>\n<p>V\u1edbi \u0111\u1eb7c t\u00ednh ch\u1ed1ng th\u1ea5m n\u01b0\u1edbc v\u00e0 tho\u00e1ng kh\u00ed v\u01b0\u1ee3t tr\u1ed9i, lo\u1ea1i v\u1ea3i n\u00e0y r\u1ea5t l\u00fd t\u01b0\u1edfng cho nhi\u1ec1u \u1ee9ng d\u1ee5ng ngo\u00e0i tr\u1eddi, bao g\u1ed3m \u00e1o kho\u00e1c, qu\u1ea7n v\u00e0 c\u00e1c lo\u1ea1i \u00e1o kho\u00e1c ngo\u00e0i kh\u00e1c. Cho d\u00f9 b\u1ea1n \u0111ang \u0111i b\u1ed9 \u0111\u01b0\u1eddng d\u00e0i, c\u1eafm tr\u1ea1i hay tham gia c\u00e1c ho\u1ea1t \u0111\u1ed9ng th\u1ec3 thao kh\u00e1c nhau, V\u1ea3i PTFE nhi\u1ec1u l\u1edbp co gi\u00e3n c\u1ee7a ch\u00fang t\u00f4i s\u1ebd mang \u0111\u1ebfn s\u1ef1 b\u1ea3o v\u1ec7 \u0111\u00e1ng tin c\u1eady ch\u1ed1ng l\u1ea1i m\u01b0a, tuy\u1ebft v\u00e0 gi\u00f3, \u0111\u1ed3ng th\u1eddi gi\u00fap b\u1ea1n lu\u00f4n tho\u1ea3i m\u00e1i v\u00e0 kh\u00f4 r\u00e1o.<\/p>\n<p>Ngo\u00e0i c\u00e1c t\u00ednh n\u0103ng ch\u1ee9c n\u0103ng c\u1ee7a n\u00f3, v\u1ea3i mang l\u1ea1i c\u1ea3m gi\u00e1c tho\u1ea3i m\u00e1i cho da. Kh\u1ea3 n\u0103ng co gi\u00e3n cho ph\u00e9p b\u1ea1n d\u1ec5 d\u00e0ng di chuy\u1ec3n, trong khi c\u1ea3m gi\u00e1c m\u1ec1m m\u1ea1i gi\u00fap t\u0103ng c\u01b0\u1eddng s\u1ef1 tho\u1ea3i m\u00e1i t\u1ed5ng th\u1ec3 khi m\u1eb7c.<\/p>\n<p>Ch\u1ecdn V\u1ea3i PTFE nhi\u1ec1u l\u1edbp co gi\u00e3n c\u1ee7a ch\u00fang t\u00f4i \u0111\u1ec3 c\u00f3 \u0111\u1eb7c t\u00ednh ch\u1ed1ng th\u1ea5m n\u01b0\u1edbc v\u00e0 tho\u00e1ng kh\u00ed \u0111\u1eb7c bi\u1ec7t. Tr\u1ea3i nghi\u1ec7m s\u1ef1 t\u1ef1 do di chuy\u1ec3n v\u00e0 lu\u00f4n kh\u00f4 r\u00e1o v\u00e0 tho\u1ea3i m\u00e1i trong m\u1ecdi ho\u1ea1t \u0111\u1ed9ng ngo\u00e0i tr\u1eddi c\u1ee7a b\u1ea1n.<\/p>","protected":false},"excerpt":{"rendered":"<p>600 m\u00e9t (\u0110\u01a1n h\u00e0ng t\u1ed1i thi\u1ec3u)<\/p>","protected":false},"featured_media":6005,"comment_status":"closed","ping_status":"closed","template":"","meta":{"_uag_custom_page_level_css":"","site-sidebar-layout":"default","site-content-layout":"default","ast-site-content-layout":"","site-content-style":"default","site-sidebar-style":"default","ast-global-header-display":"","ast-banner-title-visibility":"","ast-main-header-display":"","ast-hfb-above-header-display":"","ast-hfb-below-header-display":"","ast-hfb-mobile-header-display":"","site-post-title":"","ast-breadcrumbs-content":"","ast-featured-img":"","footer-sml-layout":"","theme-transparent-header-meta":"default","adv-header-id-meta":"","stick-header-meta":"default","header-above-stick-meta":"","header-main-stick-meta":"","header-below-stick-meta":"","astra-migrate-meta-layouts":"default","ast-page-background-enabled":"default","ast-page-background-meta":{"desktop":{"background-color":"","background-image":"","background-repeat":"repeat","background-position":"center center","background-size":"auto","background-attachment":"scroll","background-type":"","background-media":"","overlay-type":"","overlay-color":"","overlay-opacity":"","overlay-gradient":""},"tablet":{"background-color":"","background-image":"","background-repeat":"repeat","background-position":"center center","background-size":"auto","background-attachment":"scroll","background-type":"","background-media":"","overlay-type":"","overlay-color":"","overlay-opacity":"","overlay-gradient":""},"mobile":{"background-color":"","background-image":"","background-repeat":"repeat","background-position":"center center","background-size":"auto","background-attachment":"scroll","background-type":"","background-media":"","overlay-type":"","overlay-color":"","overlay-opacity":"","overlay-gradient":""}},"ast-content-background-meta":{"desktop":{"background-color":"var(--ast-global-color-5)","background-image":"","background-repeat":"repeat","background-position":"center center","background-size":"auto","background-attachment":"scroll","background-type":"","background-media":"","overlay-type":"","overlay-color":"","overlay-opacity":"","overlay-gradient":""},"tablet":{"background-color":"var(--ast-global-color-5)","background-image":"","background-repeat":"repeat","background-position":"center center","background-size":"auto","background-attachment":"scroll","background-type":"","background-media":"","overlay-type":"","overlay-color":"","overlay-opacity":"","overlay-gradient":""},"mobile":{"background-color":"var(--ast-global-color-5)","background-image":"","background-repeat":"repeat","background-position":"center center","background-size":"auto","background-attachment":"scroll","background-type":"","background-media":"","overlay-type":"","overlay-color":"","overlay-opacity":"","overlay-gradient":""}}},"product_brand":[],"product_cat":[431,430,428,421,415,403,414],"product_tag":[],"class_list":{"0":"post-2146","1":"product","2":"type-product","3":"status-publish","4":"has-post-thumbnail","6":"product_cat-fabric-for-commuting-clothing","7":"product_cat-fabric-for-motorwear","8":"product_cat-fabric-for-outdoor-sports","9":"product_cat-foul-weather-fabrics","10":"product_cat-oil-repellent-fabric","11":"product_cat-polyester-fabrics","12":"product_cat-waterproof-fabrics","13":"pa_available_colors-501001-spc","14":"pa_available_colors-h-black","15":"pa_available_colors-911052-spc","16":"pa_available_colors-000020-wht","17":"desktop-align-left","18":"tablet-align-left","19":"mobile-align-left","20":"ast-product-gallery-layout-vertical-slider","21":"ast-product-tabs-layout-horizontal","23":"first","24":"instock","25":"shipping-taxable","26":"product-type-simple"},"uagb_featured_image_src":{"full":["https:\/\/www.sikortex.com\/wp-content\/uploads\/2023\/06\/66-1.jpg",764,764,false],"thumbnail":["https:\/\/www.sikortex.com\/wp-content\/uploads\/2023\/06\/66-1-150x150.jpg",150,150,true],"medium":["https:\/\/www.sikortex.com\/wp-content\/uploads\/2023\/06\/66-1-300x300.jpg",300,300,true],"medium_large":["https:\/\/www.sikortex.com\/wp-content\/uploads\/2023\/06\/66-1.jpg",764,764,false],"large":["https:\/\/www.sikortex.com\/wp-content\/uploads\/2023\/06\/66-1.jpg",764,764,false],"1536x1536":["https:\/\/www.sikortex.com\/wp-content\/uploads\/2023\/06\/66-1.jpg",764,764,false],"2048x2048":["https:\/\/www.sikortex.com\/wp-content\/uploads\/2023\/06\/66-1.jpg",764,764,false],"trp-custom-language-flag":["https:\/\/www.sikortex.com\/wp-content\/uploads\/2023\/06\/66-1-12x12.jpg",12,12,true],"woocommerce_thumbnail":["https:\/\/www.sikortex.com\/wp-content\/uploads\/2023\/06\/66-1-300x300.jpg",300,300,true],"woocommerce_single":["https:\/\/www.sikortex.com\/wp-content\/uploads\/2023\/06\/66-1-600x600.jpg",600,600,true],"woocommerce_gallery_thumbnail":["https:\/\/www.sikortex.com\/wp-content\/uploads\/2023\/06\/66-1-100x100.jpg",100,100,true]},"uagb_author_info":{"display_name":"Perry","author_link":"https:\/\/www.sikortex.com\/vi\/author\/"},"uagb_comment_info":0,"uagb_excerpt":"600 Meters(Min.Order)","_links":{"self":[{"href":"https:\/\/www.sikortex.com\/vi\/wp-json\/wp\/v2\/product\/2146","targetHints":{"allow":["GET"]}}],"collection":[{"href":"https:\/\/www.sikortex.com\/vi\/wp-json\/wp\/v2\/product"}],"about":[{"href":"https:\/\/www.sikortex.com\/vi\/wp-json\/wp\/v2\/types\/product"}],"replies":[{"embeddable":true,"href":"https:\/\/www.sikortex.com\/vi\/wp-json\/wp\/v2\/comments?post=2146"}],"wp:featuredmedia":[{"embeddable":true,"href":"https:\/\/www.sikortex.com\/vi\/wp-json\/wp\/v2\/media\/6005"}],"wp:attachment":[{"href":"https:\/\/www.sikortex.com\/vi\/wp-json\/wp\/v2\/media?parent=2146"}],"wp:term":[{"taxonomy":"product_brand","embeddable":true,"href":"https:\/\/www.sikortex.com\/vi\/wp-json\/wp\/v2\/product_brand?post=2146"},{"taxonomy":"product_cat","embeddable":true,"href":"https:\/\/www.sikortex.com\/vi\/wp-json\/wp\/v2\/product_cat?post=2146"},{"taxonomy":"product_tag","embeddable":true,"href":"https:\/\/www.sikortex.com\/vi\/wp-json\/wp\/v2\/product_tag?post=2146"}],"curies":[{"name":"wp","href":"https:\/\/api.w.org\/{rel}","templated":true}]}}