{"id":2133,"date":"2023-06-02T15:24:28","date_gmt":"2023-06-02T07:24:28","guid":{"rendered":"http:\/\/203.196.10.64:3021\/?post_type=product&#038;p=2133"},"modified":"2024-12-16T14:36:36","modified_gmt":"2024-12-16T06:36:36","slug":"sk8345-2","status":"publish","type":"product","link":"https:\/\/www.sikortex.com\/vi\/san-pham\/sk8345-2\/","title":{"rendered":"V\u1ea3i X\u1ec9n Ripstop Nylon Taslan 5 * 6mm Ki\u1ec3m tra V\u1ea3i Etaproof"},"content":{"rendered":"<p>Nh\u00e0 s\u1ea3n xu\u1ea5t v\u1ea3i hi\u1ec7u su\u1ea5t SIKOR-TEX<\/p>\n<p>M\u1eabu k\u1ebb ca r\u00f4 SIKOR-TEX Ripstop Nylon Taslan 5*6mm tr\u00ean v\u1ea3i l\u00e0m t\u0103ng th\u00eam s\u1ef1 th\u00fa v\u1ecb v\u1ec1 m\u1eb7t th\u1ecb gi\u00e1c v\u00e0 k\u1ebft c\u1ea5u, \u0111\u1ed3ng th\u1eddi g\u00f3p ph\u1ea7n t\u0103ng \u0111\u1ed9 b\u1ec1n c\u1ee7a v\u1ea3i. Ch\u1ea5t li\u1ec7u v\u1ea3i c\u0169ng nh\u1eb9 v\u00e0 tho\u00e1ng kh\u00ed, t\u1ea1o c\u1ea3m gi\u00e1c tho\u1ea3i m\u00e1i khi m\u1eb7c trong th\u1eddi gian d\u00e0i. Ngo\u00e0i ra, v\u1ea3i c\u00f2n c\u00f3 \u0111\u1eb7c t\u00ednh h\u00fat \u1ea9m c\u1ef1c t\u1ed1t, gi\u00fap c\u01a1 th\u1ec3 lu\u00f4n kh\u00f4 r\u00e1o, tho\u00e1ng m\u00e1t trong m\u00f4i tr\u01b0\u1eddng n\u00f3ng \u1ea9m.<br \/>\nV\u1ea3i Dull Ripstop Nylon Taslan 5 * 6 mm Ki\u1ec3m tra Etaproof l\u00e0 ch\u1ea5t li\u1ec7u l\u00fd t\u01b0\u1edfng cho \u0111\u1ed3ng ph\u1ee5c c\u1ea3nh s\u00e1t v\u00e0 qu\u1ea7n \u00e1o b\u1ea3o h\u1ed9 lao \u0111\u1ed9ng do \u0111\u1ed9 b\u1ec1n cao, kh\u1ea3 n\u0103ng ch\u1ed1ng m\u00e0i m\u00f2n v\u00e0 \u0111\u1eb7c t\u00ednh h\u00fat \u1ea9m. M\u1eabu k\u1ebb ca r\u00f4 \u0111\u1ed9c \u0111\u00e1o c\u1ee7a n\u00f3 l\u00e0m t\u0103ng th\u00eam s\u1ef1 th\u00fa v\u1ecb v\u1ec1 m\u1eb7t h\u00ecnh \u1ea3nh \u0111\u1ed3ng th\u1eddi g\u00f3p ph\u1ea7n t\u0103ng \u0111\u1ed9 b\u1ec1n c\u1ee7a v\u1ea3i, khi\u1ebfn n\u00f3 tr\u1edf th\u00e0nh l\u1ef1a ch\u1ecdn l\u00fd t\u01b0\u1edfng cho c\u00e1c \u0111i\u1ec1u ki\u1ec7n l\u00e0m vi\u1ec7c kh\u1eafc nghi\u1ec7t.<br \/>\nNgo\u00e0i \u0111\u1ed3ng ph\u1ee5c c\u1ea3nh s\u00e1t v\u00e0 qu\u1ea7n \u00e1o b\u1ea3o h\u1ed9 lao \u0111\u1ed9ng, V\u1ea3i taslan SIKOR-TEX c\u0169ng c\u00f3 th\u1ec3 \u0111\u01b0\u1ee3c s\u1eed d\u1ee5ng \u0111\u1ec3 s\u1ea3n xu\u1ea5t qu\u1ea7n \u00e1o ngo\u00e0i tr\u1eddi v\u00e0 thi\u1ebft b\u1ecb th\u1ec3 thao, ch\u1eb3ng h\u1ea1n nh\u01b0 qu\u1ea7n \u00e1o \u0111i b\u1ed9 \u0111\u01b0\u1eddng d\u00e0i, \u00e1o m\u01b0a v\u00e0 ba l\u00f4. \u0110\u1ed9 b\u1ec1n v\u00e0 \u0111\u1eb7c t\u00ednh h\u00fat \u1ea9m c\u1ee7a n\u00f3 l\u00e0m cho n\u00f3 ph\u00f9 h\u1ee3p \u0111\u1ec3 s\u1eed d\u1ee5ng trong c\u00e1c ho\u1ea1t \u0111\u1ed9ng ngo\u00e0i tr\u1eddi kh\u00e1c nhau.<\/p>\n<p>Duy\u1ec7t qua c\u1ee7a ch\u00fang t\u00f4i <span style=\"color: #3366ff;\"><a style=\"color: #3366ff;\" href=\"https:\/\/www.sikortex.com\/vi\/military-fabric-ripstop-fabric\/\">v\u1ea3i qu\u00e2n s\u1ef1<\/a><\/span><\/p>","protected":false},"excerpt":{"rendered":"<p>1200 m\u00e9t (\u0110\u01a1n h\u00e0ng t\u1ed1i thi\u1ec3u)<\/p>","protected":false},"featured_media":4155,"comment_status":"closed","ping_status":"closed","template":"","meta":{"_uag_custom_page_level_css":"","site-sidebar-layout":"default","site-content-layout":"default","ast-site-content-layout":"","site-content-style":"default","site-sidebar-style":"default","ast-global-header-display":"","ast-banner-title-visibility":"","ast-main-header-display":"","ast-hfb-above-header-display":"","ast-hfb-below-header-display":"","ast-hfb-mobile-header-display":"","site-post-title":"","ast-breadcrumbs-content":"","ast-featured-img":"","footer-sml-layout":"","theme-transparent-header-meta":"default","adv-header-id-meta":"","stick-header-meta":"default","header-above-stick-meta":"","header-main-stick-meta":"","header-below-stick-meta":"","astra-migrate-meta-layouts":"default","ast-page-background-enabled":"default","ast-page-background-meta":{"desktop":{"background-color":"","background-image":"","background-repeat":"repeat","background-position":"center center","background-size":"auto","background-attachment":"scroll","background-type":"","background-media":"","overlay-type":"","overlay-color":"","overlay-opacity":"","overlay-gradient":""},"tablet":{"background-color":"","background-image":"","background-repeat":"repeat","background-position":"center center","background-size":"auto","background-attachment":"scroll","background-type":"","background-media":"","overlay-type":"","overlay-color":"","overlay-opacity":"","overlay-gradient":""},"mobile":{"background-color":"","background-image":"","background-repeat":"repeat","background-position":"center center","background-size":"auto","background-attachment":"scroll","background-type":"","background-media":"","overlay-type":"","overlay-color":"","overlay-opacity":"","overlay-gradient":""}},"ast-content-background-meta":{"desktop":{"background-color":"var(--ast-global-color-5)","background-image":"","background-repeat":"repeat","background-position":"center center","background-size":"auto","background-attachment":"scroll","background-type":"","background-media":"","overlay-type":"","overlay-color":"","overlay-opacity":"","overlay-gradient":""},"tablet":{"background-color":"var(--ast-global-color-5)","background-image":"","background-repeat":"repeat","background-position":"center center","background-size":"auto","background-attachment":"scroll","background-type":"","background-media":"","overlay-type":"","overlay-color":"","overlay-opacity":"","overlay-gradient":""},"mobile":{"background-color":"var(--ast-global-color-5)","background-image":"","background-repeat":"repeat","background-position":"center center","background-size":"auto","background-attachment":"scroll","background-type":"","background-media":"","overlay-type":"","overlay-color":"","overlay-opacity":"","overlay-gradient":""}}},"product_brand":[],"product_cat":[426,431,423,428,404,414],"product_tag":[],"class_list":{"0":"post-2133","1":"product","2":"type-product","3":"status-publish","4":"has-post-thumbnail","6":"product_cat-constructionmining","7":"product_cat-fabric-for-commuting-clothing","8":"product_cat-fabric-for-military-police","9":"product_cat-fabric-for-outdoor-sports","10":"product_cat-nylon-fabrics","11":"product_cat-waterproof-fabrics","12":"pa_available_colors-911052-spc","13":"desktop-align-left","14":"tablet-align-left","15":"mobile-align-left","16":"ast-product-gallery-layout-vertical-slider","17":"ast-product-tabs-layout-horizontal","19":"first","20":"instock","21":"shipping-taxable","22":"product-type-simple"},"uagb_featured_image_src":{"full":["https:\/\/www.sikortex.com\/wp-content\/uploads\/2023\/06\/20211166361_1202519561.jpg",754,500,false],"thumbnail":["https:\/\/www.sikortex.com\/wp-content\/uploads\/2023\/06\/20211166361_1202519561-150x150.jpg",150,150,true],"medium":["https:\/\/www.sikortex.com\/wp-content\/uploads\/2023\/06\/20211166361_1202519561-300x199.jpg",300,199,true],"medium_large":["https:\/\/www.sikortex.com\/wp-content\/uploads\/2023\/06\/20211166361_1202519561.jpg",754,500,false],"large":["https:\/\/www.sikortex.com\/wp-content\/uploads\/2023\/06\/20211166361_1202519561.jpg",754,500,false],"1536x1536":["https:\/\/www.sikortex.com\/wp-content\/uploads\/2023\/06\/20211166361_1202519561.jpg",754,500,false],"2048x2048":["https:\/\/www.sikortex.com\/wp-content\/uploads\/2023\/06\/20211166361_1202519561.jpg",754,500,false],"trp-custom-language-flag":["https:\/\/www.sikortex.com\/wp-content\/uploads\/2023\/06\/20211166361_1202519561.jpg",18,12,false],"woocommerce_thumbnail":["https:\/\/www.sikortex.com\/wp-content\/uploads\/2023\/06\/20211166361_1202519561-300x300.jpg",300,300,true],"woocommerce_single":["https:\/\/www.sikortex.com\/wp-content\/uploads\/2023\/06\/20211166361_1202519561-600x398.jpg",600,398,true],"woocommerce_gallery_thumbnail":["https:\/\/www.sikortex.com\/wp-content\/uploads\/2023\/06\/20211166361_1202519561-100x100.jpg",100,100,true]},"uagb_author_info":{"display_name":"Perry","author_link":"https:\/\/www.sikortex.com\/vi\/author\/"},"uagb_comment_info":0,"uagb_excerpt":"1200 Meters(Min.Order)","_links":{"self":[{"href":"https:\/\/www.sikortex.com\/vi\/wp-json\/wp\/v2\/product\/2133","targetHints":{"allow":["GET"]}}],"collection":[{"href":"https:\/\/www.sikortex.com\/vi\/wp-json\/wp\/v2\/product"}],"about":[{"href":"https:\/\/www.sikortex.com\/vi\/wp-json\/wp\/v2\/types\/product"}],"replies":[{"embeddable":true,"href":"https:\/\/www.sikortex.com\/vi\/wp-json\/wp\/v2\/comments?post=2133"}],"wp:featuredmedia":[{"embeddable":true,"href":"https:\/\/www.sikortex.com\/vi\/wp-json\/wp\/v2\/media\/4155"}],"wp:attachment":[{"href":"https:\/\/www.sikortex.com\/vi\/wp-json\/wp\/v2\/media?parent=2133"}],"wp:term":[{"taxonomy":"product_brand","embeddable":true,"href":"https:\/\/www.sikortex.com\/vi\/wp-json\/wp\/v2\/product_brand?post=2133"},{"taxonomy":"product_cat","embeddable":true,"href":"https:\/\/www.sikortex.com\/vi\/wp-json\/wp\/v2\/product_cat?post=2133"},{"taxonomy":"product_tag","embeddable":true,"href":"https:\/\/www.sikortex.com\/vi\/wp-json\/wp\/v2\/product_tag?post=2133"}],"curies":[{"name":"wp","href":"https:\/\/api.w.org\/{rel}","templated":true}]}}