{"id":2093,"date":"2023-06-02T15:16:48","date_gmt":"2023-06-02T07:16:48","guid":{"rendered":"http:\/\/203.196.10.64:3021\/?post_type=product&#038;p=2093"},"modified":"2024-12-16T14:33:14","modified_gmt":"2024-12-16T06:33:14","slug":"sk8349-vai-polyester-chong-tia-hong-ngoai","status":"publish","type":"product","link":"https:\/\/www.sikortex.com\/vi\/san-pham\/sk8349-vai-polyester-chong-tia-hong-ngoai\/","title":{"rendered":"V\u1ea3i ch\u1ed1ng tia h\u1ed3ng ngo\u1ea1i Oxford 600D ng\u1ee5y trang"},"content":{"rendered":"<h6>SIKOR-TEX <span style=\"color: #3366ff;\"><a style=\"color: #3366ff;\" href=\"https:\/\/www.sikortex.com\/vi\/vai-nylon-bong-vai-ripstop-ao-gio-vai-5\/\">V\u1ea3i Oxford<\/a><\/span> nh\u00e0 ch\u1ebf t\u1ea1o<\/h6>\n<p>SIKOR-TEX Polyester 600D Camouflage Oxford Anti-infrared Fabric l\u00e0 m\u1ed9t lo\u1ea1i v\u1ea3i cao c\u1ea5p l\u00fd t\u01b0\u1edfng cho c\u00e1c thi\u1ebft b\u1ecb ngo\u00e0i tr\u1eddi v\u00e0 qu\u00e2n s\u1ef1. N\u00f3 c\u00f3 l\u1edbp ho\u00e0n thi\u1ec7n ch\u1ed1ng tia h\u1ed3ng ngo\u1ea1i v\u00e0 l\u00fd t\u01b0\u1edfng \u0111\u1ec3 s\u1eed d\u1ee5ng trong qu\u1ea7n \u00e1o v\u00e0 thi\u1ebft b\u1ecb ng\u1ee5y trang. V\u1ea3i kh\u00f4ng th\u1ea5m n\u01b0\u1edbc v\u00e0 b\u1ec1n, \u0111\u1ea3m b\u1ea3o n\u00f3 c\u00f3 th\u1ec3 ch\u1ecbu \u0111\u01b0\u1ee3c c\u00e1c \u0111i\u1ec1u ki\u1ec7n kh\u1eafc nghi\u1ec7t ngo\u00e0i tr\u1eddi. N\u00f3 l\u00e0 m\u1ed9t v\u1eadt li\u1ec7u linh ho\u1ea1t c\u00f3 th\u1ec3 \u0111\u01b0\u1ee3c s\u1eed d\u1ee5ng \u0111\u1ec3 ch\u1ebf t\u1ea1o nhi\u1ec1u lo\u1ea1i thi\u1ebft b\u1ecb qu\u00e2n s\u1ef1 v\u00e0 ngo\u00e0i tr\u1eddi, bao g\u1ed3m ba l\u00f4, l\u1ec1u, qu\u1ea7n \u00e1o, v.v.<\/p>\n<p>K\u1ebft c\u1ea5u ch\u1eafc ch\u1eafn c\u1ee7a n\u00f3 mang l\u1ea1i \u0111\u1ed9 b\u1ec1n cao h\u01a1n, l\u00e0m cho n\u00f3 ph\u00f9 h\u1ee3p v\u1edbi c\u00e1c thi\u1ebft b\u1ecb \u0111\u00f2i h\u1ecfi \u0111\u1ed9 b\u1ec1n v\u00e0 kh\u1ea3 n\u0103ng b\u1ea3o v\u1ec7 cao h\u01a1n. Ngo\u00e0i ra, v\u1ea3i Oxford ng\u1ee5y trang tia h\u1ed3ng ngo\u1ea1i polyester r\u1ea5t d\u1ec5 ch\u0103m s\u00f3c v\u00e0 c\u00f3 th\u1ec3 gi\u1eb7t v\u00e0 s\u1ea5y kh\u00f4 b\u1eb1ng m\u00e1y.<\/p>\n<p>Nh\u00ecn chung, v\u1ea3i ch\u1ed1ng h\u1ed3ng ngo\u1ea1i Dacron ng\u1ee5y trang Oxford l\u00e0 lo\u1ea1i v\u1ea3i \u0111a n\u0103ng v\u00e0 b\u1ec1n b\u1ec9, l\u00fd t\u01b0\u1edfng cho c\u00e1c \u1ee9ng d\u1ee5ng ngo\u00e0i tr\u1eddi v\u00e0 qu\u00e2n s\u1ef1.<\/p>","protected":false},"excerpt":{"rendered":"<p>600 m\u00e9t (\u0110\u01a1n h\u00e0ng t\u1ed1i thi\u1ec3u)<\/p>","protected":false},"featured_media":3799,"comment_status":"closed","ping_status":"closed","template":"","meta":{"_uag_custom_page_level_css":"","site-sidebar-layout":"default","site-content-layout":"default","ast-site-content-layout":"","site-content-style":"default","site-sidebar-style":"default","ast-global-header-display":"","ast-banner-title-visibility":"","ast-main-header-display":"","ast-hfb-above-header-display":"","ast-hfb-below-header-display":"","ast-hfb-mobile-header-display":"","site-post-title":"","ast-breadcrumbs-content":"","ast-featured-img":"","footer-sml-layout":"","theme-transparent-header-meta":"default","adv-header-id-meta":"","stick-header-meta":"default","header-above-stick-meta":"","header-main-stick-meta":"","header-below-stick-meta":"","astra-migrate-meta-layouts":"default","ast-page-background-enabled":"default","ast-page-background-meta":{"desktop":{"background-color":"","background-image":"","background-repeat":"repeat","background-position":"center center","background-size":"auto","background-attachment":"scroll","background-type":"","background-media":"","overlay-type":"","overlay-color":"","overlay-opacity":"","overlay-gradient":""},"tablet":{"background-color":"","background-image":"","background-repeat":"repeat","background-position":"center center","background-size":"auto","background-attachment":"scroll","background-type":"","background-media":"","overlay-type":"","overlay-color":"","overlay-opacity":"","overlay-gradient":""},"mobile":{"background-color":"","background-image":"","background-repeat":"repeat","background-position":"center center","background-size":"auto","background-attachment":"scroll","background-type":"","background-media":"","overlay-type":"","overlay-color":"","overlay-opacity":"","overlay-gradient":""}},"ast-content-background-meta":{"desktop":{"background-color":"var(--ast-global-color-5)","background-image":"","background-repeat":"repeat","background-position":"center center","background-size":"auto","background-attachment":"scroll","background-type":"","background-media":"","overlay-type":"","overlay-color":"","overlay-opacity":"","overlay-gradient":""},"tablet":{"background-color":"var(--ast-global-color-5)","background-image":"","background-repeat":"repeat","background-position":"center center","background-size":"auto","background-attachment":"scroll","background-type":"","background-media":"","overlay-type":"","overlay-color":"","overlay-opacity":"","overlay-gradient":""},"mobile":{"background-color":"var(--ast-global-color-5)","background-image":"","background-repeat":"repeat","background-position":"center center","background-size":"auto","background-attachment":"scroll","background-type":"","background-media":"","overlay-type":"","overlay-color":"","overlay-opacity":"","overlay-gradient":""}}},"product_brand":[],"product_cat":[419,423,403,407],"product_tag":[],"class_list":{"0":"post-2093","1":"product","2":"type-product","3":"status-publish","4":"has-post-thumbnail","6":"product_cat-anti-infrared-fabrics","7":"product_cat-fabric-for-military-police","8":"product_cat-polyester-fabrics","9":"product_cat-recycled-fabric","10":"pa_available_colors-911052-spc","11":"desktop-align-left","12":"tablet-align-left","13":"mobile-align-left","14":"ast-product-gallery-layout-vertical-slider","15":"ast-product-tabs-layout-horizontal","17":"first","18":"instock","19":"shipping-taxable","20":"product-type-simple"},"uagb_featured_image_src":{"full":["https:\/\/www.sikortex.com\/wp-content\/uploads\/2023\/06\/O1CN01YMgt7N1SRLCmRHD3m_2206398122243-0-cib-1.jpg",1024,1024,false],"thumbnail":["https:\/\/www.sikortex.com\/wp-content\/uploads\/2023\/06\/O1CN01YMgt7N1SRLCmRHD3m_2206398122243-0-cib-1-150x150.jpg",150,150,true],"medium":["https:\/\/www.sikortex.com\/wp-content\/uploads\/2023\/06\/O1CN01YMgt7N1SRLCmRHD3m_2206398122243-0-cib-1-300x300.jpg",300,300,true],"medium_large":["https:\/\/www.sikortex.com\/wp-content\/uploads\/2023\/06\/O1CN01YMgt7N1SRLCmRHD3m_2206398122243-0-cib-1-768x768.jpg",768,768,true],"large":["https:\/\/www.sikortex.com\/wp-content\/uploads\/2023\/06\/O1CN01YMgt7N1SRLCmRHD3m_2206398122243-0-cib-1.jpg",1024,1024,false],"1536x1536":["https:\/\/www.sikortex.com\/wp-content\/uploads\/2023\/06\/O1CN01YMgt7N1SRLCmRHD3m_2206398122243-0-cib-1.jpg",1024,1024,false],"2048x2048":["https:\/\/www.sikortex.com\/wp-content\/uploads\/2023\/06\/O1CN01YMgt7N1SRLCmRHD3m_2206398122243-0-cib-1.jpg",1024,1024,false],"trp-custom-language-flag":["https:\/\/www.sikortex.com\/wp-content\/uploads\/2023\/06\/O1CN01YMgt7N1SRLCmRHD3m_2206398122243-0-cib-1.jpg",12,12,false],"woocommerce_thumbnail":["https:\/\/www.sikortex.com\/wp-content\/uploads\/2023\/06\/O1CN01YMgt7N1SRLCmRHD3m_2206398122243-0-cib-1-300x300.jpg",300,300,true],"woocommerce_single":["https:\/\/www.sikortex.com\/wp-content\/uploads\/2023\/06\/O1CN01YMgt7N1SRLCmRHD3m_2206398122243-0-cib-1-600x600.jpg",600,600,true],"woocommerce_gallery_thumbnail":["https:\/\/www.sikortex.com\/wp-content\/uploads\/2023\/06\/O1CN01YMgt7N1SRLCmRHD3m_2206398122243-0-cib-1-100x100.jpg",100,100,true]},"uagb_author_info":{"display_name":"Perry","author_link":"https:\/\/www.sikortex.com\/vi\/author\/"},"uagb_comment_info":0,"uagb_excerpt":"600 Meters(Min.Order)","_links":{"self":[{"href":"https:\/\/www.sikortex.com\/vi\/wp-json\/wp\/v2\/product\/2093","targetHints":{"allow":["GET"]}}],"collection":[{"href":"https:\/\/www.sikortex.com\/vi\/wp-json\/wp\/v2\/product"}],"about":[{"href":"https:\/\/www.sikortex.com\/vi\/wp-json\/wp\/v2\/types\/product"}],"replies":[{"embeddable":true,"href":"https:\/\/www.sikortex.com\/vi\/wp-json\/wp\/v2\/comments?post=2093"}],"wp:featuredmedia":[{"embeddable":true,"href":"https:\/\/www.sikortex.com\/vi\/wp-json\/wp\/v2\/media\/3799"}],"wp:attachment":[{"href":"https:\/\/www.sikortex.com\/vi\/wp-json\/wp\/v2\/media?parent=2093"}],"wp:term":[{"taxonomy":"product_brand","embeddable":true,"href":"https:\/\/www.sikortex.com\/vi\/wp-json\/wp\/v2\/product_brand?post=2093"},{"taxonomy":"product_cat","embeddable":true,"href":"https:\/\/www.sikortex.com\/vi\/wp-json\/wp\/v2\/product_cat?post=2093"},{"taxonomy":"product_tag","embeddable":true,"href":"https:\/\/www.sikortex.com\/vi\/wp-json\/wp\/v2\/product_tag?post=2093"}],"curies":[{"name":"wp","href":"https:\/\/api.w.org\/{rel}","templated":true}]}}