{"id":2086,"date":"2023-06-02T15:11:54","date_gmt":"2023-06-02T07:11:54","guid":{"rendered":"http:\/\/203.196.10.64:3021\/?post_type=product&#038;p=2086"},"modified":"2024-12-16T14:32:20","modified_gmt":"2024-12-16T06:32:20","slug":"sk8350-polyester-600d-nguy-trang-oxford","status":"publish","type":"product","link":"https:\/\/www.sikortex.com\/vi\/san-pham\/sk8350-polyester-600d-nguy-trang-oxford\/","title":{"rendered":"Polyester 600D ng\u1ee5y trang Oxford"},"content":{"rendered":"<h6>SIKOR-TEX <span style=\"color: #3366ff;\"><a style=\"color: #3366ff;\" href=\"https:\/\/www.sikortex.com\/vi\/vai-nylon-bong-vai-ripstop-ao-gio-vai-5\/\">V\u1ea3i Oxford<\/a><\/span> nh\u00e0 ch\u1ebf t\u1ea1o<\/h6>\n<p>SIKOR-TEX Polyester 600D Camouflage Oxford l\u00e0 lo\u1ea1i v\u1ea3i cao c\u1ea5p l\u00fd t\u01b0\u1edfng cho c\u00e1c thi\u1ebft b\u1ecb v\u00e0 \u0111\u1ed3 n\u1ed9i th\u1ea5t c\u1eafm tr\u1ea1i ngo\u00e0i tr\u1eddi. V\u1ea3i c\u00f3 kh\u1ea3 n\u0103ng ch\u1ed1ng th\u1ea5m n\u01b0\u1edbc v\u00e0 ch\u1ecbu \u0111\u01b0\u1ee3c \u00e1p su\u1ea5t th\u1ee7y t\u0129nh cao n\u00ean th\u00edch h\u1ee3p s\u1eed d\u1ee5ng \u1edf nhi\u1ec1u m\u00f4i tr\u01b0\u1eddng ngo\u00e0i tr\u1eddi. C\u1ea5u tr\u00fac b\u1ec1n b\u1ec9 c\u1ee7a n\u00f3 \u0111\u1ea3m b\u1ea3o r\u1eb1ng n\u00f3 c\u00f3 th\u1ec3 ch\u1ecbu \u0111\u01b0\u1ee3c \u0111i\u1ec1u ki\u1ec7n kh\u1eafc nghi\u1ec7t khi s\u1eed d\u1ee5ng ngo\u00e0i tr\u1eddi, trong khi h\u1ecda ti\u1ebft ng\u1ee5y trang c\u1ee7a n\u00f3 t\u1ea1o th\u00eam phong c\u00e1ch cho thi\u1ebft b\u1ecb v\u00e0 \u0111\u1ed3 n\u1ed9i th\u1ea5t ngo\u00e0i tr\u1eddi.<br \/>\nLo\u1ea1i v\u1ea3i n\u00e0y th\u01b0\u1eddng \u0111\u01b0\u1ee3c s\u1eed d\u1ee5ng trong s\u1ea3n xu\u1ea5t l\u1ec1u c\u1eafm tr\u1ea1i, ba l\u00f4, gh\u1ebf ngo\u00e0i tr\u1eddi v\u00e0 c\u00e1c thi\u1ebft b\u1ecb c\u1eafm tr\u1ea1i v\u00e0 ngo\u00e0i tr\u1eddi kh\u00e1c do \u0111\u1eb7c t\u00ednh b\u1ec1n v\u00e0 ch\u1ed1ng th\u1ea5m n\u01b0\u1edbc c\u1ee7a n\u00f3. Kh\u1ea3 n\u0103ng ch\u1ecbu \u00e1p su\u1ea5t th\u1ee7y t\u0129nh cao c\u1ee7a n\u00f3 \u0111\u1ea3m b\u1ea3o c\u00f3 th\u1ec3 ch\u1ecbu \u0111\u01b0\u1ee3c m\u01b0a l\u1edbn v\u00e0 c\u00e1c y\u1ebfu t\u1ed1 m\u00f4i tr\u01b0\u1eddng kh\u00e1c, gi\u1eef cho ng\u01b0\u1eddi d\u00f9ng v\u00e0 thi\u1ebft b\u1ecb c\u1ee7a h\u1ecd lu\u00f4n kh\u00f4 r\u00e1o v\u00e0 \u0111\u01b0\u1ee3c b\u1ea3o v\u1ec7. \u0110\u1ed9 b\u1ec1n c\u1ee7a n\u00f3 c\u0169ng c\u00f3 ngh\u0129a l\u00e0 n\u00f3 c\u00f3 th\u1ec3 ch\u1ecbu \u0111\u01b0\u1ee3c s\u1ef1 hao m\u00f2n khi s\u1eed d\u1ee5ng ngo\u00e0i tr\u1eddi th\u01b0\u1eddng xuy\u00ean, khi\u1ebfn n\u00f3 tr\u1edf th\u00e0nh v\u1eadt li\u1ec7u l\u00fd t\u01b0\u1edfng cho c\u00e1c thi\u1ebft b\u1ecb v\u00e0 \u0111\u1ed3 n\u1ed9i th\u1ea5t ngo\u00e0i tr\u1eddi.<\/p>","protected":false},"excerpt":{"rendered":"<p>600 m\u00e9t (\u0110\u01a1n h\u00e0ng t\u1ed1i thi\u1ec3u)<\/p>","protected":false},"featured_media":3797,"comment_status":"closed","ping_status":"closed","template":"","meta":{"_uag_custom_page_level_css":"","site-sidebar-layout":"default","site-content-layout":"default","ast-site-content-layout":"","site-content-style":"default","site-sidebar-style":"default","ast-global-header-display":"","ast-banner-title-visibility":"","ast-main-header-display":"","ast-hfb-above-header-display":"","ast-hfb-below-header-display":"","ast-hfb-mobile-header-display":"","site-post-title":"","ast-breadcrumbs-content":"","ast-featured-img":"","footer-sml-layout":"","theme-transparent-header-meta":"default","adv-header-id-meta":"","stick-header-meta":"default","header-above-stick-meta":"","header-main-stick-meta":"","header-below-stick-meta":"","astra-migrate-meta-layouts":"default","ast-page-background-enabled":"default","ast-page-background-meta":{"desktop":{"background-color":"","background-image":"","background-repeat":"repeat","background-position":"center center","background-size":"auto","background-attachment":"scroll","background-type":"","background-media":"","overlay-type":"","overlay-color":"","overlay-opacity":"","overlay-gradient":""},"tablet":{"background-color":"","background-image":"","background-repeat":"repeat","background-position":"center center","background-size":"auto","background-attachment":"scroll","background-type":"","background-media":"","overlay-type":"","overlay-color":"","overlay-opacity":"","overlay-gradient":""},"mobile":{"background-color":"","background-image":"","background-repeat":"repeat","background-position":"center center","background-size":"auto","background-attachment":"scroll","background-type":"","background-media":"","overlay-type":"","overlay-color":"","overlay-opacity":"","overlay-gradient":""}},"ast-content-background-meta":{"desktop":{"background-color":"var(--ast-global-color-5)","background-image":"","background-repeat":"repeat","background-position":"center center","background-size":"auto","background-attachment":"scroll","background-type":"","background-media":"","overlay-type":"","overlay-color":"","overlay-opacity":"","overlay-gradient":""},"tablet":{"background-color":"var(--ast-global-color-5)","background-image":"","background-repeat":"repeat","background-position":"center center","background-size":"auto","background-attachment":"scroll","background-type":"","background-media":"","overlay-type":"","overlay-color":"","overlay-opacity":"","overlay-gradient":""},"mobile":{"background-color":"var(--ast-global-color-5)","background-image":"","background-repeat":"repeat","background-position":"center center","background-size":"auto","background-attachment":"scroll","background-type":"","background-media":"","overlay-type":"","overlay-color":"","overlay-opacity":"","overlay-gradient":""}}},"product_brand":[],"product_cat":[423,430,432,403],"product_tag":[],"class_list":{"0":"post-2086","1":"product","2":"type-product","3":"status-publish","4":"has-post-thumbnail","6":"product_cat-fabric-for-military-police","7":"product_cat-fabric-for-motorwear","8":"product_cat-fabric-for-tent","9":"product_cat-polyester-fabrics","10":"pa_available_colors-911052-spc","11":"desktop-align-left","12":"tablet-align-left","13":"mobile-align-left","14":"ast-product-gallery-layout-vertical-slider","15":"ast-product-tabs-layout-horizontal","17":"first","18":"instock","19":"shipping-taxable","20":"product-type-simple"},"uagb_featured_image_src":{"full":["https:\/\/www.sikortex.com\/wp-content\/uploads\/2023\/06\/O1CN01jZUxBa1JA5g3MkUHQ_3828250987-0-cib-1.jpg",1024,1024,false],"thumbnail":["https:\/\/www.sikortex.com\/wp-content\/uploads\/2023\/06\/O1CN01jZUxBa1JA5g3MkUHQ_3828250987-0-cib-1-150x150.jpg",150,150,true],"medium":["https:\/\/www.sikortex.com\/wp-content\/uploads\/2023\/06\/O1CN01jZUxBa1JA5g3MkUHQ_3828250987-0-cib-1-300x300.jpg",300,300,true],"medium_large":["https:\/\/www.sikortex.com\/wp-content\/uploads\/2023\/06\/O1CN01jZUxBa1JA5g3MkUHQ_3828250987-0-cib-1-768x768.jpg",768,768,true],"large":["https:\/\/www.sikortex.com\/wp-content\/uploads\/2023\/06\/O1CN01jZUxBa1JA5g3MkUHQ_3828250987-0-cib-1.jpg",1024,1024,false],"1536x1536":["https:\/\/www.sikortex.com\/wp-content\/uploads\/2023\/06\/O1CN01jZUxBa1JA5g3MkUHQ_3828250987-0-cib-1.jpg",1024,1024,false],"2048x2048":["https:\/\/www.sikortex.com\/wp-content\/uploads\/2023\/06\/O1CN01jZUxBa1JA5g3MkUHQ_3828250987-0-cib-1.jpg",1024,1024,false],"trp-custom-language-flag":["https:\/\/www.sikortex.com\/wp-content\/uploads\/2023\/06\/O1CN01jZUxBa1JA5g3MkUHQ_3828250987-0-cib-1.jpg",12,12,false],"woocommerce_thumbnail":["https:\/\/www.sikortex.com\/wp-content\/uploads\/2023\/06\/O1CN01jZUxBa1JA5g3MkUHQ_3828250987-0-cib-1-300x300.jpg",300,300,true],"woocommerce_single":["https:\/\/www.sikortex.com\/wp-content\/uploads\/2023\/06\/O1CN01jZUxBa1JA5g3MkUHQ_3828250987-0-cib-1-600x600.jpg",600,600,true],"woocommerce_gallery_thumbnail":["https:\/\/www.sikortex.com\/wp-content\/uploads\/2023\/06\/O1CN01jZUxBa1JA5g3MkUHQ_3828250987-0-cib-1-100x100.jpg",100,100,true]},"uagb_author_info":{"display_name":"Perry","author_link":"https:\/\/www.sikortex.com\/vi\/author\/"},"uagb_comment_info":0,"uagb_excerpt":"600 Meters(Min.Order)","_links":{"self":[{"href":"https:\/\/www.sikortex.com\/vi\/wp-json\/wp\/v2\/product\/2086","targetHints":{"allow":["GET"]}}],"collection":[{"href":"https:\/\/www.sikortex.com\/vi\/wp-json\/wp\/v2\/product"}],"about":[{"href":"https:\/\/www.sikortex.com\/vi\/wp-json\/wp\/v2\/types\/product"}],"replies":[{"embeddable":true,"href":"https:\/\/www.sikortex.com\/vi\/wp-json\/wp\/v2\/comments?post=2086"}],"wp:featuredmedia":[{"embeddable":true,"href":"https:\/\/www.sikortex.com\/vi\/wp-json\/wp\/v2\/media\/3797"}],"wp:attachment":[{"href":"https:\/\/www.sikortex.com\/vi\/wp-json\/wp\/v2\/media?parent=2086"}],"wp:term":[{"taxonomy":"product_brand","embeddable":true,"href":"https:\/\/www.sikortex.com\/vi\/wp-json\/wp\/v2\/product_brand?post=2086"},{"taxonomy":"product_cat","embeddable":true,"href":"https:\/\/www.sikortex.com\/vi\/wp-json\/wp\/v2\/product_cat?post=2086"},{"taxonomy":"product_tag","embeddable":true,"href":"https:\/\/www.sikortex.com\/vi\/wp-json\/wp\/v2\/product_tag?post=2086"}],"curies":[{"name":"wp","href":"https:\/\/api.w.org\/{rel}","templated":true}]}}