{"id":2074,"date":"2023-06-02T15:07:55","date_gmt":"2023-06-02T07:07:55","guid":{"rendered":"http:\/\/203.196.10.64:3021\/?post_type=product&#038;p=2074"},"modified":"2023-11-07T10:37:08","modified_gmt":"2023-11-07T02:37:08","slug":"sk8352-2","status":"publish","type":"product","link":"https:\/\/www.sikortex.com\/vi\/san-pham\/sk8352-2\/","title":{"rendered":"V\u1ea3i b\u1ea3o h\u1ed9 lao \u0111\u1ed9ng Twill Gabardine t\u00e1i ch\u1ebf Polyester 200D"},"content":{"rendered":"<p>Nh\u00e0 s\u1ea3n xu\u1ea5t v\u1ea3i hi\u1ec7u su\u1ea5t SIKOR-TEX<\/p>\n<p>SIKOR-TEX Polyester 200D V\u1ea3i qu\u1ea7n \u00e1o b\u1ea3o h\u1ed9 lao \u0111\u1ed9ng Twill Gabardine t\u00e1i ch\u1ebf, lo\u1ea1i v\u1ea3i b\u1ec1n v\u00e0 \u00edt b\u1ea3o tr\u00ec, ho\u00e0n h\u1ea3o cho c\u00e1c \u1ee9ng d\u1ee5ng qu\u1ea7n \u00e1o b\u1ea3o h\u1ed9 lao \u0111\u1ed9ng v\u00e0 chuy\u00ean nghi\u1ec7p. \u0110\u01b0\u1ee3c l\u00e0m t\u1eeb v\u1eadt li\u1ec7u t\u00e1i ch\u1ebf, lo\u1ea1i v\u1ea3i n\u00e0y gi\u00fap gi\u1ea3m m\u1ee9c ti\u00eau th\u1ee5 d\u1ea7u m\u1ecf v\u00e0 l\u01b0\u1ee3ng kh\u00ed th\u1ea3i carbon m\u00e0 kh\u00f4ng l\u00e0m gi\u1ea3m ch\u1ea5t l\u01b0\u1ee3ng ho\u1eb7c ki\u1ec3u d\u00e1ng. \u0110\u1eb7c t\u00ednh ch\u1ed1ng nh\u0103n, ch\u1ed1ng n\u01b0\u1edbc v\u00e0 ch\u1ed1ng v\u1ebft b\u1ea9n khi\u1ebfn n\u00f3 tr\u1edf th\u00e0nh l\u1ef1a ch\u1ecdn l\u00fd t\u01b0\u1edfng cho c\u00e1c chuy\u00ean gia v\u00e0 c\u00f4ng nh\u00e2n b\u1eadn r\u1ed9n c\u1ea7n lo\u1ea1i v\u1ea3i c\u00f3 th\u1ec3 \u0111\u00e1p \u1ee9ng l\u1ecbch tr\u00ecnh b\u1eadn r\u1ed9n c\u1ee7a h\u1ecd.<\/p>\n<p>Cho d\u00f9 b\u1ea1n \u0111ang t\u00ecm ki\u1ebfm lo\u1ea1i v\u1ea3i c\u00f3 k\u1ebft c\u1ea5u polyester cho trang ph\u1ee5c c\u00f4ng s\u1edf hay \u0111\u1ed3ng ph\u1ee5c c\u00f4ng s\u1edf, Polyester Recycled Gabardine l\u00e0 s\u1ef1 l\u1ef1a ch\u1ecdn ho\u00e0n h\u1ea3o. C\u1ea5u tr\u00fac d\u1ec7t ch\u00e9o v\u00e0 v\u1ea3i gabardine mang l\u1ea1i cho n\u00f3 v\u1ebb ngo\u00e0i c\u1ed5 \u0111i\u1ec3n v\u00e0 v\u01b0\u1ee3t th\u1eddi gian, \u0111\u1ed3ng th\u1eddi c\u00e1c \u0111\u1eb7c t\u00ednh b\u1ec1n v\u1eefng v\u00e0 hi\u1ec7u su\u1ea5t cao khi\u1ebfn n\u00f3 tr\u1edf th\u00e0nh s\u1ef1 l\u1ef1a ch\u1ecdn th\u00f4ng minh v\u00e0 c\u00f3 tr\u00e1ch nhi\u1ec7m \u0111\u1ed1i v\u1edbi th\u1ebf gi\u1edbi hi\u1ec7n \u0111\u1ea1i.<\/p>","protected":false},"excerpt":{"rendered":"<p>1000 m\u00e9t (\u0110\u01a1n h\u00e0ng t\u1ed1i thi\u1ec3u)<\/p>","protected":false},"featured_media":3793,"comment_status":"closed","ping_status":"closed","template":"","meta":{"_uag_custom_page_level_css":"","site-sidebar-layout":"default","site-content-layout":"default","ast-site-content-layout":"","site-content-style":"default","site-sidebar-style":"default","ast-global-header-display":"","ast-banner-title-visibility":"","ast-main-header-display":"","ast-hfb-above-header-display":"","ast-hfb-below-header-display":"","ast-hfb-mobile-header-display":"","site-post-title":"","ast-breadcrumbs-content":"","ast-featured-img":"","footer-sml-layout":"","theme-transparent-header-meta":"default","adv-header-id-meta":"","stick-header-meta":"default","header-above-stick-meta":"","header-main-stick-meta":"","header-below-stick-meta":"","astra-migrate-meta-layouts":"default","ast-page-background-enabled":"default","ast-page-background-meta":{"desktop":{"background-color":"","background-image":"","background-repeat":"repeat","background-position":"center center","background-size":"auto","background-attachment":"scroll","background-type":"","background-media":"","overlay-type":"","overlay-color":"","overlay-opacity":"","overlay-gradient":""},"tablet":{"background-color":"","background-image":"","background-repeat":"repeat","background-position":"center center","background-size":"auto","background-attachment":"scroll","background-type":"","background-media":"","overlay-type":"","overlay-color":"","overlay-opacity":"","overlay-gradient":""},"mobile":{"background-color":"","background-image":"","background-repeat":"repeat","background-position":"center center","background-size":"auto","background-attachment":"scroll","background-type":"","background-media":"","overlay-type":"","overlay-color":"","overlay-opacity":"","overlay-gradient":""}},"ast-content-background-meta":{"desktop":{"background-color":"var(--ast-global-color-5)","background-image":"","background-repeat":"repeat","background-position":"center center","background-size":"auto","background-attachment":"scroll","background-type":"","background-media":"","overlay-type":"","overlay-color":"","overlay-opacity":"","overlay-gradient":""},"tablet":{"background-color":"var(--ast-global-color-5)","background-image":"","background-repeat":"repeat","background-position":"center center","background-size":"auto","background-attachment":"scroll","background-type":"","background-media":"","overlay-type":"","overlay-color":"","overlay-opacity":"","overlay-gradient":""},"mobile":{"background-color":"var(--ast-global-color-5)","background-image":"","background-repeat":"repeat","background-position":"center center","background-size":"auto","background-attachment":"scroll","background-type":"","background-media":"","overlay-type":"","overlay-color":"","overlay-opacity":"","overlay-gradient":""}}},"product_brand":[],"product_cat":[426,403,407,425],"product_tag":[],"class_list":{"0":"post-2074","1":"product","2":"type-product","3":"status-publish","4":"has-post-thumbnail","6":"product_cat-constructionmining","7":"product_cat-polyester-fabrics","8":"product_cat-recycled-fabric","9":"product_cat-security-emergencies-road-services","10":"pa_available_colors-911052-spc","11":"desktop-align-left","12":"tablet-align-left","13":"mobile-align-left","14":"ast-product-gallery-layout-vertical-slider","15":"ast-product-tabs-layout-horizontal","17":"first","18":"instock","19":"shipping-taxable","20":"product-type-simple"},"uagb_featured_image_src":{"full":["https:\/\/www.sikortex.com\/wp-content\/uploads\/2023\/06\/O1CN0122cVuC1x9i1rs55o6_2215110856401-0-cib-1.jpg",1024,1024,false],"thumbnail":["https:\/\/www.sikortex.com\/wp-content\/uploads\/2023\/06\/O1CN0122cVuC1x9i1rs55o6_2215110856401-0-cib-1-150x150.jpg",150,150,true],"medium":["https:\/\/www.sikortex.com\/wp-content\/uploads\/2023\/06\/O1CN0122cVuC1x9i1rs55o6_2215110856401-0-cib-1-300x300.jpg",300,300,true],"medium_large":["https:\/\/www.sikortex.com\/wp-content\/uploads\/2023\/06\/O1CN0122cVuC1x9i1rs55o6_2215110856401-0-cib-1-768x768.jpg",768,768,true],"large":["https:\/\/www.sikortex.com\/wp-content\/uploads\/2023\/06\/O1CN0122cVuC1x9i1rs55o6_2215110856401-0-cib-1.jpg",1024,1024,false],"1536x1536":["https:\/\/www.sikortex.com\/wp-content\/uploads\/2023\/06\/O1CN0122cVuC1x9i1rs55o6_2215110856401-0-cib-1.jpg",1024,1024,false],"2048x2048":["https:\/\/www.sikortex.com\/wp-content\/uploads\/2023\/06\/O1CN0122cVuC1x9i1rs55o6_2215110856401-0-cib-1.jpg",1024,1024,false],"trp-custom-language-flag":["https:\/\/www.sikortex.com\/wp-content\/uploads\/2023\/06\/O1CN0122cVuC1x9i1rs55o6_2215110856401-0-cib-1.jpg",12,12,false],"woocommerce_thumbnail":["https:\/\/www.sikortex.com\/wp-content\/uploads\/2023\/06\/O1CN0122cVuC1x9i1rs55o6_2215110856401-0-cib-1-300x300.jpg",300,300,true],"woocommerce_single":["https:\/\/www.sikortex.com\/wp-content\/uploads\/2023\/06\/O1CN0122cVuC1x9i1rs55o6_2215110856401-0-cib-1-600x600.jpg",600,600,true],"woocommerce_gallery_thumbnail":["https:\/\/www.sikortex.com\/wp-content\/uploads\/2023\/06\/O1CN0122cVuC1x9i1rs55o6_2215110856401-0-cib-1-100x100.jpg",100,100,true]},"uagb_author_info":{"display_name":"Perry","author_link":"https:\/\/www.sikortex.com\/vi\/author\/"},"uagb_comment_info":0,"uagb_excerpt":"1000 Meters(Min.Order)","_links":{"self":[{"href":"https:\/\/www.sikortex.com\/vi\/wp-json\/wp\/v2\/product\/2074","targetHints":{"allow":["GET"]}}],"collection":[{"href":"https:\/\/www.sikortex.com\/vi\/wp-json\/wp\/v2\/product"}],"about":[{"href":"https:\/\/www.sikortex.com\/vi\/wp-json\/wp\/v2\/types\/product"}],"replies":[{"embeddable":true,"href":"https:\/\/www.sikortex.com\/vi\/wp-json\/wp\/v2\/comments?post=2074"}],"wp:featuredmedia":[{"embeddable":true,"href":"https:\/\/www.sikortex.com\/vi\/wp-json\/wp\/v2\/media\/3793"}],"wp:attachment":[{"href":"https:\/\/www.sikortex.com\/vi\/wp-json\/wp\/v2\/media?parent=2074"}],"wp:term":[{"taxonomy":"product_brand","embeddable":true,"href":"https:\/\/www.sikortex.com\/vi\/wp-json\/wp\/v2\/product_brand?post=2074"},{"taxonomy":"product_cat","embeddable":true,"href":"https:\/\/www.sikortex.com\/vi\/wp-json\/wp\/v2\/product_cat?post=2074"},{"taxonomy":"product_tag","embeddable":true,"href":"https:\/\/www.sikortex.com\/vi\/wp-json\/wp\/v2\/product_tag?post=2074"}],"curies":[{"name":"wp","href":"https:\/\/api.w.org\/{rel}","templated":true}]}}