{"id":2044,"date":"2023-06-02T14:56:11","date_gmt":"2023-06-02T06:56:11","guid":{"rendered":"http:\/\/203.196.10.64:3021\/?post_type=product&#038;p=2044"},"modified":"2023-10-25T13:30:46","modified_gmt":"2023-10-25T05:30:46","slug":"sk8358-ripstop-polyester-quan-doi-vai","status":"publish","type":"product","link":"https:\/\/www.sikortex.com\/vi\/san-pham\/sk8358-ripstop-polyester-quan-doi-vai\/","title":{"rendered":"V\u1ea3i ng\u1ee5y trang m\u1edd 500D Ripstop Polyester qu\u00e2n s\u1ef1"},"content":{"rendered":"<p>Nh\u00e0 s\u1ea3n xu\u1ea5t v\u1ea3i hi\u1ec7u su\u1ea5t SIKOR-TEX<\/p>\n<p>SIKOR-TEX 500D Matte Camouflage Ripstop Polyester Military Fabric l\u00e0 lo\u1ea1i v\u1ea3i cao c\u1ea5p ph\u00f9 h\u1ee3p l\u00e0m qu\u1ea7n \u00e1o qu\u00e2n \u0111\u1ed9i, c\u1ea3nh s\u00e1t, l\u00e0m vi\u1ec7c ngo\u00e0i tr\u1eddi. V\u1ebb ngo\u00e0i trang nh\u00e3 v\u00e0 \u0111\u1ed9 b\u1ec1n cao khi\u1ebfn n\u00f3 tr\u1edf n\u00ean l\u00fd t\u01b0\u1edfng trong m\u00f4i tr\u01b0\u1eddng kh\u1eafc nghi\u1ec7t v\u00e0 nh\u1eefng th\u1eed th\u00e1ch v\u1ec1 th\u1ec3 ch\u1ea5t. C\u1ea5u tr\u00fac s\u1ee3i d\u1ecdc v\u00e0 s\u1ee3i ngang k\u00e9p c\u1ee7a v\u1ea3i l\u00e0m t\u0103ng th\u00eam \u0111\u1ed9 b\u1ec1n v\u00e0 t\u0103ng c\u01b0\u1eddng kh\u1ea3 n\u0103ng ch\u1ed1ng r\u00e1ch v\u00e0 m\u00e0i m\u00f2n.<\/p>\n<p>Sau khi v\u1ea3i \u0111\u01b0\u1ee3c s\u1ea3n xu\u1ea5t, v\u1ea3i c\u00f3 th\u1ec3 tr\u1ea3i qua c\u00e1c qu\u00e1 tr\u00ecnh ho\u00e0n thi\u1ec7n b\u1ed5 sung, ch\u1eb3ng h\u1ea1n nh\u01b0 ph\u1ee7 ho\u1eb7c c\u00e1n m\u00e0ng, \u0111\u1ec3 n\u00e2ng cao hi\u1ec7u su\u1ea5t. V\u00ed d\u1ee5, l\u1edbp ph\u1ee7 PU c\u00f3 th\u1ec3 cung c\u1ea5p th\u00eam kh\u1ea3 n\u0103ng ch\u1ed1ng th\u1ea5m n\u01b0\u1edbc v\u00e0 ch\u1ed1ng tia c\u1ef1c t\u00edm, trong khi l\u1edbp ph\u1ee7 TPU c\u00f3 th\u1ec3 l\u00e0m t\u0103ng \u0111\u1ed9 b\u1ec1n v\u00e0 kh\u1ea3 n\u0103ng ch\u1ed1ng m\u00e0i m\u00f2n c\u1ee7a v\u1ea3i.<\/p>","protected":false},"excerpt":{"rendered":"<p>600 m\u00e9t (\u0110\u01a1n h\u00e0ng t\u1ed1i thi\u1ec3u)<\/p>","protected":false},"featured_media":3781,"comment_status":"closed","ping_status":"closed","template":"","meta":{"_uag_custom_page_level_css":"","site-sidebar-layout":"default","site-content-layout":"default","ast-site-content-layout":"","site-content-style":"default","site-sidebar-style":"default","ast-global-header-display":"","ast-banner-title-visibility":"","ast-main-header-display":"","ast-hfb-above-header-display":"","ast-hfb-below-header-display":"","ast-hfb-mobile-header-display":"","site-post-title":"","ast-breadcrumbs-content":"","ast-featured-img":"","footer-sml-layout":"","theme-transparent-header-meta":"default","adv-header-id-meta":"","stick-header-meta":"default","header-above-stick-meta":"","header-main-stick-meta":"","header-below-stick-meta":"","astra-migrate-meta-layouts":"default","ast-page-background-enabled":"default","ast-page-background-meta":{"desktop":{"background-color":"","background-image":"","background-repeat":"repeat","background-position":"center center","background-size":"auto","background-attachment":"scroll","background-type":"","background-media":"","overlay-type":"","overlay-color":"","overlay-opacity":"","overlay-gradient":""},"tablet":{"background-color":"","background-image":"","background-repeat":"repeat","background-position":"center center","background-size":"auto","background-attachment":"scroll","background-type":"","background-media":"","overlay-type":"","overlay-color":"","overlay-opacity":"","overlay-gradient":""},"mobile":{"background-color":"","background-image":"","background-repeat":"repeat","background-position":"center center","background-size":"auto","background-attachment":"scroll","background-type":"","background-media":"","overlay-type":"","overlay-color":"","overlay-opacity":"","overlay-gradient":""}},"ast-content-background-meta":{"desktop":{"background-color":"var(--ast-global-color-5)","background-image":"","background-repeat":"repeat","background-position":"center center","background-size":"auto","background-attachment":"scroll","background-type":"","background-media":"","overlay-type":"","overlay-color":"","overlay-opacity":"","overlay-gradient":""},"tablet":{"background-color":"var(--ast-global-color-5)","background-image":"","background-repeat":"repeat","background-position":"center center","background-size":"auto","background-attachment":"scroll","background-type":"","background-media":"","overlay-type":"","overlay-color":"","overlay-opacity":"","overlay-gradient":""},"mobile":{"background-color":"var(--ast-global-color-5)","background-image":"","background-repeat":"repeat","background-position":"center center","background-size":"auto","background-attachment":"scroll","background-type":"","background-media":"","overlay-type":"","overlay-color":"","overlay-opacity":"","overlay-gradient":""}}},"product_brand":[],"product_cat":[423,430,432,403],"product_tag":[],"class_list":{"0":"post-2044","1":"product","2":"type-product","3":"status-publish","4":"has-post-thumbnail","6":"product_cat-fabric-for-military-police","7":"product_cat-fabric-for-motorwear","8":"product_cat-fabric-for-tent","9":"product_cat-polyester-fabrics","10":"pa_available_colors-911052-spc","11":"desktop-align-left","12":"tablet-align-left","13":"mobile-align-left","14":"ast-product-gallery-layout-vertical-slider","15":"ast-product-tabs-layout-horizontal","17":"first","18":"instock","19":"shipping-taxable","20":"product-type-simple"},"uagb_featured_image_src":{"full":["https:\/\/www.sikortex.com\/wp-content\/uploads\/2023\/06\/100_-Polyester-Green-Digital-Waterproof-Camo-Fabric_yythkg-1-1.jpg",1024,1024,false],"thumbnail":["https:\/\/www.sikortex.com\/wp-content\/uploads\/2023\/06\/100_-Polyester-Green-Digital-Waterproof-Camo-Fabric_yythkg-1-1-150x150.jpg",150,150,true],"medium":["https:\/\/www.sikortex.com\/wp-content\/uploads\/2023\/06\/100_-Polyester-Green-Digital-Waterproof-Camo-Fabric_yythkg-1-1-300x300.jpg",300,300,true],"medium_large":["https:\/\/www.sikortex.com\/wp-content\/uploads\/2023\/06\/100_-Polyester-Green-Digital-Waterproof-Camo-Fabric_yythkg-1-1-768x768.jpg",768,768,true],"large":["https:\/\/www.sikortex.com\/wp-content\/uploads\/2023\/06\/100_-Polyester-Green-Digital-Waterproof-Camo-Fabric_yythkg-1-1.jpg",1024,1024,false],"1536x1536":["https:\/\/www.sikortex.com\/wp-content\/uploads\/2023\/06\/100_-Polyester-Green-Digital-Waterproof-Camo-Fabric_yythkg-1-1.jpg",1024,1024,false],"2048x2048":["https:\/\/www.sikortex.com\/wp-content\/uploads\/2023\/06\/100_-Polyester-Green-Digital-Waterproof-Camo-Fabric_yythkg-1-1.jpg",1024,1024,false],"trp-custom-language-flag":["https:\/\/www.sikortex.com\/wp-content\/uploads\/2023\/06\/100_-Polyester-Green-Digital-Waterproof-Camo-Fabric_yythkg-1-1.jpg",12,12,false],"woocommerce_thumbnail":["https:\/\/www.sikortex.com\/wp-content\/uploads\/2023\/06\/100_-Polyester-Green-Digital-Waterproof-Camo-Fabric_yythkg-1-1-300x300.jpg",300,300,true],"woocommerce_single":["https:\/\/www.sikortex.com\/wp-content\/uploads\/2023\/06\/100_-Polyester-Green-Digital-Waterproof-Camo-Fabric_yythkg-1-1-600x600.jpg",600,600,true],"woocommerce_gallery_thumbnail":["https:\/\/www.sikortex.com\/wp-content\/uploads\/2023\/06\/100_-Polyester-Green-Digital-Waterproof-Camo-Fabric_yythkg-1-1-100x100.jpg",100,100,true]},"uagb_author_info":{"display_name":"Perry","author_link":"https:\/\/www.sikortex.com\/vi\/author\/"},"uagb_comment_info":0,"uagb_excerpt":"600 Meters(Min.Order)","_links":{"self":[{"href":"https:\/\/www.sikortex.com\/vi\/wp-json\/wp\/v2\/product\/2044","targetHints":{"allow":["GET"]}}],"collection":[{"href":"https:\/\/www.sikortex.com\/vi\/wp-json\/wp\/v2\/product"}],"about":[{"href":"https:\/\/www.sikortex.com\/vi\/wp-json\/wp\/v2\/types\/product"}],"replies":[{"embeddable":true,"href":"https:\/\/www.sikortex.com\/vi\/wp-json\/wp\/v2\/comments?post=2044"}],"wp:featuredmedia":[{"embeddable":true,"href":"https:\/\/www.sikortex.com\/vi\/wp-json\/wp\/v2\/media\/3781"}],"wp:attachment":[{"href":"https:\/\/www.sikortex.com\/vi\/wp-json\/wp\/v2\/media?parent=2044"}],"wp:term":[{"taxonomy":"product_brand","embeddable":true,"href":"https:\/\/www.sikortex.com\/vi\/wp-json\/wp\/v2\/product_brand?post=2044"},{"taxonomy":"product_cat","embeddable":true,"href":"https:\/\/www.sikortex.com\/vi\/wp-json\/wp\/v2\/product_cat?post=2044"},{"taxonomy":"product_tag","embeddable":true,"href":"https:\/\/www.sikortex.com\/vi\/wp-json\/wp\/v2\/product_tag?post=2044"}],"curies":[{"name":"wp","href":"https:\/\/api.w.org\/{rel}","templated":true}]}}