{"id":2022,"date":"2023-06-02T14:50:27","date_gmt":"2023-06-02T06:50:27","guid":{"rendered":"http:\/\/203.196.10.64:3021\/?post_type=product&#038;p=2022"},"modified":"2023-10-25T14:42:47","modified_gmt":"2023-10-25T06:42:47","slug":"sk8255-2","status":"publish","type":"product","link":"https:\/\/www.sikortex.com\/vi\/san-pham\/sk8255-2\/","title":{"rendered":"Ng\u1ee5y trang in 1000D V\u1ea3i Cordura IRR nylon"},"content":{"rendered":"<p>Nh\u00e0 s\u1ea3n xu\u1ea5t v\u1ea3i hi\u1ec7u su\u1ea5t SIKOR-TEX<\/p>\n<p>V\u1ea3i ng\u1ee5y trang in ng\u1ee5y trang 1000D Nylon Cordura IRR, m\u1ed9t s\u1ef1 l\u1ef1a ch\u1ecdn \u0111\u1eb7c bi\u1ec7t cho c\u00e1c \u1ee9ng d\u1ee5ng kh\u00e1c nhau \u0111\u00f2i h\u1ecfi \u0111\u1ed9 b\u1ec1n, s\u1ee9c m\u1ea1nh v\u00e0 ch\u1ee9c n\u0103ng ng\u1ee5y trang. \u0110\u01b0\u1ee3c ch\u1ebf t\u1ea1o t\u1eeb 1000 Denier Nylon ch\u1ea5t l\u01b0\u1ee3ng cao, lo\u1ea1i v\u1ea3i n\u00e0y \u0111\u1ea3m b\u1ea3o hi\u1ec7u su\u1ea5t v\u01b0\u1ee3t tr\u1ed9i trong m\u00f4i tr\u01b0\u1eddng kh\u1eafc nghi\u1ec7t.<\/p>\n<p>Thi\u1ebft k\u1ebf ng\u1ee5y trang \u0111\u01b0\u1ee3c in c\u1ee7a ch\u00fang t\u00f4i h\u00f2a quy\u1ec7n ho\u00e0n h\u1ea3o v\u1edbi m\u00f4i tr\u01b0\u1eddng xung quanh t\u1ef1 nhi\u00ean, mang l\u1ea1i kh\u1ea3 n\u0103ng che gi\u1ea5u hi\u1ec7u qu\u1ea3 v\u00e0 n\u00e2ng cao kh\u1ea3 n\u0103ng h\u00f2a nh\u1eadp v\u1edbi m\u00f4i tr\u01b0\u1eddng c\u1ee7a ng\u01b0\u1eddi m\u1eb7c. C\u1ea5u tr\u00fac Cordura IRR ripstop 1000D mang l\u1ea1i s\u1ee9c b\u1ec1n v\u01b0\u1ee3t tr\u1ed9i, v\u01b0\u1ee3t tr\u1ed9i v\u1ec1 hi\u1ec7u su\u1ea5t c\u1ee7a c\u00e1c lo\u1ea1i v\u1ea3i ti\u00eau chu\u1ea9n.<\/p>\n<p>V\u1edbi \u0111\u1ed9 b\u1ec1n cao v\u00e0 kh\u1ea3 n\u0103ng ch\u1ed1ng r\u00e1ch, lo\u1ea1i v\u1ea3i n\u00e0y l\u00fd t\u01b0\u1edfng cho c\u00e1c thi\u1ebft b\u1ecb qu\u00e2n s\u1ef1, thi\u1ebft b\u1ecb ngo\u00e0i tr\u1eddi v\u00e0 c\u00e1c \u1ee9ng d\u1ee5ng kh\u00e1c trong \u0111\u00f3 kh\u1ea3 n\u0103ng ng\u1ee5y trang v\u00e0 \u0111\u1ed9 b\u1ec1n \u0111\u00e1ng tin c\u1eady l\u00e0 \u0111i\u1ec1u t\u1ed1i quan tr\u1ecdng. Cho d\u00f9 b\u1ea1n \u0111ang t\u1ea1o \u00e1o kho\u00e1c chi\u1ebfn thu\u1eadt, ba l\u00f4 hay d\u1ee5ng c\u1ee5 s\u0103n b\u1eafn, V\u1ea3i ng\u1ee5y trang in nylon Cordura 1000D c\u1ee7a ch\u00fang t\u00f4i \u0111\u01b0\u1ee3c thi\u1ebft k\u1ebf \u0111\u1ec3 \u0111\u00e1p \u1ee9ng nhu c\u1ea7u c\u1ee7a m\u00f4i tr\u01b0\u1eddng kh\u1eafc nghi\u1ec7t.<\/p>","protected":false},"excerpt":{"rendered":"<p>3000 m\u00e9t (\u0110\u01a1n h\u00e0ng t\u1ed1i thi\u1ec3u)<\/p>","protected":false},"featured_media":3775,"comment_status":"closed","ping_status":"closed","template":"","meta":{"_uag_custom_page_level_css":"","site-sidebar-layout":"default","site-content-layout":"default","ast-site-content-layout":"","site-content-style":"default","site-sidebar-style":"default","ast-global-header-display":"","ast-banner-title-visibility":"","ast-main-header-display":"","ast-hfb-above-header-display":"","ast-hfb-below-header-display":"","ast-hfb-mobile-header-display":"","site-post-title":"","ast-breadcrumbs-content":"","ast-featured-img":"","footer-sml-layout":"","theme-transparent-header-meta":"default","adv-header-id-meta":"","stick-header-meta":"default","header-above-stick-meta":"","header-main-stick-meta":"","header-below-stick-meta":"","astra-migrate-meta-layouts":"default","ast-page-background-enabled":"default","ast-page-background-meta":{"desktop":{"background-color":"","background-image":"","background-repeat":"repeat","background-position":"center center","background-size":"auto","background-attachment":"scroll","background-type":"","background-media":"","overlay-type":"","overlay-color":"","overlay-opacity":"","overlay-gradient":""},"tablet":{"background-color":"","background-image":"","background-repeat":"repeat","background-position":"center center","background-size":"auto","background-attachment":"scroll","background-type":"","background-media":"","overlay-type":"","overlay-color":"","overlay-opacity":"","overlay-gradient":""},"mobile":{"background-color":"","background-image":"","background-repeat":"repeat","background-position":"center center","background-size":"auto","background-attachment":"scroll","background-type":"","background-media":"","overlay-type":"","overlay-color":"","overlay-opacity":"","overlay-gradient":""}},"ast-content-background-meta":{"desktop":{"background-color":"var(--ast-global-color-5)","background-image":"","background-repeat":"repeat","background-position":"center center","background-size":"auto","background-attachment":"scroll","background-type":"","background-media":"","overlay-type":"","overlay-color":"","overlay-opacity":"","overlay-gradient":""},"tablet":{"background-color":"var(--ast-global-color-5)","background-image":"","background-repeat":"repeat","background-position":"center center","background-size":"auto","background-attachment":"scroll","background-type":"","background-media":"","overlay-type":"","overlay-color":"","overlay-opacity":"","overlay-gradient":""},"mobile":{"background-color":"var(--ast-global-color-5)","background-image":"","background-repeat":"repeat","background-position":"center center","background-size":"auto","background-attachment":"scroll","background-type":"","background-media":"","overlay-type":"","overlay-color":"","overlay-opacity":"","overlay-gradient":""}}},"product_brand":[],"product_cat":[423,432,404,407],"product_tag":[],"class_list":{"0":"post-2022","1":"product","2":"type-product","3":"status-publish","4":"has-post-thumbnail","6":"product_cat-fabric-for-military-police","7":"product_cat-fabric-for-tent","8":"product_cat-nylon-fabrics","9":"product_cat-recycled-fabric","10":"pa_available_colors-yellow","11":"desktop-align-left","12":"tablet-align-left","13":"mobile-align-left","14":"ast-product-gallery-layout-vertical-slider","15":"ast-product-tabs-layout-horizontal","17":"first","18":"instock","19":"shipping-taxable","20":"product-type-simple"},"uagb_featured_image_src":{"full":["https:\/\/www.sikortex.com\/wp-content\/uploads\/2023\/06\/O1CN017H8hVh1JA5gzwxKYt_3828250987-0-cib-1.jpg",1024,1024,false],"thumbnail":["https:\/\/www.sikortex.com\/wp-content\/uploads\/2023\/06\/O1CN017H8hVh1JA5gzwxKYt_3828250987-0-cib-1-150x150.jpg",150,150,true],"medium":["https:\/\/www.sikortex.com\/wp-content\/uploads\/2023\/06\/O1CN017H8hVh1JA5gzwxKYt_3828250987-0-cib-1-300x300.jpg",300,300,true],"medium_large":["https:\/\/www.sikortex.com\/wp-content\/uploads\/2023\/06\/O1CN017H8hVh1JA5gzwxKYt_3828250987-0-cib-1-768x768.jpg",768,768,true],"large":["https:\/\/www.sikortex.com\/wp-content\/uploads\/2023\/06\/O1CN017H8hVh1JA5gzwxKYt_3828250987-0-cib-1.jpg",1024,1024,false],"1536x1536":["https:\/\/www.sikortex.com\/wp-content\/uploads\/2023\/06\/O1CN017H8hVh1JA5gzwxKYt_3828250987-0-cib-1.jpg",1024,1024,false],"2048x2048":["https:\/\/www.sikortex.com\/wp-content\/uploads\/2023\/06\/O1CN017H8hVh1JA5gzwxKYt_3828250987-0-cib-1.jpg",1024,1024,false],"trp-custom-language-flag":["https:\/\/www.sikortex.com\/wp-content\/uploads\/2023\/06\/O1CN017H8hVh1JA5gzwxKYt_3828250987-0-cib-1.jpg",12,12,false],"woocommerce_thumbnail":["https:\/\/www.sikortex.com\/wp-content\/uploads\/2023\/06\/O1CN017H8hVh1JA5gzwxKYt_3828250987-0-cib-1-300x300.jpg",300,300,true],"woocommerce_single":["https:\/\/www.sikortex.com\/wp-content\/uploads\/2023\/06\/O1CN017H8hVh1JA5gzwxKYt_3828250987-0-cib-1-600x600.jpg",600,600,true],"woocommerce_gallery_thumbnail":["https:\/\/www.sikortex.com\/wp-content\/uploads\/2023\/06\/O1CN017H8hVh1JA5gzwxKYt_3828250987-0-cib-1-100x100.jpg",100,100,true]},"uagb_author_info":{"display_name":"Perry","author_link":"https:\/\/www.sikortex.com\/vi\/author\/"},"uagb_comment_info":0,"uagb_excerpt":"3000 Meters(Min.Order)","_links":{"self":[{"href":"https:\/\/www.sikortex.com\/vi\/wp-json\/wp\/v2\/product\/2022","targetHints":{"allow":["GET"]}}],"collection":[{"href":"https:\/\/www.sikortex.com\/vi\/wp-json\/wp\/v2\/product"}],"about":[{"href":"https:\/\/www.sikortex.com\/vi\/wp-json\/wp\/v2\/types\/product"}],"replies":[{"embeddable":true,"href":"https:\/\/www.sikortex.com\/vi\/wp-json\/wp\/v2\/comments?post=2022"}],"wp:featuredmedia":[{"embeddable":true,"href":"https:\/\/www.sikortex.com\/vi\/wp-json\/wp\/v2\/media\/3775"}],"wp:attachment":[{"href":"https:\/\/www.sikortex.com\/vi\/wp-json\/wp\/v2\/media?parent=2022"}],"wp:term":[{"taxonomy":"product_brand","embeddable":true,"href":"https:\/\/www.sikortex.com\/vi\/wp-json\/wp\/v2\/product_brand?post=2022"},{"taxonomy":"product_cat","embeddable":true,"href":"https:\/\/www.sikortex.com\/vi\/wp-json\/wp\/v2\/product_cat?post=2022"},{"taxonomy":"product_tag","embeddable":true,"href":"https:\/\/www.sikortex.com\/vi\/wp-json\/wp\/v2\/product_tag?post=2022"}],"curies":[{"name":"wp","href":"https:\/\/api.w.org\/{rel}","templated":true}]}}